{"id":872,"date":"2016-10-19T22:53:10","date_gmt":"2016-10-19T22:53:10","guid":{"rendered":"http:\/\/www.feuerwehr-aigen.at\/?page_id=872"},"modified":"2025-03-17T07:08:26","modified_gmt":"2025-03-17T06:08:26","slug":"home-neu","status":"publish","type":"page","link":"https:\/\/www.feuerwehr-aigen.at\/","title":{"rendered":"Home"},"content":{"rendered":"<div id='layer_slider_1'  class='avia-layerslider main_color avia-shadow  avia-builder-el-0  el_before_av_one_full  avia-builder-el-first  container_wrap sidebar_right'  style='height: 471px;'  ><div id=\"layerslider_1_44mhxx2cg5pe\" class=\"ls-wp-container fitvidsignore\" style=\"width:1140px;height:470px;margin:0 auto;\"><div class=\"ls-slide\" data-ls=\"duration:4000;kenburnsscale:1.2;\"><img loading=\"lazy\" decoding=\"async\" width=\"1900\" height=\"470\" src=\"https:\/\/www.feuerwehr-aigen.at\/wp-content\/uploads\/2018\/09\/home_01.jpg\" class=\"ls-bg\" alt=\"\" \/><\/div><div class=\"ls-slide\" data-ls=\"duration:4000;kenburnsscale:1.2;\"><img loading=\"lazy\" decoding=\"async\" width=\"1900\" height=\"470\" src=\"https:\/\/www.feuerwehr-aigen.at\/wp-content\/uploads\/2019\/07\/slide_01.jpg\" class=\"ls-bg\" alt=\"\" \/><\/div><div class=\"ls-slide\" data-ls=\"duration:4000;kenburnsscale:1.2;\"><img loading=\"lazy\" decoding=\"async\" width=\"1900\" height=\"470\" src=\"https:\/\/www.feuerwehr-aigen.at\/wp-content\/uploads\/2018\/09\/2018-05-21-14.07.38.jpg\" class=\"ls-bg\" alt=\"\" \/><\/div><div class=\"ls-slide\" data-ls=\"duration:2000;kenburnsscale:1.2;\"><img loading=\"lazy\" decoding=\"async\" width=\"1900\" height=\"470\" src=\"https:\/\/www.feuerwehr-aigen.at\/wp-content\/uploads\/2018\/09\/FGV-5134.jpg\" class=\"ls-bg\" alt=\"\" \/><\/div><\/div><\/div><div id='after_layer_slider_1'  class='main_color av_default_container_wrap container_wrap sidebar_right'  ><div class='container av-section-cont-open' ><div class='template-page content  av-content-small alpha units'><div class='post-entry post-entry-type-page post-entry-872'><div class='entry-content-wrapper clearfix'>\n\n<style type=\"text\/css\" data-created_by=\"avia_inline_auto\" id=\"style-css-av-471qe0-d079084d05b2993f7798c08aa2146c1f\">\n.flex_column.av-471qe0-d079084d05b2993f7798c08aa2146c1f{\nborder-radius:0px 0px 0px 0px;\n-webkit-border-radius:0px 0px 0px 0px;\n-moz-border-radius:0px 0px 0px 0px;\n}\n<\/style>\n<div class='flex_column av-471qe0-d079084d05b2993f7798c08aa2146c1f av_one_full  avia-builder-el-1  el_after_av_layerslider  el_before_av_heading  avia-builder-el-first  first flex_column_div av-zero-column-padding '   ><section class=\"av_textblock_section \"  itemscope=\"itemscope\" itemtype=\"https:\/\/schema.org\/CreativeWork\" ><div class='avia_textblock  '   itemprop=\"text\" ><p><strong>Unsere Freizeit f\u00fcr Ihre Sicherheit &#8211; mit diesem Motto begr\u00fc\u00dfen wir Sie recht herzlich auf den Seiten der Freiwilligen Feuerwehr Aigen im Ennstal<\/strong><\/p>\n<p>Hier finden Sie allgemeine Informationen \u00fcber die Freiwillige Feuerwehr Aigen im Ennstal, topaktuelle News\u00a0\u00fcber das Einsatzgeschehen und wertvolle Informationen f\u00fcr Ihre Sicherheit.<\/p>\n<h3><\/h3>\n<\/div><\/section><\/div>\n\n<style type=\"text\/css\" data-created_by=\"avia_inline_auto\" id=\"style-css-av-3vi140-6b2f15b6ddddd008ca459d1595a86422\">\n#top .av-special-heading.av-3vi140-6b2f15b6ddddd008ca459d1595a86422{\npadding-bottom:30px;\n}\n<\/style>\n<div  class='av-special-heading av-3vi140-6b2f15b6ddddd008ca459d1595a86422 av-special-heading-h5  avia-builder-el-3  el_after_av_one_full  el_before_av_one_third  '><h5 class='av-special-heading-tag '  itemprop=\"headline\"  >Aktuelles aus der Feuerwehr<\/h5><div class='special-heading-border'><div class='special-heading-inner-border'><\/div><\/div><\/div>\n\n<style type=\"text\/css\" data-created_by=\"avia_inline_auto\" id=\"style-css-av-3rfsg8-a02b9734cf6485a645e2e15c7187694e\">\n.flex_column.av-3rfsg8-a02b9734cf6485a645e2e15c7187694e{\nborder-radius:0px 0px 0px 0px;\n-webkit-border-radius:0px 0px 0px 0px;\n-moz-border-radius:0px 0px 0px 0px;\n}\n<\/style>\n<div class='flex_column av-3rfsg8-a02b9734cf6485a645e2e15c7187694e av_one_third  avia-builder-el-4  el_after_av_heading  el_before_av_one_third  first flex_column_div av-zero-column-padding '   ><section class=\"av_textblock_section \"  itemscope=\"itemscope\" itemtype=\"https:\/\/schema.org\/CreativeWork\" ><div class='avia_textblock  '   itemprop=\"text\" ><p style=\"text-align: center;\"><a href=\"http:\/\/www.feuerwehr-aigen.at\/?page_id=3003\"><strong>Eins\u00e4tze<\/strong><\/a><\/p>\n<\/div><\/section><br \/>\n\n<style type=\"text\/css\" data-created_by=\"avia_inline_auto\" id=\"style-css-av-3dpsi0-552d2e0bd526903741e6a3ad50f2fac9\">\n.avia-image-container.av-3dpsi0-552d2e0bd526903741e6a3ad50f2fac9 .av-image-caption-overlay-center{\ncolor:#ffffff;\n}\n<\/style>\n<div  class='avia-image-container av-3dpsi0-552d2e0bd526903741e6a3ad50f2fac9 av-styling- avia_animated_image avia_animate_when_almost_visible fade-in avia-align-center  avia-builder-el-6  el_after_av_textblock  el_before_av_hr  '  itemprop=\"image\" itemscope=\"itemscope\" itemtype=\"https:\/\/schema.org\/ImageObject\" ><div class=\"avia-image-container-inner\"><div class=\"avia-image-overlay-wrap\"><a href=\"https:\/\/www.bfvli.steiermark.at\/desktopdefault.aspx\/tabid-252\/2212_read-44408\" class='avia_image' target=\"_blank\" rel=\"noopener noreferrer\"><img class='wp-image-6198 avia-img-lazy-loading-not-6198 avia_image' src='https:\/\/www.feuerwehr-aigen.at\/wp-content\/uploads\/2025\/02\/Screenshot_20250224_071805_Facebook-135x300.jpg' alt='' title='Screenshot_20250224_071805_Facebook'  itemprop=\"thumbnailUrl\"  \/><\/a><\/div><\/div><\/div><br \/>\n\n<style type=\"text\/css\" data-created_by=\"avia_inline_auto\" id=\"style-css-av-brjl4-0de7da758a56a459a3658c3f8950700c\">\n#top .hr.av-brjl4-0de7da758a56a459a3658c3f8950700c{\nmargin-top:15px;\nmargin-bottom:15px;\n}\n.hr.av-brjl4-0de7da758a56a459a3658c3f8950700c .hr-inner{\nwidth:90px;\nmax-width:45%;\n}\n<\/style>\n<div  class='hr av-brjl4-0de7da758a56a459a3658c3f8950700c hr-custom  avia-builder-el-7  el_after_av_image  el_before_av_textblock  hr-center hr-icon-yes '><span class='hr-inner inner-border-av-border-thin'><span class=\"hr-inner-style\"><\/span><\/span><span class='av-seperator-icon' aria-hidden='true' data-av_icon='\ue8df' data-av_iconfont='entypo-fontello'><\/span><span class='hr-inner inner-border-av-border-thin'><span class=\"hr-inner-style\"><\/span><\/span><\/div><br \/>\n<section class=\"av_textblock_section \"  itemscope=\"itemscope\" itemtype=\"https:\/\/schema.org\/CreativeWork\" ><div class='avia_textblock  '   itemprop=\"text\" ><p style=\"text-align: center;\"><span style=\"color: #ff0000;\"><b>T01 &#8211; Technische Hilfeleistung<\/b><\/span><\/p>\n<p style=\"text-align: center;\"><span style=\"color: #ff0000;\"><span style=\"text-decoration: underline;\"><strong><strong>Alarmierung<\/strong><\/strong><\/span><strong><strong><br \/>\n<\/strong><\/strong>tel.HBI\/stiller Alarm<br \/>\ngef\u00e4hrliche Baumteile \u00dcber Stra\u00dfe<br \/>\nOT Gulling<br \/>\n22.02.2025<br \/>\n14:01 &#8211; 16:01<\/span><\/p>\n<p style=\"text-align: center;\"><span style=\"text-decoration: underline; color: #ff0000;\"><strong>Eingesetzt:<\/strong><\/span><br \/>\n<span style=\"color: #ff0000;\">HLF 2<br \/>\n8 Mann<\/span><\/p>\n<\/div><\/section><\/p><\/div>\n\n<style type=\"text\/css\" data-created_by=\"avia_inline_auto\" id=\"style-css-av-2uiovc-9d1a53f0595722e9cd9415211ac9d2ee\">\n.flex_column.av-2uiovc-9d1a53f0595722e9cd9415211ac9d2ee{\nborder-radius:0px 0px 0px 0px;\n-webkit-border-radius:0px 0px 0px 0px;\n-moz-border-radius:0px 0px 0px 0px;\n}\n<\/style>\n<div class='flex_column av-2uiovc-9d1a53f0595722e9cd9415211ac9d2ee av_one_third  avia-builder-el-9  el_after_av_one_third  el_before_av_one_third  flex_column_div av-zero-column-padding '   ><section class=\"av_textblock_section \"  itemscope=\"itemscope\" itemtype=\"https:\/\/schema.org\/CreativeWork\" ><div class='avia_textblock  '   itemprop=\"text\" ><p style=\"text-align: center;\"><a href=\"http:\/\/www.feuerwehr-aigen.at\/?page_id=3005\"><strong>\u00dcbungen<\/strong><\/a><\/p>\n<\/div><\/section><br \/>\n\n<style type=\"text\/css\" data-created_by=\"avia_inline_auto\" id=\"style-css-av-2l2y5s-335ef183134606a00b57603cb2842405\">\n.avia-image-container.av-2l2y5s-335ef183134606a00b57603cb2842405 .av-image-caption-overlay-center{\ncolor:#ffffff;\n}\n<\/style>\n<div  class='avia-image-container av-2l2y5s-335ef183134606a00b57603cb2842405 av-styling- avia_animated_image avia_animate_when_almost_visible fade-in avia-align-center  avia-builder-el-11  el_after_av_textblock  el_before_av_hr  '  itemprop=\"image\" itemscope=\"itemscope\" itemtype=\"https:\/\/schema.org\/ImageObject\" ><div class=\"avia-image-container-inner\"><div class=\"avia-image-overlay-wrap\"><a href=\"https:\/\/www.feuerwehr-aigen.at\/wp-content\/uploads\/2025\/02\/20250219_183229-1030x773.jpg\" class='avia_image'  target=\"_blank\"  rel=\"noopener noreferrer\"><img class='wp-image-6191 avia-img-lazy-loading-not-6191 avia_image' src='https:\/\/www.feuerwehr-aigen.at\/wp-content\/uploads\/2025\/02\/20250219_183229-300x225.jpg' alt='' title='20250219_183229'  itemprop=\"thumbnailUrl\"  \/><\/a><\/div><\/div><\/div><br \/>\n\n<style type=\"text\/css\" data-created_by=\"avia_inline_auto\" id=\"style-css-av-2haw0g-8d1cf62a2888b772aa019d4a9fa20232\">\n#top .hr.av-2haw0g-8d1cf62a2888b772aa019d4a9fa20232{\nmargin-top:15px;\nmargin-bottom:15px;\n}\n.hr.av-2haw0g-8d1cf62a2888b772aa019d4a9fa20232 .hr-inner{\nwidth:90px;\nmax-width:45%;\n}\n<\/style>\n<div  class='hr av-2haw0g-8d1cf62a2888b772aa019d4a9fa20232 hr-custom  avia-builder-el-12  el_after_av_image  el_before_av_textblock  hr-center hr-icon-yes '><span class='hr-inner inner-border-av-border-thin'><span class=\"hr-inner-style\"><\/span><\/span><span class='av-seperator-icon' aria-hidden='true' data-av_icon='\ue855' data-av_iconfont='entypo-fontello'><\/span><span class='hr-inner inner-border-av-border-thin'><span class=\"hr-inner-style\"><\/span><\/span><\/div><br \/>\n<section class=\"av_textblock_section \"  itemscope=\"itemscope\" itemtype=\"https:\/\/schema.org\/CreativeWork\" ><div class='avia_textblock  '   itemprop=\"text\" ><p style=\"text-align: center;\"><strong><span style=\"color: #ff0000;\">Abschnitts\u00fcbung des A03 Irdning<\/span><\/strong><\/p>\n<p style=\"text-align: center;\"><strong><span style=\"color: #ff0000;\">Generatorbrand,Zubringleitung,ATS,San Sammelplatz,MRAS,Techn.Bergung<br \/>\nExerzieren,Schau\u00fcbung<\/span><\/strong><\/p>\n<p style=\"text-align: center;\"><span style=\"color: #ff0000;\"><b>15.03.<\/b><b>.2025<br \/>\n<\/b><\/span><span style=\"color: #ff0000;\"><b> 16:00 -23:59<\/b><\/span><\/p>\n<p style=\"text-align: center;\"><span style=\"color: #ff0000;\"><strong>38 Mann<br \/>\nHLF2,KLF-A,,MTF-A<br \/>\nsonstige: 10 Feuerwehren,140 Mann,19 Fahrzeuge<br \/>\nPolizei,Rettung<\/strong><\/span><\/p>\n<\/div><\/section><\/p><\/div>\n<style type=\"text\/css\" data-created_by=\"avia_inline_auto\" id=\"style-css-av-2514go-c85a604fe848bc879aa541fbbfef912f\">\n.flex_column.av-2514go-c85a604fe848bc879aa541fbbfef912f{\nborder-radius:0px 0px 0px 0px;\n-webkit-border-radius:0px 0px 0px 0px;\n-moz-border-radius:0px 0px 0px 0px;\n}\n<\/style>\n<div class='flex_column av-2514go-c85a604fe848bc879aa541fbbfef912f av_one_third  avia-builder-el-14  el_after_av_one_third  el_before_av_heading  flex_column_div av-zero-column-padding '   ><section class=\"av_textblock_section \"  itemscope=\"itemscope\" itemtype=\"https:\/\/schema.org\/CreativeWork\" ><div class='avia_textblock  '   itemprop=\"text\" ><p style=\"text-align: center;\"><a href=\"http:\/\/www.feuerwehr-aigen.at\/?page_id=3007\"><strong>Sonstige<\/strong><\/a><\/p>\n<\/div><\/section><br \/>\n\n<style type=\"text\/css\" data-created_by=\"avia_inline_auto\" id=\"style-css-av-1s4bfs-6149f42d64180342ad2f5a1e27fee994\">\n.avia-image-container.av-1s4bfs-6149f42d64180342ad2f5a1e27fee994 .av-image-caption-overlay-center{\ncolor:#ffffff;\n}\n<\/style>\n<div  class='avia-image-container av-1s4bfs-6149f42d64180342ad2f5a1e27fee994 av-styling- avia_animated_image avia_animate_when_almost_visible fade-in avia-align-center  avia-builder-el-16  el_after_av_textblock  el_before_av_hr  '  itemprop=\"image\" itemscope=\"itemscope\" itemtype=\"https:\/\/schema.org\/ImageObject\" ><div class=\"avia-image-container-inner\"><div class=\"avia-image-overlay-wrap\"><img class='wp-image-5932 avia-img-lazy-loading-not-5932 avia_image' src='https:\/\/www.feuerwehr-aigen.at\/wp-content\/uploads\/2024\/06\/IMG-20240615-WA0005-300x225.jpg' alt='' title='IMG-20240615-WA0005'  height=\"225\" width=\"300\"  itemprop=\"thumbnailUrl\"  \/><\/div><\/div><\/div><br \/>\n\n<style type=\"text\/css\" data-created_by=\"avia_inline_auto\" id=\"style-css-av-1jw99c-018bcd05a891124aa09a8d91b253ea70\">\n#top .hr.av-1jw99c-018bcd05a891124aa09a8d91b253ea70{\nmargin-top:15px;\nmargin-bottom:15px;\n}\n.hr.av-1jw99c-018bcd05a891124aa09a8d91b253ea70 .hr-inner{\nwidth:90px;\nmax-width:45%;\n}\n<\/style>\n<div  class='hr av-1jw99c-018bcd05a891124aa09a8d91b253ea70 hr-custom  avia-builder-el-17  el_after_av_image  el_before_av_textblock  hr-center hr-icon-yes '><span class='hr-inner inner-border-av-border-thin'><span class=\"hr-inner-style\"><\/span><\/span><span class='av-seperator-icon' aria-hidden='true' data-av_icon='\ue8a8' data-av_iconfont='entypo-fontello'><\/span><span class='hr-inner inner-border-av-border-thin'><span class=\"hr-inner-style\"><\/span><\/span><\/div><br \/>\n<section class=\"av_textblock_section \"  itemscope=\"itemscope\" itemtype=\"https:\/\/schema.org\/CreativeWork\" ><div class='avia_textblock  '   itemprop=\"text\" ><p style=\"text-align: center;\"><span style=\"color: #ff0000;\">Besuch unserer Partnerfeuerwehr Marlesreuth\u00a0<\/span><br \/>\n<span style=\"color: #ff0000;\">anl\u00e4\u00dflich 150 Jahre und 40 Jahre Partnerschaft<\/span><\/p>\n<p style=\"text-align: center;\"><span style=\"color: #ff0000;\">15 .-16.06.2024<\/span><br \/>\n<span style=\"color: #ff0000;\">05:30 &#8211; 21:00<\/span><\/p>\n<p style=\"text-align: left;\"><span style=\"color: #ff0000;\">\u00a0 \u00a0 \u00a0 \u00a0 \u00a0 \u00a0 \u00a0 \u00a0 \u00a0 \u00a0 \u00a0 \u00a0 \u00a0 \u00a0 \u00a0 \u00a0 \u00a0 \u00a0 \u00a0 \u00a0 \u00a0 \u00a0 \u00a0 \u00a0 \u00a0 \u00a0 \u00a0 \u00a0 \u00a0 \u00a0 \u00a0 \u00a0 \u00a0 \u00a0 \u00a0 \u00a0 \u00a0 \u00a0 \u00a0 \u00a0 \u00a0 \u00a0 \u00a0 \u00a0 \u00a0 \u00a0 \u00a0 \u00a0 \u00a0 \u00a0 \u00a0 \u00a0 \u00a0 \u00a0 \u00a0 \u00a0 \u00a0 \u00a0 \u00a0<\/span><\/p>\n<\/div><\/section><\/p><\/div><\/p>\n\n<style type=\"text\/css\" data-created_by=\"avia_inline_auto\" id=\"style-css-av-h4ew-d11618579fead9ed99aba6004f919d2a\">\n#top .av-special-heading.av-h4ew-d11618579fead9ed99aba6004f919d2a{\npadding-bottom:30px;\n}\n<\/style>\n<div  class='av-special-heading av-h4ew-d11618579fead9ed99aba6004f919d2a av-special-heading-h5  avia-builder-el-19  el_after_av_one_third  el_before_av_one_third  '><h5 class='av-special-heading-tag '  itemprop=\"headline\"  >Aigen im Ennstal &#8211; Eine Gemeinde zum Tr\u00e4umen<\/h5><div class='special-heading-border'><div class='special-heading-inner-border'><\/div><\/div><\/div>\n\n<style type=\"text\/css\" data-created_by=\"avia_inline_auto\" id=\"style-css-av-11fhxk-92630592c91c54f861454229c40055b1\">\n.flex_column.av-11fhxk-92630592c91c54f861454229c40055b1{\nborder-radius:0px 0px 0px 0px;\n-webkit-border-radius:0px 0px 0px 0px;\n-moz-border-radius:0px 0px 0px 0px;\n}\n<\/style>\n<div class='flex_column av-11fhxk-92630592c91c54f861454229c40055b1 av_one_third  avia-builder-el-20  el_after_av_heading  el_before_av_one_third  first flex_column_div av-zero-column-padding '   ><section class=\"av_textblock_section \"  itemscope=\"itemscope\" itemtype=\"https:\/\/schema.org\/CreativeWork\" ><div class='avia_textblock  '   itemprop=\"text\" ><p><a title=\"Imagefilm Aigen\" href=\"https:\/\/www.youtube.com\/watch?feature=player_detailpage&amp;v=AMWMiEQx3nw\" target=\"_blank\" rel=\"noopener\"><img loading=\"lazy\" decoding=\"async\" class=\"aligncenter wp-image-2 size-full\" title=\"Imagefilm Aigen\" src=\"http:\/\/www.feuerwehr-aigen.at\/wp-content\/uploads\/2009\/04\/pics_aigenfilm.jpg\" alt=\"Imagefilm Aigen\" width=\"320\" height=\"180\" border=\"0\" srcset=\"https:\/\/www.feuerwehr-aigen.at\/wp-content\/uploads\/2009\/04\/pics_aigenfilm.jpg 320w, https:\/\/www.feuerwehr-aigen.at\/wp-content\/uploads\/2009\/04\/pics_aigenfilm-300x169.jpg 300w\" sizes=\"auto, (max-width: 320px) 100vw, 320px\" \/><\/a><\/p>\n<p style=\"text-align: center;\"><strong>Imagefilm der Gemeinde Aigen im Ennstal<\/strong><\/p>\n<\/div><\/section><\/div>\n\n<style type=\"text\/css\" data-created_by=\"avia_inline_auto\" id=\"style-css-av-sclew-8345d7816132ff32e8937c8ca92c095f\">\n.flex_column.av-sclew-8345d7816132ff32e8937c8ca92c095f{\nborder-radius:0px 0px 0px 0px;\n-webkit-border-radius:0px 0px 0px 0px;\n-moz-border-radius:0px 0px 0px 0px;\n}\n<\/style>\n<div class='flex_column av-sclew-8345d7816132ff32e8937c8ca92c095f av_one_third  avia-builder-el-22  el_after_av_one_third  el_before_av_one_third  flex_column_div av-zero-column-padding '   ><section class=\"av_textblock_section \"  itemscope=\"itemscope\" itemtype=\"https:\/\/schema.org\/CreativeWork\" ><div class='avia_textblock  '   itemprop=\"text\" ><p><a href=\"https:\/\/www.youtube.com\/watch?v=1nkafmWtz7E\" target=\"_blank\" rel=\"noopener\"><img loading=\"lazy\" decoding=\"async\" class=\"wp-image-2225 size-medium aligncenter\" title=\"Imagefilm Aigen\" src=\"http:\/\/www.feuerwehr-aigen.at\/wp-content\/uploads\/2016\/10\/wirsindkameraden-300x169.jpg\" width=\"300\" height=\"169\" border=\"0\" srcset=\"https:\/\/www.feuerwehr-aigen.at\/wp-content\/uploads\/2016\/10\/wirsindkameraden-300x169.jpg 300w, https:\/\/www.feuerwehr-aigen.at\/wp-content\/uploads\/2016\/10\/wirsindkameraden-768x432.jpg 768w, https:\/\/www.feuerwehr-aigen.at\/wp-content\/uploads\/2016\/10\/wirsindkameraden-1030x579.jpg 1030w, https:\/\/www.feuerwehr-aigen.at\/wp-content\/uploads\/2016\/10\/wirsindkameraden-705x397.jpg 705w, https:\/\/www.feuerwehr-aigen.at\/wp-content\/uploads\/2016\/10\/wirsindkameraden-450x253.jpg 450w, https:\/\/www.feuerwehr-aigen.at\/wp-content\/uploads\/2016\/10\/wirsindkameraden.jpg 1280w\" sizes=\"auto, (max-width: 300px) 100vw, 300px\" \/><\/a><\/p>\n<p style=\"text-align: center;\"><strong>Wir sind Kameraden<\/strong><\/p>\n<\/div><\/section><\/div>\n\n<style type=\"text\/css\" data-created_by=\"avia_inline_auto\" id=\"style-css-av-gwfg8-e8e73f02df24ff75a8fb70b7bc8bd2ac\">\n.flex_column.av-gwfg8-e8e73f02df24ff75a8fb70b7bc8bd2ac{\nborder-radius:0px 0px 0px 0px;\n-webkit-border-radius:0px 0px 0px 0px;\n-moz-border-radius:0px 0px 0px 0px;\n}\n<\/style>\n<div class='flex_column av-gwfg8-e8e73f02df24ff75a8fb70b7bc8bd2ac av_one_third  avia-builder-el-24  el_after_av_one_third  avia-builder-el-last  flex_column_div av-zero-column-padding '   ><section class=\"av_textblock_section \"  itemscope=\"itemscope\" itemtype=\"https:\/\/schema.org\/CreativeWork\" ><div class='avia_textblock  '   itemprop=\"text\" ><p style=\"text-align: center;\"><a href=\"http:\/\/www.aigen.at\/Herbstpanorama.219.0.html\" target=\"_blank\" rel=\"noopener\"><img loading=\"lazy\" decoding=\"async\" class=\"aligncenter wp-image-2132\" src=\"http:\/\/www.feuerwehr-aigen.at\/wp-content\/uploads\/2016\/11\/virtueller-rundgang-300x176.jpg\" alt=\"virtueller-rundgang\" width=\"308\" height=\"180\" srcset=\"https:\/\/www.feuerwehr-aigen.at\/wp-content\/uploads\/2016\/11\/virtueller-rundgang-300x176.jpg 300w, https:\/\/www.feuerwehr-aigen.at\/wp-content\/uploads\/2016\/11\/virtueller-rundgang-768x450.jpg 768w, https:\/\/www.feuerwehr-aigen.at\/wp-content\/uploads\/2016\/11\/virtueller-rundgang-705x413.jpg 705w, https:\/\/www.feuerwehr-aigen.at\/wp-content\/uploads\/2016\/11\/virtueller-rundgang-450x264.jpg 450w, https:\/\/www.feuerwehr-aigen.at\/wp-content\/uploads\/2016\/11\/virtueller-rundgang.jpg 840w\" sizes=\"auto, (max-width: 308px) 100vw, 308px\" \/><\/a><\/p>\n<p style=\"text-align: center;\"><strong>360\u00b0 Panorama der Gemeinde Aigen<\/strong><\/p>\n<\/div><\/section><\/div>\n","protected":false},"excerpt":{"rendered":"","protected":false},"author":1,"featured_media":0,"parent":0,"menu_order":0,"comment_status":"closed","ping_status":"closed","template":"","meta":{"footnotes":""},"class_list":["post-872","page","type-page","status-publish","hentry"],"jetpack_sharing_enabled":true,"_links":{"self":[{"href":"https:\/\/www.feuerwehr-aigen.at\/index.php?rest_route=\/wp\/v2\/pages\/872","targetHints":{"allow":["GET"]}}],"collection":[{"href":"https:\/\/www.feuerwehr-aigen.at\/index.php?rest_route=\/wp\/v2\/pages"}],"about":[{"href":"https:\/\/www.feuerwehr-aigen.at\/index.php?rest_route=\/wp\/v2\/types\/page"}],"author":[{"embeddable":true,"href":"https:\/\/www.feuerwehr-aigen.at\/index.php?rest_route=\/wp\/v2\/users\/1"}],"replies":[{"embeddable":true,"href":"https:\/\/www.feuerwehr-aigen.at\/index.php?rest_route=%2Fwp%2Fv2%2Fcomments&post=872"}],"version-history":[{"count":344,"href":"https:\/\/www.feuerwehr-aigen.at\/index.php?rest_route=\/wp\/v2\/pages\/872\/revisions"}],"predecessor-version":[{"id":6256,"href":"https:\/\/www.feuerwehr-aigen.at\/index.php?rest_route=\/wp\/v2\/pages\/872\/revisions\/6256"}],"wp:attachment":[{"href":"https:\/\/www.feuerwehr-aigen.at\/index.php?rest_route=%2Fwp%2Fv2%2Fmedia&parent=872"}],"curies":[{"name":"wp","href":"https:\/\/api.w.org\/{rel}","templated":true}]}}