{"id":610,"date":"2013-02-18T07:06:22","date_gmt":"2013-02-18T07:06:22","guid":{"rendered":"http:\/\/feuerwehr-aigen.d2solution.net\/index.php\/06022016-verkehrsunfal-aigen\/"},"modified":"2016-11-09T01:03:11","modified_gmt":"2016-11-09T01:03:11","slug":"06022016-verkehrsunfal-aigen","status":"publish","type":"page","link":"https:\/\/www.feuerwehr-aigen.at\/?page_id=610","title":{"rendered":"06.03.2016 &#8211; Verkehrsunfall Aigen"},"content":{"rendered":"<p><a title=\"Verkehrsunfall Aigen 2016\" href=\"galerie\/einsaetze\/verkehr_03_2016\/\" target=\"_blank\"><img loading=\"lazy\" decoding=\"async\" class=\"alignleft wp-image-609 size-medium\" title=\"Verkehrsunfall Aigen 2016\" src=\"http:\/\/www.feuerwehr-aigen.at\/wp-content\/uploads\/2013\/02\/Einsaetze_verkehr_03_2016_01-300x169.jpg\" alt=\"Verkehrsunfall Aigen 2016\" width=\"300\" height=\"169\" align=\"left\" border=\"0\" hspace=\"5\" srcset=\"https:\/\/www.feuerwehr-aigen.at\/wp-content\/uploads\/2013\/02\/Einsaetze_verkehr_03_2016_01-300x169.jpg 300w, https:\/\/www.feuerwehr-aigen.at\/wp-content\/uploads\/2013\/02\/Einsaetze_verkehr_03_2016_01-768x432.jpg 768w, https:\/\/www.feuerwehr-aigen.at\/wp-content\/uploads\/2013\/02\/Einsaetze_verkehr_03_2016_01.jpg 800w\" sizes=\"auto, (max-width: 300px) 100vw, 300px\" \/><\/a><strong>Verkehrsunfall Ortsgebiet Aigen!<\/strong><\/p>\n<p>&#8222;Sirenenalarm f\u00fcr die FF Aigen\/E. T10-VU-eingekl-Person, Traktor umgekippt&#8220;<\/p>\n<p>So lautete die Alarmierung am 06.03 um 16:35 Uhr.<\/p>\n<p>Gegen 15:30 Uhr war ein 26-J\u00e4hriger aus dem Bezirk Liezen mit seinem Pkw in Aigen im Ennstal von der Landesstra\u00dfe 741 kommend in Fahrtrichtung Lantschern unterwegs.<br \/>\nAus bisher unbekannter Ursache kam es im Bereich einer Kurve auf H\u00f6he der Tennispl\u00e4tze zu einer Kollision mit einem entgegenkommenden Traktor samt Anh\u00e4nger, der von einem 31-J\u00e4hrigen aus dem Bezirk Liezen gelenkt wurde. Durch den Anprall kippte der Traktor zur Seite und blieb auf der linken Fahrzeugseite liegen.<\/p>\n<p>Bei dem Verkehrsunfall erlitten beide Fahrzeuglenker Verletzungen unbestimmten Grades. Nach der Erstversorgung wurde der 31-J\u00e4hrige vom Notarzthubschrauber ins LKH Schladming \u00fcberstellt, der 26-J\u00e4hrige wurde von der Rettung ins LKH Rottenmann eingeliefert. Der im Traktor mitfahrende vierj\u00e4hrige Sohn des 31-J\u00e4hrigen blieb unverletzt. Am Pkw entstand Totalschaden.<\/p>\n<p>Unsere Aufgabe war es den Brandschutz herzustellen, die Unfallstelle abzusichern, \u00d6lsperren zu errichten bzw. auslaufende Betriebsmittel zu binden und anschlie\u00dfend die verunfallten Fahrzeuge zu bergen.<\/p>\n<p>Eingesetzt waren:<br \/>\nTLFA Aigen, KLFA Aigen, MTFA Aigen mit 23 Mann<br \/>\nTLFA Irdning,LFB Irdning mit 18 Mann<br \/>\nGSF Liezen,LKWA Liezen mit 8 Mann<br \/>\nRLFA Stainach auf Anfahrt storniert<br \/>\nNotarzthubschrauber C14<br \/>\nRotes Kreuz<br \/>\nPolizei<\/p>\n<p>Bericht FF Aigen\/E<\/p>\n<p><a title=\"Verkehrsunfall Aigen 2016\" href=\"http:\/\/www.feuerwehr-aigen.at\/?portfolio=06-03-2016-verkehrsunfall-aigen\">zur Bildergalerie \u00bb<\/a><\/p>\n","protected":false},"excerpt":{"rendered":"<p>Verkehrsunfall Ortsgebiet Aigen! &#8222;Sirenenalarm f\u00fcr die FF Aigen\/E. T10-VU-eingekl-Person, Traktor umgekippt&#8220; So lautete die Alarmierung am 06.03 um 16:35 Uhr. Gegen 15:30 Uhr war ein 26-J\u00e4hriger aus dem Bezirk Liezen mit seinem Pkw in Aigen im Ennstal von der Landesstra\u00dfe 741 kommend in Fahrtrichtung Lantschern unterwegs. Aus bisher unbekannter Ursache kam es im Bereich einer [&hellip;]<\/p>\n","protected":false},"author":1,"featured_media":0,"parent":0,"menu_order":3,"comment_status":"closed","ping_status":"closed","template":"","meta":{"footnotes":""},"class_list":["post-610","page","type-page","status-publish","hentry"],"jetpack_sharing_enabled":true,"_links":{"self":[{"href":"https:\/\/www.feuerwehr-aigen.at\/index.php?rest_route=\/wp\/v2\/pages\/610","targetHints":{"allow":["GET"]}}],"collection":[{"href":"https:\/\/www.feuerwehr-aigen.at\/index.php?rest_route=\/wp\/v2\/pages"}],"about":[{"href":"https:\/\/www.feuerwehr-aigen.at\/index.php?rest_route=\/wp\/v2\/types\/page"}],"author":[{"embeddable":true,"href":"https:\/\/www.feuerwehr-aigen.at\/index.php?rest_route=\/wp\/v2\/users\/1"}],"replies":[{"embeddable":true,"href":"https:\/\/www.feuerwehr-aigen.at\/index.php?rest_route=%2Fwp%2Fv2%2Fcomments&post=610"}],"version-history":[{"count":4,"href":"https:\/\/www.feuerwehr-aigen.at\/index.php?rest_route=\/wp\/v2\/pages\/610\/revisions"}],"predecessor-version":[{"id":1904,"href":"https:\/\/www.feuerwehr-aigen.at\/index.php?rest_route=\/wp\/v2\/pages\/610\/revisions\/1904"}],"wp:attachment":[{"href":"https:\/\/www.feuerwehr-aigen.at\/index.php?rest_route=%2Fwp%2Fv2%2Fmedia&parent=610"}],"curies":[{"name":"wp","href":"https:\/\/api.w.org\/{rel}","templated":true}]}}