{"id":598,"date":"2014-06-29T09:33:00","date_gmt":"2014-06-29T09:33:00","guid":{"rendered":"http:\/\/feuerwehr-aigen.d2solution.net\/index.php\/13082015-waldbrand-aigen\/"},"modified":"2016-11-02T23:30:15","modified_gmt":"2016-11-02T23:30:15","slug":"13082015-waldbrand-aigen","status":"publish","type":"page","link":"https:\/\/www.feuerwehr-aigen.at\/?page_id=598","title":{"rendered":"13.08.2015 &#8211; Waldbrand Aigen"},"content":{"rendered":"<p><span style=\"color: #333333; font-family: helvetica;\"><strong><span style=\"color: #800000;\"><a href=\"http:\/\/www.feuerwehr-aigen.at\/wp-content\/uploads\/2014\/06\/Einsaetze_waldbrand_aigen_2015_01.jpg\"><img loading=\"lazy\" decoding=\"async\" class=\"alignleft wp-image-597 size-full\" title=\"Waldbrand Lerchegg\" src=\"http:\/\/www.feuerwehr-aigen.at\/wp-content\/uploads\/2014\/06\/Einsaetze_waldbrand_aigen_2015_01.jpg\" alt=\"Waldbrand Lerchegg\" width=\"261\" height=\"146\" align=\"left\" border=\"0\" hspace=\"2\" vspace=\"1\" \/><\/a><\/span><\/strong><\/span><strong>Waldbrand Gemeindegebiet Aigen<\/strong><\/p>\n<p>13.08.2015 Sirenenalarm um 08:44 Uhr f\u00fcr die FF Aigen\/E: Wald und B\u00f6schungsbrand in Aigen OT Ketten -L\u00e4rcheck- Hohe Trett.<\/p>\n<p>Eine private Person meldete einen Waldbrand oberhalb des Ortsteiles Fischern.<br \/>\nDa der genaue Standort des Brandherdes nicht gegeben war r\u00fcckten nach einer kurzen Lagebesprechung MTF-A Aigen mit 3 Mann \u00fcber H\u00f6randl zur Hohen Trett , LKW-A Aigen mit 4 Mann \u00fcber Seggl (M\u00f6sl) ebenfalls Richtung Hohe Trett (mit L\u00f6schwasserrucks\u00e4cken) aus.<\/p>\n<p>Da auch die Besatzungen der beiden Fahrzeuge den Brand nicht lokalisieren konnten, wurde \u00fcber die LWZ ein Hubschrauber des Bundesheeres nachalarmiert.<br \/>\nNachdem auch der Erkundungsflug negativ ausfiel, wurde nach 2,5 Std. Suche nach dem Brandherd wieder ins R\u00fcsthaus einger\u00fcckt und die Einsatzbereitschaft hergestellt.<\/p>\n<p>Im Einsatz:<br \/>\nFF Aigen\/E. mit LKW-A, MTF-A und 7 Mann<br \/>\nHubschrauber Bundesheer mit 3 Mann<\/p>\n<p>Bericht:<br \/>\nFF Aigen<\/p>\n","protected":false},"excerpt":{"rendered":"<p>Waldbrand Gemeindegebiet Aigen 13.08.2015 Sirenenalarm um 08:44 Uhr f\u00fcr die FF Aigen\/E: Wald und B\u00f6schungsbrand in Aigen OT Ketten -L\u00e4rcheck- Hohe Trett. Eine private Person meldete einen Waldbrand oberhalb des Ortsteiles Fischern. Da der genaue Standort des Brandherdes nicht gegeben war r\u00fcckten nach einer kurzen Lagebesprechung MTF-A Aigen mit 3 Mann \u00fcber H\u00f6randl zur Hohen [&hellip;]<\/p>\n","protected":false},"author":1,"featured_media":0,"parent":0,"menu_order":5,"comment_status":"closed","ping_status":"closed","template":"","meta":{"footnotes":""},"class_list":["post-598","page","type-page","status-publish","hentry"],"jetpack_sharing_enabled":true,"_links":{"self":[{"href":"https:\/\/www.feuerwehr-aigen.at\/index.php?rest_route=\/wp\/v2\/pages\/598","targetHints":{"allow":["GET"]}}],"collection":[{"href":"https:\/\/www.feuerwehr-aigen.at\/index.php?rest_route=\/wp\/v2\/pages"}],"about":[{"href":"https:\/\/www.feuerwehr-aigen.at\/index.php?rest_route=\/wp\/v2\/types\/page"}],"author":[{"embeddable":true,"href":"https:\/\/www.feuerwehr-aigen.at\/index.php?rest_route=\/wp\/v2\/users\/1"}],"replies":[{"embeddable":true,"href":"https:\/\/www.feuerwehr-aigen.at\/index.php?rest_route=%2Fwp%2Fv2%2Fcomments&post=598"}],"version-history":[{"count":2,"href":"https:\/\/www.feuerwehr-aigen.at\/index.php?rest_route=\/wp\/v2\/pages\/598\/revisions"}],"predecessor-version":[{"id":948,"href":"https:\/\/www.feuerwehr-aigen.at\/index.php?rest_route=\/wp\/v2\/pages\/598\/revisions\/948"}],"wp:attachment":[{"href":"https:\/\/www.feuerwehr-aigen.at\/index.php?rest_route=%2Fwp%2Fv2%2Fmedia&parent=598"}],"curies":[{"name":"wp","href":"https:\/\/api.w.org\/{rel}","templated":true}]}}