{"id":596,"date":"2014-06-29T09:33:00","date_gmt":"2014-06-29T09:33:00","guid":{"rendered":"http:\/\/feuerwehr-aigen.d2solution.net\/index.php\/19072015-waldbrand-donnersbach\/"},"modified":"2016-11-02T23:31:13","modified_gmt":"2016-11-02T23:31:13","slug":"19072015-waldbrand-donnersbach","status":"publish","type":"page","link":"https:\/\/www.feuerwehr-aigen.at\/?page_id=596","title":{"rendered":"19.07.2015 &#8211; Waldbrand Donnersbach"},"content":{"rendered":"<p><strong>Waldbrand Donnersbach<\/strong><br \/>\nKaum vom Einsatz in Palfau die Einsatzbereitschaft wieder hergestellt, wurden wir zum 2. Waldbrandeinsatz des heutigen Tages um 16:15 Uhr nach Donnersbach alarmiert.<\/p>\n<p>Auch diesmal war Aufgrund eines Blitzeinschlages ein Baum im Gipfelbereich des Schaabspitzes in Brand geraten.<br \/>\nUnverz\u00fcglich r\u00fcckten wir mit 5 Mann und Waldbrandausr\u00fcstung nach Donnersbach ab.<\/p>\n<p>Nach Absprache mit der \u00f6rtlichen Einsatzleitung wurde ein Erkundungsflug mit dem Bundesheerhubschrauber durchgef\u00fchrt.<br \/>\nDer Baum konnte rasch lokalisiert werden, er war im Wipfelbereich abgebrannt und somit war ein Eingreifen der Einsatzkr\u00e4fte nicht mehr n\u00f6tig.<\/p>\n<p>Wir r\u00fcckten um 18:00 Uhr wieder ins R\u00fcsthaus ein und meldeten uns bei Florian Liezen wieder Einsatzbereit.<\/p>\n<p>Im Einsatz:<br \/>\nFF Donnersbach mit MTF und 10 Mann<br \/>\nFF Aigen\/E. mit LKW-A und 5 Mann<br \/>\nHubschrauber Bundesheer mit 3 Mann<\/p>\n<p>Bericht:<br \/>\nFF Aigen<\/p>\n","protected":false},"excerpt":{"rendered":"<p>Waldbrand Donnersbach Kaum vom Einsatz in Palfau die Einsatzbereitschaft wieder hergestellt, wurden wir zum 2. Waldbrandeinsatz des heutigen Tages um 16:15 Uhr nach Donnersbach alarmiert. Auch diesmal war Aufgrund eines Blitzeinschlages ein Baum im Gipfelbereich des Schaabspitzes in Brand geraten. Unverz\u00fcglich r\u00fcckten wir mit 5 Mann und Waldbrandausr\u00fcstung nach Donnersbach ab. Nach Absprache mit der [&hellip;]<\/p>\n","protected":false},"author":1,"featured_media":0,"parent":0,"menu_order":6,"comment_status":"closed","ping_status":"closed","template":"","meta":{"footnotes":""},"class_list":["post-596","page","type-page","status-publish","hentry"],"jetpack_sharing_enabled":true,"_links":{"self":[{"href":"https:\/\/www.feuerwehr-aigen.at\/index.php?rest_route=\/wp\/v2\/pages\/596","targetHints":{"allow":["GET"]}}],"collection":[{"href":"https:\/\/www.feuerwehr-aigen.at\/index.php?rest_route=\/wp\/v2\/pages"}],"about":[{"href":"https:\/\/www.feuerwehr-aigen.at\/index.php?rest_route=\/wp\/v2\/types\/page"}],"author":[{"embeddable":true,"href":"https:\/\/www.feuerwehr-aigen.at\/index.php?rest_route=\/wp\/v2\/users\/1"}],"replies":[{"embeddable":true,"href":"https:\/\/www.feuerwehr-aigen.at\/index.php?rest_route=%2Fwp%2Fv2%2Fcomments&post=596"}],"version-history":[{"count":1,"href":"https:\/\/www.feuerwehr-aigen.at\/index.php?rest_route=\/wp\/v2\/pages\/596\/revisions"}],"predecessor-version":[{"id":949,"href":"https:\/\/www.feuerwehr-aigen.at\/index.php?rest_route=\/wp\/v2\/pages\/596\/revisions\/949"}],"wp:attachment":[{"href":"https:\/\/www.feuerwehr-aigen.at\/index.php?rest_route=%2Fwp%2Fv2%2Fmedia&parent=596"}],"curies":[{"name":"wp","href":"https:\/\/api.w.org\/{rel}","templated":true}]}}