{"id":595,"date":"2014-06-29T09:33:00","date_gmt":"2014-06-29T09:33:00","guid":{"rendered":"http:\/\/feuerwehr-aigen.d2solution.net\/index.php\/19072015-waldbrand-palfau\/"},"modified":"2016-11-09T00:53:23","modified_gmt":"2016-11-09T00:53:23","slug":"19072015-waldbrand-palfau","status":"publish","type":"page","link":"https:\/\/www.feuerwehr-aigen.at\/?page_id=595","title":{"rendered":"19.07.2015 &#8211; Waldbrand Palfau"},"content":{"rendered":"<p><a title=\"Waldbrand Palfau\" href=\"http:\/\/www.feuerwehr-aigen.at\/wp-content\/uploads\/2014\/06\/Einsaetze_waldpalfau_2015_02.jpg\"><img loading=\"lazy\" decoding=\"async\" class=\"alignleft wp-image-594 size-medium\" title=\"Waldbrand Palfau\" src=\"http:\/\/www.feuerwehr-aigen.at\/wp-content\/uploads\/2014\/06\/Einsaetze_waldpalfau_2015_02-300x169.jpg\" alt=\"Waldbrand Palfau\" width=\"300\" height=\"169\" align=\"left\" border=\"0\" hspace=\"5\" srcset=\"https:\/\/www.feuerwehr-aigen.at\/wp-content\/uploads\/2014\/06\/Einsaetze_waldpalfau_2015_02-300x169.jpg 300w, https:\/\/www.feuerwehr-aigen.at\/wp-content\/uploads\/2014\/06\/Einsaetze_waldpalfau_2015_02-768x432.jpg 768w, https:\/\/www.feuerwehr-aigen.at\/wp-content\/uploads\/2014\/06\/Einsaetze_waldpalfau_2015_02.jpg 800w\" sizes=\"auto, (max-width: 300px) 100vw, 300px\" \/><\/a><strong>Waldbrand Gemeinde Palfau<\/strong><br \/>\nDie Flugdienststaffel Nord der Feuerwehr Aigen im Ennstal wurde am Sonntag den 19.07.2015 um 08:01 Uhr mit dem Alarmstichwort: B09-Wald-Heckenbrand nach Palfau alarmiert.<\/p>\n<p>Nach gut 1 Std. Anfahrtszeit mit LKW-A Aigen und Waldbrandausr\u00fcstung, wurde mit der \u00f6rtlich zust\u00e4ndigen Einsatzleitung die weitere Vorgehensweise besprochen.<\/p>\n<p>Ein Baum wurde durch einen Blitzeinschlag in einem sehr steilen Gel\u00e4nde \u2013 L\u00e4rchkogel-Wotlarin ( Brandausma\u00df\u00a0 ca.25m\u00b2) entz\u00fcndet.<\/p>\n<p>Nach gut 1,5 Std. Fu\u00dfmarsch zum Brandherd (teils gesichert mit einem Seilgel\u00e4nder), wurde mittels L\u00f6schrucks\u00e4cke und Schanzwerkzeug der Brand schlie\u00dflich nach ca.2,5 Std. schwei\u00dftreibender Arbeit unter Kontrolle gebracht.<\/p>\n<p>Wir meldeten uns um 16:15 Uhr bei Florian Liezen wieder Einsatzbereit.<\/p>\n<p>Eingesetzt waren:<\/p>\n<p>FF Palfau mit MTF, KRF-B\u00a0 und 24 Mann<br \/>\nFF Gro\u00dfreifling mit TLF und 2 Mann<br \/>\nFF Aigen\/E. mit LKW-A und 4 Mann<br \/>\nABI Hadler<br \/>\nHubschrauber BMI<br \/>\nPolizei Gro\u00dfreifling mit 2 Mann<\/p>\n<p>Bericht und Fotos:<br \/>\nFF Aigen<\/p>\n<p><a title=\"Waldbrand Palfau\" href=\"http:\/\/www.feuerwehr-aigen.at\/?portfolio=19-07-2015-waldbrand-palfau\">zur Bildergalerie \u00bb<\/a><\/p>\n","protected":false},"excerpt":{"rendered":"<p>Waldbrand Gemeinde Palfau Die Flugdienststaffel Nord der Feuerwehr Aigen im Ennstal wurde am Sonntag den 19.07.2015 um 08:01 Uhr mit dem Alarmstichwort: B09-Wald-Heckenbrand nach Palfau alarmiert. Nach gut 1 Std. Anfahrtszeit mit LKW-A Aigen und Waldbrandausr\u00fcstung, wurde mit der \u00f6rtlich zust\u00e4ndigen Einsatzleitung die weitere Vorgehensweise besprochen. Ein Baum wurde durch einen Blitzeinschlag in einem sehr [&hellip;]<\/p>\n","protected":false},"author":1,"featured_media":0,"parent":0,"menu_order":7,"comment_status":"closed","ping_status":"closed","template":"","meta":{"footnotes":""},"class_list":["post-595","page","type-page","status-publish","hentry"],"jetpack_sharing_enabled":true,"_links":{"self":[{"href":"https:\/\/www.feuerwehr-aigen.at\/index.php?rest_route=\/wp\/v2\/pages\/595","targetHints":{"allow":["GET"]}}],"collection":[{"href":"https:\/\/www.feuerwehr-aigen.at\/index.php?rest_route=\/wp\/v2\/pages"}],"about":[{"href":"https:\/\/www.feuerwehr-aigen.at\/index.php?rest_route=\/wp\/v2\/types\/page"}],"author":[{"embeddable":true,"href":"https:\/\/www.feuerwehr-aigen.at\/index.php?rest_route=\/wp\/v2\/users\/1"}],"replies":[{"embeddable":true,"href":"https:\/\/www.feuerwehr-aigen.at\/index.php?rest_route=%2Fwp%2Fv2%2Fcomments&post=595"}],"version-history":[{"count":3,"href":"https:\/\/www.feuerwehr-aigen.at\/index.php?rest_route=\/wp\/v2\/pages\/595\/revisions"}],"predecessor-version":[{"id":1868,"href":"https:\/\/www.feuerwehr-aigen.at\/index.php?rest_route=\/wp\/v2\/pages\/595\/revisions\/1868"}],"wp:attachment":[{"href":"https:\/\/www.feuerwehr-aigen.at\/index.php?rest_route=%2Fwp%2Fv2%2Fmedia&parent=595"}],"curies":[{"name":"wp","href":"https:\/\/api.w.org\/{rel}","templated":true}]}}