{"id":593,"date":"2010-06-26T16:32:23","date_gmt":"2010-06-26T16:32:23","guid":{"rendered":"http:\/\/feuerwehr-aigen.d2solution.net\/index.php\/27-juni-2015-hochzeit-sabrina-und-michael\/"},"modified":"2017-09-11T21:37:11","modified_gmt":"2017-09-11T20:37:11","slug":"27-juni-2015-hochzeit-sabrina-und-michael","status":"publish","type":"page","link":"https:\/\/www.feuerwehr-aigen.at\/?page_id=593","title":{"rendered":"27.06.2015 &#8211; Hochzeit Sabrina und Michael"},"content":{"rendered":"<h3><strong>Frisch verm\u00e4hltes Ehepaar<\/strong><\/h3>\n<p><a title=\"Hochzeit Sabrina und Michael\" href=\"galerie\/sonstige\/hochzeit_hubner_2015\/\" target=\"_blank\"><img loading=\"lazy\" decoding=\"async\" class=\"alignleft\" title=\"Hochzeit Sabrina und Michael\" src=\"http:\/\/feuerwehr-aigen.at\/wp-content\/uploads\/2010\/06\/sonstiges_hochzeit_hubner_2015_01.jpg\" alt=\"Hochzeit Sabrina und Michael\" width=\"150\" height=\"99\" align=\"left\" border=\"0\" hspace=\"5\" vspace=\"5\" \/><\/a>Am Samstag den 27.06.2015 gaben sich Sabrina Taxacher und Michael Hubner das Ja &#8211; Wort.<\/p>\n<p>Michaels gro\u00dfe Leidenschaft das Fischen war es auch was das junge Gl\u00fcck zusammenbrachte.<br \/>\nBei einem Fischerstammtisch im Jahre 2006 haben sich die beiden kennen und lieben gelernt.<br \/>\nF\u00fcr beide war es Liebe auf den ersten Blick.<\/p>\n<p>Geheiratet wurde im Standesamt Irdning-Donnersbachtal.<br \/>\nIm Anschluss wurde der Bund der Ehe im Kloster Irdning durch Pfarrer Herbert Prochazka geschlossen.<br \/>\nMusikalisch umrahmt wurde das ganze durch die Weiberroas Irdning-Donnersbachtal.<\/p>\n<p>Die Festg\u00e4ste konnten sich auch \u00fcber ein St\u00e4ndchen der Lebenshilfe Liezen sehr freuen.<\/p>\n<p>Das &#8222;Vermochn&#8220; konnte durch Kameraden der FF Aigen\/E und Freunden des Fischerklubs planm\u00e4\u00dfig \u00fcber die B\u00fchne gehen.<\/p>\n<p>Im Anschluss gab es eine Jause f\u00fcr die Hochzeitsgesellschaft und das traditionelle Brautstehlen.<\/p>\n<p>Nachdem der Br\u00e4utigam die Braut wieder in seinen H\u00e4nden hielt, ging es weiter zur Abendveranstaltung mit den Sia\u00dfreithern.<br \/>\nDer Brauttanz und das Brautstrau\u00df werfen rundeten den Abend ab bis sich dann in den Morgenstunden die Hochzeitsgesellschaft wieder aufl\u00f6ste.<\/p>\n<p>Die FF Aigen\/E w\u00fcnscht dem jungen Hochzeitspaar alles Gute f\u00fcr die Zukunft und eine gl\u00fcckliche Zeit.<\/p>\n<p><a title=\"Hochzeit Sabrina und Michael\" href=\"http:\/\/www.feuerwehr-aigen.at\/?portfolio=27-06-2015-hochzeit-sabrina-und-michael\">zur Bildergalerie \u00bb<\/a><\/p>\n","protected":false},"excerpt":{"rendered":"<p>Frisch verm\u00e4hltes Ehepaar Am Samstag den 27.06.2015 gaben sich Sabrina Taxacher und Michael Hubner das Ja &#8211; Wort. Michaels gro\u00dfe Leidenschaft das Fischen war es auch was das junge Gl\u00fcck zusammenbrachte. Bei einem Fischerstammtisch im Jahre 2006 haben sich die beiden kennen und lieben gelernt. F\u00fcr beide war es Liebe auf den ersten Blick. Geheiratet [&hellip;]<\/p>\n","protected":false},"author":1,"featured_media":0,"parent":0,"menu_order":4,"comment_status":"closed","ping_status":"closed","template":"","meta":{"footnotes":""},"class_list":["post-593","page","type-page","status-publish","hentry"],"jetpack_sharing_enabled":true,"_links":{"self":[{"href":"https:\/\/www.feuerwehr-aigen.at\/index.php?rest_route=\/wp\/v2\/pages\/593","targetHints":{"allow":["GET"]}}],"collection":[{"href":"https:\/\/www.feuerwehr-aigen.at\/index.php?rest_route=\/wp\/v2\/pages"}],"about":[{"href":"https:\/\/www.feuerwehr-aigen.at\/index.php?rest_route=\/wp\/v2\/types\/page"}],"author":[{"embeddable":true,"href":"https:\/\/www.feuerwehr-aigen.at\/index.php?rest_route=\/wp\/v2\/users\/1"}],"replies":[{"embeddable":true,"href":"https:\/\/www.feuerwehr-aigen.at\/index.php?rest_route=%2Fwp%2Fv2%2Fcomments&post=593"}],"version-history":[{"count":4,"href":"https:\/\/www.feuerwehr-aigen.at\/index.php?rest_route=\/wp\/v2\/pages\/593\/revisions"}],"predecessor-version":[{"id":2859,"href":"https:\/\/www.feuerwehr-aigen.at\/index.php?rest_route=\/wp\/v2\/pages\/593\/revisions\/2859"}],"wp:attachment":[{"href":"https:\/\/www.feuerwehr-aigen.at\/index.php?rest_route=%2Fwp%2Fv2%2Fmedia&parent=593"}],"curies":[{"name":"wp","href":"https:\/\/api.w.org\/{rel}","templated":true}]}}