{"id":591,"date":"2010-06-26T16:32:23","date_gmt":"2010-06-26T16:32:23","guid":{"rendered":"http:\/\/feuerwehr-aigen.d2solution.net\/index.php\/16-juni-2015-volksschulenbesuch\/"},"modified":"2017-09-11T21:41:45","modified_gmt":"2017-09-11T20:41:45","slug":"16-juni-2015-volksschulenbesuch","status":"publish","type":"page","link":"https:\/\/www.feuerwehr-aigen.at\/?page_id=591","title":{"rendered":"16.06.2015 &#8211; Volksschulenbesuch"},"content":{"rendered":"<h3><strong>Volksschule besucht Feuerwehr!<\/strong><\/h3>\n<p><a title=\"Volksschulebesuch 2015\" href=\"galerie\/sonstige\/volksschule_2015\/\" target=\"_blank\"><img loading=\"lazy\" decoding=\"async\" class=\"alignleft\" title=\"Volksschulbesuch\" src=\"http:\/\/feuerwehr-aigen.at\/wp-content\/uploads\/2010\/06\/sonstiges_volksschule_2015_01.jpg\" alt=\"Volksschulbesuch\" width=\"150\" height=\"113\" align=\"left\" border=\"0\" hspace=\"5\" vspace=\"5\" \/><\/a>Am 16.06.2015 waren die beiden 3.Klassen der Volksschule Aigen im Ennstal zu Besuch bei der Freiwilligen Feuerwehr Aigen.<\/p>\n<p>Kommandantstellvertreter OBI Wundersamer begr\u00fc\u00dfte die 32 Sch\u00fclerinnen und Sch\u00fcler und die beiden P\u00e4dagoginnen und stellte die Aufgaben einer Feuerwehr dar.<br \/>\nAnschlie\u00dfend wurden Gruppen gebildet und bei interessanten Stationen die unterschiedlichen T\u00e4tigkeiten bei der Feuerwehr hautnah mit den Kindern erprobt.<\/p>\n<p>\u2022\u00a0\u00a0\u00a0 Erkl\u00e4rung TLF-A 2000, KLF-A, MTF-A, LKW-A mit Waldbrandausr\u00fcstung<br \/>\n\u2022\u00a0\u00a0\u00a0 Arbeiten mit der Korbtrage<br \/>\n\u2022\u00a0\u00a0\u00a0 Kennenlernen der Ausr\u00fcstung eines Feuerwehrmitgliedes, Atemschutzger\u00e4tetr\u00e4gers<br \/>\n\u2022\u00a0\u00a0\u00a0 Vorstellung Alarmierung und Digitalfunk<br \/>\nund nat\u00fcrlich das Spritzen mit HD-Rohr und L\u00f6schrucks\u00e4cken.<\/p>\n<p>Zum Abschlu\u00df wurden die Kinder mit den Feuerwehrfahrzeugen zur\u00fcck in die Schule gef\u00fchrt.<\/p>\n<p>OBI Wundersamer,OLM Muckenhofer,HFM Gruber-Veit<\/p>\n<p><a title=\"Volksschulebesuch 2015\" href=\"http:\/\/www.feuerwehr-aigen.at\/?portfolio=16-06-2015-volksschulenbesuch\">zur Bildergalerie \u00bb<\/a><\/p>\n","protected":false},"excerpt":{"rendered":"<p>Volksschule besucht Feuerwehr! Am 16.06.2015 waren die beiden 3.Klassen der Volksschule Aigen im Ennstal zu Besuch bei der Freiwilligen Feuerwehr Aigen. Kommandantstellvertreter OBI Wundersamer begr\u00fc\u00dfte die 32 Sch\u00fclerinnen und Sch\u00fcler und die beiden P\u00e4dagoginnen und stellte die Aufgaben einer Feuerwehr dar. Anschlie\u00dfend wurden Gruppen gebildet und bei interessanten Stationen die unterschiedlichen T\u00e4tigkeiten bei der Feuerwehr [&hellip;]<\/p>\n","protected":false},"author":1,"featured_media":0,"parent":0,"menu_order":5,"comment_status":"closed","ping_status":"closed","template":"","meta":{"footnotes":""},"class_list":["post-591","page","type-page","status-publish","hentry"],"jetpack_sharing_enabled":true,"_links":{"self":[{"href":"https:\/\/www.feuerwehr-aigen.at\/index.php?rest_route=\/wp\/v2\/pages\/591","targetHints":{"allow":["GET"]}}],"collection":[{"href":"https:\/\/www.feuerwehr-aigen.at\/index.php?rest_route=\/wp\/v2\/pages"}],"about":[{"href":"https:\/\/www.feuerwehr-aigen.at\/index.php?rest_route=\/wp\/v2\/types\/page"}],"author":[{"embeddable":true,"href":"https:\/\/www.feuerwehr-aigen.at\/index.php?rest_route=\/wp\/v2\/users\/1"}],"replies":[{"embeddable":true,"href":"https:\/\/www.feuerwehr-aigen.at\/index.php?rest_route=%2Fwp%2Fv2%2Fcomments&post=591"}],"version-history":[{"count":4,"href":"https:\/\/www.feuerwehr-aigen.at\/index.php?rest_route=\/wp\/v2\/pages\/591\/revisions"}],"predecessor-version":[{"id":2860,"href":"https:\/\/www.feuerwehr-aigen.at\/index.php?rest_route=\/wp\/v2\/pages\/591\/revisions\/2860"}],"wp:attachment":[{"href":"https:\/\/www.feuerwehr-aigen.at\/index.php?rest_route=%2Fwp%2Fv2%2Fmedia&parent=591"}],"curies":[{"name":"wp","href":"https:\/\/api.w.org\/{rel}","templated":true}]}}