{"id":587,"date":"2010-06-26T16:32:23","date_gmt":"2010-06-26T16:32:23","guid":{"rendered":"http:\/\/feuerwehr-aigen.d2solution.net\/index.php\/2-juni-2015-kindergartenbesuch\/"},"modified":"2017-09-11T21:44:42","modified_gmt":"2017-09-11T20:44:42","slug":"2-juni-2015-kindergartenbesuch","status":"publish","type":"page","link":"https:\/\/www.feuerwehr-aigen.at\/?page_id=587","title":{"rendered":"02.06.2015 &#8211; Kindergartenbesuch"},"content":{"rendered":"<h3><strong>Kindergarten besuchte Feuerwehr!<\/strong><\/h3>\n<p><a title=\"Kindergartenbesuch 2015\" href=\"http:\/\/feuerwehr-aigen.at\/wp-content\/uploads\/2010\/06\/sonstiges_kindergarten_2015_09.jpg\"><img loading=\"lazy\" decoding=\"async\" class=\"alignleft\" title=\"Kindergartenbesuch\" src=\"http:\/\/feuerwehr-aigen.at\/wp-content\/uploads\/2010\/06\/sonstiges_kindergarten_2015_09.jpg\" alt=\"Kindergartenbesuch\" width=\"150\" height=\"84\" align=\"left\" border=\"0\" hspace=\"5\" vspace=\"5\" \/><\/a>Am 02.06.2015 besuchte uns wie jedes Jahr eine Gruppe des \u00f6rtlichen Kindergartens.<\/p>\n<p>Nach einer kurzen Begr\u00fc\u00dfung durch OBI Wundersamer wurden das R\u00fcsthaus, die verschiedenen Ger\u00e4tschaften und Fahrzeuge mit tatkr\u00e4ftiger Unterst\u00fctzung der Kameraden LM d.F Strobl Manfred und HFM Steindacher Roland erkl\u00e4rt und ausprobiert.<\/p>\n<p>Nach der wollverdienten Jause im Schulungsraum ging es mit den Fahrzeugen zur\u00fcck in den Kindergarten.<\/p>\n<p><a title=\"Kindergartenbesuch 2015\" href=\"http:\/\/www.feuerwehr-aigen.at\/?portfolio=02-06-2015-kindergartenbesuch\">zur Bildergalerie \u00bb<\/a><\/p>\n","protected":false},"excerpt":{"rendered":"<p>Kindergarten besuchte Feuerwehr! Am 02.06.2015 besuchte uns wie jedes Jahr eine Gruppe des \u00f6rtlichen Kindergartens. Nach einer kurzen Begr\u00fc\u00dfung durch OBI Wundersamer wurden das R\u00fcsthaus, die verschiedenen Ger\u00e4tschaften und Fahrzeuge mit tatkr\u00e4ftiger Unterst\u00fctzung der Kameraden LM d.F Strobl Manfred und HFM Steindacher Roland erkl\u00e4rt und ausprobiert. Nach der wollverdienten Jause im Schulungsraum ging es mit [&hellip;]<\/p>\n","protected":false},"author":1,"featured_media":0,"parent":0,"menu_order":6,"comment_status":"closed","ping_status":"closed","template":"","meta":{"footnotes":""},"class_list":["post-587","page","type-page","status-publish","hentry"],"jetpack_sharing_enabled":true,"_links":{"self":[{"href":"https:\/\/www.feuerwehr-aigen.at\/index.php?rest_route=\/wp\/v2\/pages\/587","targetHints":{"allow":["GET"]}}],"collection":[{"href":"https:\/\/www.feuerwehr-aigen.at\/index.php?rest_route=\/wp\/v2\/pages"}],"about":[{"href":"https:\/\/www.feuerwehr-aigen.at\/index.php?rest_route=\/wp\/v2\/types\/page"}],"author":[{"embeddable":true,"href":"https:\/\/www.feuerwehr-aigen.at\/index.php?rest_route=\/wp\/v2\/users\/1"}],"replies":[{"embeddable":true,"href":"https:\/\/www.feuerwehr-aigen.at\/index.php?rest_route=%2Fwp%2Fv2%2Fcomments&post=587"}],"version-history":[{"count":4,"href":"https:\/\/www.feuerwehr-aigen.at\/index.php?rest_route=\/wp\/v2\/pages\/587\/revisions"}],"predecessor-version":[{"id":2861,"href":"https:\/\/www.feuerwehr-aigen.at\/index.php?rest_route=\/wp\/v2\/pages\/587\/revisions\/2861"}],"wp:attachment":[{"href":"https:\/\/www.feuerwehr-aigen.at\/index.php?rest_route=%2Fwp%2Fv2%2Fmedia&parent=587"}],"curies":[{"name":"wp","href":"https:\/\/api.w.org\/{rel}","templated":true}]}}