{"id":582,"date":"2014-10-11T06:05:53","date_gmt":"2014-10-11T06:05:53","guid":{"rendered":"http:\/\/feuerwehr-aigen.d2solution.net\/index.php\/01022015-autobus-droht-zu-kippen\/"},"modified":"2016-11-02T23:37:55","modified_gmt":"2016-11-02T23:37:55","slug":"01022015-autobus-droht-zu-kippen","status":"publish","type":"page","link":"https:\/\/www.feuerwehr-aigen.at\/?page_id=582","title":{"rendered":"01.02.2015 &#8211; Autobus droht zu kippen"},"content":{"rendered":"<p><strong>Autobus droht zu kippen!<\/strong><\/p>\n<p>Sirenenalarm f\u00fcr die FFAigen\/E. am 01.02.15 um 17:53 Uhr.<\/p>\n<p>Die Alarmmeldung lautete diesmal Autobus h\u00e4ngt und droht zu kippen &#8211; H\u00f6he Gasthaus Br\u00fcckenwirt.<br \/>\nNur 3 Minuten nach dem Sirenenalarm r\u00fcckten TLFA 2000, KLFA und 17 Mann zur Einsatzadresse aus.<\/p>\n<p>Sein Navi lotste einen ungarischen Reisebus zwischen Cafe Harlekin und Gasthof Br\u00fcckenwirt hindurch Richtung Feuerle. Dort blieb er auf H\u00f6he Br\u00fcckenwirt h\u00e4ngen und drohte in das Haus zu rutschen.<br \/>\nMittels TLF und Hubzug sicherten wir den Bus,bis schlie\u00dflich der LKW vom Gemeindebauhof den Bus aus seiner mi\u00dflichen Lage befreien konnte. Nach 1,5 Std. meldeten wir uns bei Florian Liezen wieder Einsatzbereit.<\/p>\n<p>Eingesetzt waren:<\/p>\n<p>TLF-A Aigen<br \/>\nKLF-A Aigen<\/p>\n<p>Bericht:<br \/>\nFF Aigen<\/p>\n","protected":false},"excerpt":{"rendered":"<p>Autobus droht zu kippen! Sirenenalarm f\u00fcr die FFAigen\/E. am 01.02.15 um 17:53 Uhr. Die Alarmmeldung lautete diesmal Autobus h\u00e4ngt und droht zu kippen &#8211; H\u00f6he Gasthaus Br\u00fcckenwirt. Nur 3 Minuten nach dem Sirenenalarm r\u00fcckten TLFA 2000, KLFA und 17 Mann zur Einsatzadresse aus. Sein Navi lotste einen ungarischen Reisebus zwischen Cafe Harlekin und Gasthof Br\u00fcckenwirt [&hellip;]<\/p>\n","protected":false},"author":1,"featured_media":0,"parent":0,"menu_order":8,"comment_status":"closed","ping_status":"closed","template":"","meta":{"footnotes":""},"class_list":["post-582","page","type-page","status-publish","hentry"],"jetpack_sharing_enabled":true,"_links":{"self":[{"href":"https:\/\/www.feuerwehr-aigen.at\/index.php?rest_route=\/wp\/v2\/pages\/582","targetHints":{"allow":["GET"]}}],"collection":[{"href":"https:\/\/www.feuerwehr-aigen.at\/index.php?rest_route=\/wp\/v2\/pages"}],"about":[{"href":"https:\/\/www.feuerwehr-aigen.at\/index.php?rest_route=\/wp\/v2\/types\/page"}],"author":[{"embeddable":true,"href":"https:\/\/www.feuerwehr-aigen.at\/index.php?rest_route=\/wp\/v2\/users\/1"}],"replies":[{"embeddable":true,"href":"https:\/\/www.feuerwehr-aigen.at\/index.php?rest_route=%2Fwp%2Fv2%2Fcomments&post=582"}],"version-history":[{"count":2,"href":"https:\/\/www.feuerwehr-aigen.at\/index.php?rest_route=\/wp\/v2\/pages\/582\/revisions"}],"predecessor-version":[{"id":959,"href":"https:\/\/www.feuerwehr-aigen.at\/index.php?rest_route=\/wp\/v2\/pages\/582\/revisions\/959"}],"wp:attachment":[{"href":"https:\/\/www.feuerwehr-aigen.at\/index.php?rest_route=%2Fwp%2Fv2%2Fmedia&parent=582"}],"curies":[{"name":"wp","href":"https:\/\/api.w.org\/{rel}","templated":true}]}}