{"id":579,"date":"2014-10-11T06:05:53","date_gmt":"2014-10-11T06:05:53","guid":{"rendered":"http:\/\/feuerwehr-aigen.d2solution.net\/index.php\/09012015-sturmeinsatz-ritzmannsdorf\/"},"modified":"2016-11-02T23:44:30","modified_gmt":"2016-11-02T23:44:30","slug":"09012015-sturmeinsatz-ritzmannsdorf","status":"publish","type":"page","link":"https:\/\/www.feuerwehr-aigen.at\/?page_id=579","title":{"rendered":"09.01.2015 &#8211; Sturmeinsatz Ritzmannsdorf"},"content":{"rendered":"<p><strong>Sturmeinsatz in Ritzmannsdorf<\/strong><\/p>\n<p>Am Freitag den 09.01.2015 wurde die FF-Aigen zum vierten Einsatz im heurigen Jahr gerufen.<\/p>\n<p>Um 21:30 Uhr wurde OBI Wundersamer telefonisch zu einem Sturmeinsatz (bei einem Wirtschaftsgeb\u00e4ude im Ortsteil Ritzmannsdorf wurde ein Viertel des Dachstuhles durch eine starke Windb\u00f6e heruntergerissen, der noch stehende Teil des Dachstuhls drohte einzust\u00fcrzen) gerufen.<br \/>\nDa sich gerade 7 Mann der Feuerwehr und Zimmerermeister Mehrl Karl bei der Musikprobe befanden, wurde umgehend mit TLFA 2000 zum besagten Objekt ausger\u00fcckt.<br \/>\nDa laut Wetterbericht in der Nacht noch mehr Sturmb\u00f6en zu erwarten sind, wurde mit\u00a0 Absprache des Zimmerermeisters die Sparren provisorisch angeschraubt und das darunterliegende Heu mit Planen abgedeckt.<br \/>\nNach 2 Std. Einsatzzeit meldeten wir uns bei Florian Liezen wieder Einsatzbereit.<\/p>\n<p>Eingesetzt waren:<\/p>\n<p>TLF-A Aigen<\/p>\n<p>Bericht:<br \/>\nFF Aigen<\/p>\n","protected":false},"excerpt":{"rendered":"<p>Sturmeinsatz in Ritzmannsdorf Am Freitag den 09.01.2015 wurde die FF-Aigen zum vierten Einsatz im heurigen Jahr gerufen. Um 21:30 Uhr wurde OBI Wundersamer telefonisch zu einem Sturmeinsatz (bei einem Wirtschaftsgeb\u00e4ude im Ortsteil Ritzmannsdorf wurde ein Viertel des Dachstuhles durch eine starke Windb\u00f6e heruntergerissen, der noch stehende Teil des Dachstuhls drohte einzust\u00fcrzen) gerufen. Da sich gerade [&hellip;]<\/p>\n","protected":false},"author":1,"featured_media":0,"parent":0,"menu_order":9,"comment_status":"closed","ping_status":"closed","template":"","meta":{"footnotes":""},"class_list":["post-579","page","type-page","status-publish","hentry"],"jetpack_sharing_enabled":true,"_links":{"self":[{"href":"https:\/\/www.feuerwehr-aigen.at\/index.php?rest_route=\/wp\/v2\/pages\/579","targetHints":{"allow":["GET"]}}],"collection":[{"href":"https:\/\/www.feuerwehr-aigen.at\/index.php?rest_route=\/wp\/v2\/pages"}],"about":[{"href":"https:\/\/www.feuerwehr-aigen.at\/index.php?rest_route=\/wp\/v2\/types\/page"}],"author":[{"embeddable":true,"href":"https:\/\/www.feuerwehr-aigen.at\/index.php?rest_route=\/wp\/v2\/users\/1"}],"replies":[{"embeddable":true,"href":"https:\/\/www.feuerwehr-aigen.at\/index.php?rest_route=%2Fwp%2Fv2%2Fcomments&post=579"}],"version-history":[{"count":2,"href":"https:\/\/www.feuerwehr-aigen.at\/index.php?rest_route=\/wp\/v2\/pages\/579\/revisions"}],"predecessor-version":[{"id":970,"href":"https:\/\/www.feuerwehr-aigen.at\/index.php?rest_route=\/wp\/v2\/pages\/579\/revisions\/970"}],"wp:attachment":[{"href":"https:\/\/www.feuerwehr-aigen.at\/index.php?rest_route=%2Fwp%2Fv2%2Fmedia&parent=579"}],"curies":[{"name":"wp","href":"https:\/\/api.w.org\/{rel}","templated":true}]}}