{"id":572,"date":"2014-10-27T18:58:54","date_gmt":"2014-10-27T18:58:54","guid":{"rendered":"http:\/\/feuerwehr-aigen.d2solution.net\/index.php\/26102014-branddienstleistungspruefung-bronzesilber\/"},"modified":"2017-05-17T06:46:08","modified_gmt":"2017-05-17T05:46:08","slug":"26102014-branddienstleistungspruefung-bronzesilber","status":"publish","type":"page","link":"https:\/\/www.feuerwehr-aigen.at\/?page_id=572","title":{"rendered":"13.05.2017 &#8211; Branddienstleistungspr\u00fcfung Bronze\/Silber\/Gold"},"content":{"rendered":"<div id=\"attachment_2553\" style=\"width: 334px\" class=\"wp-caption alignleft\"><a href=\"http:\/\/www.feuerwehr-aigen.at\/wp-content\/uploads\/2017\/05\/DSC_8327.jpg\"><img loading=\"lazy\" decoding=\"async\" aria-describedby=\"caption-attachment-2553\" class=\"wp-image-2553\" src=\"http:\/\/www.feuerwehr-aigen.at\/wp-content\/uploads\/2017\/05\/DSC_8327.jpg\" alt=\"Branddienstleistungspr\u00fcfung\" width=\"324\" height=\"215\" srcset=\"https:\/\/www.feuerwehr-aigen.at\/wp-content\/uploads\/2017\/05\/DSC_8327.jpg 4928w, https:\/\/www.feuerwehr-aigen.at\/wp-content\/uploads\/2017\/05\/DSC_8327-300x199.jpg 300w, https:\/\/www.feuerwehr-aigen.at\/wp-content\/uploads\/2017\/05\/DSC_8327-768x509.jpg 768w, https:\/\/www.feuerwehr-aigen.at\/wp-content\/uploads\/2017\/05\/DSC_8327-1030x682.jpg 1030w, https:\/\/www.feuerwehr-aigen.at\/wp-content\/uploads\/2017\/05\/DSC_8327-1500x994.jpg 1500w, https:\/\/www.feuerwehr-aigen.at\/wp-content\/uploads\/2017\/05\/DSC_8327-705x467.jpg 705w, https:\/\/www.feuerwehr-aigen.at\/wp-content\/uploads\/2017\/05\/DSC_8327-450x298.jpg 450w\" sizes=\"auto, (max-width: 324px) 100vw, 324px\" \/><\/a><p id=\"caption-attachment-2553\" class=\"wp-caption-text\">Branddienstleistungspr\u00fcfung<\/p><\/div>\n<p>Ausgezeichnete Erfolge der FF Aigen\/E<\/p>\n<p>Am Samstag den 13.05.2017 legte die Feuerwehr Aigen\/E die Branddienstleistungspr\u00fcfung mit 4 Gruppen ab.<\/p>\n<p>Dabei konnten 6 Mann das Branddienstleistungsabzeichen in Bronze, 4 Mann in Silber und 11 Mann das Abzeichen in Gold erlangen.<\/p>\n<p>Insgesamt wurden f\u00fcr die Erreichung des Abzeichens 400 Stunden f\u00fcr die Vorbereitung investiert.<\/p>\n<p>Am Tag des Bewerbes konnten dann die gezogen Aufgaben wie Fl\u00fcssigkeitsbrand, Holzstapelbrand und Scheunenbrand mit Bravour gemeistert werden.<\/p>\n<p>Bei allen drei Beispielen handelt es sich um Standardisierte Aufgaben im Alltag des Feuerwehrmannes.<\/p>\n<p>Neben dem fairen Bewerterteam konnte sich auch der B\u00fcrgermeister Raimund Hager sowie der Abschnittskommandant ABI Helmut Sam von den ausgezeichneten Ausbildungsstand \u00fcberzeugen.<\/p>\n<p>Nach den abschlie\u00dfenden, lobenden Worten konnten die Kameraden der FF Aigen mit gro\u00dfer Freude ihre lang ersehnten Abzeichen \u00fcbernehmen und zu einem gem\u00fctlichen Kameradschaftstag im Kreise von Freunden \u00fcbergehen.<\/p>\n<p><span style=\"text-decoration: underline;\"><strong>BDLP Bronze:<\/strong><\/span><br \/>\nHFM Fritz Michael<br \/>\nHFM Komatz Markus<br \/>\nOFM Komatz Thomas<br \/>\nOFM Hinterramskogler Samuel<br \/>\nOFM Rohrer Gregor<br \/>\nOFM Winner Hannes<\/p>\n<p><span style=\"text-decoration: underline;\"><strong>BDLP Silber:<\/strong><\/span><br \/>\nLM d.F. Th\u00f6ringer Alexander<br \/>\nHFM Gruber -Veit Thomas<br \/>\nOFM Tiefenbacher Alexander<br \/>\nOFM Mandlberger Albert<\/p>\n<p><strong><span style=\"text-decoration: underline;\">BDLP Gold:<\/span><\/strong><br \/>\nHBI Wundersamer Dietmar<br \/>\nOBI Kerschhaggl Gerald<br \/>\nOBI a.D.Tiefenbacher Manfred<br \/>\nOBI d.F.Fritz Josef jun.<br \/>\nBM d.V.Wundersamer Harald<br \/>\nHLM Strobl Siegfried<br \/>\nHLM Muckenhofer Bernd<br \/>\nHLM Kerschhaggl Hannes<br \/>\nOLM d.V. Reiter Martin<br \/>\nLM d.F. Tiefenbacher Daniel<br \/>\nHFM Steindacher Roland<\/p>\n","protected":false},"excerpt":{"rendered":"<p>Ausgezeichnete Erfolge der FF Aigen\/E Am Samstag den 13.05.2017 legte die Feuerwehr Aigen\/E die Branddienstleistungspr\u00fcfung mit 4 Gruppen ab. Dabei konnten 6 Mann das Branddienstleistungsabzeichen in Bronze, 4 Mann in Silber und 11 Mann das Abzeichen in Gold erlangen. Insgesamt wurden f\u00fcr die Erreichung des Abzeichens 400 Stunden f\u00fcr die Vorbereitung investiert. Am Tag des [&hellip;]<\/p>\n","protected":false},"author":1,"featured_media":0,"parent":0,"menu_order":2,"comment_status":"closed","ping_status":"closed","template":"","meta":{"footnotes":""},"class_list":["post-572","page","type-page","status-publish","hentry"],"jetpack_sharing_enabled":true,"_links":{"self":[{"href":"https:\/\/www.feuerwehr-aigen.at\/index.php?rest_route=\/wp\/v2\/pages\/572","targetHints":{"allow":["GET"]}}],"collection":[{"href":"https:\/\/www.feuerwehr-aigen.at\/index.php?rest_route=\/wp\/v2\/pages"}],"about":[{"href":"https:\/\/www.feuerwehr-aigen.at\/index.php?rest_route=\/wp\/v2\/types\/page"}],"author":[{"embeddable":true,"href":"https:\/\/www.feuerwehr-aigen.at\/index.php?rest_route=\/wp\/v2\/users\/1"}],"replies":[{"embeddable":true,"href":"https:\/\/www.feuerwehr-aigen.at\/index.php?rest_route=%2Fwp%2Fv2%2Fcomments&post=572"}],"version-history":[{"count":10,"href":"https:\/\/www.feuerwehr-aigen.at\/index.php?rest_route=\/wp\/v2\/pages\/572\/revisions"}],"predecessor-version":[{"id":2566,"href":"https:\/\/www.feuerwehr-aigen.at\/index.php?rest_route=\/wp\/v2\/pages\/572\/revisions\/2566"}],"wp:attachment":[{"href":"https:\/\/www.feuerwehr-aigen.at\/index.php?rest_route=%2Fwp%2Fv2%2Fmedia&parent=572"}],"curies":[{"name":"wp","href":"https:\/\/api.w.org\/{rel}","templated":true}]}}