{"id":5707,"date":"2024-01-13T23:25:48","date_gmt":"2024-01-13T22:25:48","guid":{"rendered":"https:\/\/www.feuerwehr-aigen.at\/?page_id=5707"},"modified":"2024-01-13T23:38:05","modified_gmt":"2024-01-13T22:38:05","slug":"einsatztagebuecher-2024","status":"publish","type":"page","link":"https:\/\/www.feuerwehr-aigen.at\/?page_id=5707","title":{"rendered":"Einsatztageb\u00fccher 2024"},"content":{"rendered":"<p>Hier gelangen Sie zu unseren \u00dcbersichten \u00fcber:<\/p>\n<ul>\n<li><a href=\"https:\/\/www.feuerwehr-aigen.at\/?page_id=5712\">Eins\u00e4tze<\/a><\/li>\n<li><a href=\"https:\/\/www.feuerwehr-aigen.at\/?page_id=5710\">\u00dcbungen<\/a><\/li>\n<li><a href=\"https:\/\/www.feuerwehr-aigen.at\/?page_id=5714\">Sonstige T\u00e4tigkeiten\/Veranstaltungen<\/a><\/li>\n<\/ul>\n","protected":false},"excerpt":{"rendered":"<p>Hier gelangen Sie zu unseren \u00dcbersichten \u00fcber: Eins\u00e4tze \u00dcbungen Sonstige T\u00e4tigkeiten\/Veranstaltungen<\/p>\n","protected":false},"author":1,"featured_media":0,"parent":1133,"menu_order":-2,"comment_status":"closed","ping_status":"closed","template":"","meta":{"footnotes":""},"class_list":["post-5707","page","type-page","status-publish","hentry"],"jetpack_sharing_enabled":true,"_links":{"self":[{"href":"https:\/\/www.feuerwehr-aigen.at\/index.php?rest_route=\/wp\/v2\/pages\/5707","targetHints":{"allow":["GET"]}}],"collection":[{"href":"https:\/\/www.feuerwehr-aigen.at\/index.php?rest_route=\/wp\/v2\/pages"}],"about":[{"href":"https:\/\/www.feuerwehr-aigen.at\/index.php?rest_route=\/wp\/v2\/types\/page"}],"author":[{"embeddable":true,"href":"https:\/\/www.feuerwehr-aigen.at\/index.php?rest_route=\/wp\/v2\/users\/1"}],"replies":[{"embeddable":true,"href":"https:\/\/www.feuerwehr-aigen.at\/index.php?rest_route=%2Fwp%2Fv2%2Fcomments&post=5707"}],"version-history":[{"count":3,"href":"https:\/\/www.feuerwehr-aigen.at\/index.php?rest_route=\/wp\/v2\/pages\/5707\/revisions"}],"predecessor-version":[{"id":6092,"href":"https:\/\/www.feuerwehr-aigen.at\/index.php?rest_route=\/wp\/v2\/pages\/5707\/revisions\/6092"}],"up":[{"embeddable":true,"href":"https:\/\/www.feuerwehr-aigen.at\/index.php?rest_route=\/wp\/v2\/pages\/1133"}],"wp:attachment":[{"href":"https:\/\/www.feuerwehr-aigen.at\/index.php?rest_route=%2Fwp%2Fv2%2Fmedia&parent=5707"}],"curies":[{"name":"wp","href":"https:\/\/api.w.org\/{rel}","templated":true}]}}