{"id":569,"date":"2014-09-15T18:30:01","date_gmt":"2014-09-15T18:30:01","guid":{"rendered":"http:\/\/feuerwehr-aigen.d2solution.net\/index.php\/13-oktober-2014-maibaumumschneiden\/"},"modified":"2017-09-11T21:30:40","modified_gmt":"2017-09-11T20:30:40","slug":"13-oktober-2014-maibaumumschneiden","status":"publish","type":"page","link":"https:\/\/www.feuerwehr-aigen.at\/?page_id=569","title":{"rendered":"13.10.2014 &#8211; Maibaumumschneiden"},"content":{"rendered":"<p><strong>Maibaumumschneiden und 5. Bocciaturnier der Freiwilligen Feuerwehr Aigen im Ennstal<\/strong><\/p>\n<p><a title=\"Maibaum 2014\" href=\"http:\/\/feuerwehr-aigen.at\/wp-content\/uploads\/2014\/09\/sonstiges_maibaum_2014_03.jpg\"><img loading=\"lazy\" decoding=\"async\" class=\"alignleft\" title=\"MAibaum 2014\" src=\"http:\/\/feuerwehr-aigen.at\/wp-content\/uploads\/2014\/09\/sonstiges_maibaum_2014_03.jpg\" alt=\"Maibaum 2014\" width=\"150\" height=\"99\" align=\"left\" border=\"0\" hspace=\"5\" \/><\/a>Am Samstag wurde das diesj\u00e4hrige Boccia Turnier der FF- Aigen entschieden.<br \/>\n25 Mannschaften k\u00e4mpften um den Titel des diesj\u00e4hrigen Boccia Sieger.<\/p>\n<p>Bei den Finalspielen konnte sich die Mannschaft der Fischer Aigen vor Hinterholz und Yellow Pinky ganz klar platzieren.<\/p>\n<p>Somit konnte die Siegermannschaft den Siegerscheck \u00fcber 200 Euro entgegennehmen.<\/p>\n<p>Nach dem Maibaumumschneiden sorgten die Stammtisch Oberkrainer f\u00fcr Unterhaltung.<\/p>\n<p>Da\u00a0 das Boccia Turnier so gro\u00dfen Anklang fand wird es auch im kommenden Jahr wieder abgehalten.<\/p>\n<p>Kerschhagl Gerald,BM Pressebeauftragter der FF Aigen<br \/>\n<a title=\"Maibaum 2014\" href=\"http:\/\/www.feuerwehr-aigen.at\/?portfolio=13-14-09-2014-maibaumumschneiden\">zur Bildergalerie \u00bb<\/a><\/p>\n","protected":false},"excerpt":{"rendered":"<p>Maibaumumschneiden und 5. Bocciaturnier der Freiwilligen Feuerwehr Aigen im Ennstal Am Samstag wurde das diesj\u00e4hrige Boccia Turnier der FF- Aigen entschieden. 25 Mannschaften k\u00e4mpften um den Titel des diesj\u00e4hrigen Boccia Sieger. Bei den Finalspielen konnte sich die Mannschaft der Fischer Aigen vor Hinterholz und Yellow Pinky ganz klar platzieren. Somit konnte die Siegermannschaft den Siegerscheck [&hellip;]<\/p>\n","protected":false},"author":1,"featured_media":0,"parent":0,"menu_order":10,"comment_status":"closed","ping_status":"closed","template":"","meta":{"footnotes":""},"class_list":["post-569","page","type-page","status-publish","hentry"],"jetpack_sharing_enabled":true,"_links":{"self":[{"href":"https:\/\/www.feuerwehr-aigen.at\/index.php?rest_route=\/wp\/v2\/pages\/569","targetHints":{"allow":["GET"]}}],"collection":[{"href":"https:\/\/www.feuerwehr-aigen.at\/index.php?rest_route=\/wp\/v2\/pages"}],"about":[{"href":"https:\/\/www.feuerwehr-aigen.at\/index.php?rest_route=\/wp\/v2\/types\/page"}],"author":[{"embeddable":true,"href":"https:\/\/www.feuerwehr-aigen.at\/index.php?rest_route=\/wp\/v2\/users\/1"}],"replies":[{"embeddable":true,"href":"https:\/\/www.feuerwehr-aigen.at\/index.php?rest_route=%2Fwp%2Fv2%2Fcomments&post=569"}],"version-history":[{"count":5,"href":"https:\/\/www.feuerwehr-aigen.at\/index.php?rest_route=\/wp\/v2\/pages\/569\/revisions"}],"predecessor-version":[{"id":2856,"href":"https:\/\/www.feuerwehr-aigen.at\/index.php?rest_route=\/wp\/v2\/pages\/569\/revisions\/2856"}],"wp:attachment":[{"href":"https:\/\/www.feuerwehr-aigen.at\/index.php?rest_route=%2Fwp%2Fv2%2Fmedia&parent=569"}],"curies":[{"name":"wp","href":"https:\/\/api.w.org\/{rel}","templated":true}]}}