{"id":567,"date":"2014-06-29T09:33:00","date_gmt":"2014-06-29T09:33:00","guid":{"rendered":"http:\/\/feuerwehr-aigen.d2solution.net\/index.php\/28062014-waldbrand-kreuzkogel-admont\/"},"modified":"2016-11-09T00:49:26","modified_gmt":"2016-11-09T00:49:26","slug":"28062014-waldbrand-kreuzkogel-admont","status":"publish","type":"page","link":"https:\/\/www.feuerwehr-aigen.at\/?page_id=567","title":{"rendered":"28.06.2014 &#8211; Waldbrand Kreuzkogel &#8211; Admont"},"content":{"rendered":"<p><a title=\"Waldbrand Kreuzkogel\" href=\"http:\/\/www.feuerwehr-aigen.at\/wp-content\/uploads\/2014\/06\/Einsaetze_waldkreuzkogel_2014_11.jpg\"><img loading=\"lazy\" decoding=\"async\" class=\"alignleft wp-image-566 size-medium\" title=\"Waldbrand Kreuzkogel\" src=\"http:\/\/www.feuerwehr-aigen.at\/wp-content\/uploads\/2014\/06\/Einsaetze_waldkreuzkogel_2014_11-300x169.jpg\" alt=\"Waldbrand Kreuzkogel\" width=\"300\" height=\"169\" align=\"left\" border=\"0\" hspace=\"5\" srcset=\"https:\/\/www.feuerwehr-aigen.at\/wp-content\/uploads\/2014\/06\/Einsaetze_waldkreuzkogel_2014_11-300x169.jpg 300w, https:\/\/www.feuerwehr-aigen.at\/wp-content\/uploads\/2014\/06\/Einsaetze_waldkreuzkogel_2014_11-768x432.jpg 768w, https:\/\/www.feuerwehr-aigen.at\/wp-content\/uploads\/2014\/06\/Einsaetze_waldkreuzkogel_2014_11.jpg 800w\" sizes=\"auto, (max-width: 300px) 100vw, 300px\" \/><\/a><strong>Waldbrand Kreuzkogel &#8211; Gemeinde Admont<\/strong><br \/>\nAm 27.06.2014 meldete ein Augenzeugen einen kleinen Waldbrand in der N\u00e4he des Kreuzkogels, Gemeindegebiet Admont.<br \/>\nNach Alarmierung der ortszust\u00e4ndigen Feuerwehr Admont wurde die Feuerwehr Aigen im Ennstal als St\u00fctzpunktfeuerwehr f\u00fcr Flugdiensteins\u00e4tze am n\u00e4chsten Tag zur Unterst\u00fctzung alarmiert..<\/p>\n<p>Mit Direktabw\u00fcrfe des BMI-Hubschraubers konnte der Brand unter Kontrolle gebracht werden.<\/p>\n<p>Einzelne Glutnester konnten aufgrund der Steilheit des Gel\u00e4ndes nur unter Seilsicherung und mit L\u00f6schwasserrucks\u00e4cke gel\u00f6scht werden.<\/p>\n<p>Um ca. 15:00 konnte Brand aus gegeben werden.<\/p>\n<p>Eingesetzt waren:<\/p>\n<p>FF Aigen im Ennstal mit LKW-A und 4 Mann Flughelfer<br \/>\nFF Admont mit 2 Flughelfer<br \/>\nFF Liezen mit BLF und 1 Mann Flughelfer<br \/>\nBFV Liezen mit Flugdienstbeauftragtem<br \/>\nLFV Steiermark mit Landesflugdienstbeauftragtem<br \/>\nBMI mit Hubschrauber EC 135<br \/>\nPolizei Admont<\/p>\n<p>Bericht und Fotos:<br \/>\nFF Aigen<\/p>\n<p><a title=\"Waldbrand Kreuzkogel\" href=\"http:\/\/www.feuerwehr-aigen.at\/?portfolio=28-06-2014-waldbrand-kreuzkogel\">zur Bildergalerie \u00bb<\/a><\/p>\n","protected":false},"excerpt":{"rendered":"<p>Waldbrand Kreuzkogel &#8211; Gemeinde Admont Am 27.06.2014 meldete ein Augenzeugen einen kleinen Waldbrand in der N\u00e4he des Kreuzkogels, Gemeindegebiet Admont. Nach Alarmierung der ortszust\u00e4ndigen Feuerwehr Admont wurde die Feuerwehr Aigen im Ennstal als St\u00fctzpunktfeuerwehr f\u00fcr Flugdiensteins\u00e4tze am n\u00e4chsten Tag zur Unterst\u00fctzung alarmiert.. Mit Direktabw\u00fcrfe des BMI-Hubschraubers konnte der Brand unter Kontrolle gebracht werden. Einzelne Glutnester [&hellip;]<\/p>\n","protected":false},"author":1,"featured_media":0,"parent":0,"menu_order":11,"comment_status":"closed","ping_status":"closed","template":"","meta":{"footnotes":""},"class_list":["post-567","page","type-page","status-publish","hentry"],"jetpack_sharing_enabled":true,"_links":{"self":[{"href":"https:\/\/www.feuerwehr-aigen.at\/index.php?rest_route=\/wp\/v2\/pages\/567","targetHints":{"allow":["GET"]}}],"collection":[{"href":"https:\/\/www.feuerwehr-aigen.at\/index.php?rest_route=\/wp\/v2\/pages"}],"about":[{"href":"https:\/\/www.feuerwehr-aigen.at\/index.php?rest_route=\/wp\/v2\/types\/page"}],"author":[{"embeddable":true,"href":"https:\/\/www.feuerwehr-aigen.at\/index.php?rest_route=\/wp\/v2\/users\/1"}],"replies":[{"embeddable":true,"href":"https:\/\/www.feuerwehr-aigen.at\/index.php?rest_route=%2Fwp%2Fv2%2Fcomments&post=567"}],"version-history":[{"count":3,"href":"https:\/\/www.feuerwehr-aigen.at\/index.php?rest_route=\/wp\/v2\/pages\/567\/revisions"}],"predecessor-version":[{"id":1849,"href":"https:\/\/www.feuerwehr-aigen.at\/index.php?rest_route=\/wp\/v2\/pages\/567\/revisions\/1849"}],"wp:attachment":[{"href":"https:\/\/www.feuerwehr-aigen.at\/index.php?rest_route=%2Fwp%2Fv2%2Fmedia&parent=567"}],"curies":[{"name":"wp","href":"https:\/\/api.w.org\/{rel}","templated":true}]}}