{"id":563,"date":"2014-01-26T19:11:06","date_gmt":"2014-01-26T19:11:06","guid":{"rendered":"http:\/\/feuerwehr-aigen.d2solution.net\/index.php\/25-jaenner-2014-preiswatten\/"},"modified":"2016-11-09T01:11:30","modified_gmt":"2016-11-09T01:11:30","slug":"25-1-2014-preiswatten","status":"publish","type":"page","link":"https:\/\/www.feuerwehr-aigen.at\/?page_id=563","title":{"rendered":"25.01.2014 &#8211; Preiswatten"},"content":{"rendered":"<p><strong>3. Preiswatten der Feuerwehr Aigen im Ennstal<br \/>\n<\/strong><span style=\"color: #333333;\"><span style=\"font-family: helvetica;\"><br \/>\n<\/span><\/span><a title=\"Preiswatten 2014\" href=\"http:\/\/www.feuerwehr-aigen.at\/wp-content\/uploads\/2014\/01\/sonstiges_watten_2014_04.jpg\" target=\"_blank\"><img loading=\"lazy\" decoding=\"async\" class=\"alignleft wp-image-562 size-medium\" title=\"Preiswatten 2014\" src=\"http:\/\/www.feuerwehr-aigen.at\/wp-content\/uploads\/2014\/01\/sonstiges_watten_2014_04-300x199.jpg\" alt=\"Preiswatten 2014\" width=\"300\" height=\"199\" align=\"left\" border=\"0\" hspace=\"5\" srcset=\"https:\/\/www.feuerwehr-aigen.at\/wp-content\/uploads\/2014\/01\/sonstiges_watten_2014_04-300x199.jpg 300w, https:\/\/www.feuerwehr-aigen.at\/wp-content\/uploads\/2014\/01\/sonstiges_watten_2014_04-768x509.jpg 768w, https:\/\/www.feuerwehr-aigen.at\/wp-content\/uploads\/2014\/01\/sonstiges_watten_2014_04.jpg 800w\" sizes=\"auto, (max-width: 300px) 100vw, 300px\" \/><\/a>Am vergangenen Wochenende hielt die Feuerwehr das diesj\u00e4hrige Wattturnier mit zahlreicher Beteiligung ab.<br \/>\n22 Paarungen gaben sich in spielerischer Weise harte Duelle um den Sieg und somit den Hauptpreis.<\/p>\n<p>Um 13 Uhr wurde die Begr\u00fc\u00dfung durch HBI Tiefenbacher abgehalten.<br \/>\nNach verk\u00fcnden der Spielregeln und die Bitte um ein faires Spiel konnte gleich mit dem Spielen begonnen werden.<br \/>\nUnter den zahlreich erschienen Kartenspielfreunden waren wieder einige bekannte Gesichter aber auch Neulinge.<\/p>\n<p>Spannende Runden vergingen bis letztendlich die Sieger feststanden.<br \/>\nSieger wurden die Paarung Kauppeundl\/Schartner, vor den Zweiten Petutschnig\/Grabmayer und den Dritten Dicker\/Kerschhaggl.<\/p>\n<p>Den Siegern wurde ein Preis im Wert von 100 Euro \u00fcbergeben.<br \/>\nAlle Teilnehmer konnten sich \u00fcber wertvolle Sachpreise freuen.<\/p>\n<p>Ein besonderer Dank geb\u00fchrt Dicker Gudrun sowie Kerschhaggl Josef f\u00fcr die ausgezeichnete Organisation des Turniers.<\/p>\n<p>Die FF Aigen\/E bedankt sich f\u00fcr die rege Teilnahme am Turnier und den zahlreichen Sponsoren f\u00fcr die Geld- und Sachspenden.<\/p>\n<p>BM Gerald Kerschhaggl, Pressebeauftragter FF Aigen\/E<\/p>\n<p><a title=\"Preiswatten 2014\" href=\"http:\/\/www.feuerwehr-aigen.at\/?portfolio=25-01-2014-preiswatten\">\u00bb zur Bildergalerie<\/a><\/p>\n<p>&nbsp;<\/p>\n","protected":false},"excerpt":{"rendered":"<p>3. Preiswatten der Feuerwehr Aigen im Ennstal Am vergangenen Wochenende hielt die Feuerwehr das diesj\u00e4hrige Wattturnier mit zahlreicher Beteiligung ab. 22 Paarungen gaben sich in spielerischer Weise harte Duelle um den Sieg und somit den Hauptpreis. Um 13 Uhr wurde die Begr\u00fc\u00dfung durch HBI Tiefenbacher abgehalten. Nach verk\u00fcnden der Spielregeln und die Bitte um ein [&hellip;]<\/p>\n","protected":false},"author":1,"featured_media":0,"parent":0,"menu_order":12,"comment_status":"closed","ping_status":"closed","template":"","meta":{"footnotes":""},"class_list":["post-563","page","type-page","status-publish","hentry"],"jetpack_sharing_enabled":true,"_links":{"self":[{"href":"https:\/\/www.feuerwehr-aigen.at\/index.php?rest_route=\/wp\/v2\/pages\/563","targetHints":{"allow":["GET"]}}],"collection":[{"href":"https:\/\/www.feuerwehr-aigen.at\/index.php?rest_route=\/wp\/v2\/pages"}],"about":[{"href":"https:\/\/www.feuerwehr-aigen.at\/index.php?rest_route=\/wp\/v2\/types\/page"}],"author":[{"embeddable":true,"href":"https:\/\/www.feuerwehr-aigen.at\/index.php?rest_route=\/wp\/v2\/users\/1"}],"replies":[{"embeddable":true,"href":"https:\/\/www.feuerwehr-aigen.at\/index.php?rest_route=%2Fwp%2Fv2%2Fcomments&post=563"}],"version-history":[{"count":6,"href":"https:\/\/www.feuerwehr-aigen.at\/index.php?rest_route=\/wp\/v2\/pages\/563\/revisions"}],"predecessor-version":[{"id":1918,"href":"https:\/\/www.feuerwehr-aigen.at\/index.php?rest_route=\/wp\/v2\/pages\/563\/revisions\/1918"}],"wp:attachment":[{"href":"https:\/\/www.feuerwehr-aigen.at\/index.php?rest_route=%2Fwp%2Fv2%2Fmedia&parent=563"}],"curies":[{"name":"wp","href":"https:\/\/api.w.org\/{rel}","templated":true}]}}