{"id":560,"date":"2014-01-25T14:43:15","date_gmt":"2014-01-25T14:43:15","guid":{"rendered":"http:\/\/feuerwehr-aigen.d2solution.net\/index.php\/verkehrsunfall-ketten-25012014\/"},"modified":"2017-09-11T21:33:15","modified_gmt":"2017-09-11T20:33:15","slug":"verkehrsunfall-ketten-25012014","status":"publish","type":"page","link":"https:\/\/www.feuerwehr-aigen.at\/?page_id=560","title":{"rendered":"25.01.2014 &#8211; Verkehrsunfall Ketten"},"content":{"rendered":"<p><strong>Verkehrsunfall L742, Ketten!<br \/>\n<\/strong><span style=\"color: #333333; font-family: helvetica;\"><br \/>\n<\/span><a title=\"Verkehrsunfall Ketten - 25.01.2014\" href=\"http:\/\/feuerwehr-aigen.at\/wp-content\/uploads\/2014\/01\/Einsaetze_verkehrsunfall_25012014_foto%201.jpg\" target=\"_blank\"><img loading=\"lazy\" decoding=\"async\" class=\"alignleft wp-image-554\" title=\"Verkhrsunfall 25.01.2014\" src=\"http:\/\/www.feuerwehr-aigen.at\/wp-content\/uploads\/2014\/01\/Einsaetze_verkehrsunfall_25012014_foto 1-300x225.jpg\" alt=\"Verkhrsunfall 25.01.2014\" width=\"150\" height=\"113\" align=\"left\" border=\"0\" srcset=\"https:\/\/www.feuerwehr-aigen.at\/wp-content\/uploads\/2014\/01\/Einsaetze_verkehrsunfall_25012014_foto%201-300x225.jpg 300w, https:\/\/www.feuerwehr-aigen.at\/wp-content\/uploads\/2014\/01\/Einsaetze_verkehrsunfall_25012014_foto%201.jpg 320w\" sizes=\"auto, (max-width: 150px) 100vw, 150px\" \/><\/a><a title=\"Verkehrsunfall Ketten - 25.01.2014\" href=\"http:\/\/feuerwehr-aigen.at\/wp-content\/uploads\/2014\/01\/Einsaetze_verkehrsunfall_25012014_foto%202.jpg\" target=\"_blank\"><img loading=\"lazy\" decoding=\"async\" class=\"alignleft wp-image-557 size-full\" title=\"verkehr_02\" src=\"http:\/\/feuerwehr-aigen.at\/wp-content\/uploads\/2014\/01\/Einsaetze_verkehrsunfall_25012014_foto%202.jpg\" alt=\"Verkehr_02\" width=\"150\" height=\"240\" align=\"middle\" border=\"0\" \/><\/a><a title=\"verkehr_02\" href=\"http:\/\/feuerwehr-aigen.at\/wp-content\/uploads\/2014\/01\/Einsaetze_verkehrsunfall_25012014_foto%203.jpg\" target=\"_blank\"><img loading=\"lazy\" decoding=\"async\" class=\"alignleft wp-image-559 size-full\" title=\"verkehr_03\" src=\"http:\/\/feuerwehr-aigen.at\/wp-content\/uploads\/2014\/01\/Einsaetze_verkehrsunfall_25012014_foto%203.jpg\" alt=\"verkehr_03\" width=\"150\" height=\"240\" align=\"left\" border=\"0\" \/><\/a><br \/>\n<span style=\"color: #333333; font-family: helvetica;\"><br \/>\n<\/span><\/p>\n<p>&nbsp;<\/p>\n<p>&nbsp;<\/p>\n<p>&nbsp;<\/p>\n<p>Am 25. J\u00e4nner 2014 ereignete sich um 14:38 Uhr auf der L742 im Bereich Bundesheerwache ein schwerer Verkehrsunfall mit 1 PKW.<\/p>\n<p>Der PKW \u00fcberschlug sich aus unbekannter Ursache und stie\u00df gegen den Abgrenzungszaun.<br \/>\nWie durch ein Wunder konnte sich der Fahrer leicht verletzt aus dem v\u00f6llig zerst\u00f6rten Unfallfahrzeug retten.<\/p>\n<p>Die Freiwillige Feuerwehr Aigen im Ennstal baute einen 2 fachen Brandschutz auf und f\u00fchrte die Bergearbeiten sowie das Binden von ausgelaufenem Betriebsmittel durch.<\/p>\n<p>Eingesetzt waren:<br \/>\nFF Aigen im Ennstal mit TLF-A, KLF-A, MTF-A und 20 Mann<br \/>\nRotes Kreuz<br \/>\nPolizei<br \/>\nAbschleppunternehmen<\/p>\n<p>Bericht FF Aigen\/E<span style=\"color: #333333; font-family: helvetica;\"><br \/>\n<\/span><\/p>\n","protected":false},"excerpt":{"rendered":"<p>Verkehrsunfall L742, Ketten! &nbsp; &nbsp; &nbsp; Am 25. J\u00e4nner 2014 ereignete sich um 14:38 Uhr auf der L742 im Bereich Bundesheerwache ein schwerer Verkehrsunfall mit 1 PKW. Der PKW \u00fcberschlug sich aus unbekannter Ursache und stie\u00df gegen den Abgrenzungszaun. Wie durch ein Wunder konnte sich der Fahrer leicht verletzt aus dem v\u00f6llig zerst\u00f6rten Unfallfahrzeug retten. [&hellip;]<\/p>\n","protected":false},"author":1,"featured_media":0,"parent":0,"menu_order":12,"comment_status":"closed","ping_status":"closed","template":"","meta":{"footnotes":""},"class_list":["post-560","page","type-page","status-publish","hentry"],"jetpack_sharing_enabled":true,"_links":{"self":[{"href":"https:\/\/www.feuerwehr-aigen.at\/index.php?rest_route=\/wp\/v2\/pages\/560","targetHints":{"allow":["GET"]}}],"collection":[{"href":"https:\/\/www.feuerwehr-aigen.at\/index.php?rest_route=\/wp\/v2\/pages"}],"about":[{"href":"https:\/\/www.feuerwehr-aigen.at\/index.php?rest_route=\/wp\/v2\/types\/page"}],"author":[{"embeddable":true,"href":"https:\/\/www.feuerwehr-aigen.at\/index.php?rest_route=\/wp\/v2\/users\/1"}],"replies":[{"embeddable":true,"href":"https:\/\/www.feuerwehr-aigen.at\/index.php?rest_route=%2Fwp%2Fv2%2Fcomments&post=560"}],"version-history":[{"count":7,"href":"https:\/\/www.feuerwehr-aigen.at\/index.php?rest_route=\/wp\/v2\/pages\/560\/revisions"}],"predecessor-version":[{"id":2858,"href":"https:\/\/www.feuerwehr-aigen.at\/index.php?rest_route=\/wp\/v2\/pages\/560\/revisions\/2858"}],"wp:attachment":[{"href":"https:\/\/www.feuerwehr-aigen.at\/index.php?rest_route=%2Fwp%2Fv2%2Fmedia&parent=560"}],"curies":[{"name":"wp","href":"https:\/\/api.w.org\/{rel}","templated":true}]}}