{"id":550,"date":"2013-11-09T19:54:13","date_gmt":"2013-11-09T19:54:13","guid":{"rendered":"http:\/\/feuerwehr-aigen.d2solution.net\/index.php\/08-november-2013-uebergabe-hauben\/"},"modified":"2017-09-11T21:19:10","modified_gmt":"2017-09-11T20:19:10","slug":"08-november-2013-uebergabe-hauben","status":"publish","type":"page","link":"https:\/\/www.feuerwehr-aigen.at\/?page_id=550","title":{"rendered":"08.11.2013 &#8211; \u00dcbergabe Hauben"},"content":{"rendered":"<p><strong>FF Aigen im Ennstal durfte neue Hauben \u00fcbernehmen!<\/strong><\/p>\n<p><a title=\"\u00dcbergabe Hauben 2013\" href=\"http:\/\/feuerwehr-aigen.at\/wp-content\/uploads\/2013\/11\/sonstiges_hauben_2013_01.jpg\"><img loading=\"lazy\" decoding=\"async\" class=\"alignleft\" title=\"\u00dcbergabe Hauben 2013\" src=\"http:\/\/feuerwehr-aigen.at\/wp-content\/uploads\/2013\/11\/sonstiges_hauben_2013_01.jpg\" alt=\"\u00dcbergabe Hauben 2013\" width=\"150\" height=\"99\" align=\"left\" border=\"0\" hspace=\"5\" \/><\/a>Rechtzeitig zu Beginn der kalten Jahreszeit durften HBI Manfred Tiefenbacher und OBI Dietmar Wundersamer stellvertretend f\u00fcr die Kameraden der FF Aigen\/E 50 neue Hauben entgegennehmen.<\/p>\n<p>Schon lange wurde der Wunsch vieler Feuerwehrkameraden ge\u00e4u\u00dfert, eine Haube anzuschaffen deren Form dem Kopf perfekt angepasst ist, einen optimalen Schutz vor Wind und K\u00e4lte bietet und auch unter dem Helm getragen werden kann.<br \/>\nAufgrund des d\u00fcnnen aber dennoch Windstoppenden Materials wurde dieser lang ersehnte Wunsch endlich Wirklichkeit.<\/p>\n<p>Gesponsert wurden sie von den Firmen Erdbau Hager und Baumanagement Zelzer.<\/p>\n<p>Die FF Aigen bedankt sich recht herzlich bei den Sponsoren, um auch an kalten Tagen bestens f\u00fcr den Einsatz ger\u00fcstet zu sein.<\/p>\n<p>Bericht und Fotos: Pressebeauftragter der FF Aigen\/E BM Gerald Kerschhaggl<\/p>\n<p><a title=\"\u00dcbergabe Hauben\" href=\"http:\/\/www.feuerwehr-aigen.at\/?portfolio=08-11-2013-uebergabe-hauben\">zur Bildergalerie \u00bb<\/a><\/p>\n","protected":false},"excerpt":{"rendered":"<p>FF Aigen im Ennstal durfte neue Hauben \u00fcbernehmen! Rechtzeitig zu Beginn der kalten Jahreszeit durften HBI Manfred Tiefenbacher und OBI Dietmar Wundersamer stellvertretend f\u00fcr die Kameraden der FF Aigen\/E 50 neue Hauben entgegennehmen. Schon lange wurde der Wunsch vieler Feuerwehrkameraden ge\u00e4u\u00dfert, eine Haube anzuschaffen deren Form dem Kopf perfekt angepasst ist, einen optimalen Schutz vor [&hellip;]<\/p>\n","protected":false},"author":1,"featured_media":0,"parent":0,"menu_order":14,"comment_status":"closed","ping_status":"closed","template":"","meta":{"footnotes":""},"class_list":["post-550","page","type-page","status-publish","hentry"],"jetpack_sharing_enabled":true,"_links":{"self":[{"href":"https:\/\/www.feuerwehr-aigen.at\/index.php?rest_route=\/wp\/v2\/pages\/550","targetHints":{"allow":["GET"]}}],"collection":[{"href":"https:\/\/www.feuerwehr-aigen.at\/index.php?rest_route=\/wp\/v2\/pages"}],"about":[{"href":"https:\/\/www.feuerwehr-aigen.at\/index.php?rest_route=\/wp\/v2\/types\/page"}],"author":[{"embeddable":true,"href":"https:\/\/www.feuerwehr-aigen.at\/index.php?rest_route=\/wp\/v2\/users\/1"}],"replies":[{"embeddable":true,"href":"https:\/\/www.feuerwehr-aigen.at\/index.php?rest_route=%2Fwp%2Fv2%2Fcomments&post=550"}],"version-history":[{"count":4,"href":"https:\/\/www.feuerwehr-aigen.at\/index.php?rest_route=\/wp\/v2\/pages\/550\/revisions"}],"predecessor-version":[{"id":2848,"href":"https:\/\/www.feuerwehr-aigen.at\/index.php?rest_route=\/wp\/v2\/pages\/550\/revisions\/2848"}],"wp:attachment":[{"href":"https:\/\/www.feuerwehr-aigen.at\/index.php?rest_route=%2Fwp%2Fv2%2Fmedia&parent=550"}],"curies":[{"name":"wp","href":"https:\/\/api.w.org\/{rel}","templated":true}]}}