{"id":541,"date":"2013-05-24T11:51:06","date_gmt":"2013-05-24T11:51:06","guid":{"rendered":"http:\/\/feuerwehr-aigen.d2solution.net\/index.php\/23-mai-2013-uebergabe-klf-a\/"},"modified":"2017-09-11T21:22:28","modified_gmt":"2017-09-11T20:22:28","slug":"23-mai-2013-uebergabe-klf-a","status":"publish","type":"page","link":"https:\/\/www.feuerwehr-aigen.at\/?page_id=541","title":{"rendered":"23. Mai 2013 &#8211; \u00dcbergabe KLF-A"},"content":{"rendered":"<p><strong>Neues KLF-A f\u00fcr die Freiwillige Feuerwehr Aigen im Ennstal!<\/strong><\/p>\n<p><a title=\"KLF-A Aigen neu\" href=\"http:\/\/feuerwehr-aigen.at\/wp-content\/uploads\/2013\/05\/sonstiges_klf_neu_2013_11.jpg\"><img loading=\"lazy\" decoding=\"async\" class=\"alignleft\" title=\"KLF-A Aigen neu\" src=\"http:\/\/feuerwehr-aigen.at\/wp-content\/uploads\/2013\/05\/sonstiges_klf_neu_2013_11.jpg\" alt=\"KLF-A Aigen neu\" width=\"150\" height=\"99\" align=\"left\" border=\"0\" hspace=\"5\" \/><\/a>Am Donnerstag, den 23.05.2013 durfte eine kleine Abordnung der FF Aigen\/E, bestehend aus HBI Manfred Tiefenbacher, OBI Dietmar Wundersamer, BI Ing. Josef Fritz jun., BM Gerald Kerschhaggl und LM Heinz G\u00fcrtler\u00a0 nach 28 Jahren ein neues Kleinl\u00f6schfahrzeug-Allrad (KLF-A) bei der Firma Rosenbauer in Empfang nehmen!<\/p>\n<p>Schon bei der Bestellung im November 2012 war uns klar, dass dieses Fahrzeug genau durchplant werden muss um seinen Dienst f\u00fcr die n\u00e4chsten 25 Jahre gew\u00e4hrleisten zu k\u00f6nnen!<br \/>\nDaher entschloss sich der Arbeitskreis in Verbindung mit dem Feuerwehrausschu\u00df nach einigen Besichtigungen und Vorf\u00fchrungen f\u00fcr das Fahrgestell Mercedes Sprinter mit 190 PS und Allradantrieb.<\/p>\n<p>Der Aufbau wurde durch die Firma Rosenbauer \u00fcbernommen wobei wir die M\u00f6glichkeit hatten nach diversen Bauabschnitten das Fahrzeug zu besichtigen und etwaige \u00c4nderungen bzw. Zusatzeinbauten vorzuschlagen, die dann durch die Firma in die Realit\u00e4t umgesetzt wurden.<\/p>\n<p>Das Fahrzeug entspricht zum Zeitpunkt der Auslieferung dem Stand der Technik und ist hochmodern mit einer FOX TS 12, Stromerzeuger 14 KVA, Lichtmast mit 5 LED Scheinwerfern die sich 5 Meter \u00fcber Grund befinden, LED Umfeldbeleuchtung und einer Korbtrage ausgestattet.<\/p>\n<p>Bei der Abholung bereits wurden die 5 M\u00e4nner von Mitarbeitern der Firma Rosenbauer auf das Fahrzeug und seine Ausr\u00fcstung eingeschult.<\/p>\n<p>Das Fahrzeug ist ausgelegt um eine L\u00f6schmannschaft von 1:8 zu bef\u00f6rdern um Brand,- sowie kleineren Technischen Eins\u00e4tze zu bek\u00e4mpfen.<\/p>\n<p>Nach der \u00dcbernahme durften wir uns mit gro\u00dfer Freude auf dem Heimweg machen wo bereits eine gro\u00dfe Abordnung aus FeuerwehrkameradenInnen sowie der B\u00fcrgermeister, Amtsleiter und einige Gemeinder\u00e4te auf uns warteten.<br \/>\nDas Interesse war gro\u00df und so wurden bereits am ersten Tag Ger\u00e4tschaften probiert, Einschulungsfahrten durchgef\u00fchrt und noch lange \u00fcber den Neuankauf geredet.<\/p>\n<p>In n\u00e4chster Zeit werden vermehrt Schulungsfahrten sowie Schulungen auf den Ger\u00e4tschaften notwendig sein um so schnell wie M\u00f6glich mit dem neuen Fahrzeug die Einsatzbereitschaft zu gew\u00e4hrleisten\u00a0 Treu dem Motto \u201eUnsere Freizeit f\u00fcr ihre Sicherheit\u201c!<\/p>\n<p>Die Fahrzeugsegnung findet am 25 August 2013 statt wo die Bev\u00f6lkerung die M\u00f6glichkeit hat das Fahrzeug hautnah zu erleben.<\/p>\n<p><a title=\"\u00dcbergabe KLF-A Neu\" href=\"http:\/\/www.feuerwehr-aigen.at\/?portfolio=23-05-2013-klf-a-uebergabe\" target=\"_blank\">zur Bildergalerie \u00bb<\/a><\/p>\n","protected":false},"excerpt":{"rendered":"<p>Neues KLF-A f\u00fcr die Freiwillige Feuerwehr Aigen im Ennstal! Am Donnerstag, den 23.05.2013 durfte eine kleine Abordnung der FF Aigen\/E, bestehend aus HBI Manfred Tiefenbacher, OBI Dietmar Wundersamer, BI Ing. Josef Fritz jun., BM Gerald Kerschhaggl und LM Heinz G\u00fcrtler\u00a0 nach 28 Jahren ein neues Kleinl\u00f6schfahrzeug-Allrad (KLF-A) bei der Firma Rosenbauer in Empfang nehmen! Schon [&hellip;]<\/p>\n","protected":false},"author":1,"featured_media":0,"parent":0,"menu_order":17,"comment_status":"closed","ping_status":"closed","template":"","meta":{"footnotes":""},"class_list":["post-541","page","type-page","status-publish","hentry"],"jetpack_sharing_enabled":true,"_links":{"self":[{"href":"https:\/\/www.feuerwehr-aigen.at\/index.php?rest_route=\/wp\/v2\/pages\/541","targetHints":{"allow":["GET"]}}],"collection":[{"href":"https:\/\/www.feuerwehr-aigen.at\/index.php?rest_route=\/wp\/v2\/pages"}],"about":[{"href":"https:\/\/www.feuerwehr-aigen.at\/index.php?rest_route=\/wp\/v2\/types\/page"}],"author":[{"embeddable":true,"href":"https:\/\/www.feuerwehr-aigen.at\/index.php?rest_route=\/wp\/v2\/users\/1"}],"replies":[{"embeddable":true,"href":"https:\/\/www.feuerwehr-aigen.at\/index.php?rest_route=%2Fwp%2Fv2%2Fcomments&post=541"}],"version-history":[{"count":4,"href":"https:\/\/www.feuerwehr-aigen.at\/index.php?rest_route=\/wp\/v2\/pages\/541\/revisions"}],"predecessor-version":[{"id":2851,"href":"https:\/\/www.feuerwehr-aigen.at\/index.php?rest_route=\/wp\/v2\/pages\/541\/revisions\/2851"}],"wp:attachment":[{"href":"https:\/\/www.feuerwehr-aigen.at\/index.php?rest_route=%2Fwp%2Fv2%2Fmedia&parent=541"}],"curies":[{"name":"wp","href":"https:\/\/api.w.org\/{rel}","templated":true}]}}