{"id":533,"date":"2013-01-28T08:18:59","date_gmt":"2013-01-28T08:18:59","guid":{"rendered":"http:\/\/feuerwehr-aigen.d2solution.net\/index.php\/26-jaenner-2013-preiswatten\/"},"modified":"2017-09-11T21:27:46","modified_gmt":"2017-09-11T20:27:46","slug":"26-01-2013-preiswatten","status":"publish","type":"page","link":"https:\/\/www.feuerwehr-aigen.at\/?page_id=533","title":{"rendered":"26.01.2013 &#8211; Preiswatten"},"content":{"rendered":"<p><strong>2. Preiswatten der Feuerwehr Aigen im Ennstal<\/strong><\/p>\n<p><a title=\"Preiswatten 2013\" href=\"http:\/\/feuerwehr-aigen.at\/wp-content\/uploads\/2013\/01\/sonstiges_preiswatten_2013_06.jpg\"><img loading=\"lazy\" decoding=\"async\" class=\"alignleft\" title=\"Preiswatten 2013\" src=\"http:\/\/feuerwehr-aigen.at\/wp-content\/uploads\/2013\/01\/sonstiges_preiswatten_2013_06.jpg\" alt=\"Preiswatten 2013\" width=\"150\" height=\"99\" align=\"left\" border=\"0\" hspace=\"5\" \/><\/a>Am Samstag den 26. J\u00e4nner 2013 fand das diesj\u00e4hrige Wattturnier der FF- Aigen\/E statt.<\/p>\n<p>P\u00fcnktlich um 13:30 Uhr konnte Kommandant HBI Manfred Tiefenbacher die 17 antretenden Paarungen im R\u00fcsthaus der FF Aigen\/E begr\u00fc\u00dfen.<br \/>\nAnschlie\u00dfend wurden die Spielregeln verk\u00fcndet und der Startschuss gegeben.<\/p>\n<p>Wie auch im vergangenen Jahr konnten sich einige bekannte Gesichter im Starterfeld gegen\u00fcbersitzen.<br \/>\nEinige hei\u00dfe Runden machten das Turnier bis zum Schluss aufregend und interessant.<br \/>\nNach 6 Stunden stand jedoch fest das die Vorjahressieger ihren Titel an jemanden anderen abtreten mussten.<\/p>\n<p>Bei der Siegerehrung konnte der Ortskommandant einige Zuschauer begr\u00fc\u00dfen die dem Turnier einen w\u00fcrdigen Abschluss verliehen.<br \/>\nDer Sieg und somit ein Wert von je 100\u20ac ging an die Paarung Tassatti\/Pilz, der zweite Platz und ein Wert von je 70\u20ac ging an die Paarung Dicker\/Schachner, der dritte Platz und ein Wert von je 50\u20ac ging an die Paarung Tritscher\/Reingruber.<br \/>\nAlle Teilnehmer konnten sich nach einem geselligen Tag mit Wertvollen Sachpreisen verabschieden.<\/p>\n<p>Geb\u00fchrenden Dank sprach der Kommandant den Organisatoren Gudrun Dicker und Josef Kerschhaggl aus.<\/p>\n<p>Ein besondere Dank ergeht jedoch an allen Sponsoren die das Turnier mit ihren Geld- und Sachpreisen zu einem tollen Event machten das auch wieder 2014 einen fixen Platz im Terminkalender einnimmt.<\/p>\n<p>Bm Gerald Kerschhaggl, Pressebeauftragter FF Aigen\/E<br \/>\n<a title=\"Preiswatten 2013\" href=\"http:\/\/www.feuerwehr-aigen.at\/?portfolio=26-27-01-2013-preiswaten\">zur Bildergalerie \u00bb<\/a><\/p>\n<p>&nbsp;<\/p>\n","protected":false},"excerpt":{"rendered":"<p>2. Preiswatten der Feuerwehr Aigen im Ennstal Am Samstag den 26. J\u00e4nner 2013 fand das diesj\u00e4hrige Wattturnier der FF- Aigen\/E statt. P\u00fcnktlich um 13:30 Uhr konnte Kommandant HBI Manfred Tiefenbacher die 17 antretenden Paarungen im R\u00fcsthaus der FF Aigen\/E begr\u00fc\u00dfen. Anschlie\u00dfend wurden die Spielregeln verk\u00fcndet und der Startschuss gegeben. Wie auch im vergangenen Jahr konnten [&hellip;]<\/p>\n","protected":false},"author":1,"featured_media":0,"parent":0,"menu_order":20,"comment_status":"closed","ping_status":"closed","template":"","meta":{"footnotes":""},"class_list":["post-533","page","type-page","status-publish","hentry"],"jetpack_sharing_enabled":true,"_links":{"self":[{"href":"https:\/\/www.feuerwehr-aigen.at\/index.php?rest_route=\/wp\/v2\/pages\/533","targetHints":{"allow":["GET"]}}],"collection":[{"href":"https:\/\/www.feuerwehr-aigen.at\/index.php?rest_route=\/wp\/v2\/pages"}],"about":[{"href":"https:\/\/www.feuerwehr-aigen.at\/index.php?rest_route=\/wp\/v2\/types\/page"}],"author":[{"embeddable":true,"href":"https:\/\/www.feuerwehr-aigen.at\/index.php?rest_route=\/wp\/v2\/users\/1"}],"replies":[{"embeddable":true,"href":"https:\/\/www.feuerwehr-aigen.at\/index.php?rest_route=%2Fwp%2Fv2%2Fcomments&post=533"}],"version-history":[{"count":5,"href":"https:\/\/www.feuerwehr-aigen.at\/index.php?rest_route=\/wp\/v2\/pages\/533\/revisions"}],"predecessor-version":[{"id":2854,"href":"https:\/\/www.feuerwehr-aigen.at\/index.php?rest_route=\/wp\/v2\/pages\/533\/revisions\/2854"}],"wp:attachment":[{"href":"https:\/\/www.feuerwehr-aigen.at\/index.php?rest_route=%2Fwp%2Fv2%2Fmedia&parent=533"}],"curies":[{"name":"wp","href":"https:\/\/api.w.org\/{rel}","templated":true}]}}