{"id":523,"date":"2012-11-12T19:03:53","date_gmt":"2012-11-12T19:03:53","guid":{"rendered":"http:\/\/feuerwehr-aigen.d2solution.net\/index.php\/09-november-2012-raeumungsuebung-volksschule-aigen\/"},"modified":"2017-09-07T09:44:39","modified_gmt":"2017-09-07T08:44:39","slug":"09-november-2012-raeumungsuebung-volksschule-aigen","status":"publish","type":"page","link":"https:\/\/www.feuerwehr-aigen.at\/?page_id=523","title":{"rendered":"09.11.2012 &#8211; R\u00e4umungs\u00fcbung Volksschule Aigen"},"content":{"rendered":"<p><strong>R\u00e4umungs\u00fcbung in der Volksschule Aigen!<br \/>\n<\/strong><br \/>\nStarke Rauchentwicklung im 1 OG. der Volksschule Aigen. So lautete\u00a0 die \u00dcbungsannahme am 9.0 November f\u00fcr die FF Aigen.<\/p>\n<p><a title=\"R\u00e4umungs\u00fcbung VS Aigen 2012\" href=\"galerie\/uebungen\/vs_aigen_2012\/\" target=\"_blank\"><img loading=\"lazy\" decoding=\"async\" class=\"alignleft\" title=\"R\u00e4umungs\u00fcbung VS Aigen 2012\" src=\"http:\/\/feuerwehr-aigen.at\/wp-content\/uploads\/2012\/11\/Uebungen_vs_aigen_2012_01.jpg\" alt=\"R\u00e4umungs\u00fcbung VS Aigen 2012\" width=\"150\" height=\"113\" align=\"left\" border=\"0\" hspace=\"5\" \/><\/a>Durch die starke Rauchentwicklung l\u00f6ste die Hausinterne Brandmeldeanlage mit akustischem Warnton einen Brandalarm aus, worauf um 09:05 Uhr Herr Direktor Schiefer den Notruf 122 absetzte.<\/p>\n<p>Der Diensthabende bei Florian Liezen alarmierte umgehend die Feuerwehr Aigen.<\/p>\n<p>Noch w\u00e4hrend der Anfahrt forderte der Einsatzleiter HBI Tiefenbacher die Feuerwehr Lantschern mit schwerem Atemschutz und die Drehleiter Liezen \u00fcber den Florian Liezen an.<\/p>\n<p>Nach Erkundung der Lage durch den Einsatzleiter evakuierte der Atemschutztrupp der FF Aigen eine Klasse vom 1. OG noch \u00fcber das Stiegenhaus und eine Klasse \u00fcber das Vordach.<br \/>\nFast Zeitgleich F\u00fchrte der Atemschutztrupp der FF Lantschern eine Au\u00dfenbergung von zwei Klassen aus dem 1. OG durch.<br \/>\nDie inzwischen eingetroffene Drehleiter von Liezen rettete die restlichen drei Klassen aus dem 2. OG der Volkschule Aigen.<\/p>\n<p>Es wurden insgesamt 108 Sch\u00fcler und 10 Lehrer, in k\u00fcrzester Zeit\u00a0 evakuiert.<\/p>\n<p>Eingesetzt waren:<br \/>\nMTF A Aigen\u00a0\u00a0\u00a0\u00a0\u00a0\u00a0 \u00a0\u00a0\u00a0\u00a0\u00a0\u00a0\u00a0\u00a0\u00a0\u00a0\u00a0\u00a0\u00a0\u00a0\u00a0\u00a0 mit 3 Mann<br \/>\nTLFA 2000 Aigen\u00a0\u00a0 \u00a0\u00a0\u00a0\u00a0\u00a0\u00a0\u00a0\u00a0\u00a0\u00a0\u00a0 mit 8 Mann<br \/>\nTLFA 2000 Lantschern \u00a0\u00a0\u00a0 mit 9 Mann<br \/>\nDL Liezen\u00a0\u00a0\u00a0\u00a0\u00a0\u00a0\u00a0\u00a0 \u00a0\u00a0\u00a0 \u00a0\u00a0\u00a0\u00a0\u00a0\u00a0\u00a0\u00a0\u00a0\u00a0\u00a0\u00a0\u00a0 mit 1 Mann<\/p>\n<p>Bericht: HBI Tiefenbacher<br \/>\nFotos: Gemeinde, Volksschule<\/p>\n<p><a title=\"R\u00e4umungs\u00fcbung VS Aigen 2012\" href=\"http:\/\/www.feuerwehr-aigen.at\/?portfolio=09-11-2012-vs-aigen\">zur Bildergalerie \u00bb<\/a><\/p>\n","protected":false},"excerpt":{"rendered":"<p>R\u00e4umungs\u00fcbung in der Volksschule Aigen! Starke Rauchentwicklung im 1 OG. der Volksschule Aigen. So lautete\u00a0 die \u00dcbungsannahme am 9.0 November f\u00fcr die FF Aigen. Durch die starke Rauchentwicklung l\u00f6ste die Hausinterne Brandmeldeanlage mit akustischem Warnton einen Brandalarm aus, worauf um 09:05 Uhr Herr Direktor Schiefer den Notruf 122 absetzte. Der Diensthabende bei Florian Liezen alarmierte [&hellip;]<\/p>\n","protected":false},"author":1,"featured_media":0,"parent":0,"menu_order":3,"comment_status":"closed","ping_status":"closed","template":"","meta":{"footnotes":""},"class_list":["post-523","page","type-page","status-publish","hentry"],"jetpack_sharing_enabled":true,"_links":{"self":[{"href":"https:\/\/www.feuerwehr-aigen.at\/index.php?rest_route=\/wp\/v2\/pages\/523","targetHints":{"allow":["GET"]}}],"collection":[{"href":"https:\/\/www.feuerwehr-aigen.at\/index.php?rest_route=\/wp\/v2\/pages"}],"about":[{"href":"https:\/\/www.feuerwehr-aigen.at\/index.php?rest_route=\/wp\/v2\/types\/page"}],"author":[{"embeddable":true,"href":"https:\/\/www.feuerwehr-aigen.at\/index.php?rest_route=\/wp\/v2\/users\/1"}],"replies":[{"embeddable":true,"href":"https:\/\/www.feuerwehr-aigen.at\/index.php?rest_route=%2Fwp%2Fv2%2Fcomments&post=523"}],"version-history":[{"count":4,"href":"https:\/\/www.feuerwehr-aigen.at\/index.php?rest_route=\/wp\/v2\/pages\/523\/revisions"}],"predecessor-version":[{"id":2829,"href":"https:\/\/www.feuerwehr-aigen.at\/index.php?rest_route=\/wp\/v2\/pages\/523\/revisions\/2829"}],"wp:attachment":[{"href":"https:\/\/www.feuerwehr-aigen.at\/index.php?rest_route=%2Fwp%2Fv2%2Fmedia&parent=523"}],"curies":[{"name":"wp","href":"https:\/\/api.w.org\/{rel}","templated":true}]}}