{"id":5196,"date":"2023-01-07T02:24:55","date_gmt":"2023-01-07T01:24:55","guid":{"rendered":"https:\/\/www.feuerwehr-aigen.at\/?page_id=5196"},"modified":"2023-01-07T02:36:36","modified_gmt":"2023-01-07T01:36:36","slug":"einsatztagebuecher-2023","status":"publish","type":"page","link":"https:\/\/www.feuerwehr-aigen.at\/?page_id=5196","title":{"rendered":"Einsatztageb\u00fccher 2023"},"content":{"rendered":"<p>Hier gelangen Sie zu unseren \u00dcbersichten \u00fcber:<\/p>\n<ul>\n<li><a href=\"https:\/\/www.feuerwehr-aigen.at\/?page_id=5202\">Eins\u00e4tze<\/a><\/li>\n<li><a href=\"https:\/\/www.feuerwehr-aigen.at\/?page_id=5204\">\u00dcbungen<\/a><\/li>\n<li><a href=\"https:\/\/www.feuerwehr-aigen.at\/?page_id=5207\">Sonstige T\u00e4tigkeiten\/Veranstaltungen<\/a><\/li>\n<\/ul>\n","protected":false},"excerpt":{"rendered":"<p>Hier gelangen Sie zu unseren \u00dcbersichten \u00fcber: Eins\u00e4tze \u00dcbungen Sonstige T\u00e4tigkeiten\/Veranstaltungen<\/p>\n","protected":false},"author":1,"featured_media":0,"parent":1133,"menu_order":-1,"comment_status":"closed","ping_status":"closed","template":"","meta":{"footnotes":""},"class_list":["post-5196","page","type-page","status-publish","hentry"],"jetpack_sharing_enabled":true,"_links":{"self":[{"href":"https:\/\/www.feuerwehr-aigen.at\/index.php?rest_route=\/wp\/v2\/pages\/5196","targetHints":{"allow":["GET"]}}],"collection":[{"href":"https:\/\/www.feuerwehr-aigen.at\/index.php?rest_route=\/wp\/v2\/pages"}],"about":[{"href":"https:\/\/www.feuerwehr-aigen.at\/index.php?rest_route=\/wp\/v2\/types\/page"}],"author":[{"embeddable":true,"href":"https:\/\/www.feuerwehr-aigen.at\/index.php?rest_route=\/wp\/v2\/users\/1"}],"replies":[{"embeddable":true,"href":"https:\/\/www.feuerwehr-aigen.at\/index.php?rest_route=%2Fwp%2Fv2%2Fcomments&post=5196"}],"version-history":[{"count":3,"href":"https:\/\/www.feuerwehr-aigen.at\/index.php?rest_route=\/wp\/v2\/pages\/5196\/revisions"}],"predecessor-version":[{"id":5722,"href":"https:\/\/www.feuerwehr-aigen.at\/index.php?rest_route=\/wp\/v2\/pages\/5196\/revisions\/5722"}],"up":[{"embeddable":true,"href":"https:\/\/www.feuerwehr-aigen.at\/index.php?rest_route=\/wp\/v2\/pages\/1133"}],"wp:attachment":[{"href":"https:\/\/www.feuerwehr-aigen.at\/index.php?rest_route=%2Fwp%2Fv2%2Fmedia&parent=5196"}],"curies":[{"name":"wp","href":"https:\/\/api.w.org\/{rel}","templated":true}]}}