{"id":518,"date":"2012-10-01T09:29:46","date_gmt":"2012-10-01T09:29:46","guid":{"rendered":"http:\/\/feuerwehr-aigen.d2solution.net\/index.php\/29-september-2012-hochzeit-klaudia-und-hannes-kerschhaggl\/"},"modified":"2017-09-11T21:02:04","modified_gmt":"2017-09-11T20:02:04","slug":"29-september-2012-hochzeit-klaudia-und-hannes-kerschhaggl","status":"publish","type":"page","link":"https:\/\/www.feuerwehr-aigen.at\/?page_id=518","title":{"rendered":"29.09.2012 &#8211; Hochzeit Klaudia und Hannes Kerschhaggl"},"content":{"rendered":"<p><strong>Der Feuerwehrkamerad Hannes ehelichte seine Klaudia.<\/strong><\/p>\n<p><a title=\"Hochzeit Kerschhaggl\" href=\"http:\/\/feuerwehr-aigen.at\/wp-content\/uploads\/2012\/10\/sonstiges_hochzeit_kersch_2012_01.jpg\"><img loading=\"lazy\" decoding=\"async\" class=\"alignleft\" title=\"Hochzeit Kerschhaggl\" src=\"http:\/\/feuerwehr-aigen.at\/wp-content\/uploads\/2012\/10\/sonstiges_hochzeit_kersch_2012_01.jpg\" alt=\"Hochzeit Kerschhaggl\" width=\"150\" height=\"99\" align=\"left\" border=\"0\" hspace=\"5\" \/><\/a>Am Samstag dem 29.September 2012 gaben sich Klaudia Moik und Hannes Kerschhaggl das Ja Wort.<br \/>\nEine lange Zeit in wilder Ehe ging somit nach 18 Jahren zu Ende.<\/p>\n<p>Das erste Mal liefen sich die Beiden bei einer Hochzeit von Freunden \u00fcber den Weg.<br \/>\nDamals wussten sie bereits, dass sie mehr f\u00fcreinander empfanden als nur Freundschaft.<\/p>\n<p>In einer Zeit wo E-Mails und Sms noch in ferner Zukunft lagen, bestand die einzige M\u00f6glichkeit den Kontakt \u00fcber die virtuelle Welt zu erhalten, per Faxger\u00e4t.<\/p>\n<p>Hannes nutzte das in seiner damaligen Firma sofort aus um Klaudia Liebesgr\u00fc\u00dfe zukommen zu lassen.<\/p>\n<p>So wurden aus einem fl\u00fcchtigen Sehen bei der Hochzeit weitere Dates zum n\u00e4heren Kennenlernen ausgemacht.<br \/>\nSie unternahmen vieles gemeinsam wie Kino gehen, Pizza essen sowie gemeinsame Ausfl\u00fcge und Urlaube.<\/p>\n<p>Die Kinder Patrik und Cornelia machten das junge Gl\u00fcck zu einer richtigen Familie.<\/p>\n<p>Die standesamtliche Trauung fand in der Heimatgemeinde von Klaudia, im Standesamt Lassing statt.<\/p>\n<p>Im Anschluss ging es zur kirchlichen Trauung in die Florianikirche in Aigen.<br \/>\nNach dem Gottessegen ging es zur St\u00e4rkung zum Dorfwirt W\u00f6hrer, wo auch das traditionelle &#8222;Vermochn&#8220; stattfand und Jugendhoppalas der Hochzeitsgesellschaft lustig dargestellt wurde.<br \/>\nVon dort wurden die Braut von den Feuerwehrkameraden und der Br\u00e4utigam von der Aigner Damenchorrunde gestohlen.<br \/>\nP\u00fcnktlich brachten die Beist\u00e4nde die Brautleute zum GH Fritz zur\u00fcck, wo um 19 Uhr die Abendveranstaltung begann.<\/p>\n<p>Bei einem sehr guten Men\u00fc nahm der Abend seinen Verlauf.<br \/>\nMit dem Brauttanz und Spielen verging die Zeit viel zu rasch und eine wundersch\u00f6ne und unvergessliche Hochzeit ging in den Morgenstunden zu Ende.<\/p>\n<p>Die FF Aigen w\u00fcnscht dem jungen Brautpaar alles Gute f\u00fcr die Zukunft.<\/p>\n<p><a title=\"Hochzeit Kerschhaggl\" href=\"http:\/\/www.feuerwehr-aigen.at\/?portfolio=29-09-2012-hochzeit-kerschhaggl\">zur Bildergalerie \u00bb<\/a><\/p>\n","protected":false},"excerpt":{"rendered":"<p>Der Feuerwehrkamerad Hannes ehelichte seine Klaudia. Am Samstag dem 29.September 2012 gaben sich Klaudia Moik und Hannes Kerschhaggl das Ja Wort. Eine lange Zeit in wilder Ehe ging somit nach 18 Jahren zu Ende. Das erste Mal liefen sich die Beiden bei einer Hochzeit von Freunden \u00fcber den Weg. Damals wussten sie bereits, dass sie [&hellip;]<\/p>\n","protected":false},"author":1,"featured_media":0,"parent":0,"menu_order":21,"comment_status":"closed","ping_status":"closed","template":"","meta":{"footnotes":""},"class_list":["post-518","page","type-page","status-publish","hentry"],"jetpack_sharing_enabled":true,"_links":{"self":[{"href":"https:\/\/www.feuerwehr-aigen.at\/index.php?rest_route=\/wp\/v2\/pages\/518","targetHints":{"allow":["GET"]}}],"collection":[{"href":"https:\/\/www.feuerwehr-aigen.at\/index.php?rest_route=\/wp\/v2\/pages"}],"about":[{"href":"https:\/\/www.feuerwehr-aigen.at\/index.php?rest_route=\/wp\/v2\/types\/page"}],"author":[{"embeddable":true,"href":"https:\/\/www.feuerwehr-aigen.at\/index.php?rest_route=\/wp\/v2\/users\/1"}],"replies":[{"embeddable":true,"href":"https:\/\/www.feuerwehr-aigen.at\/index.php?rest_route=%2Fwp%2Fv2%2Fcomments&post=518"}],"version-history":[{"count":5,"href":"https:\/\/www.feuerwehr-aigen.at\/index.php?rest_route=\/wp\/v2\/pages\/518\/revisions"}],"predecessor-version":[{"id":2837,"href":"https:\/\/www.feuerwehr-aigen.at\/index.php?rest_route=\/wp\/v2\/pages\/518\/revisions\/2837"}],"wp:attachment":[{"href":"https:\/\/www.feuerwehr-aigen.at\/index.php?rest_route=%2Fwp%2Fv2%2Fmedia&parent=518"}],"curies":[{"name":"wp","href":"https:\/\/api.w.org\/{rel}","templated":true}]}}