{"id":516,"date":"2012-09-23T08:05:55","date_gmt":"2012-09-23T08:05:55","guid":{"rendered":"http:\/\/feuerwehr-aigen.d2solution.net\/index.php\/22-september-2012-bezrksfunkleistungsbewerb-aigen\/"},"modified":"2017-09-11T21:01:02","modified_gmt":"2017-09-11T20:01:02","slug":"22-september-2012-bezrksfunkleistungsbewerb-aigen","status":"publish","type":"page","link":"https:\/\/www.feuerwehr-aigen.at\/?page_id=516","title":{"rendered":"22.09.2012 &#8211; Bezrksfunkleistungsbewerb Aigen"},"content":{"rendered":"<p><strong>Bezirksfunkleistungsabzeichen Bronze<\/strong><\/p>\n<p><a title=\"FULA B 2012\" href=\"http:\/\/feuerwehr-aigen.at\/wp-content\/uploads\/2012\/09\/sonstiges_fulab_2012_05.jpg\"><img loading=\"lazy\" decoding=\"async\" class=\"alignleft\" title=\"FULA B 2012\" src=\"http:\/\/feuerwehr-aigen.at\/wp-content\/uploads\/2012\/09\/sonstiges_fulab_2012_05.jpg\" alt=\"FULA B 2012\" width=\"150\" height=\"99\" align=\"left\" border=\"0\" hspace=\"5\" \/><\/a>Die\u00a0 Feuerwehr Aigen\/E stellt mit FM RADLINGMAIER Jasmin den Bereichsfunkleistungsabzeichen &#8211; Sieger 2012<\/p>\n<p>65 Teilnehmer meldeten sich zum 25. Bereichsfunkleistungsabzeichen in Bronze der 2012 in Aigen\/E stattfand.<\/p>\n<p>P\u00fcnktlich um 9 Uhr meldete Bewerbsleiter BI PEHRINGER Gerhard dem Ortsfeuerwehrkommandanten HBI TIEFENBACHER Manfred den angetretenen Bewerterstab sowie die ersten Bewerber.<br \/>\nDanach folgte das Flaggenhissen und die Einteilung der 33 Bewerter in die einzelnen Stationen.<\/p>\n<p>BI PEHRINGER Gerhard bat in seiner Begr\u00fc\u00dfung um eine faire und gerechte Bewertung seitens des Bewerterstabes.<br \/>\n19 Wehren des Bereichsfeuerwehrverbandes Liezen k\u00e4mpften an 6 Stationen um das FULA B und den Gruppensieg.<\/p>\n<p>Um 18 Uhr stand dann das Ergebnis fest. Gro\u00dfe Erleichterung war in den Gesichtern der Bewerber zu erkennen als durch den Bewerbsleiter verk\u00fcndet wurde, dass die wei\u00dfe Flagge und somit an alle 65 Teilnehmer das FULA-B \u00fcberreicht werden kann.<\/p>\n<p>Unmittelbar danach folgten die Gru\u00dfworte von B\u00fcrgermeister HAGER Raimund der gro\u00dfen Dank f\u00fcr die vorbildliche Ausf\u00fchrung des Bewerbes der FF Aigen aussprach.<\/p>\n<p>Besonderer Dank jedoch galt Ortsfunkbeauftragten OBI WUNDERSAMER Dietmar.<br \/>\nDurch seine guten Schulungen konnte erstmals die FF Aigen\/E eine FULA B Siegerin stellen.<\/p>\n<p>ABI SAM Helmut \u00fcberbrachte die Gr\u00fc\u00dfe des Bereichsfeuerwehrverbandes Liezen.<br \/>\nIn seiner Ansprache machte er Aufmerksam wie wichtig die Funkausbildung im Vorfeld auf Abschnitts und Feuerwehrebene ist um solch gute Leistungen zu erbringen.<\/p>\n<p>Bevor es zur erl\u00f6senden Siegerehrung kam dankte der Bewerbsleiter seinem Bewerterstab sowie dem Berechnungsauschuss f\u00fcr seine ausgezeichnete Arbeit.<\/p>\n<p>FULA Bronze &#8211; Allgemein:<\/p>\n<p>1. FM Jasmin RADLINGMAIER\u00a0\u00a0\u00a0 FF Aigen\/E<br \/>\n2. LM d.V. Daniel WIESER\u00a0\u00a0 \u00a0 \u00a0 \u00a0 \u00a0\u00a0 FF Stainach<br \/>\n3. FM Kevin SCOTT\u00a0\u00a0\u00a0 \u00a0 \u00a0 \u00a0 \u00a0 \u00a0 \u00a0 \u00a0 \u00a0 \u00a0 \u00a0 FF Stein a.d.E.<\/p>\n<p>FULA Bronze Jugend:<\/p>\n<p>1. JFM Florian WEISSENSTEINER \u00a0\u00a0\u00a0 FF Dietmannsdorf<br \/>\n2. FM Johannes GEWESSLER\u00a0\u00a0\u00a0\u00a0\u00a0\u00a0\u00a0\u00a0\u00a0\u00a0\u00a0 FF P\u00fcrgg<br \/>\n3. JFM Gerald HABELER\u00a0\u00a0\u00a0 \u00a0\u00a0 \u00a0 \u00a0 \u00a0 \u00a0 \u00a0 \u00a0 \u00a0\u00a0 FF P\u00fcrgg<\/p>\n<p>Gruppenwertung:<\/p>\n<p>1. Lassing<br \/>\n2. Rottenmann 2<br \/>\n3. Aigen\/E 3<\/p>\n<p>Bericht und Fotos: Pressebeauftragter Kerschhaggl Gerald, BM<\/p>\n<p><a title=\"FULA B 2012\" href=\"http:\/\/www.feuerwehr-aigen.at\/?portfolio=22-09-2012-bezrksfunkleistungsbewerb\">zur Bildergalerie \u00bb<\/a><\/p>\n","protected":false},"excerpt":{"rendered":"<p>Bezirksfunkleistungsabzeichen Bronze Die\u00a0 Feuerwehr Aigen\/E stellt mit FM RADLINGMAIER Jasmin den Bereichsfunkleistungsabzeichen &#8211; Sieger 2012 65 Teilnehmer meldeten sich zum 25. Bereichsfunkleistungsabzeichen in Bronze der 2012 in Aigen\/E stattfand. P\u00fcnktlich um 9 Uhr meldete Bewerbsleiter BI PEHRINGER Gerhard dem Ortsfeuerwehrkommandanten HBI TIEFENBACHER Manfred den angetretenen Bewerterstab sowie die ersten Bewerber. Danach folgte das Flaggenhissen und [&hellip;]<\/p>\n","protected":false},"author":1,"featured_media":0,"parent":0,"menu_order":22,"comment_status":"closed","ping_status":"closed","template":"","meta":{"footnotes":""},"class_list":["post-516","page","type-page","status-publish","hentry"],"jetpack_sharing_enabled":true,"_links":{"self":[{"href":"https:\/\/www.feuerwehr-aigen.at\/index.php?rest_route=\/wp\/v2\/pages\/516","targetHints":{"allow":["GET"]}}],"collection":[{"href":"https:\/\/www.feuerwehr-aigen.at\/index.php?rest_route=\/wp\/v2\/pages"}],"about":[{"href":"https:\/\/www.feuerwehr-aigen.at\/index.php?rest_route=\/wp\/v2\/types\/page"}],"author":[{"embeddable":true,"href":"https:\/\/www.feuerwehr-aigen.at\/index.php?rest_route=\/wp\/v2\/users\/1"}],"replies":[{"embeddable":true,"href":"https:\/\/www.feuerwehr-aigen.at\/index.php?rest_route=%2Fwp%2Fv2%2Fcomments&post=516"}],"version-history":[{"count":5,"href":"https:\/\/www.feuerwehr-aigen.at\/index.php?rest_route=\/wp\/v2\/pages\/516\/revisions"}],"predecessor-version":[{"id":2836,"href":"https:\/\/www.feuerwehr-aigen.at\/index.php?rest_route=\/wp\/v2\/pages\/516\/revisions\/2836"}],"wp:attachment":[{"href":"https:\/\/www.feuerwehr-aigen.at\/index.php?rest_route=%2Fwp%2Fv2%2Fmedia&parent=516"}],"curies":[{"name":"wp","href":"https:\/\/api.w.org\/{rel}","templated":true}]}}