{"id":514,"date":"2012-09-08T16:09:03","date_gmt":"2012-09-08T16:09:03","guid":{"rendered":"http:\/\/feuerwehr-aigen.d2solution.net\/index.php\/08092012-waldbrand-tauplitzalm\/"},"modified":"2016-11-09T00:22:57","modified_gmt":"2016-11-09T00:22:57","slug":"08092012-waldbrand-tauplitzalm","status":"publish","type":"page","link":"https:\/\/www.feuerwehr-aigen.at\/?page_id=514","title":{"rendered":"08.09.2012 &#8211; Waldbrand Tauplitzalm"},"content":{"rendered":"<p><a title=\"Waldbrand Tauplitzalm\" href=\"http:\/\/www.feuerwehr-aigen.at\/wp-content\/uploads\/2009\/04\/Einsaetze_waldtauplitzalm_2012_04.jpg\"><img loading=\"lazy\" decoding=\"async\" class=\"alignleft wp-image-228 size-medium\" title=\"Waldbrand Tauplitzalm\" src=\"http:\/\/www.feuerwehr-aigen.at\/wp-content\/uploads\/2009\/04\/Einsaetze_waldtauplitzalm_2012_04-300x225.jpg\" alt=\"Waldbrand Tauplitzalm\" width=\"300\" height=\"225\" align=\"left\" border=\"0\" hspace=\"5\" \/><\/a><strong>Waldbrand Tauplitzalm &#8211; N\u00f6rdich der \u00d6denalm<\/strong><\/p>\n<p>Am 08.09.2012, ca. 12:00 Uhr bemerkten Wanderer einen Waldbrand im Bereich N\u00f6rdlich der \u00d6denalm und setzten einen Notruf an die Bezirkswarnzentrale Florian Liezen ab.<br \/>\nDie Wanderer konnten mit ihrem GPS-Ger\u00e4t die genauen Koordinaten des Brandherdes der Bezirkswarnzentrale bekannt geben.<\/p>\n<p>Der Brandherd ist lt. den bekannt gegebenen Koordinaten per Fu\u00df nicht erreichbar, und so wurden nach kurzer R\u00fccksprache mit dem Bezirksflugdienstbeauftragten BI Ing. Josef Fritz die Ortszust\u00e4ndigen Feuerwehren Bad Mitterndorf und Tauplitz sowie der Flugdienstst\u00fctzpunkt FF Aigen und ein Hubschrauber des Bundesministerium f\u00fcr Inneres alarmiert.<\/p>\n<p>Nach Eintreffen des Hubschraubers beim R\u00fcsthaus Bad Mitterndorf wurde ein kurzer Erkundungsflug gestartet.<br \/>\nDurch Blitzschlag &#8211; ein schweres Gewitter ging bereits am Mittwoch Abend im Ennstal nieder &#8211; geriet eine Baumgruppe in Brand.<\/p>\n<p>Zwei Flughelfer der Flugdienststaffel Nord wurden mit dem Hubschrauber und mehreren L\u00f6schwasserrucks\u00e4cken zum Brandherd geflogen, womit der Brand in k\u00fcrzester Zeit gel\u00f6scht werden und ein gr\u00f6\u00dferer Waldbrand verhindern werden konnte.<\/p>\n<p>Um ca. 15:00 Uhr konnte schlie\u00dflich &#8222;Brand-Aus&#8220; an die Bezirksfeuerwehrzentrale gemeldet werden.<\/p>\n<p>Eingesetzt waren:<\/p>\n<p>FF Aigen im Ennstal mit LKW-A und 5 Mann<br \/>\nFF Bad Mitterndorf mit TLF-A<br \/>\nBFV Liezen mit Flugdienstbeauftragten<br \/>\nBMI Mit &#8222;Libelle&#8220; (Ecureuil)<br \/>\nPolizei Bad Mitterndorf<\/p>\n<p>Bericht und Fotos:<br \/>\nFF Aigen, BMI<\/p>\n<p><a title=\"Waldbrand Tauplitzalm\" href=\"http:\/\/www.feuerwehr-aigen.at\/?portfolio=08-09-2012-waldbrand-tauplitzalm\">zur Bildergalerie \u00bb<\/a><\/p>\n","protected":false},"excerpt":{"rendered":"<p>Waldbrand Tauplitzalm &#8211; N\u00f6rdich der \u00d6denalm Am 08.09.2012, ca. 12:00 Uhr bemerkten Wanderer einen Waldbrand im Bereich N\u00f6rdlich der \u00d6denalm und setzten einen Notruf an die Bezirkswarnzentrale Florian Liezen ab. Die Wanderer konnten mit ihrem GPS-Ger\u00e4t die genauen Koordinaten des Brandherdes der Bezirkswarnzentrale bekannt geben. Der Brandherd ist lt. den bekannt gegebenen Koordinaten per Fu\u00df [&hellip;]<\/p>\n","protected":false},"author":1,"featured_media":0,"parent":0,"menu_order":16,"comment_status":"closed","ping_status":"closed","template":"","meta":{"footnotes":""},"class_list":["post-514","page","type-page","status-publish","hentry"],"jetpack_sharing_enabled":true,"_links":{"self":[{"href":"https:\/\/www.feuerwehr-aigen.at\/index.php?rest_route=\/wp\/v2\/pages\/514","targetHints":{"allow":["GET"]}}],"collection":[{"href":"https:\/\/www.feuerwehr-aigen.at\/index.php?rest_route=\/wp\/v2\/pages"}],"about":[{"href":"https:\/\/www.feuerwehr-aigen.at\/index.php?rest_route=\/wp\/v2\/types\/page"}],"author":[{"embeddable":true,"href":"https:\/\/www.feuerwehr-aigen.at\/index.php?rest_route=\/wp\/v2\/users\/1"}],"replies":[{"embeddable":true,"href":"https:\/\/www.feuerwehr-aigen.at\/index.php?rest_route=%2Fwp%2Fv2%2Fcomments&post=514"}],"version-history":[{"count":3,"href":"https:\/\/www.feuerwehr-aigen.at\/index.php?rest_route=\/wp\/v2\/pages\/514\/revisions"}],"predecessor-version":[{"id":1757,"href":"https:\/\/www.feuerwehr-aigen.at\/index.php?rest_route=\/wp\/v2\/pages\/514\/revisions\/1757"}],"wp:attachment":[{"href":"https:\/\/www.feuerwehr-aigen.at\/index.php?rest_route=%2Fwp%2Fv2%2Fmedia&parent=514"}],"curies":[{"name":"wp","href":"https:\/\/api.w.org\/{rel}","templated":true}]}}