{"id":512,"date":"2012-08-27T07:15:43","date_gmt":"2012-08-27T07:15:43","guid":{"rendered":"http:\/\/feuerwehr-aigen.d2solution.net\/index.php\/25082012-waldbrand-kammspitze\/"},"modified":"2016-11-09T00:26:13","modified_gmt":"2016-11-09T00:26:13","slug":"25082012-waldbrand-kammspitze","status":"publish","type":"page","link":"https:\/\/www.feuerwehr-aigen.at\/?page_id=512","title":{"rendered":"25.08.2012 &#8211; Waldbrand Kammspitze"},"content":{"rendered":"<p><a title=\"Waldbrand Kammspitze\" href=\"http:\/\/www.feuerwehr-aigen.at\/wp-content\/uploads\/2012\/08\/Einsaetze_waldkammspitze_2012_05.jpg\"><img loading=\"lazy\" decoding=\"async\" class=\"alignleft wp-image-511 size-medium\" title=\"Waldbrand Kammspitze\" src=\"http:\/\/www.feuerwehr-aigen.at\/wp-content\/uploads\/2012\/08\/Einsaetze_waldkammspitze_2012_05-300x169.jpg\" alt=\"Waldbrand Kammspitze\" width=\"300\" height=\"169\" align=\"left\" border=\"0\" hspace=\"5\" srcset=\"https:\/\/www.feuerwehr-aigen.at\/wp-content\/uploads\/2012\/08\/Einsaetze_waldkammspitze_2012_05-300x169.jpg 300w, https:\/\/www.feuerwehr-aigen.at\/wp-content\/uploads\/2012\/08\/Einsaetze_waldkammspitze_2012_05-768x432.jpg 768w, https:\/\/www.feuerwehr-aigen.at\/wp-content\/uploads\/2012\/08\/Einsaetze_waldkammspitze_2012_05.jpg 800w\" sizes=\"auto, (max-width: 300px) 100vw, 300px\" \/><\/a><strong>Waldbrand zwischen Kammspitze und Mittelkamm<\/strong><\/p>\n<p>Am 25.08.2012 bemerkten Augenzeugen einen kleinen Waldbrand auf der Nordseite der &#8222;Kammspitze&#8220; und setzten einen Notruf ab.<br \/>\nNach Alarmierung der ortszust\u00e4ndigen Feuerwehr Gr\u00f6bming r\u00fcckte diese mit dem MTF zur Lageerkundung zum Einsatzort ab. Die Lokalisierung der Brandstelle wurde mithilfe einer H\u00fcttenwirtin der &#8222;Viehbergalm&#8220; vorgenommen.<br \/>\nNachdem die Position bekannt war, flog eine Maschine des BMI mit dem Bezirksflugdienstbeauftragten BI Ing. Josef Fritz die Stelle ab, die Lageerkundung ergab, dass zwei B\u00e4ume in Brand stehen, vermutliche Brandursache: Blitzschlag.<\/p>\n<p>Erste L\u00f6schversuche des BMI-Hubschraubers schlugen fehl, da ein Steuerungskabel am Bambi Bucket gerissen war und somit der L\u00f6schbeh\u00e4lter nicht mehr ausgel\u00f6st werden konnte. Somit klinkte der Hubschrauber das Tragseil des bereits zu schweren L\u00f6schbeh\u00e4lters aus und flog aufgrund der fortgeschrittenen Dunkelheit wieder nach Graz zur\u00fcck.<br \/>\nZwei beherzte Feuerwehrm\u00e4nner der FF Gr\u00f6bming, BM Christoph Habacher und LM J\u00fcrgen Lerchegger sprangen in den &#8222;Miesbodensee&#8220;, um den L\u00f6schbeh\u00e4lter zu bergen. Die Suche musste aufgrund der Dunkelheit allerdings ergebnislos abgebrochen werden, die beiden tapferen M\u00e4nner konnten den mit Schlangen und Blutegeln vollen Moorsee wieder verlassen und sich von den ungeliebten Tierchen befreien.<br \/>\nBei der anschlie\u00dfenden Nachbesprechung und Verpflegung in der Ritzinger-H\u00fctte (Viehbergalm) wurde seitens Einsatzleiter ABI Gerd Bartl und BI Ing. Josef Fritz beschlossen, am n\u00e4chsten Tag die Lage neu zu beurteilen und die Brandbek\u00e4mpfung fortzusetzen.<\/p>\n<p>Um 7 Uhr startete somit heute wieder das MTF Gr\u00f6bming zum Einsatzort, um eine erneute Lagebeurteilung vorzunehmen.<br \/>\nParallel dazu barg ein Trupp der Feuerwehrm\u00e4nner das Bamb Bucket im unmittelbaren n\u00f6rdlichen Uferbereich des Miesbodensees.<br \/>\nABI Bartl forderte erneut den Waldbrandst\u00fctzpunkt Aigen im Ennstal, Hubschrauber sowie die FF Gr\u00f6bming-Winkl an.<\/p>\n<p>Die Maschine des BMI landete mit dem Landesflugdienstbeauftragten BR Ing. Dieter Pilat am Einsatzort.<br \/>\nNach kurzer Lagebesprechung wurde ein Trupp der Feuerwehr Aigen zum Brandherd geflogen. Danach startete die Brandbek\u00e4mpfung aus der Luft mittels Hubschrauber, auch mit einer mittlerweile eingetroffenen Alouette-III des Bundesheeres.<br \/>\nParallel dazu f\u00fcllte die Feuerwehr die L\u00f6schrucks\u00e4cke beim Miesbodensee und transportierte diese mit einem Quad zum Landeplatz.<\/p>\n<p>Um 15:12 Uhr konnte schlie\u00dflich &#8222;Brand-Aus&#8220; an die Bezirksfeuerwehrzentrale gemeldet werden, um 15:33 Uhr meldeten die Hubschrauber ihre Abflugbereitschaft.<\/p>\n<p>Eingesetzt waren:<\/p>\n<p>FF Aigen im Ennstal mit LKW-A und 3 Mann Flughelfer<br \/>\nFF Gr\u00f6bming mit MTF und einem Quad 9 Mann<br \/>\nFF Gr\u00f6bming-Winkl mit KLF und MTF 10 Mann<br \/>\nFF Liezen mit BLF und 1 Mann Flughelfer<br \/>\nAbschnittsfeuerwehrkommandant<br \/>\nBFV Liezen mit Flugdienstbeauftragtem<br \/>\nBFV Liezen mit Bereichs\u00f6ffentlichkeitsarbeitbeauftragtem<br \/>\nLFV Steiermark mit Landesflugdienstbeauftragtem<br \/>\nBMI Mit &#8222;Libelle&#8220; (Ecureuil)<br \/>\n\u00d6BH, Kaserne Aigen mit Alouette-III und Tankfahrzeug (stationiert bei RK Gr\u00f6bming Landeplatz)<br \/>\nPolizei Gr\u00f6bming (Brandermittlung)<\/p>\n<p>Bericht und Fotos:<br \/>\nFF Aigen<br \/>\nOBI d.V. Christoph Schl\u00fc\u00dflmayr (\u00d6ffentlichkeitsarbeit Bereichsbeauftragter)<\/p>\n<p><a title=\"Waldbrand Kammspitze\" href=\"http:\/\/www.feuerwehr-aigen.at\/?portfolio=25-08-2012-waldbrand-kammspitze\">zur Bildergalerie \u00bb<\/a><\/p>\n","protected":false},"excerpt":{"rendered":"<p>Waldbrand zwischen Kammspitze und Mittelkamm Am 25.08.2012 bemerkten Augenzeugen einen kleinen Waldbrand auf der Nordseite der &#8222;Kammspitze&#8220; und setzten einen Notruf ab. Nach Alarmierung der ortszust\u00e4ndigen Feuerwehr Gr\u00f6bming r\u00fcckte diese mit dem MTF zur Lageerkundung zum Einsatzort ab. Die Lokalisierung der Brandstelle wurde mithilfe einer H\u00fcttenwirtin der &#8222;Viehbergalm&#8220; vorgenommen. Nachdem die Position bekannt war, flog [&hellip;]<\/p>\n","protected":false},"author":1,"featured_media":0,"parent":0,"menu_order":17,"comment_status":"closed","ping_status":"closed","template":"","meta":{"footnotes":""},"class_list":["post-512","page","type-page","status-publish","hentry"],"jetpack_sharing_enabled":true,"_links":{"self":[{"href":"https:\/\/www.feuerwehr-aigen.at\/index.php?rest_route=\/wp\/v2\/pages\/512","targetHints":{"allow":["GET"]}}],"collection":[{"href":"https:\/\/www.feuerwehr-aigen.at\/index.php?rest_route=\/wp\/v2\/pages"}],"about":[{"href":"https:\/\/www.feuerwehr-aigen.at\/index.php?rest_route=\/wp\/v2\/types\/page"}],"author":[{"embeddable":true,"href":"https:\/\/www.feuerwehr-aigen.at\/index.php?rest_route=\/wp\/v2\/users\/1"}],"replies":[{"embeddable":true,"href":"https:\/\/www.feuerwehr-aigen.at\/index.php?rest_route=%2Fwp%2Fv2%2Fcomments&post=512"}],"version-history":[{"count":3,"href":"https:\/\/www.feuerwehr-aigen.at\/index.php?rest_route=\/wp\/v2\/pages\/512\/revisions"}],"predecessor-version":[{"id":1772,"href":"https:\/\/www.feuerwehr-aigen.at\/index.php?rest_route=\/wp\/v2\/pages\/512\/revisions\/1772"}],"wp:attachment":[{"href":"https:\/\/www.feuerwehr-aigen.at\/index.php?rest_route=%2Fwp%2Fv2%2Fmedia&parent=512"}],"curies":[{"name":"wp","href":"https:\/\/api.w.org\/{rel}","templated":true}]}}