{"id":510,"date":"2012-08-13T06:27:33","date_gmt":"2012-08-13T06:27:33","guid":{"rendered":"http:\/\/feuerwehr-aigen.d2solution.net\/index.php\/11-august-2012-hochzeit-tanja-und-rolland-steindacher\/"},"modified":"2017-09-11T21:06:34","modified_gmt":"2017-09-11T20:06:34","slug":"11-august-2012-hochzeit-tanja-und-rolland-steindacher","status":"publish","type":"page","link":"https:\/\/www.feuerwehr-aigen.at\/?page_id=510","title":{"rendered":"11.08.2012 &#8211; Hochzeit Tanja und Rolland Steindacher"},"content":{"rendered":"<p><strong>Feuerwehrkamerad im Hafen der Ehe<\/strong><\/p>\n<p><a title=\"Hochzeit Steindacher\" href=\"http:\/\/feuerwehr-aigen.at\/wp-content\/uploads\/2012\/08\/sonstiges_hochzeit_stein_2012_05.jpg\"><img loading=\"lazy\" decoding=\"async\" class=\"alignleft\" title=\"Hochzeit Steindacher\" src=\"http:\/\/feuerwehr-aigen.at\/wp-content\/uploads\/2012\/08\/sonstiges_hochzeit_stein_2012_05.jpg\" alt=\"Hochzeit Steindacher\" width=\"150\" height=\"99\" align=\"left\" border=\"0\" hspace=\"5\" \/><\/a>Am Samstag den 11. August 2012 ehelichte HFM Steindacher Roland seine Tanja.<\/p>\n<p>Das Paar f\u00fchrt seit 16 Jahren eine gl\u00fcckliche Beziehung. Die S\u00f6hne Christoph und Johannes runden das junge Familiengl\u00fcck ab.<br \/>\nKennengelernt hat sich das Brautpaar durch eine Freundin bzw. Arbeitskollegin.<\/p>\n<p>Der Festtag begann f\u00fcr die frisch gebackene Ehefrau bereits um 4 Uhr morgens wo sich eine Abordnung zum traditionellen Brautaufwecken einfand.<br \/>\nGest\u00e4rkt durch ein festliches Fr\u00fchst\u00fcck ging es dann f\u00fcr Tanja zum Friseur.<\/p>\n<p>P\u00fcnktlich um 13 Uhr traf sich die Hochzeitsgesellschaft beim Standesamt Irdning wo sich Roland und Tanja das erste mal das Jawort gab.<\/p>\n<p>Im Anschluss daran ging es in die Kirche Irdning wo sie den Bund der Ehe auch vor Gott schlossen.<br \/>\nUmrandet wurde die kirchliche Zeremonie durch Musikerfreunde.<\/p>\n<p>Beim Auszug aus der Kirche versammelten sich die Feuerwehrkameraden um einen Spalier f\u00fcr das Brautpaar zu stellen!<br \/>\nAls erster lie\u00df es sich der Feuerwehrkommandant nicht nehmen mit einem Gedicht, Blumenstrau\u00df und einem Birnbaum dem Brautpaar zu gratulieren und f\u00fcr die Zukunft alles Gute zu w\u00fcnschen.<\/p>\n<p>Danach ging es zum Gasthaus W\u00f6hrer wo eine Jause f\u00fcr die Hochzeitsgesellschaft bereitstand.<br \/>\nAuch fand dort das &#8222;Vermochn&#8220; statt wo kurze Episoden aus dem Leben der Brautleute nachgespielt wurden.<\/p>\n<p>Im Anschluss wurden die Brautleute von Freunden gestohlen.<\/p>\n<p>Mit einer gut gew\u00fcrzten Suppe ging es dann zur Abendveranstaltung wo mit Vorf\u00fchrungen und Spielen der Abend viel zu fr\u00fch zu Ende ging.<\/p>\n<p>Die FF Aigen w\u00fcnscht der jungen Familie f\u00fcr ihren weiteren Lebensweg alles Gute sowie Gl\u00fcck und Gesundheit f\u00fcr die Zukunft.<\/p>\n<p><a title=\"Hochzeit Steindacher\" href=\"http:\/\/www.feuerwehr-aigen.at\/?portfolio=11-08-2012-hochzeit-steindacher\">zur Bildergalerie \u00bb<\/a><\/p>\n","protected":false},"excerpt":{"rendered":"<p>Feuerwehrkamerad im Hafen der Ehe Am Samstag den 11. August 2012 ehelichte HFM Steindacher Roland seine Tanja. Das Paar f\u00fchrt seit 16 Jahren eine gl\u00fcckliche Beziehung. Die S\u00f6hne Christoph und Johannes runden das junge Familiengl\u00fcck ab. Kennengelernt hat sich das Brautpaar durch eine Freundin bzw. Arbeitskollegin. Der Festtag begann f\u00fcr die frisch gebackene Ehefrau bereits [&hellip;]<\/p>\n","protected":false},"author":1,"featured_media":0,"parent":0,"menu_order":24,"comment_status":"closed","ping_status":"closed","template":"","meta":{"footnotes":""},"class_list":["post-510","page","type-page","status-publish","hentry"],"jetpack_sharing_enabled":true,"_links":{"self":[{"href":"https:\/\/www.feuerwehr-aigen.at\/index.php?rest_route=\/wp\/v2\/pages\/510","targetHints":{"allow":["GET"]}}],"collection":[{"href":"https:\/\/www.feuerwehr-aigen.at\/index.php?rest_route=\/wp\/v2\/pages"}],"about":[{"href":"https:\/\/www.feuerwehr-aigen.at\/index.php?rest_route=\/wp\/v2\/types\/page"}],"author":[{"embeddable":true,"href":"https:\/\/www.feuerwehr-aigen.at\/index.php?rest_route=\/wp\/v2\/users\/1"}],"replies":[{"embeddable":true,"href":"https:\/\/www.feuerwehr-aigen.at\/index.php?rest_route=%2Fwp%2Fv2%2Fcomments&post=510"}],"version-history":[{"count":5,"href":"https:\/\/www.feuerwehr-aigen.at\/index.php?rest_route=\/wp\/v2\/pages\/510\/revisions"}],"predecessor-version":[{"id":2839,"href":"https:\/\/www.feuerwehr-aigen.at\/index.php?rest_route=\/wp\/v2\/pages\/510\/revisions\/2839"}],"wp:attachment":[{"href":"https:\/\/www.feuerwehr-aigen.at\/index.php?rest_route=%2Fwp%2Fv2%2Fmedia&parent=510"}],"curies":[{"name":"wp","href":"https:\/\/api.w.org\/{rel}","templated":true}]}}