{"id":508,"date":"2012-08-01T19:13:04","date_gmt":"2012-08-01T19:13:04","guid":{"rendered":"http:\/\/feuerwehr-aigen.d2solution.net\/index.php\/28-juli-2012-650-jahrfeier-marlesreuth\/"},"modified":"2017-09-11T21:07:18","modified_gmt":"2017-09-11T20:07:18","slug":"28-juli-2012-650-jahrfeier-marlesreuth","status":"publish","type":"page","link":"https:\/\/www.feuerwehr-aigen.at\/?page_id=508","title":{"rendered":"28. Juli 2012 &#8211; 650 Jahrfeier Marlesreuth"},"content":{"rendered":"<p><strong>650 Jahre Marlesreuth<\/strong><\/p>\n<p><a title=\"Marlesreuth\" href=\"http:\/\/feuerwehr-aigen.at\/wp-content\/uploads\/2012\/08\/sonstiges_marlesreuth_2012_04.jpg\"><img loading=\"lazy\" decoding=\"async\" class=\"alignleft\" title=\"Marlesreuth\" src=\"http:\/\/feuerwehr-aigen.at\/wp-content\/uploads\/2012\/08\/sonstiges_marlesreuth_2012_04.jpg\" alt=\"Marlesreuth\" width=\"150\" height=\"99\" align=\"left\" border=\"0\" hspace=\"5\" \/><\/a>Am vergangenen Wochenende feierte Marlesreuth ihr 650 j\u00e4hriges Bestehen.<\/p>\n<p>Eine kleine Abordnung der FF Aigen im Ennstal lie\u00df es sich nicht nehmen als Partnerfeuerwehr der Freiwilligen Feuerwehr Marlesreuth an diesem feierlichen Anlass teilzunehmen und die Gl\u00fcckw\u00fcnsche pers\u00f6nlich zu \u00fcberbringen.<\/p>\n<p>Am Samstag angekommen wurden wir von Klaus und dem \u00fcberall bekannten Willy musizierend empfangen.<\/p>\n<p>Anschlie\u00dfend ging es zu B\u00fcrgermeister Frank Stumpf ins Rathaus.<br \/>\nNach einem Film \u00fcber Marlesreuth, einem Ortsteil von Naila welches sich im Herzen des Frankenwaldes befindet, folgten die Gru\u00dfworte des B\u00fcrgermeisters.<br \/>\nAbgerundet wurde der Empfang mit Sekt und Erinnerungsgeschenken.<\/p>\n<p>Am Abend folgte der \u00f6ffentliche Festkommers im Festzelt wo sich zahlreiche Fest- und Ehreng\u00e4ste eintrafen.<br \/>\nNach den Ansprachen, allen voran des Bundesministers Dr. Hans-Peter Friedrich schloss sich der Abend bei einem gem\u00fctlichen beisammensitzen mit den Kameraden.<\/p>\n<p>Am Sonntag folgte der Rundgang durch Marlesreuth entlang von Marktst\u00e4nden, Raubritterlager und Handwerkermarkt.<\/p>\n<p>Durch das dicht gedr\u00e4ngte Programm verging die Zeit viel zu schnell sodass es viel zu fr\u00fch wieder hie\u00df Abschied zu nehmen.<br \/>\nEin wundersch\u00f6nes und unvergessliches Wochenende ging so viel zu schnell zu Ende und wir traten die Heimreise an.<\/p>\n<p>Wiederum wurde uns klar wie wichtig solche Internationale Freundschaften sind und sie werden uns unvergesslich in Erinnerung bleiben bis wir das n\u00e4chste Mal ein freundschaftliches Treffen in Marlesreuth durchf\u00fchren.<\/p>\n<p>Ein Dank sei an dieser Stelle allen B\u00fcrgern von Marlesreuth auszusprechen die uns immer wieder so herzlich in ihrer Mitte aufnehmen.<\/p>\n<p>Gerald Kerschhaggl, Bm<br \/>\nPressebeauftragter FF Aigen\/E<\/p>\n<p><a title=\"Marlesreuth\" href=\"http:\/\/www.feuerwehr-aigen.at\/?portfolio=28-29-07-2012-marlesreuth\">zur Bildergalerie \u00bb<\/a><\/p>\n","protected":false},"excerpt":{"rendered":"<p>650 Jahre Marlesreuth Am vergangenen Wochenende feierte Marlesreuth ihr 650 j\u00e4hriges Bestehen. Eine kleine Abordnung der FF Aigen im Ennstal lie\u00df es sich nicht nehmen als Partnerfeuerwehr der Freiwilligen Feuerwehr Marlesreuth an diesem feierlichen Anlass teilzunehmen und die Gl\u00fcckw\u00fcnsche pers\u00f6nlich zu \u00fcberbringen. Am Samstag angekommen wurden wir von Klaus und dem \u00fcberall bekannten Willy musizierend [&hellip;]<\/p>\n","protected":false},"author":1,"featured_media":0,"parent":0,"menu_order":25,"comment_status":"closed","ping_status":"closed","template":"","meta":{"footnotes":""},"class_list":["post-508","page","type-page","status-publish","hentry"],"jetpack_sharing_enabled":true,"_links":{"self":[{"href":"https:\/\/www.feuerwehr-aigen.at\/index.php?rest_route=\/wp\/v2\/pages\/508","targetHints":{"allow":["GET"]}}],"collection":[{"href":"https:\/\/www.feuerwehr-aigen.at\/index.php?rest_route=\/wp\/v2\/pages"}],"about":[{"href":"https:\/\/www.feuerwehr-aigen.at\/index.php?rest_route=\/wp\/v2\/types\/page"}],"author":[{"embeddable":true,"href":"https:\/\/www.feuerwehr-aigen.at\/index.php?rest_route=\/wp\/v2\/users\/1"}],"replies":[{"embeddable":true,"href":"https:\/\/www.feuerwehr-aigen.at\/index.php?rest_route=%2Fwp%2Fv2%2Fcomments&post=508"}],"version-history":[{"count":4,"href":"https:\/\/www.feuerwehr-aigen.at\/index.php?rest_route=\/wp\/v2\/pages\/508\/revisions"}],"predecessor-version":[{"id":2840,"href":"https:\/\/www.feuerwehr-aigen.at\/index.php?rest_route=\/wp\/v2\/pages\/508\/revisions\/2840"}],"wp:attachment":[{"href":"https:\/\/www.feuerwehr-aigen.at\/index.php?rest_route=%2Fwp%2Fv2%2Fmedia&parent=508"}],"curies":[{"name":"wp","href":"https:\/\/api.w.org\/{rel}","templated":true}]}}