{"id":500,"date":"2012-06-24T10:07:46","date_gmt":"2012-06-24T10:07:46","guid":{"rendered":"http:\/\/feuerwehr-aigen.d2solution.net\/index.php\/24062012-personensuche-gullingbach\/"},"modified":"2017-09-11T21:10:35","modified_gmt":"2017-09-11T20:10:35","slug":"24062012-personensuche-gullingbach","status":"publish","type":"page","link":"https:\/\/www.feuerwehr-aigen.at\/?page_id=500","title":{"rendered":"24.06.2012 &#8211; Personensuche Gullingbach"},"content":{"rendered":"<p><strong>Suchaktion im Gullingtal!<\/strong><\/p>\n<p>&#8222;Suchaktion &#8211; Vermi\u00dfte Person auf der Scheipel Alm in den Bach gefallen!&#8220;<br \/>\nSo lautete die Alarmierung der Freiwilligen Feuerwehr Aigen am 23.06.2012 um 03:38 Uhr<\/p>\n<p><img loading=\"lazy\" decoding=\"async\" class=\"size-medium wp-image-494 alignleft\" src=\"http:\/\/www.feuerwehr-aigen.at\/wp-content\/uploads\/2012\/06\/Einsaetze_personensuche_2012_01-300x169.jpg\" alt=\"Suche 01\" width=\"300\" height=\"169\" srcset=\"https:\/\/www.feuerwehr-aigen.at\/wp-content\/uploads\/2012\/06\/Einsaetze_personensuche_2012_01-300x169.jpg 300w, https:\/\/www.feuerwehr-aigen.at\/wp-content\/uploads\/2012\/06\/Einsaetze_personensuche_2012_01-768x432.jpg 768w, https:\/\/www.feuerwehr-aigen.at\/wp-content\/uploads\/2012\/06\/Einsaetze_personensuche_2012_01.jpg 800w\" sizes=\"auto, (max-width: 300px) 100vw, 300px\" \/>Vor den Augen seiner Freunde st\u00fcrzte ein Mann in den fr\u00fchen Morgenstunden in den Hochwasser f\u00fchrenden Gullingbach.<\/p>\n<p>Der Mann war in einem Taxi mit seinen Freunden auf den Weg Richtung Mitteregg in das Scheipel Lehen. Ein durch den starken Regen auf die Stra\u00dfe herabgest\u00fcrzter Stein versperrte dem Taxi den Weg.<br \/>\nBeim Wegr\u00e4umen des Felsbrockens machte der Mann einen Schritt zur\u00fcck und st\u00fcrzte in den Bach.<\/p>\n<p>&nbsp;<\/p>\n<p><img loading=\"lazy\" decoding=\"async\" class=\"size-medium wp-image-497 alignleft\" src=\"http:\/\/www.feuerwehr-aigen.at\/wp-content\/uploads\/2012\/06\/Einsaetze_personensuche_2012_02-300x225.jpg\" alt=\"Suche 02\" width=\"300\" height=\"225\" srcset=\"https:\/\/www.feuerwehr-aigen.at\/wp-content\/uploads\/2012\/06\/Einsaetze_personensuche_2012_02-300x225.jpg 300w, https:\/\/www.feuerwehr-aigen.at\/wp-content\/uploads\/2012\/06\/Einsaetze_personensuche_2012_02-768x576.jpg 768w, https:\/\/www.feuerwehr-aigen.at\/wp-content\/uploads\/2012\/06\/Einsaetze_personensuche_2012_02.jpg 800w\" sizes=\"auto, (max-width: 300px) 100vw, 300px\" \/>Die Feuerwehr Aigen suchte bis 08:00 Uhr mit Scheinwerfer das Gullingufer von der Unfallstelle bis zur Einm\u00fcndung in die Enns ab. Weiters wurden Sperren an den Br\u00fccken errichtet. Unterst\u00fctz wurde an der Ennsbr\u00fccke die Feuerwehr Aigen von der Feuerwehr W\u00f6rschach und der Wasserrettung.<br \/>\nUm 08:00 Uhr wurde die Suche aufgrund des hohen Wasserstandes erfolglos abgebrochen.<\/p>\n<p>Am 24.06.201, 09:00 Uhr, wurde eine weitere, gro\u00dfangelegte Suche gestartet.<br \/>\nUnterst\u00fctzt von einem Hubschrauber des BMI, wurden nochmals die Ufer der Gulling und die Enns abgesucht.<\/p>\n<p>&nbsp;<\/p>\n<p>&nbsp;<\/p>\n<p><img loading=\"lazy\" decoding=\"async\" class=\"size-medium wp-image-499 alignleft\" src=\"http:\/\/www.feuerwehr-aigen.at\/wp-content\/uploads\/2012\/06\/Einsaetze_personensuche_2012_03-300x225.jpg\" alt=\"Suche 03\" width=\"300\" height=\"225\" srcset=\"https:\/\/www.feuerwehr-aigen.at\/wp-content\/uploads\/2012\/06\/Einsaetze_personensuche_2012_03-300x225.jpg 300w, https:\/\/www.feuerwehr-aigen.at\/wp-content\/uploads\/2012\/06\/Einsaetze_personensuche_2012_03-768x576.jpg 768w, https:\/\/www.feuerwehr-aigen.at\/wp-content\/uploads\/2012\/06\/Einsaetze_personensuche_2012_03.jpg 800w\" sizes=\"auto, (max-width: 300px) 100vw, 300px\" \/>Um 14:00 Uhr musste diese Suche ebenfalls vergebens abgebrochen werden.<\/p>\n<p>&nbsp;<\/p>\n<p>&nbsp;<br \/>\nEingesetzt waren:<\/p>\n<p>FF Aigen im Ennstal mit TLF-A, KLF-A, LKW-A, MTF-A; MTF (33 Mann)<br \/>\nFF W\u00f6rschach mit RLF und KLF-A<br \/>\nFF Rottenmann mit Boot<br \/>\nPolizei (4 Mann)<br \/>\nRotes Kreuz (3 Mann)<br \/>\nHubschrauber BMI<br \/>\nBergrettung Mautern (11 Mann)<br \/>\nCanyoning Rettungsgruppe (14 Mann)<br \/>\nBergrettungs Hundef\u00fchrer (2 Mann)<br \/>\nWasserrettung (15 Mann)<br \/>\nRettungshundebrigarde (25 Mann)<br \/>\n<span style=\"color: #333333; font-family: helvetica;\"><br \/>\n<\/span><\/p>\n","protected":false},"excerpt":{"rendered":"<p>Suchaktion im Gullingtal! &#8222;Suchaktion &#8211; Vermi\u00dfte Person auf der Scheipel Alm in den Bach gefallen!&#8220; So lautete die Alarmierung der Freiwilligen Feuerwehr Aigen am 23.06.2012 um 03:38 Uhr Vor den Augen seiner Freunde st\u00fcrzte ein Mann in den fr\u00fchen Morgenstunden in den Hochwasser f\u00fchrenden Gullingbach. Der Mann war in einem Taxi mit seinen Freunden auf [&hellip;]<\/p>\n","protected":false},"author":1,"featured_media":0,"parent":0,"menu_order":20,"comment_status":"closed","ping_status":"closed","template":"","meta":{"footnotes":""},"class_list":["post-500","page","type-page","status-publish","hentry"],"jetpack_sharing_enabled":true,"_links":{"self":[{"href":"https:\/\/www.feuerwehr-aigen.at\/index.php?rest_route=\/wp\/v2\/pages\/500","targetHints":{"allow":["GET"]}}],"collection":[{"href":"https:\/\/www.feuerwehr-aigen.at\/index.php?rest_route=\/wp\/v2\/pages"}],"about":[{"href":"https:\/\/www.feuerwehr-aigen.at\/index.php?rest_route=\/wp\/v2\/types\/page"}],"author":[{"embeddable":true,"href":"https:\/\/www.feuerwehr-aigen.at\/index.php?rest_route=\/wp\/v2\/users\/1"}],"replies":[{"embeddable":true,"href":"https:\/\/www.feuerwehr-aigen.at\/index.php?rest_route=%2Fwp%2Fv2%2Fcomments&post=500"}],"version-history":[{"count":2,"href":"https:\/\/www.feuerwehr-aigen.at\/index.php?rest_route=\/wp\/v2\/pages\/500\/revisions"}],"predecessor-version":[{"id":1023,"href":"https:\/\/www.feuerwehr-aigen.at\/index.php?rest_route=\/wp\/v2\/pages\/500\/revisions\/1023"}],"wp:attachment":[{"href":"https:\/\/www.feuerwehr-aigen.at\/index.php?rest_route=%2Fwp%2Fv2%2Fmedia&parent=500"}],"curies":[{"name":"wp","href":"https:\/\/api.w.org\/{rel}","templated":true}]}}