{"id":493,"date":"2012-06-19T19:50:26","date_gmt":"2012-06-19T19:50:26","guid":{"rendered":"http:\/\/feuerwehr-aigen.d2solution.net\/index.php\/17-18062012-waldbrand-donnersbachwald\/"},"modified":"2017-09-11T21:11:47","modified_gmt":"2017-09-11T20:11:47","slug":"17-18062012-waldbrand-donnersbachwald","status":"publish","type":"page","link":"https:\/\/www.feuerwehr-aigen.at\/?page_id=493","title":{"rendered":"17.-18.06.2012 &#8211; Waldbrand Donnersbachwald"},"content":{"rendered":"<p><strong>Blitzschlag in Donnersbachwald<\/strong><\/p>\n<p><a title=\"Waldbrand Donnersbchwald 2012\" href=\"http:\/\/feuerwehr-aigen.nat\/wp-content\/uploads\/2012\/06\/Einsaetze_moerschbachwaldbrand_2012_01.jpg\"><img loading=\"lazy\" decoding=\"async\" class=\"alignleft\" title=\"Waldbrand Donnersbchwald 2012\" src=\"http:\/\/feuerwehr-aigen.at\/wp-content\/uploads\/2012\/06\/Einsaetze_moerschbachwaldbrand_2012_01.jpg\" alt=\"Waldbrand Donnersbchwald 2012\" width=\"150\" height=\"113\" align=\"left\" border=\"0\" hspace=\"5\" \/><\/a>&#8222;Waldbrand im Bereich M\u00f6rschbach, Gemeinde Donnersbachwald&#8220; lautete die Alarmierung der Freiwilligen Feuerwehr Aigen.<\/p>\n<p>Ausgel\u00f6st durch einen Blitzschlag am 17. Juni 2012 um ca. 18:00 Uhr entstand ein Waldbrand im Bereich M\u00f6rschbach, Gemeinde Donnersbachwald.<\/p>\n<p>Der Brandherd befindet sich in einem extrem steilen, schwer zug\u00e4nglichen und unaufgeschlossenem Waldst\u00fcck.<br \/>\nAufgrund der Wetterlage, Rauchschwaden konnten sich von Nebelschaden nicht unterscheiden lassen, verz\u00f6gerte sich die Alarmierung wesentlich.<\/p>\n<p>Die Feuerwehr Aigen mit dem Flugdienstst\u00fctzpunkt unter HBI Tiefenbacher Manfred wurde daher erst sehr sp\u00e4t um 19:30 Uhr alarmiert.<\/p>\n<p>Die Erkundung der Lage gemeinsam mit der Einsatzleitenden Feuerwehr Donnersbachwald ergab, dass der Brandherd nur mit Hubschrauber oder in einem Schwei\u00dftreibenden Fu\u00dfmarsch mit ca. 1,5 Stunden erreichbar ist.<br \/>\nAufgrund der bereits beginnenden D\u00e4mmerung und eines Einsatzes des Hubschraubers vom \u00d6AMTC beim Zugsungl\u00fcck in St. Lorenzen standen keine Hubschrauber zur Verf\u00fcgung.<\/p>\n<p>Um eine Ausbreitung des Brandes zu verhindern entschloss man sich mit L\u00f6schwasserrucks\u00e4cken zum Brandherd aufzubrechen.<\/p>\n<p>Nach ca. 1,5 Stunden erreichte man mit 12 Mann um ca. 23:00 Uhr den Brandherd. Mit L\u00f6schwasserrucks\u00e4cken (Gesamt max. ca. 250 lt Wasser) d\u00e4mmte man den Brand soweit ein, dass sich dieser nicht mehr ausbreiten konnte.<br \/>\nNach einem Einst\u00fcndigen Abstieg wurde um 03:00 Uhr der Einsatz beendet.<\/p>\n<p>Am n\u00e4chsten Tag stiegen erneut Rauchschwaden auf, wodurch die Feuerwehren Donnersbachwald und Aigen abermals alarmiert wurden.<\/p>\n<p>Der Erkundungsflug mit dem Hubschrauber des Innenministeriums ergab mehrere Brandherde.<br \/>\nAufgrund des extrem trockenen Boden breitete sich der Brand ca. 50 cm unter der Oberfl\u00e4che weiter aus.<\/p>\n<p>Aufgrund der Steilheit und des dicht bewachsenen Waldes musste die Mannschaft mit dem Hubschrauber des Innenministerium bei sehr starkem Wind an einem 40 m langen Tau zur Brandstelle geflogen werden.<\/p>\n<p>2 Hubschrauber der Kaserne Aigen flogen vom Speicherteich der Riesneralm Bergbahnen ca. 18.000 lt. Wasser an die Brandstelle. Mit Schanzwerkzeug wurde der gesamte Boden in schwei\u00dftreibender Arbeit umgegraben.<\/p>\n<p>Um 16:00 Uhr konnte &#8222;Brand aus&#8220; gegeben werden.<br \/>\nVom Brand betroffen waren ca. 1 ha Waldbewuchs in extrem steilem Gel\u00e4nde.<\/p>\n<p>Die Schwierigkeit bei diesem Einsatz ergab sich nicht aus der Gr\u00f6\u00dfe des Brandes, vielmehr lag die Herausforderung bei der Ausbreitung in die Tiefe des Waldbodens, die enorme Trockenheit des Bodens und die extreme Steilheit.<br \/>\nEingesetzt waren:<\/p>\n<p>FF Donnersbachwald mit KLF-A und MTF (9 Mann)<br \/>\nFF Aigen im Ennstal mit LKW-A (4 Mann)<br \/>\n2 Allouette III (BMLV)<br \/>\n1 Ecureuil (BMI)<\/p>\n<p>Bereichs-Flugdienstbeauftragter<\/p>\n<p><a title=\"Waldbrand Donnersbchwald 2012\" href=\"http:\/\/www.feuerwehr-aigen.at\/?portfolio=17-18-06-2012-waldbrand-donnersbachwald\">zur Bildergalerie \u00bb<\/a><\/p>\n","protected":false},"excerpt":{"rendered":"<p>Blitzschlag in Donnersbachwald &#8222;Waldbrand im Bereich M\u00f6rschbach, Gemeinde Donnersbachwald&#8220; lautete die Alarmierung der Freiwilligen Feuerwehr Aigen. Ausgel\u00f6st durch einen Blitzschlag am 17. Juni 2012 um ca. 18:00 Uhr entstand ein Waldbrand im Bereich M\u00f6rschbach, Gemeinde Donnersbachwald. Der Brandherd befindet sich in einem extrem steilen, schwer zug\u00e4nglichen und unaufgeschlossenem Waldst\u00fcck. Aufgrund der Wetterlage, Rauchschwaden konnten sich [&hellip;]<\/p>\n","protected":false},"author":1,"featured_media":0,"parent":0,"menu_order":21,"comment_status":"closed","ping_status":"closed","template":"","meta":{"footnotes":""},"class_list":["post-493","page","type-page","status-publish","hentry"],"jetpack_sharing_enabled":true,"_links":{"self":[{"href":"https:\/\/www.feuerwehr-aigen.at\/index.php?rest_route=\/wp\/v2\/pages\/493","targetHints":{"allow":["GET"]}}],"collection":[{"href":"https:\/\/www.feuerwehr-aigen.at\/index.php?rest_route=\/wp\/v2\/pages"}],"about":[{"href":"https:\/\/www.feuerwehr-aigen.at\/index.php?rest_route=\/wp\/v2\/types\/page"}],"author":[{"embeddable":true,"href":"https:\/\/www.feuerwehr-aigen.at\/index.php?rest_route=\/wp\/v2\/users\/1"}],"replies":[{"embeddable":true,"href":"https:\/\/www.feuerwehr-aigen.at\/index.php?rest_route=%2Fwp%2Fv2%2Fcomments&post=493"}],"version-history":[{"count":4,"href":"https:\/\/www.feuerwehr-aigen.at\/index.php?rest_route=\/wp\/v2\/pages\/493\/revisions"}],"predecessor-version":[{"id":2842,"href":"https:\/\/www.feuerwehr-aigen.at\/index.php?rest_route=\/wp\/v2\/pages\/493\/revisions\/2842"}],"wp:attachment":[{"href":"https:\/\/www.feuerwehr-aigen.at\/index.php?rest_route=%2Fwp%2Fv2%2Fmedia&parent=493"}],"curies":[{"name":"wp","href":"https:\/\/api.w.org\/{rel}","templated":true}]}}