{"id":491,"date":"2012-06-11T19:08:26","date_gmt":"2012-06-11T19:08:26","guid":{"rendered":"http:\/\/feuerwehr-aigen.d2solution.net\/index.php\/09-juni-2012-bereichsfeuerwehrleitungsbewerb-mitterberg\/"},"modified":"2017-09-11T21:13:06","modified_gmt":"2017-09-11T20:13:06","slug":"09-juni-2012-bereichsfeuerwehrleitungsbewerb-mitterberg","status":"publish","type":"page","link":"https:\/\/www.feuerwehr-aigen.at\/?page_id=491","title":{"rendered":"09.06.2012 &#8211; Bereichsfeuerwehrleitungsbewerb Mitterberg"},"content":{"rendered":"<p><strong>1 Bereichsfeuerwehrleistungsbewerb in Mitterberg<\/strong><\/p>\n<p><a title=\"fla Mitterberg\" href=\"http:\/\/feuerwehr-aigen.at\/wp-content\/uploads\/2012\/06\/sonstiges_fla_mitterberg_2012_01.jpg\"><img loading=\"lazy\" decoding=\"async\" class=\"alignleft\" title=\"FLA Mitterberg\" src=\"http:\/\/feuerwehr-aigen.at\/wp-content\/uploads\/2012\/06\/sonstiges_fla_mitterberg_2012_01.jpg\" alt=\"FLA Mitterberg\" width=\"150\" height=\"600\" align=\"left\" border=\"0\" hspace=\"5\" \/><\/a>Nach einigen Jahren Pause stellten wir wieder eine Gruppe f\u00fcr den Feuerwehrleistungsbewerb in Bronze und Silber.<\/p>\n<p>Alle angetretenen KameradenInnen besitzen noch kein Leistungsabzeichen daher war es eine besondere Herausforderung f\u00fcr die Gruppe das erste Mal bei einem Bewerb teizunehmen.<\/p>\n<p>Trotz der Nerv\u00f6sit\u00e4t konnten wir den Berwerb in Bronze und SIlber mit einer guten Platzierung einfahren.<\/p>\n<p>Im Berwerb um Bronze A erreichten sie den 13 Rang mit 359,63 Punkten und in Silber A den 17 Rang mit 342,43 Punkten.<\/p>\n<p>Da der n\u00e4chste Bereichsleistungsbewerb in Unterburg bereits in wenigen Tagen ist wird noch flei\u00dfig ge\u00fcbt um auch dort eine gute Leistung zu erreichen.<\/p>\n<p><a title=\"FLA Mitterberg\" href=\"http:\/\/www.feuerwehr-aigen.at\/?portfolio=09-06-2012-bereichsfeuerwehrleitungsbewerb\">zur Bildergalerie \u00bb<\/a>\u00a0\u00a0 \/\u00a0\u00a0 <a title=\"Ergebnis FLA Mitterberg\" href=\"http:\/\/feuerwehr-aigen.at\/wp-content\/uploads\/2012\/06\/sonstiges_fla_mitterberg_2012_ergebnisliste_mitterberg_2012.pdf\" target=\"_blank\">zur Ergebnisliste \u00bb<\/a><\/p>\n<p>&nbsp;<\/p>\n","protected":false},"excerpt":{"rendered":"<p>1 Bereichsfeuerwehrleistungsbewerb in Mitterberg Nach einigen Jahren Pause stellten wir wieder eine Gruppe f\u00fcr den Feuerwehrleistungsbewerb in Bronze und Silber. Alle angetretenen KameradenInnen besitzen noch kein Leistungsabzeichen daher war es eine besondere Herausforderung f\u00fcr die Gruppe das erste Mal bei einem Bewerb teizunehmen. Trotz der Nerv\u00f6sit\u00e4t konnten wir den Berwerb in Bronze und SIlber mit [&hellip;]<\/p>\n","protected":false},"author":1,"featured_media":0,"parent":0,"menu_order":26,"comment_status":"closed","ping_status":"closed","template":"","meta":{"footnotes":""},"class_list":["post-491","page","type-page","status-publish","hentry"],"jetpack_sharing_enabled":true,"_links":{"self":[{"href":"https:\/\/www.feuerwehr-aigen.at\/index.php?rest_route=\/wp\/v2\/pages\/491","targetHints":{"allow":["GET"]}}],"collection":[{"href":"https:\/\/www.feuerwehr-aigen.at\/index.php?rest_route=\/wp\/v2\/pages"}],"about":[{"href":"https:\/\/www.feuerwehr-aigen.at\/index.php?rest_route=\/wp\/v2\/types\/page"}],"author":[{"embeddable":true,"href":"https:\/\/www.feuerwehr-aigen.at\/index.php?rest_route=\/wp\/v2\/users\/1"}],"replies":[{"embeddable":true,"href":"https:\/\/www.feuerwehr-aigen.at\/index.php?rest_route=%2Fwp%2Fv2%2Fcomments&post=491"}],"version-history":[{"count":4,"href":"https:\/\/www.feuerwehr-aigen.at\/index.php?rest_route=\/wp\/v2\/pages\/491\/revisions"}],"predecessor-version":[{"id":2843,"href":"https:\/\/www.feuerwehr-aigen.at\/index.php?rest_route=\/wp\/v2\/pages\/491\/revisions\/2843"}],"wp:attachment":[{"href":"https:\/\/www.feuerwehr-aigen.at\/index.php?rest_route=%2Fwp%2Fv2%2Fmedia&parent=491"}],"curies":[{"name":"wp","href":"https:\/\/api.w.org\/{rel}","templated":true}]}}