{"id":488,"date":"2012-05-13T17:01:33","date_gmt":"2012-05-13T17:01:33","guid":{"rendered":"http:\/\/feuerwehr-aigen.d2solution.net\/index.php\/12-mai-2012-abschnittsuebung-aigen\/"},"modified":"2017-09-11T21:13:54","modified_gmt":"2017-09-11T20:13:54","slug":"12-mai-2012-abschnittsuebung-aigen","status":"publish","type":"page","link":"https:\/\/www.feuerwehr-aigen.at\/?page_id=488","title":{"rendered":"12.05.2012 &#8211; Abschnitts\u00fcbung Aigen"},"content":{"rendered":"<p><strong>Brand im Technikcenter Aigen!<\/strong><\/p>\n<p>Mit gro\u00dfem Interesse der Bev\u00f6lkerung f\u00fchrte am Samstag, 12. Mai 2012 die FF Aigen im Ennstal den Abschnittstag f\u00fcr den Abschnitt 03 Irdning durch.<\/p>\n<p><a title=\"Abschnitts\u00fcbung 2012\" href=\"galerie\/uebungen\/abschnittsuebung_2012\/\" target=\"_blank\"><img decoding=\"async\" class=\"alignleft\" title=\"Abschnitts\u00fcbung 2012\" src=\"http:\/\/feuerwehr-aigen.at\/wp-content\/uploads\/2012\/05\/Uebungen_as_uebung2012_as_uebung2012.jpg\" alt=\"Abschnitts\u00fcbung 2012\" width=\"150\" align=\"left\" border=\"0\" hspace=\"5\" \/><\/a>Dieser begann mit einer obligatorischen Formalexerziervorf\u00fchrung. Anschlie\u00dfend wurde die Branddienstleistungspr\u00fcfung vorgef\u00fchrt.<\/p>\n<p>Bereits am Vormittag legten 2 Gruppen der FF Aigen im Ennstal\u00a0 die Branddienstleistungspr\u00fcfung in Bronze ab.<br \/>\nUnter den pr\u00fcfenden Blicken der Bewerter konnte sich der B\u00fcrgermeister der Gemeinde Aigen, Hager Raimund, sowie zahlreich erschienenen Besuchern davon \u00fcberzeugen, dass die beiden Gruppen sich darauf sehr gut vorbereitet haben.<br \/>\nNach gut einer Stunde konnte HBI Tiefenbacher Manfred die beiden Gruppen antreten lassen um die Abzeichen in Empfang zu nehmen.<br \/>\nAbschlie\u00dfend bedankte sich noch der Bewerterstab f\u00fcr die sehr gute Vorbereitung und wie wichtig solche Bewerbe f\u00fcr den allt\u00e4glichen Feuerwehreinsatz sind.<br \/>\nB\u00fcrgermeister Hager Raimund sprach anerkennende Worte der gesamten Feuerwehr aus und freud sich schon auf einen Wiederantritt der beiden Gruppen zum Abzeichen in Silber!<\/p>\n<p>Am Nachmittag heulten dann die Sirenen f\u00fcr den Abschnitt Irdning und die Feuerwehr W\u00f6rschach.<\/p>\n<p>&#8222;Brand im Technikcenter Aigen&#8220; lautete die Meldung von Florian Liezen an die FF Aigen.<\/p>\n<p>\u00dcbungsannahme f\u00fcr die Abschnitts\u00fcbung war ein Brand im \u00d6llagerraum des Technikcenters des Landmarktes in Aigen. Mehrere Betriebsangeh\u00f6rige waren aufgrund der starken Rauchentwicklung eingeschlossen, da die Fluchtwege nicht mehr ben\u00fctzt werden konnten.<\/p>\n<p>Gleichzeitig mit der FF Aigen wurde lt. Objektalarmplan die FF Lantschern mit alarmiert.<br \/>\nBeide Feuerwehren \u00fcbernahmen den Erstangriff im Technikcenter.<\/p>\n<p>Nach kurzer Zeit setzte eine Privatperson einen Notruf an Florian Liezen ab und meldete einen Unfall beim Landmarkt Aigen .<br \/>\nEin unaufmerksamer Kunde des Landmarktes \u00fcbersah beim Ausfahren vom Parkplatze einen in den Einsatz fahrenden Feuerwehrkameraden und kollidiert mit diesem.<br \/>\n4 Personen wurden massiv eingeklemmt.<br \/>\nLaut Alarmstichw\u00f6rter wurden die Feuerwehren Irdning und Stainach alarmiert.<\/p>\n<p>Aufgrund des Unfalles musste die Stra\u00dfe zwischen W\u00f6rschach und Irdning gesperrt werden. Eine Umleitung \u00fcber Sallaberg wurde eingerichtet.<\/p>\n<p>Nach der Erkundung durch den Einsatzleiter HBI Tiefenbacher Manfred wurde aufgund des Ausma\u00dfes der Abschnitt 03 Irdning und die FF W\u00f6rschach alarmiert.<\/p>\n<p>Nach und nach trafen die einzelnen Feuerwehren am Einsatzort ein und arbeiteten die Einsatzauftr\u00e4ge mit Bravour ab.<br \/>\nIn diesem Zusammenhang wurde auch der Abschnittsf\u00fchrungsstab, welche mit der Einsatzleitung Aigen zusammengearbeitet hat, aufgebaut.<\/p>\n<p>Insgesamt wurden 14 Personen gerettet und dem Roten Kreuz zur weiteren Versorgung \u00fcbergeben.<\/p>\n<p>Nach &#8222;Brand aus, zum Abmarsch fertig&#8220; folgte die \u00dcbungsnachbesprechung im R\u00fcsthaus der FF Aigen unter Abschnittskommantant ABI Helmut Sam.<br \/>\nAls Grundlage der Nachbesprechung diente eine sehr gut erarbeitet Powerpointpr\u00e4sentation durch die Einsatzleitung Aigen.<\/p>\n<p>B\u00fcrgermeister Raimund Hager dankte den Feuerwehren f\u00fcr die aufopfernde Arbeit im Feuerwehrwesen und stellte den Feuerwehren ein sehr gutes Zeugnis aus.<\/p>\n<p>F\u00fcr den Landmarkt Aigen bedanke sich Werkst\u00e4ttenleiter Kummer Ernst bei der Ausf\u00fchrenden Feuerwehr Aigen f\u00fcr die Abhaltung der \u00dcbung in den weitl\u00e4ufigen Objekten der Landmarkt Aigen und weist nochmals auf die ausgehenden Gefahren durch\u00a0gelagerte gef\u00e4hrliche Stoffe (24.000 lt. Heiz\u00f6l, div. Frisch\u00f6le, S\u00e4uren und Laugen) hin.<\/p>\n<p>Bezirkskommandant OBR Gerhard P\u00f6tsch gratulierte zu dieser sehr gut ausgearbeiteten und durchgef\u00fchrten \u00dcbung. Er hob die sehr ruhige und gelassenen Vorgehensweise der Einsatzleitung hervor, welche zu dem \u00dcbungserfolg ma\u00dfgeblich beigetragen hat.<\/p>\n<p>Als Dank ladet die Fa. Landmarkt alle an der \u00dcbung beteiligten Kameraden auf ein Getr\u00e4nk und Essen ein.<br \/>\nDie Gemeinde Aigen \u00fcbernahm ebenfalls 2 Getr\u00e4nke.<br \/>\nEingesetzt waren:<br \/>\nTLF-A, KLF-A, MTF-A Aigen<br \/>\nMTF Fischern<br \/>\nTLF-A, MTF-A Lantschern<br \/>\nTLF-A, KDO Irdning<br \/>\nRLF-A Stainach<br \/>\nRLF-A, MTF-A W\u00f6rschach<br \/>\nTLF-A Altirdning<br \/>\nTLF-A Raumberg<br \/>\nTLF-A Erlsberg<br \/>\nRLF-A Unterburg<br \/>\nKLF-A Donnersbach<br \/>\nKLF-A, MTF-A P\u00fcrgg<br \/>\nRettung<br \/>\nPolizei<br \/>\nGesamt 132 Mann<\/p>\n<p>Bilder und Bericht: Bm Kerschhaggl Gerald, BI d.F Fritz Josef<\/p>\n<p><a title=\"Abschnitts\u00fcbung 2012\" href=\"http:\/\/www.feuerwehr-aigen.at\/?portfolio=12-05-2012-abschnittsuebung\">zur Bildergalerie \u00bb<\/a><\/p>\n","protected":false},"excerpt":{"rendered":"<p>Brand im Technikcenter Aigen! Mit gro\u00dfem Interesse der Bev\u00f6lkerung f\u00fchrte am Samstag, 12. Mai 2012 die FF Aigen im Ennstal den Abschnittstag f\u00fcr den Abschnitt 03 Irdning durch. Dieser begann mit einer obligatorischen Formalexerziervorf\u00fchrung. Anschlie\u00dfend wurde die Branddienstleistungspr\u00fcfung vorgef\u00fchrt. Bereits am Vormittag legten 2 Gruppen der FF Aigen im Ennstal\u00a0 die Branddienstleistungspr\u00fcfung in Bronze ab. [&hellip;]<\/p>\n","protected":false},"author":1,"featured_media":0,"parent":0,"menu_order":4,"comment_status":"closed","ping_status":"closed","template":"","meta":{"footnotes":""},"class_list":["post-488","page","type-page","status-publish","hentry"],"jetpack_sharing_enabled":true,"_links":{"self":[{"href":"https:\/\/www.feuerwehr-aigen.at\/index.php?rest_route=\/wp\/v2\/pages\/488","targetHints":{"allow":["GET"]}}],"collection":[{"href":"https:\/\/www.feuerwehr-aigen.at\/index.php?rest_route=\/wp\/v2\/pages"}],"about":[{"href":"https:\/\/www.feuerwehr-aigen.at\/index.php?rest_route=\/wp\/v2\/types\/page"}],"author":[{"embeddable":true,"href":"https:\/\/www.feuerwehr-aigen.at\/index.php?rest_route=\/wp\/v2\/users\/1"}],"replies":[{"embeddable":true,"href":"https:\/\/www.feuerwehr-aigen.at\/index.php?rest_route=%2Fwp%2Fv2%2Fcomments&post=488"}],"version-history":[{"count":4,"href":"https:\/\/www.feuerwehr-aigen.at\/index.php?rest_route=\/wp\/v2\/pages\/488\/revisions"}],"predecessor-version":[{"id":2844,"href":"https:\/\/www.feuerwehr-aigen.at\/index.php?rest_route=\/wp\/v2\/pages\/488\/revisions\/2844"}],"wp:attachment":[{"href":"https:\/\/www.feuerwehr-aigen.at\/index.php?rest_route=%2Fwp%2Fv2%2Fmedia&parent=488"}],"curies":[{"name":"wp","href":"https:\/\/api.w.org\/{rel}","templated":true}]}}