{"id":486,"date":"2012-04-29T06:29:29","date_gmt":"2012-04-29T06:29:29","guid":{"rendered":"http:\/\/feuerwehr-aigen.d2solution.net\/index.php\/28042012-waldbrand-woerschachwald\/"},"modified":"2017-09-11T21:15:04","modified_gmt":"2017-09-11T20:15:04","slug":"28042012-waldbrand-woerschachwald","status":"publish","type":"page","link":"https:\/\/www.feuerwehr-aigen.at\/?page_id=486","title":{"rendered":"28.04.2012 &#8211; Waldbrand W\u00f6rschachwald"},"content":{"rendered":"<p><strong>100 Mann l\u00f6schen &#8222;W\u00f6rschachwaldbrand&#8220;<\/strong><\/p>\n<p><a title=\"Waldbrand W\u00f6rschachwald 2012\" href=\"http:\/\/feuerwehr-aigen.at\/wp-content\/uploads\/2012\/04\/Einsaetze_woerschachwaldbrand_2012_01.jpg\"><img loading=\"lazy\" decoding=\"async\" class=\"alignleft\" title=\"Waldbrand W\u00f6rschachwald 2012\" src=\"http:\/\/feuerwehr-aigen.at\/wp-content\/uploads\/2012\/04\/Einsaetze_woerschachwaldbrand_2012_01.jpg\" alt=\"Waldbrand W\u00f6rschachwald 2012\" width=\"150\" height=\"338\" align=\"left\" border=\"0\" hspace=\"5\" \/><\/a>Heute Samstag ereilten die Feuerwehren des Bezirkes Liezen gleich mehrere Brandeins\u00e4tze. &#8222;Bedingt durch die aktuelle Trockenheit verbunden mit F\u00f6nwind gen\u00fcgt momentan ein Funke, um rasch unkontrollierbare Waldbr\u00e4nde zu entfachen&#8220;, mahnt Bereichsfeuerwehrkommandant OBR Gerhard P\u00f6tsch.<\/p>\n<p>So geschehen heute neben Rottenmann und Bad Aussee auch im L\u00f6schbereich der Feuerwehr W\u00f6rschachwald. In 990 Metern Seeh\u00f6he wollte ein Landwirt eine B\u00f6schung am Waldrand kontrolliert abheizen. Durch den anfachenden, vorherrschenden F\u00f6nwind aus Osten geriet das Feuer jedoch rasch au\u00dfer Kontrolle und binnen k\u00fcrzester Zeit stand ein kleines Waldst\u00fcck in schwer zug\u00e4nglichem Bereich in Brand. Die gro\u00dfe Problematik f\u00fcr die anr\u00fcckenden Feuerwehren bestand zum einen darin, da\u00df keine L\u00f6schwasserentnahmestelle an der Einsatzstelle zur Verf\u00fcgung stand, zum anderen konnten L\u00f6schangriffe in dem steilen Gel\u00e4nde nicht ohne weiteres vorgenommen werden.<\/p>\n<p>Die erste Problematik wurde gel\u00f6st, indem die 7 alarmierten Feuerwehren der Abschnitte 3 (Irdning) und 10 (Bad Mitterndorf) eine Zubringleitung vom Grimmingbach bis zur Einsatzsstelle entlang einer Stra\u00dfe legten. Diese hatte eine Gesamtdistanz von sage und schreibe 90 B-L\u00e4ngen, was einer L\u00e4nge von 1,8 km entspricht; 220 H\u00f6henmeter wurden dabei \u00fcberwunden. Um den notwendigen F\u00f6rderdruck \u00fcber die lange Strecke aufrecht zu erhalten, wurden in 4 Tragkraftspritzen eingesetzt. Die Zubringleitung m\u00fcndete beim TLFA 2000 Klachau, von wo aus die L\u00f6schleitung zum Verteiler und weiter die Angriffsleitungen via 3 C-Rohren errichtet wurde, weiters 1 HD-Angriffsleitung vom TLF direkt aus. Problematik 2 wurde gel\u00f6st, in dem von einem Traktor als Anschlagmittel aus die Angriffstrupps zu den Glutnestern abgeseilt wurden.<\/p>\n<p>Nachdem die langwierigen L\u00f6scharbeiten zur Bek\u00e4mpfung der Glutnester nur m\u00e4\u00dfigen Erfolg zeigten, wurde von der Einsatzleitung W\u00f6rschachwald \u00fcber die Bezirkswarnzentrale &#8222;Florian Liezen&#8220; auch der Waldbrand-St\u00fctzpunkt Aigen im Ennstal alarmiert. Nach Eintreffen der Spezialeinheit wurde mit dem Abl\u00f6schen der Glutnester mittels L\u00f6schrucks\u00e4cken begonnen. Die Arbeiten zogen sich noch bis in die Nachtstunden hin, der Brand konnte aber unter Kontrolle gebracht und gel\u00f6scht werden.<\/p>\n<p>Im Einsatz standen in Summe \u00fcber 100 Mann von 8 Feuerwehren mit 15 Fahrzeugen:<\/p>\n<p>FF W\u00f6rschachwald mit KLFA und MTF (15 Mann)<br \/>\nFF Klachau mit TLFA 2000 und KLFA (24 Mann)<br \/>\nFF Tauplitz mit KLF-A und MTF (17 Mann)<br \/>\nFF P\u00fcrgg mit KLFA und MTF (15 Mann)<br \/>\nFF Zauchen mit LFB (9 Mann)<br \/>\nFF Krungl mit KLFA (9 Mann)<br \/>\nFF Bad Mitterndorf mit TLFA 3000 (4 Mann)<br \/>\nFF Aigen im Ennstal mit LKW-A (5 Mann)<\/p>\n<p>Bereichsfeuerwehrkommandant<br \/>\nAbschnittsfeuerwehrkommandant<br \/>\nBereichs-Flugdienstbeauftragter<br \/>\nBereichs-\u00d6A-Beauftragter<br \/>\nAbschnitts-\u00d6A-Beauftragter<\/p>\n<p>Bilder und Bericht: OBI d.V. Chr. Schl\u00fc\u00dflmayr<\/p>\n<p><a title=\"Waldbrand W\u00f6rschachwald 2012\" href=\"http:\/\/www.feuerwehr-aigen.at\/?portfolio=17-18-06-2012-waldbrand-donnersbachwald\">zur Bildergalerie \u00bb<\/a><\/p>\n","protected":false},"excerpt":{"rendered":"<p>100 Mann l\u00f6schen &#8222;W\u00f6rschachwaldbrand&#8220; Heute Samstag ereilten die Feuerwehren des Bezirkes Liezen gleich mehrere Brandeins\u00e4tze. &#8222;Bedingt durch die aktuelle Trockenheit verbunden mit F\u00f6nwind gen\u00fcgt momentan ein Funke, um rasch unkontrollierbare Waldbr\u00e4nde zu entfachen&#8220;, mahnt Bereichsfeuerwehrkommandant OBR Gerhard P\u00f6tsch. So geschehen heute neben Rottenmann und Bad Aussee auch im L\u00f6schbereich der Feuerwehr W\u00f6rschachwald. In 990 Metern [&hellip;]<\/p>\n","protected":false},"author":1,"featured_media":0,"parent":0,"menu_order":22,"comment_status":"closed","ping_status":"closed","template":"","meta":{"footnotes":""},"class_list":["post-486","page","type-page","status-publish","hentry"],"jetpack_sharing_enabled":true,"_links":{"self":[{"href":"https:\/\/www.feuerwehr-aigen.at\/index.php?rest_route=\/wp\/v2\/pages\/486","targetHints":{"allow":["GET"]}}],"collection":[{"href":"https:\/\/www.feuerwehr-aigen.at\/index.php?rest_route=\/wp\/v2\/pages"}],"about":[{"href":"https:\/\/www.feuerwehr-aigen.at\/index.php?rest_route=\/wp\/v2\/types\/page"}],"author":[{"embeddable":true,"href":"https:\/\/www.feuerwehr-aigen.at\/index.php?rest_route=\/wp\/v2\/users\/1"}],"replies":[{"embeddable":true,"href":"https:\/\/www.feuerwehr-aigen.at\/index.php?rest_route=%2Fwp%2Fv2%2Fcomments&post=486"}],"version-history":[{"count":4,"href":"https:\/\/www.feuerwehr-aigen.at\/index.php?rest_route=\/wp\/v2\/pages\/486\/revisions"}],"predecessor-version":[{"id":2845,"href":"https:\/\/www.feuerwehr-aigen.at\/index.php?rest_route=\/wp\/v2\/pages\/486\/revisions\/2845"}],"wp:attachment":[{"href":"https:\/\/www.feuerwehr-aigen.at\/index.php?rest_route=%2Fwp%2Fv2%2Fmedia&parent=486"}],"curies":[{"name":"wp","href":"https:\/\/api.w.org\/{rel}","templated":true}]}}