{"id":484,"date":"2012-04-20T06:25:35","date_gmt":"2012-04-20T06:25:35","guid":{"rendered":"http:\/\/feuerwehr-aigen.d2solution.net\/index.php\/19-april-2012-uebergabe-fernseher\/"},"modified":"2016-11-09T00:37:58","modified_gmt":"2016-11-09T00:37:58","slug":"19-april-2012-uebergabe-fernseher","status":"publish","type":"page","link":"https:\/\/www.feuerwehr-aigen.at\/?page_id=484","title":{"rendered":"19.04.2012 &#8211; \u00dcbergabe Fernseher"},"content":{"rendered":"<p><strong>Neuer Flachbildfernseher f\u00fcr die Freiwillige Feuerwehr Aigen<\/strong><\/p>\n<p><img loading=\"lazy\" decoding=\"async\" class=\"size-medium wp-image-483 alignleft\" src=\"http:\/\/www.feuerwehr-aigen.at\/wp-content\/uploads\/2012\/04\/sonstiges_fernseher_2012_fernseher01-300x243.jpg\" alt=\"sonstiges_fernseher_2012_fernseher01\" width=\"300\" height=\"243\" srcset=\"https:\/\/www.feuerwehr-aigen.at\/wp-content\/uploads\/2012\/04\/sonstiges_fernseher_2012_fernseher01-300x243.jpg 300w, https:\/\/www.feuerwehr-aigen.at\/wp-content\/uploads\/2012\/04\/sonstiges_fernseher_2012_fernseher01-768x621.jpg 768w, https:\/\/www.feuerwehr-aigen.at\/wp-content\/uploads\/2012\/04\/sonstiges_fernseher_2012_fernseher01.jpg 800w\" sizes=\"auto, (max-width: 300px) 100vw, 300px\" \/>Am 19. April 2012 \u00fcbergaben in Vertretung f\u00fcr den B\u00fcrgermeister der Gemeinde Aigen im Ennstal, Raimund Hager, Viezeb\u00fcrgermeister Walter Kanduth und Amtsleiter Gerhard Sch\u00f6nthaler einen neuen Flachbildfernseher an die Feuerwehr Aigen.<\/p>\n<p>F\u00fcr \u00dcbungs- und Fortbildungszwecke l\u00f6st der neue und moderne Bildschirm den bestehenden und nicht mehr funktionst\u00fcchtigen Fernseher ab.<\/p>\n<p>Die Vertreter der Gemeinde bedankten sich f\u00fcr die unentgeltliche Arbeit und w\u00fcrdigten die Leistungen der Feuerwehr Aigen.<\/p>\n<p>HBI Tiefenbacher Manfred bedankte sich f\u00fcr die \u00dcbergabe des neuen Ger\u00e4tes und gab seine Zusage, weiterhin f\u00fcr die Allgemeinheit und die Gemeinde Aigen mit voller Kraft weiter zu arbeiten.<\/p>\n<p><span style=\"color: #333333; font-family: helvetica;\"><br \/>\n<\/span><\/p>\n","protected":false},"excerpt":{"rendered":"<p>Neuer Flachbildfernseher f\u00fcr die Freiwillige Feuerwehr Aigen Am 19. April 2012 \u00fcbergaben in Vertretung f\u00fcr den B\u00fcrgermeister der Gemeinde Aigen im Ennstal, Raimund Hager, Viezeb\u00fcrgermeister Walter Kanduth und Amtsleiter Gerhard Sch\u00f6nthaler einen neuen Flachbildfernseher an die Feuerwehr Aigen. F\u00fcr \u00dcbungs- und Fortbildungszwecke l\u00f6st der neue und moderne Bildschirm den bestehenden und nicht mehr funktionst\u00fcchtigen Fernseher [&hellip;]<\/p>\n","protected":false},"author":1,"featured_media":0,"parent":0,"menu_order":27,"comment_status":"closed","ping_status":"closed","template":"","meta":{"footnotes":""},"class_list":["post-484","page","type-page","status-publish","hentry"],"jetpack_sharing_enabled":true,"_links":{"self":[{"href":"https:\/\/www.feuerwehr-aigen.at\/index.php?rest_route=\/wp\/v2\/pages\/484","targetHints":{"allow":["GET"]}}],"collection":[{"href":"https:\/\/www.feuerwehr-aigen.at\/index.php?rest_route=\/wp\/v2\/pages"}],"about":[{"href":"https:\/\/www.feuerwehr-aigen.at\/index.php?rest_route=\/wp\/v2\/types\/page"}],"author":[{"embeddable":true,"href":"https:\/\/www.feuerwehr-aigen.at\/index.php?rest_route=\/wp\/v2\/users\/1"}],"replies":[{"embeddable":true,"href":"https:\/\/www.feuerwehr-aigen.at\/index.php?rest_route=%2Fwp%2Fv2%2Fcomments&post=484"}],"version-history":[{"count":3,"href":"https:\/\/www.feuerwehr-aigen.at\/index.php?rest_route=\/wp\/v2\/pages\/484\/revisions"}],"predecessor-version":[{"id":1811,"href":"https:\/\/www.feuerwehr-aigen.at\/index.php?rest_route=\/wp\/v2\/pages\/484\/revisions\/1811"}],"wp:attachment":[{"href":"https:\/\/www.feuerwehr-aigen.at\/index.php?rest_route=%2Fwp%2Fv2%2Fmedia&parent=484"}],"curies":[{"name":"wp","href":"https:\/\/api.w.org\/{rel}","templated":true}]}}