{"id":4779,"date":"2022-01-19T22:40:52","date_gmt":"2022-01-19T21:40:52","guid":{"rendered":"https:\/\/www.feuerwehr-aigen.at\/?page_id=4779"},"modified":"2022-12-24T07:53:37","modified_gmt":"2022-12-24T06:53:37","slug":"sonstige-2022","status":"publish","type":"page","link":"https:\/\/www.feuerwehr-aigen.at\/?page_id=4779","title":{"rendered":"Sonstige 2022"},"content":{"rendered":"<section class=\"av_textblock_section \"  itemscope=\"itemscope\" itemtype=\"https:\/\/schema.org\/CreativeWork\" ><div class='avia_textblock  '   itemprop=\"text\" ><table style=\"width: 86.2168%; height: 492px;\">\n<tbody>\n<tr style=\"height: 10px;\">\n<td style=\"width: 19.1744%; height: 10px;\"><strong> <b>Datum\/Uhrzeit<\/b><\/strong><\/td>\n<td style=\"width: 42.7379%; height: 10px;\"><strong>\u00a0Veranstaltung 2022<\/strong><\/td>\n<td style=\"width: 7.55064%; height: 10px;\"><strong>\u00a0Mann<\/strong><\/td>\n<td style=\"width: 16.3219%; height: 10px;\"><strong>\u00a0Fahrzeuge<\/strong><\/td>\n<td style=\"width: 37.6282%; height: 10px;\"><strong>\u00a0Bericht<\/strong><\/td>\n<\/tr>\n<tr>\n<td style=\"width: 19.1744%;\">23.12.2022<br \/>\n15:30 &#8211; 19:00<\/td>\n<td style=\"width: 42.7379%;\">Friedenslicht Abholung Rottenmann<\/td>\n<td style=\"width: 7.55064%;\">10<\/td>\n<td style=\"width: 16.3219%;\">MTF-A<\/td>\n<td style=\"width: 37.6282%;\"><\/td>\n<\/tr>\n<tr>\n<td style=\"width: 19.1744%;\">17.-18.12.2022<br \/>\n18:30 &#8211; 03:00<\/td>\n<td style=\"width: 42.7379%;\">Weihnachtsfeier<\/td>\n<td style=\"width: 7.55064%;\">38<\/td>\n<td style=\"width: 16.3219%;\"><\/td>\n<td style=\"width: 37.6282%;\"><\/td>\n<\/tr>\n<tr>\n<td style=\"width: 19.1744%;\">05.12.2022<br \/>\n17:00 &#8211; 20:00<\/td>\n<td style=\"width: 42.7379%;\">Verwaltungst\u00e4tigkeiten Schriftf\u00fchrer,HBI<\/td>\n<td style=\"width: 7.55064%;\">3<\/td>\n<td style=\"width: 16.3219%;\"><\/td>\n<td style=\"width: 37.6282%;\"><\/td>\n<\/tr>\n<tr>\n<td style=\"width: 19.1744%;\">26.11.2022<br \/>\n18:30 &#8211; 22:00<\/td>\n<td style=\"width: 42.7379%;\">ABI Wahl im R\u00fcsthaus Stainach<\/td>\n<td style=\"width: 7.55064%;\">2<\/td>\n<td style=\"width: 16.3219%;\"><\/td>\n<td style=\"width: 37.6282%;\"><\/td>\n<\/tr>\n<tr>\n<td style=\"width: 19.1744%;\">24.11.2022<br \/>\n14:00 &#8211; 17:00<\/td>\n<td style=\"width: 42.7379%;\">Wartungsarbeiten KFZ<br \/>\nKettenmontage,Pickerl<\/td>\n<td style=\"width: 7.55064%;\">1<\/td>\n<td style=\"width: 16.3219%;\">LKW-A,MTF Fischern<\/td>\n<td style=\"width: 37.6282%;\"><\/td>\n<\/tr>\n<tr>\n<td style=\"width: 19.1744%;\">16.11.2022<br \/>\n19:00 &#8211; 23:00<\/td>\n<td style=\"width: 42.7379%;\">3. Ausschu\u00dfsitzung<\/td>\n<td style=\"width: 7.55064%;\">13<\/td>\n<td style=\"width: 16.3219%;\"><\/td>\n<td style=\"width: 37.6282%;\"><\/td>\n<\/tr>\n<tr>\n<td style=\"width: 19.1744%;\">09.11.2022<br \/>\n11:00 &#8211; 13:00<\/td>\n<td style=\"width: 42.7379%;\">\u00a0Funkger\u00e4te zum Update nach Stainach gebracht<\/td>\n<td style=\"width: 7.55064%;\">2<\/td>\n<td style=\"width: 16.3219%;\">MTF-A<\/td>\n<td style=\"width: 37.6282%;\"><\/td>\n<\/tr>\n<tr>\n<td style=\"width: 19.1744%;\">03.11.2022<br \/>\n11:00 &#8211; 16:00<\/td>\n<td style=\"width: 42.7379%;\">TS von Reparatur bei Fa. Lohr abgeholt<\/td>\n<td style=\"width: 7.55064%;\">1<\/td>\n<td style=\"width: 16.3219%;\">KLF-A<\/td>\n<td style=\"width: 37.6282%;\"><\/td>\n<\/tr>\n<tr>\n<td style=\"width: 19.1744%;\">27.10.2022<br \/>\n18:30 &#8211; 20:30<\/td>\n<td style=\"width: 42.7379%;\">Bezirksheldenehrung am Hauptplatz mit<br \/>\nBundesheer und \u00d6KB<\/td>\n<td style=\"width: 7.55064%;\">4<\/td>\n<td style=\"width: 16.3219%;\"><\/td>\n<td style=\"width: 37.6282%;\"><\/td>\n<\/tr>\n<tr>\n<td style=\"width: 19.1744%;\">09.10.2022<br \/>\n07:30 &#8211; 17:00<\/td>\n<td style=\"width: 42.7379%;\">Funkgrundkurs in Stainach<\/td>\n<td style=\"width: 7.55064%;\">3<\/td>\n<td style=\"width: 16.3219%;\">MTF-A<\/td>\n<td style=\"width: 37.6282%;\"><\/td>\n<\/tr>\n<tr>\n<td style=\"width: 19.1744%;\">05.10.2022<br \/>\n08:30 &#8211; 09:30<\/td>\n<td style=\"width: 42.7379%;\">Besprechung HLF2 Gemeindeamt<\/td>\n<td style=\"width: 7.55064%;\">2<\/td>\n<td style=\"width: 16.3219%;\"><\/td>\n<td style=\"width: 37.6282%;\"><\/td>\n<\/tr>\n<tr>\n<td style=\"width: 19.1744%;\">04.10.2022<br \/>\n07:30 &#8211; 18:00<\/td>\n<td style=\"width: 42.7379%;\">Baubesprechung Waldbrandfahrzeug Unimog<br \/>\nin der LFZS Lebring<\/td>\n<td style=\"width: 7.55064%;\">3<\/td>\n<td style=\"width: 16.3219%;\">MTF-A<\/td>\n<td style=\"width: 37.6282%;\"><\/td>\n<\/tr>\n<tr>\n<td style=\"width: 19.1744%;\">27.09.2022<br \/>\n09:00 &#8211; 11:00<\/td>\n<td style=\"width: 42.7379%;\">Hallo Auto der VS Aigen<\/td>\n<td style=\"width: 7.55064%;\">1<\/td>\n<td style=\"width: 16.3219%;\"><\/td>\n<td style=\"width: 37.6282%;\"><\/td>\n<\/tr>\n<tr>\n<td style=\"width: 19.1744%;\">21.09.2022<br \/>\n08:30 &#8211; 19:30<\/td>\n<td style=\"width: 42.7379%;\">Seniorenausflug des Abschnittes Irdning nach<br \/>\nJohnsbach<\/td>\n<td style=\"width: 7.55064%;\">4<\/td>\n<td style=\"width: 16.3219%;\">MTF-A<\/td>\n<td style=\"width: 37.6282%;\"><\/td>\n<\/tr>\n<tr>\n<td style=\"width: 19.1744%;\">22.09.2022<br \/>\n18:30 &#8211; 21:30<\/td>\n<td style=\"width: 42.7379%;\">Besprechung HLF 2<\/td>\n<td style=\"width: 7.55064%;\">6<\/td>\n<td style=\"width: 16.3219%;\"><\/td>\n<td style=\"width: 37.6282%;\"><\/td>\n<\/tr>\n<tr>\n<td style=\"width: 19.1744%;\">01.09.2022<br \/>\n09:00 &#8211; 13:00<\/td>\n<td style=\"width: 42.7379%;\">Wartungsarbeiten EDV<\/td>\n<td style=\"width: 7.55064%;\">1<\/td>\n<td style=\"width: 16.3219%;\"><\/td>\n<td style=\"width: 37.6282%;\"><\/td>\n<\/tr>\n<tr>\n<td style=\"width: 19.1744%;\">29.08.2022<br \/>\n18:00 &#8211; 19:30<\/td>\n<td style=\"width: 42.7379%;\">Zeltabbau Boccia Turnier<\/td>\n<td style=\"width: 7.55064%;\">15<\/td>\n<td style=\"width: 16.3219%;\"><\/td>\n<td style=\"width: 37.6282%;\"><\/td>\n<\/tr>\n<tr>\n<td style=\"width: 19.1744%;\">28.08.2022<br \/>\n09:00 &#8211; 13:00<\/td>\n<td style=\"width: 42.7379%;\">Zusammenr\u00e4umen Boccia Turnier<\/td>\n<td style=\"width: 7.55064%;\">10<\/td>\n<td style=\"width: 16.3219%;\"><\/td>\n<td style=\"width: 37.6282%;\"><\/td>\n<\/tr>\n<tr>\n<td style=\"width: 19.1744%;\">27.-28.08.2022<br \/>\n11:30 &#8211; 02:30<\/td>\n<td style=\"width: 42.7379%;\">Boccia Turnier<\/td>\n<td style=\"width: 7.55064%;\">41<\/td>\n<td style=\"width: 16.3219%;\"><\/td>\n<td style=\"width: 37.6282%;\"><\/td>\n<\/tr>\n<tr>\n<td style=\"width: 19.1744%;\">24.08.2022<br \/>\n16:00 &#8211; 18:00<\/td>\n<td style=\"width: 42.7379%;\">Herrichten Boccia Turnier<\/td>\n<td style=\"width: 7.55064%;\">10<\/td>\n<td style=\"width: 16.3219%;\"><\/td>\n<td style=\"width: 37.6282%;\"><\/td>\n<\/tr>\n<tr>\n<td style=\"width: 19.1744%;\">22.08.2022<br \/>\n15:00 &#8211; 21:00<\/td>\n<td style=\"width: 42.7379%;\">Zeltaufbau Boccia Turnier<\/td>\n<td style=\"width: 7.55064%;\">15<\/td>\n<td style=\"width: 16.3219%;\"><\/td>\n<td style=\"width: 37.6282%;\"><\/td>\n<\/tr>\n<tr>\n<td style=\"width: 19.1744%;\">20.08.2022<br \/>\n16:00 &#8211; 21:00<\/td>\n<td style=\"width: 42.7379%;\">R\u00fcsthauseinweihung FF P\u00fcrgg<\/td>\n<td style=\"width: 7.55064%;\">2<\/td>\n<td style=\"width: 16.3219%;\"><\/td>\n<td style=\"width: 37.6282%;\"><\/td>\n<\/tr>\n<tr>\n<td style=\"width: 19.1744%;\">01.08.2022<br \/>\n09:00 &#8211; 13:00<\/td>\n<td style=\"width: 42.7379%;\">Wartungsarbeiten EDV<\/td>\n<td style=\"width: 7.55064%;\">1<\/td>\n<td style=\"width: 16.3219%;\"><\/td>\n<td style=\"width: 37.6282%;\"><\/td>\n<\/tr>\n<tr>\n<td style=\"width: 19.1744%;\">26.07.2022<br \/>\n19:30 &#8211; 22:00<\/td>\n<td style=\"width: 42.7379%;\">Besprechung Feuerwehrfest<\/td>\n<td style=\"width: 7.55064%;\">18<\/td>\n<td style=\"width: 16.3219%;\"><\/td>\n<td style=\"width: 37.6282%;\"><\/td>\n<\/tr>\n<tr>\n<td style=\"width: 19.1744%;\">21.07.2022<br \/>\n17:00 &#8211; 19:00<\/td>\n<td style=\"width: 42.7379%;\">Wartungsarbeiten Ger\u00e4te<\/td>\n<td style=\"width: 7.55064%;\">1<\/td>\n<td style=\"width: 16.3219%;\"><\/td>\n<td style=\"width: 37.6282%;\"><\/td>\n<\/tr>\n<tr>\n<td style=\"width: 19.1744%;\">15.07.2022<br \/>\n18:00 &#8211; 21:30<\/td>\n<td style=\"width: 42.7379%;\">Besprechung\u00a0 Ersatzbeschaffung\u00a0 HLF 2 mit Fa. Lohr-Magirus<\/td>\n<td style=\"width: 7.55064%;\">9<\/td>\n<td style=\"width: 16.3219%;\"><\/td>\n<td style=\"width: 37.6282%;\"><\/td>\n<\/tr>\n<tr>\n<td style=\"width: 19.1744%;\">14.07.2022<br \/>\n17:00 &#8211; 21:30<\/td>\n<td style=\"width: 42.7379%;\">Besprechung\u00a0 Ersatzbeschaffung\u00a0 HLF 2 mit Fa. Rosenbauer<\/td>\n<td style=\"width: 7.55064%;\">8<\/td>\n<td style=\"width: 16.3219%;\"><\/td>\n<td style=\"width: 37.6282%;\"><\/td>\n<\/tr>\n<tr>\n<td style=\"width: 19.1744%;\">11.07.2022<br \/>\n16:00 &#8211; 17:00<\/td>\n<td style=\"width: 42.7379%;\">Wartungsarbeiten KLF-A<\/td>\n<td style=\"width: 7.55064%;\">1<\/td>\n<td style=\"width: 16.3219%;\">KLF-A<\/td>\n<td style=\"width: 37.6282%;\"><\/td>\n<\/tr>\n<tr>\n<td style=\"width: 19.1744%;\">09.07.2022<br \/>\n05:30 &#8211; 21:00<\/td>\n<td style=\"width: 42.7379%;\">50.\u00a0 LFJB und\u00a0 13. LFJB Spiel<br \/>\nin Gnas (Feldbach)<\/td>\n<td style=\"width: 7.55064%;\">7<\/td>\n<td style=\"width: 16.3219%;\">MTF-A<\/td>\n<td style=\"width: 37.6282%;\"><\/td>\n<\/tr>\n<tr>\n<td style=\"width: 19.1744%;\">25.06.2022<br \/>\n16:00 &#8211; 02:00<\/td>\n<td style=\"width: 42.7379%;\">Segnung R\u00fcsthauszubau,90 Jahr Feier<br \/>\nFF Raumberg<\/td>\n<td style=\"width: 7.55064%;\">3<\/td>\n<td style=\"width: 16.3219%;\"><\/td>\n<td style=\"width: 37.6282%;\"><\/td>\n<\/tr>\n<tr>\n<td style=\"width: 19.1744%;\">24.06.2022<br \/>\n13:00 &#8211; 19:30<\/td>\n<td style=\"width: 42.7379%;\">Begr\u00e4bnis HFM Wenzel Lemmerer<\/td>\n<td style=\"width: 7.55064%;\">17<\/td>\n<td style=\"width: 16.3219%;\">MTF-A<\/td>\n<td style=\"width: 37.6282%;\"><\/td>\n<\/tr>\n<tr>\n<td style=\"width: 19.1744%;\">24.06.2022<br \/>\n09:00 &#8211; 10:00<\/td>\n<td style=\"width: 42.7379%;\">Kondolieren HFM Wenzel Lemmerer<\/td>\n<td style=\"width: 7.55064%;\">6<\/td>\n<td style=\"width: 16.3219%;\">MTF-A<\/td>\n<td style=\"width: 37.6282%;\"><\/td>\n<\/tr>\n<tr>\n<td style=\"width: 19.1744%;\">22.06.2022<br \/>\n08:15 &#8211; 11:15<\/td>\n<td style=\"width: 42.7379%;\">Kindergarten zu Besuch<\/td>\n<td style=\"width: 7.55064%;\">5<\/td>\n<td style=\"width: 16.3219%;\">TLF-A,KLF-A<br \/>\nMTF-A,LKW-A<br \/>\nBorgi<\/td>\n<td style=\"width: 37.6282%;\"><\/td>\n<\/tr>\n<tr>\n<td style=\"width: 19.1744%;\">19.06.2022<br \/>\n14:00 &#8211; 16:15<\/td>\n<td style=\"width: 42.7379%;\">FJLB \u00dcbung<\/td>\n<td style=\"width: 7.55064%;\">5<\/td>\n<td style=\"width: 16.3219%;\">MTF-\u00a0 A<\/td>\n<td style=\"width: 37.6282%;\"><\/td>\n<\/tr>\n<tr>\n<td style=\"width: 19.1744%;\">17.06.2022<br \/>\n18:00 &#8211; 23:59<\/td>\n<td style=\"width: 42.7379%;\">HLF 2 Segnung FF W\u00f6rschach<\/td>\n<td style=\"width: 7.55064%;\">8<\/td>\n<td style=\"width: 16.3219%;\">MTF &#8211; A<\/td>\n<td style=\"width: 37.6282%;\"><\/td>\n<\/tr>\n<tr>\n<td style=\"width: 19.1744%;\">16.06.2022<br \/>\n08:30 &#8211; 12:30<\/td>\n<td style=\"width: 42.7379%;\">Wartungsarbeiten Fahrzeuge<\/td>\n<td style=\"width: 7.55064%;\">1<\/td>\n<td style=\"width: 16.3219%;\"><\/td>\n<td style=\"width: 37.6282%;\"><\/td>\n<\/tr>\n<tr>\n<td style=\"width: 19.1744%;\">15.06.2022<br \/>\n17:00 &#8211; 19:00<\/td>\n<td style=\"width: 42.7379%;\">Verwaltungst\u00e4tigkeit Schriftf\u00fchrer<\/td>\n<td style=\"width: 7.55064%;\">1<\/td>\n<td style=\"width: 16.3219%;\"><\/td>\n<td style=\"width: 37.6282%;\"><\/td>\n<\/tr>\n<tr>\n<td style=\"width: 19.1744%;\">14.06.2022<br \/>\n19:30 &#8211; 22:00<\/td>\n<td style=\"width: 42.7379%;\">2. Ausschu\u00dfsitzung<\/td>\n<td style=\"width: 7.55064%;\">16<\/td>\n<td style=\"width: 16.3219%;\"><\/td>\n<td style=\"width: 37.6282%;\"><\/td>\n<\/tr>\n<tr>\n<td style=\"width: 19.1744%;\">12.06.2022<br \/>\n07:30 &#8211; 17:00<\/td>\n<td style=\"width: 42.7379%;\">FJLB &#8211; Bewerb in Rottenmann<\/td>\n<td style=\"width: 7.55064%;\">3<\/td>\n<td style=\"width: 16.3219%;\">MTF &#8211; A<\/td>\n<td style=\"width: 37.6282%;\"><\/td>\n<\/tr>\n<tr>\n<td style=\"width: 19.1744%;\">10.06.2022<br \/>\n17:00 &#8211; 19:00<\/td>\n<td style=\"width: 42.7379%;\">FJLB \u00dcbung<\/td>\n<td style=\"width: 7.55064%;\">3<\/td>\n<td style=\"width: 16.3219%;\">MTF &#8211; A<\/td>\n<td style=\"width: 37.6282%;\"><\/td>\n<\/tr>\n<tr>\n<td style=\"width: 19.1744%;\">08.06.2022<br \/>\n17:00 &#8211; 19:00<\/td>\n<td style=\"width: 42.7379%;\">FJLB \u00dcbung<\/td>\n<td style=\"width: 7.55064%;\">3<\/td>\n<td style=\"width: 16.3219%;\">MTF &#8211; A<\/td>\n<td style=\"width: 37.6282%;\"><\/td>\n<\/tr>\n<tr>\n<td style=\"width: 19.1744%;\">05.06.2022<br \/>\n13:00 &#8211; 23:00<\/td>\n<td style=\"width: 42.7379%;\">Fahrzeugweihe der FF Lantschern<\/td>\n<td style=\"width: 7.55064%;\">11<\/td>\n<td style=\"width: 16.3219%;\"><\/td>\n<td style=\"width: 37.6282%;\"><\/td>\n<\/tr>\n<tr>\n<td style=\"width: 19.1744%;\">03.06.2022<br \/>\n17:00 &#8211; 19:00<\/td>\n<td style=\"width: 42.7379%;\">FJLB \u00dcbung<\/td>\n<td style=\"width: 7.55064%;\">3<\/td>\n<td style=\"width: 16.3219%;\">MTF &#8211; A<\/td>\n<td style=\"width: 37.6282%;\"><\/td>\n<\/tr>\n<tr>\n<td style=\"width: 19.1744%;\">01.06.2022<br \/>\n17:00 &#8211; 19:00<\/td>\n<td style=\"width: 42.7379%;\">FJLB \u00dcbung<\/td>\n<td style=\"width: 7.55064%;\">3<\/td>\n<td style=\"width: 16.3219%;\">MTF &#8211; A<\/td>\n<td style=\"width: 37.6282%;\"><\/td>\n<\/tr>\n<tr>\n<td style=\"width: 19.1744%;\">22.05.2022<br \/>\n07:30 &#8211; 11:00<\/td>\n<td style=\"width: 42.7379%;\">Verwaltungst\u00e4tigkeit Schriftf\u00fchrer<\/td>\n<td style=\"width: 7.55064%;\">1<\/td>\n<td style=\"width: 16.3219%;\"><\/td>\n<td style=\"width: 37.6282%;\"><\/td>\n<\/tr>\n<tr>\n<td style=\"width: 19.1744%;\">21.05.2022<br \/>\n18:30 &#8211; 23:30<\/td>\n<td style=\"width: 42.7379%;\">Wehr und Wahlversammlung<br \/>\nGasthaus Kirchenwirt<\/td>\n<td style=\"width: 7.55064%;\">34<\/td>\n<td style=\"width: 16.3219%;\"><\/td>\n<td style=\"width: 37.6282%;\"><\/td>\n<\/tr>\n<tr>\n<td style=\"width: 19.1744%;\">17.05.2022<br \/>\n13:00 &#8211; 15:00<\/td>\n<td style=\"width: 42.7379%;\">Wartungsarbeiten Flugdienst<br \/>\nPlane f\u00fcr 10.000l\u00a0 Beh\u00e4lter geschweisst<\/td>\n<td style=\"width: 7.55064%;\">2<\/td>\n<td style=\"width: 16.3219%;\"><\/td>\n<td style=\"width: 37.6282%;\"><\/td>\n<\/tr>\n<tr>\n<td style=\"width: 19.1744%;\">07.05.2022<br \/>\n17:00 &#8211; 22:00<\/td>\n<td style=\"width: 42.7379%;\">Florianikirchgang in Aigen<\/td>\n<td style=\"width: 7.55064%;\">37<\/td>\n<td style=\"width: 16.3219%;\"><\/td>\n<td style=\"width: 37.6282%;\"><\/td>\n<\/tr>\n<tr>\n<td style=\"width: 19.1744%;\">25.04.2022<br \/>\n19:00 &#8211; 21:00<\/td>\n<td style=\"width: 42.7379%;\">1. Ausschu\u00dfsitzung<br \/>\nBesprechung Waldbrandfahrzeug<\/td>\n<td style=\"width: 7.55064%;\">8<\/td>\n<td style=\"width: 16.3219%;\"><\/td>\n<td style=\"width: 37.6282%;\"><\/td>\n<\/tr>\n<tr>\n<td style=\"width: 19.1744%;\">22.04.2022<br \/>\n18:00 &#8211; 23:59<\/td>\n<td style=\"width: 42.7379%;\">Bezirksfeuerwehrtag Liezen<\/td>\n<td style=\"width: 7.55064%;\">4<\/td>\n<td style=\"width: 16.3219%;\"><\/td>\n<td style=\"width: 37.6282%;\"><\/td>\n<\/tr>\n<tr>\n<td style=\"width: 19.1744%;\">20.04.2022<br \/>\n16:30 &#8211; 19:00<\/td>\n<td style=\"width: 42.7379%;\">Besprechung Waldbrandfahrzeug<br \/>\nBezirkskommando<\/td>\n<td style=\"width: 7.55064%;\">2<\/td>\n<td style=\"width: 16.3219%;\"><\/td>\n<td style=\"width: 37.6282%;\"><\/td>\n<\/tr>\n<tr>\n<td style=\"width: 19.1744%;\">12.04.2022<br \/>\n13:00 &#8211; 17:00<\/td>\n<td style=\"width: 42.7379%;\">Flugdienstausr\u00fcstung durch T\u00dcV in Kapfenberg \u00fcberpr\u00fcft<\/td>\n<td style=\"width: 7.55064%;\">2<\/td>\n<td style=\"width: 16.3219%;\">LKW-A<\/td>\n<td style=\"width: 37.6282%;\"><\/td>\n<\/tr>\n<tr>\n<td style=\"width: 19.1744%;\">05.04.2022<br \/>\n05:00 &#8211; 22:00<\/td>\n<td style=\"width: 42.7379%;\">Kommandantenpr\u00fcfung Lebring<\/td>\n<td style=\"width: 7.55064%;\">1<\/td>\n<td style=\"width: 16.3219%;\">MTF-A<\/td>\n<td style=\"width: 37.6282%;\"><\/td>\n<\/tr>\n<tr style=\"height: 39px;\">\n<td style=\"width: 19.1744%; height: 39px;\">02.04.2022<br \/>\n08:30 &#8211; 12:30<\/td>\n<td style=\"width: 42.7379%; height: 39px;\">FJ Wissenstest und Spiel in \u00d6blarn<\/td>\n<td style=\"width: 7.55064%; height: 39px;\">8<\/td>\n<td style=\"width: 16.3219%; height: 39px;\">MTF<\/td>\n<td style=\"width: 37.6282%; height: 39px;\"><\/td>\n<\/tr>\n<tr style=\"height: 39px;\">\n<td style=\"width: 19.1744%; height: 39px;\">01.04.2022<br \/>\n09:00 &#8211; 13:00<\/td>\n<td style=\"width: 42.7379%; height: 39px;\">Wartungsarbeiten EDV<\/td>\n<td style=\"width: 7.55064%; height: 39px;\">1<\/td>\n<td style=\"width: 16.3219%; height: 39px;\"><\/td>\n<td style=\"width: 37.6282%; height: 39px;\"><\/td>\n<\/tr>\n<tr style=\"height: 39px;\">\n<td style=\"width: 19.1744%; height: 39px;\">31.03.2022<br \/>\n05:00- 19:00<\/td>\n<td style=\"width: 42.7379%; height: 39px;\">Kommandantenkurs<br \/>\nLebring<\/td>\n<td style=\"width: 7.55064%; height: 39px;\">1<\/td>\n<td style=\"width: 16.3219%; height: 39px;\"><\/td>\n<td style=\"width: 37.6282%; height: 39px;\"><\/td>\n<\/tr>\n<tr>\n<td style=\"width: 19.1744%;\">30.03-02.04.22<br \/>\n05:00 &#8211; 20:00<\/td>\n<td style=\"width: 42.7379%;\">MRAS Kurs<br \/>\nLebring<\/td>\n<td style=\"width: 7.55064%;\">1<\/td>\n<td style=\"width: 16.3219%;\"><\/td>\n<td style=\"width: 37.6282%;\"><\/td>\n<\/tr>\n<tr style=\"height: 39px;\">\n<td style=\"width: 19.1744%; height: 39px;\">19.03.2022<br \/>\n17:00 &#8211; 19:00<\/td>\n<td style=\"width: 42.7379%; height: 39px;\">Wartungsarbeiten<br \/>\nGer\u00e4te<\/td>\n<td style=\"width: 7.55064%; height: 39px;\">1<\/td>\n<td style=\"width: 16.3219%; height: 39px;\"><\/td>\n<td style=\"width: 37.6282%; height: 39px;\"><\/td>\n<\/tr>\n<tr style=\"height: 39px;\">\n<td style=\"width: 19.1744%; height: 39px;\">01.03.2022<br \/>\n09:00 &#8211; 13:00<\/td>\n<td style=\"width: 42.7379%; height: 39px;\">Wartungsarbeiten EDV<\/td>\n<td style=\"width: 7.55064%; height: 39px;\">1<\/td>\n<td style=\"width: 16.3219%; height: 39px;\"><\/td>\n<td style=\"width: 37.6282%; height: 39px;\"><\/td>\n<\/tr>\n<tr style=\"height: 39px;\">\n<td style=\"width: 19.1744%; height: 39px;\">28.02 &#8211; 03.03.22<br \/>\n05:00 &#8211; 20:00<\/td>\n<td style=\"width: 42.7379%; height: 39px;\">Kommandantenkurs<br \/>\nLebring<\/td>\n<td style=\"width: 7.55064%; height: 39px;\">1<\/td>\n<td style=\"width: 16.3219%; height: 39px;\"><\/td>\n<td style=\"width: 37.6282%; height: 39px;\"><\/td>\n<\/tr>\n<tr style=\"height: 39px;\">\n<td style=\"width: 19.1744%; height: 39px;\">24.02.2022<br \/>\n08:30 &#8211; 13:00<\/td>\n<td style=\"width: 42.7379%; height: 39px;\">Bauverhandlung Wohnen am See<\/td>\n<td style=\"width: 7.55064%; height: 39px;\">1<\/td>\n<td style=\"width: 16.3219%; height: 39px;\"><\/td>\n<td style=\"width: 37.6282%; height: 39px;\"><\/td>\n<\/tr>\n<tr style=\"height: 58px;\">\n<td style=\"width: 19.1744%; height: 58px;\">14.02.2022<br \/>\n13:30 &#8211; 21:00<\/td>\n<td style=\"width: 42.7379%; height: 58px;\">Besprechung Waldbrandfahrzeug neu in Lebring<\/td>\n<td style=\"width: 7.55064%; height: 58px;\">2<\/td>\n<td style=\"width: 16.3219%; height: 58px;\"><\/td>\n<td style=\"width: 37.6282%; height: 58px;\"><\/td>\n<\/tr>\n<tr style=\"height: 58px;\">\n<td style=\"width: 19.1744%; height: 58px;\">10.02.2022<br \/>\n18:00 &#8211; 21:00<\/td>\n<td style=\"width: 42.7379%; height: 58px;\">Besprechung\u00a0 Ersatzbeschaffung\u00a0 HLF 2 mit Fa. Empl<\/td>\n<td style=\"width: 7.55064%; height: 58px;\">3<\/td>\n<td style=\"width: 16.3219%; height: 58px;\"><\/td>\n<td style=\"width: 37.6282%; height: 58px;\"><\/td>\n<\/tr>\n<tr style=\"height: 58px;\">\n<td style=\"width: 19.1744%; height: 58px;\">04.02.2022<br \/>\n19:00 &#8211; 22:00<\/td>\n<td style=\"width: 42.7379%; height: 58px;\">Anprobe neue Einsatzbekleidung im R\u00fcsthaus<\/td>\n<td style=\"width: 7.55064%; height: 58px;\">40<\/td>\n<td style=\"width: 16.3219%; height: 58px;\"><\/td>\n<td style=\"width: 37.6282%; height: 58px;\"><\/td>\n<\/tr>\n<tr style=\"height: 35px;\">\n<td style=\"width: 19.1744%; height: 35px;\">26.01.2022<br \/>\n13:30 &#8211; 19:00<\/td>\n<td style=\"width: 42.7379%; height: 35px;\">Geburtstagsgratulation Fahnenpatin<br \/>\nVorberg<\/td>\n<td style=\"width: 7.55064%; height: 35px;\">5<\/td>\n<td style=\"width: 16.3219%; height: 35px;\">MTF-A<\/td>\n<td style=\"width: 37.6282%; height: 35px;\"><\/td>\n<\/tr>\n<\/tbody>\n<\/table>\n<\/div><\/section>\n","protected":false},"excerpt":{"rendered":"","protected":false},"author":1,"featured_media":0,"parent":4764,"menu_order":2,"comment_status":"closed","ping_status":"closed","template":"","meta":{"footnotes":""},"class_list":["post-4779","page","type-page","status-publish","hentry"],"jetpack_sharing_enabled":true,"_links":{"self":[{"href":"https:\/\/www.feuerwehr-aigen.at\/index.php?rest_route=\/wp\/v2\/pages\/4779","targetHints":{"allow":["GET"]}}],"collection":[{"href":"https:\/\/www.feuerwehr-aigen.at\/index.php?rest_route=\/wp\/v2\/pages"}],"about":[{"href":"https:\/\/www.feuerwehr-aigen.at\/index.php?rest_route=\/wp\/v2\/types\/page"}],"author":[{"embeddable":true,"href":"https:\/\/www.feuerwehr-aigen.at\/index.php?rest_route=\/wp\/v2\/users\/1"}],"replies":[{"embeddable":true,"href":"https:\/\/www.feuerwehr-aigen.at\/index.php?rest_route=%2Fwp%2Fv2%2Fcomments&post=4779"}],"version-history":[{"count":53,"href":"https:\/\/www.feuerwehr-aigen.at\/index.php?rest_route=\/wp\/v2\/pages\/4779\/revisions"}],"predecessor-version":[{"id":5189,"href":"https:\/\/www.feuerwehr-aigen.at\/index.php?rest_route=\/wp\/v2\/pages\/4779\/revisions\/5189"}],"up":[{"embeddable":true,"href":"https:\/\/www.feuerwehr-aigen.at\/index.php?rest_route=\/wp\/v2\/pages\/4764"}],"wp:attachment":[{"href":"https:\/\/www.feuerwehr-aigen.at\/index.php?rest_route=%2Fwp%2Fv2%2Fmedia&parent=4779"}],"curies":[{"name":"wp","href":"https:\/\/api.w.org\/{rel}","templated":true}]}}