{"id":477,"date":"2012-02-06T15:21:57","date_gmt":"2012-02-06T15:21:57","guid":{"rendered":"http:\/\/feuerwehr-aigen.d2solution.net\/index.php\/05-februar-2012-111-wehrversammlung\/"},"modified":"2017-09-11T21:17:05","modified_gmt":"2017-09-11T20:17:05","slug":"05-februar-2012-111-wehrversammlung","status":"publish","type":"page","link":"https:\/\/www.feuerwehr-aigen.at\/?page_id=477","title":{"rendered":"05.02.2012 &#8211; 111. Wehrversammlung"},"content":{"rendered":"<p><strong>Das Kommando der FF Aigen\/E wurde wieder best\u00e4tigt<\/strong><\/p>\n<p><a title=\"111. Wehrversammlung\" href=\"http:\/\/feuerwehr-aigen.at\/wp-content\/uploads\/2012\/02\/sonstiges_jhv_2012_jhv_2012.jpg\"><img loading=\"lazy\" decoding=\"async\" class=\"alignleft\" title=\"111. Wehrversammlung\" src=\"http:\/\/feuerwehr-aigen.at\/wp-content\/uploads\/2012\/02\/sonstiges_jhv_2012_jhv_2012.jpg\" alt=\"111. Wehrversammlung\" width=\"200\" height=\"450\" align=\"left\" border=\"0\" hspace=\"5\" \/><\/a>Am 05.02.2012 wurde um 09:00 Uhr die 111. Wehrversammlung durch HBI Tiefenbacher Manfred er\u00f6ffnet.<br \/>\nEr konnte zahlreiche Ehreng\u00e4ste darunter Bereichsfeuerwehrkommandant BR Hartl Heinz, Abschnittskommandant ABI Sam Helmut, EHBI Fritz Josef, Ehrenringtr\u00e4ger EOBM Segl Peter, Ehrenmitglieder der FF Aigen sowie Bgm. HAGER Raimund herzlich begr\u00fc\u00dfen.<\/p>\n<p>Im Anschluss daran erfolgte das Totengedenken an verstorbene Kameraden.<\/p>\n<p>Durch das Verlesen des Sitzungsprotokolls wurde wieder die letzte Wehrversammlung in Erinnerung gerufen.<br \/>\nDurch den umfangreichen Bericht von HBI Tiefenbacher \u00fcber die T\u00e4tigkeiten und Eins\u00e4tze des vergangenen Jahr folgte der Bericht des Kassiers der auf eine erfreuliche Kassengebahrung hinwies.<\/p>\n<p>BI d.F. Ing. Fritz Josef verwies in seinem Flugdienst und EDV Bericht auf 3 Eins\u00e4tze im vergangenen Jahr.<br \/>\nIn Zukunft m\u00fcsse mit der Einsatzleitung bei einem Einsatz mehr zusammengearbeitet werden.<br \/>\nErkundungsfl\u00fcge sollten mit der Einsatzleitung durchgef\u00fchrt werden.<br \/>\nEs wurden 4 \u00dcbungen im letzten Jahr abgehalten. In der FF Aigen\/E gibt es derzeit 11 Flugeinweiser, 5 Flughelfer sowie, 8 Kameraden mit dem Lehrgang f\u00fcr Menschenrettung und Absturzsicherung.<br \/>\nIm Bereich EDV funktioniert das neue Verwaltungsprogramm FDISK sehr gut.<\/p>\n<p>Der Funkbeauftragte LM d.V. Ing. Reiter Martin zeigte die Arbeitsleistung von 4 Abschnitts\u00fcbungen, wo eine in Aigen stattfand mit dem Schwergewicht Kartenkunde, auf.<br \/>\nWeiters wurden\u00a0 3 Zivilschutzprobealarme durchgef\u00fchrt.<br \/>\n2 Kameraden FM Th\u00f6ringer Alexander und FM Tiefenbacher Alexander absolvierten den Funklehrgang in Lebring.<\/p>\n<p>Der Bereich Sanit\u00e4t wird durch OLM d.S. Muckenhofer Bernd wahrgenommen wodurch es auch zur j\u00e4hrlichen Schulung f\u00fcr die Sanit\u00e4ter gekommen ist!<br \/>\nOLM Muckenhofer Bernd, OLM Wundersamer Harald und BM Kerschhaggl Gerald absolvierten das Sanit\u00e4tsabzeichen in Bronze.<br \/>\nAu\u00dferdem berichtete er noch das Anfang M\u00e4rz ein 16 Stunden Erste Hilfe Kurs im R\u00fcsthaus abgehalten wird wozu die Bev\u00f6lkerung herzlich eingeladen ist.<\/p>\n<p>LM d.F. GRUBER-Veit Thomas als Atemschutzbeauftragter berichtete das derzeit 19 Mann Atemschutztr\u00e4ger sind, 6 Mann die AKL Untersuchung absolvierten und 2 Mann den Atemschutzkurs in Lebring machten.<br \/>\nEs wurden 14 \u00dcbungen und 2 Eins\u00e4tze durchgef\u00fchrt.<\/p>\n<p>Jugendbeauftragter LM d.F. Winner Hannes verwies in seinem Bericht das am GAP2 teilgenommen wurde sowie auch bei \u00dcbungen, Funk\u00fcbungen und bei diversen Festveranstaltungen die Jugend immer flei\u00dfig mithilft.<\/p>\n<p>Seniorenbeauftragter EOBM Segl Peter bedankte sich f\u00fcr die Unterst\u00fctzung der 2 Abteilung und das immer wieder diverse Ausr\u00fcckungen erm\u00f6glicht werden.<\/p>\n<p>ZgKdt und \u00dcbungsleiter BM Kerschhaggl Gerald brachte die 18 \u00dcbungen des vergangenen Jahres n\u00e4her.<br \/>\nSomit wurden im vergangenen Jahr 1262 Std f\u00fcr die Aus- und Weiterbildung aufgebracht.<\/p>\n<p>Nach den Berichten der Ortsbeauftragten wurden JFM Mandlberger Verena und JFM Radlingmaier Jasmin angelobt und der Dienstgrad FM verliehen.<\/p>\n<p>Bef\u00f6rdert wurde OLM Strobl Siegfried zum HLM, FM Winner Veronika und FM Strobl Manfred zum OFM.<\/p>\n<p>Im Anschluss daran erfolgte die Neuwahl bei der HBI Tiefenbacher Manfred und OBI Wundersamer Dietmar wiedergew\u00e4hlt und in ihrer Arbeit best\u00e4tigt wurden.<\/p>\n<p>Abschlie\u00dfend erfolgten noch die Ansprachen von B\u00fcrgermeister Hager Raimund der die Gr\u00fc\u00dfe des Gemeinderates \u00fcberbrachte und f\u00fcr die gute Zusammenarbeit mit der Feuerwehr dankte.<br \/>\nDie Zustimmung f\u00fcr das neue KLF-A sei von Seiten des Landes unter Dach und Fach.<br \/>\nEr\u00a0 sprach auch kurz das derzeitig herrschende Hubschrauberproblem an die bei Eins\u00e4tzen immer wieder notwendigst ben\u00f6tigt werden.<br \/>\nBesonderen Dank f\u00fcr seine langj\u00e4hrigen T\u00e4tigkeiten sprach er HLM Gruber-Veit Franz aus, welcher aus pers\u00f6nlichen Gr\u00fcnden aus dem Feuerwehrdienst ausscheiden wolle.<br \/>\nAbschlie\u00dfend dankte er der gesamten Feuerwehr dass sie das wiedergew\u00e4hlte Kommando einstimmig w\u00e4hlten.<\/p>\n<p>Abschnittskommandant ABI Sam Helmut brachte in seiner Rede das die Abschnitts\u00fcbung heuer in Aigen stattfindet.<br \/>\nEs soll wieder eine Atemschutzleistungspr\u00fcfung im Bezirk geben.<\/p>\n<p>Bereichsfeuewehrkommandant Stellvertreter BR Hartl Heinz \u00fcberbrachte die Gr\u00fc\u00dfe des Bereichsfeuerwehrverbandes Liezen.<br \/>\nEr verwies auf die wertvolle T\u00e4tigkeit des Schriftf\u00fchrers.<br \/>\nHob besonders hervor das beim AKL Test alle positiv waren und das dieser Test nicht nur f\u00fcr den Dienst sondern auch f\u00fcr die Gesundheit sehr wichtig ist.<br \/>\nSanit\u00e4tswesen und Funk sind sehr wichtige Bereiche bei der Feuerwehr und werden auch vorbildlich gef\u00fchrt.<br \/>\nKurz wurde noch das Problem Waldbrand angeschnitten wo derzeit herrschende Probleme beseitigt werden m\u00fcssen.<br \/>\nAb 15 M\u00e4rz soll im Bezirk auf die Landesleitzentrale umgeschaltet werden.<br \/>\nIn der Steiermark gibt es eine neue Strukturreform.<br \/>\nAuch das der Landesfeuerwehrtag 2012 im Bezirk stattfindet und eine rege Teilnahme erwartet.<\/p>\n<p>Zu guter letzt wurde HBM Mandlberger Herbert eine Urkunde zum Ehren Hauptbrandmeister \u00fcbergeben der nach 39 j\u00e4hriger T\u00e4tigkeit f\u00fcr die<br \/>\nVerm\u00f6gensverwaltung sein Amt zur\u00fccklegte!<\/p>\n<p>Der neu gew\u00e4hlte Ausschuss und Erweiterte Ausschuss der FF Aigen\/E<\/p>\n<table border=\"0\">\n<tbody>\n<tr>\n<td>\u00a0Kommandant<\/td>\n<td>\u00a0HBI Tiefenbacher Manfred<\/td>\n<\/tr>\n<tr>\n<td>\u00a0Kommandant Stv. \/ Funk<\/td>\n<td>\u00a0OBI Wundersamer Dietmar<\/td>\n<\/tr>\n<tr>\n<td>\u00a0Kassier<\/td>\n<td>\u00a0LM d.V. Reiter Martin<\/td>\n<\/tr>\n<tr>\n<td>\u00a0Schriftf\u00fchrer<\/td>\n<td>\u00a0OLM d.V. Wundersamer Harald<\/td>\n<\/tr>\n<tr>\n<td>\u00a0Zgkdt. \/ Presse<\/td>\n<td>\u00a0BM Kerschhaggl Gerald<\/td>\n<\/tr>\n<tr>\n<td>\u00a0Zgkdt. L\u00f6schzug Fischern<\/td>\n<td>\u00a0OBM W\u00f6hrer Ferdinant<\/td>\n<\/tr>\n<tr>\n<td>\u00a0Grpkdt. \/ Waldbrand \/ EDV<\/td>\n<td>\u00a0BI d.F. Fritz Josef<\/td>\n<\/tr>\n<tr>\n<td>\u00a0Grpkdt.<\/td>\n<td>\u00a0HLM Strobl Siegfried<\/td>\n<\/tr>\n<tr>\n<td>\u00a0Grpkdt. \/ Ger\u00e4temeister Stv.<\/td>\n<td>\u00a0OLM Kerschhaggl Hannes<\/td>\n<\/tr>\n<tr>\n<td>\u00a0Grpkdt. \/ Sanit\u00e4tsbeauftragter<\/td>\n<td>\u00a0OLM Muckenhofer Bernd<\/td>\n<\/tr>\n<tr>\n<td>\u00a0Maschinenmeister<\/td>\n<td>\u00a0LM d.F. G\u00fcrtler Heinz<\/td>\n<\/tr>\n<tr>\n<td>\u00a0Ger\u00e4temeister<\/td>\n<td>\u00a0LM d.F. Daum Christian<\/td>\n<\/tr>\n<tr>\n<td>\u00a0Atemschutzwart<\/td>\n<td>\u00a0FM Tiefenbacher Daniel<\/td>\n<\/tr>\n<tr>\n<td>\u00a0Bekleidung \/ Funk Stv.<\/td>\n<td>\u00a0LM d.F. Hirschb\u00f6ck Nina<\/td>\n<\/tr>\n<tr>\n<td>\u00a0Jugendbeauftragter<\/td>\n<td>\u00a0LM d.F. Winner Hannes<\/td>\n<\/tr>\n<tr>\n<td>\u00a0Seniorenbeauftragter<\/td>\n<td>\u00a0EOBM Segl Peter<\/td>\n<\/tr>\n<tr>\n<td>\u00a0Kantineur<\/td>\n<td>\u00a0OFM Hubner Michael<\/td>\n<\/tr>\n<\/tbody>\n<\/table>\n<p><a title=\"111. Wehrversammlung\" href=\"http:\/\/www.feuerwehr-aigen.at\/?portfolio=05-02-2012-jhv\">zur Bildergalerie \u00bb<\/a><\/p>\n","protected":false},"excerpt":{"rendered":"<p>Das Kommando der FF Aigen\/E wurde wieder best\u00e4tigt Am 05.02.2012 wurde um 09:00 Uhr die 111. Wehrversammlung durch HBI Tiefenbacher Manfred er\u00f6ffnet. Er konnte zahlreiche Ehreng\u00e4ste darunter Bereichsfeuerwehrkommandant BR Hartl Heinz, Abschnittskommandant ABI Sam Helmut, EHBI Fritz Josef, Ehrenringtr\u00e4ger EOBM Segl Peter, Ehrenmitglieder der FF Aigen sowie Bgm. HAGER Raimund herzlich begr\u00fc\u00dfen. Im Anschluss daran [&hellip;]<\/p>\n","protected":false},"author":1,"featured_media":0,"parent":0,"menu_order":28,"comment_status":"closed","ping_status":"closed","template":"","meta":{"footnotes":""},"class_list":["post-477","page","type-page","status-publish","hentry"],"jetpack_sharing_enabled":true,"_links":{"self":[{"href":"https:\/\/www.feuerwehr-aigen.at\/index.php?rest_route=\/wp\/v2\/pages\/477","targetHints":{"allow":["GET"]}}],"collection":[{"href":"https:\/\/www.feuerwehr-aigen.at\/index.php?rest_route=\/wp\/v2\/pages"}],"about":[{"href":"https:\/\/www.feuerwehr-aigen.at\/index.php?rest_route=\/wp\/v2\/types\/page"}],"author":[{"embeddable":true,"href":"https:\/\/www.feuerwehr-aigen.at\/index.php?rest_route=\/wp\/v2\/users\/1"}],"replies":[{"embeddable":true,"href":"https:\/\/www.feuerwehr-aigen.at\/index.php?rest_route=%2Fwp%2Fv2%2Fcomments&post=477"}],"version-history":[{"count":4,"href":"https:\/\/www.feuerwehr-aigen.at\/index.php?rest_route=\/wp\/v2\/pages\/477\/revisions"}],"predecessor-version":[{"id":2847,"href":"https:\/\/www.feuerwehr-aigen.at\/index.php?rest_route=\/wp\/v2\/pages\/477\/revisions\/2847"}],"wp:attachment":[{"href":"https:\/\/www.feuerwehr-aigen.at\/index.php?rest_route=%2Fwp%2Fv2%2Fmedia&parent=477"}],"curies":[{"name":"wp","href":"https:\/\/api.w.org\/{rel}","templated":true}]}}