{"id":4764,"date":"2022-01-19T22:35:45","date_gmt":"2022-01-19T21:35:45","guid":{"rendered":"https:\/\/www.feuerwehr-aigen.at\/?page_id=4764"},"modified":"2022-01-19T22:48:14","modified_gmt":"2022-01-19T21:48:14","slug":"einsatztagebuecher-2022","status":"publish","type":"page","link":"https:\/\/www.feuerwehr-aigen.at\/?page_id=4764","title":{"rendered":"Einsatztageb\u00fccher 2022"},"content":{"rendered":"<p>Hier gelangen Sie zu unseren \u00dcbersichten \u00fcber:<\/p>\n<ul>\n<li><a href=\"https:\/\/www.feuerwehr-aigen.at\/?page_id=4773\">Eins\u00e4tze<\/a><\/li>\n<li><a href=\"https:\/\/www.feuerwehr-aigen.at\/?page_id=4776\">\u00dcbungen<\/a><\/li>\n<li><a href=\"https:\/\/www.feuerwehr-aigen.at\/?page_id=4779\">Sonstige T\u00e4tigkeiten\/Veranstaltungen<\/a><\/li>\n<\/ul>\n","protected":false},"excerpt":{"rendered":"<p>Hier gelangen Sie zu unseren \u00dcbersichten \u00fcber: Eins\u00e4tze \u00dcbungen Sonstige T\u00e4tigkeiten\/Veranstaltungen<\/p>\n","protected":false},"author":1,"featured_media":0,"parent":1133,"menu_order":0,"comment_status":"closed","ping_status":"closed","template":"","meta":{"footnotes":""},"class_list":["post-4764","page","type-page","status-publish","hentry"],"jetpack_sharing_enabled":true,"_links":{"self":[{"href":"https:\/\/www.feuerwehr-aigen.at\/index.php?rest_route=\/wp\/v2\/pages\/4764","targetHints":{"allow":["GET"]}}],"collection":[{"href":"https:\/\/www.feuerwehr-aigen.at\/index.php?rest_route=\/wp\/v2\/pages"}],"about":[{"href":"https:\/\/www.feuerwehr-aigen.at\/index.php?rest_route=\/wp\/v2\/types\/page"}],"author":[{"embeddable":true,"href":"https:\/\/www.feuerwehr-aigen.at\/index.php?rest_route=\/wp\/v2\/users\/1"}],"replies":[{"embeddable":true,"href":"https:\/\/www.feuerwehr-aigen.at\/index.php?rest_route=%2Fwp%2Fv2%2Fcomments&post=4764"}],"version-history":[{"count":3,"href":"https:\/\/www.feuerwehr-aigen.at\/index.php?rest_route=\/wp\/v2\/pages\/4764\/revisions"}],"predecessor-version":[{"id":5211,"href":"https:\/\/www.feuerwehr-aigen.at\/index.php?rest_route=\/wp\/v2\/pages\/4764\/revisions\/5211"}],"up":[{"embeddable":true,"href":"https:\/\/www.feuerwehr-aigen.at\/index.php?rest_route=\/wp\/v2\/pages\/1133"}],"wp:attachment":[{"href":"https:\/\/www.feuerwehr-aigen.at\/index.php?rest_route=%2Fwp%2Fv2%2Fmedia&parent=4764"}],"curies":[{"name":"wp","href":"https:\/\/api.w.org\/{rel}","templated":true}]}}