{"id":475,"date":"2012-01-28T17:55:36","date_gmt":"2012-01-28T17:55:36","guid":{"rendered":"http:\/\/feuerwehr-aigen.d2solution.net\/index.php\/28-jaenner-2012-preiswatten\/"},"modified":"2016-11-08T22:43:36","modified_gmt":"2016-11-08T22:43:36","slug":"28-jaenner-2012-preiswatten","status":"publish","type":"page","link":"https:\/\/www.feuerwehr-aigen.at\/?page_id=475","title":{"rendered":"28.01.2012 &#8211; Preiswatten"},"content":{"rendered":"<p><strong>1. Preiswatten der Feuerwehr<\/strong><\/p>\n<p><a title=\"Preiswatten 2012\" href=\"galerie\/sonstige\/preiswatten_2012\/\"><img loading=\"lazy\" decoding=\"async\" class=\"alignleft wp-image-474 size-medium\" title=\"Preiswatten 2012\" src=\"http:\/\/www.feuerwehr-aigen.at\/wp-content\/uploads\/2012\/01\/sonstiges_preiswatten_2012_04-300x225.jpg\" alt=\"Preiswatten 2012\" width=\"300\" height=\"225\" align=\"left\" border=\"0\" hspace=\"5\" srcset=\"https:\/\/www.feuerwehr-aigen.at\/wp-content\/uploads\/2012\/01\/sonstiges_preiswatten_2012_04-300x225.jpg 300w, https:\/\/www.feuerwehr-aigen.at\/wp-content\/uploads\/2012\/01\/sonstiges_preiswatten_2012_04.jpg 640w\" sizes=\"auto, (max-width: 300px) 100vw, 300px\" \/><\/a>Am 28. J\u00e4nner hielt die Feuerwehr das erste Preiswattturnier als Veranstalter ab.<br \/>\nAufgrund der zahlreich und p\u00fcnktlich erschienenen Teilnehmer konnte das Turnier p\u00fcnktlich um 13 Uhr gestartet werden.<br \/>\nTrotz des gro\u00dfen Platzbedarfes hatte die Feuerwehr die besten Voraussetzungen geschaffen damit alle Paarungen Zeitgleich starten konnten.<\/p>\n<p>Nach wenigen Runden kristallisierten sich bereits die ersten Favoriten eindeutig heraus die das Spiel und somit den Sieg unter sich ausmachten.<\/p>\n<p>Auch f\u00fcr das leibliche Wohl zwischendurch wurde bestens gesorgt und somit wurden die Spiele nicht unn\u00f6tig in die L\u00e4nge gezogen.<\/p>\n<p>Aufgrund der gro\u00dfen Spieleranzahl mussten von jedem Paar 23 Gegner zum Kampf im Spiel herausgefordert werden.<\/p>\n<p>Bei so hei\u00dfen Spielen um den Kampf der tollen Wert und Sachpreise kam es nat\u00fcrlich auch vor das das ein oder andere Mal unsere Schiedsrichterin Gudrun Dicker einschreiten musste und wieder f\u00fcr eine faire Situation sorgte.<\/p>\n<p>Nach knapp 10 Stunden bitteren Kampf konnte der 1. Preis (je 1\/2 Sau), 2. Preis (je 1 Karree),<br \/>\n3. Preis (je 1 Schlegel) sowie weitere Sachpreise an die gl\u00fccklichen Sieger \u00fcbergeben werden.<\/p>\n<p>&nbsp;<\/p>\n<table border=\"0\" align=\"left\">\n<tbody>\n<tr>\n<td>\u00a0Rang<\/td>\n<td>\u00a0Name<\/td>\n<td>\u00a0Siege<\/td>\n<td>\u00a0Punkte<\/td>\n<\/tr>\n<tr>\n<td>\u00a01.<\/td>\n<td>\u00a0PFANDL &#8211; SALLEGGER<\/td>\n<td>\u00a019<\/td>\n<td>\u00a0239<\/td>\n<\/tr>\n<tr>\n<td>\u00a02.<\/td>\n<td>\u00a0BERGHOFER &#8211; STOLL<\/td>\n<td>\u00a016<\/td>\n<td>\u00a0222<\/td>\n<\/tr>\n<tr>\n<td>\u00a03.<\/td>\n<td>\u00a0BERNER &#8211; SEIRINGER<\/td>\n<td>\u00a016<\/td>\n<td>\u00a0217<\/td>\n<\/tr>\n<tr>\n<td>\u00a04.<\/td>\n<td>\u00a0SCHOBER &#8211; ZECHNER<\/td>\n<td>\u00a015<\/td>\n<td>\u00a0208<\/td>\n<\/tr>\n<tr>\n<td>\u00a05.<\/td>\n<td>\u00a0THALER &#8211; BAUMHACKL<\/td>\n<td>\u00a014<\/td>\n<td>\u00a0221<\/td>\n<\/tr>\n<tr>\n<td>\u00a06.<\/td>\n<td>\u00a0WASCHL &#8211; ROTHBARTH<\/td>\n<td>\u00a014<\/td>\n<td>\u00a0220<\/td>\n<\/tr>\n<tr>\n<td>\u00a07.<\/td>\n<td>\u00a0TRITSCHER &#8211; WAGNER<\/td>\n<td>\u00a014<\/td>\n<td>\u00a0213<\/td>\n<\/tr>\n<tr>\n<td>\u00a08.<\/td>\n<td>\u00a0NEUPER &#8211; DORRER<\/td>\n<td>\u00a014<\/td>\n<td>\u00a0207<\/td>\n<\/tr>\n<tr>\n<td>\u00a09.<\/td>\n<td>\u00a0H\u00c4MERLE &#8211; R\u00dcSCHER<\/td>\n<td>\u00a013<\/td>\n<td>\u00a0213<\/td>\n<\/tr>\n<tr>\n<td>\u00a010.<\/td>\n<td>\u00a0FISCHER &#8211; ST\u00dcCKLSCHWEIGER<\/td>\n<td>\u00a012<\/td>\n<td>\u00a0204<\/td>\n<\/tr>\n<tr>\n<td>\u00a011.<\/td>\n<td>\u00a0SCH\u00d6NAUER &#8211; K\u00d6BERL<\/td>\n<td>\u00a012<\/td>\n<td>\u00a0203<\/td>\n<\/tr>\n<tr>\n<td>\u00a012.<\/td>\n<td>\u00a0SCHIESTL &#8211; GEBESHUBER<\/td>\n<td>\u00a012<\/td>\n<td>\u00a0201<\/td>\n<\/tr>\n<tr>\n<td>\u00a013.<\/td>\n<td>\u00a0NEBL &#8211; BLANK<\/td>\n<td>\u00a012<\/td>\n<td>\u00a0200<\/td>\n<\/tr>\n<tr>\n<td>\u00a014.<\/td>\n<td>\u00a0TORMANN &#8211; LUX<\/td>\n<td>\u00a011<\/td>\n<td>\u00a0217<\/td>\n<\/tr>\n<tr>\n<td>\u00a015.<\/td>\n<td>\u00a0MEHRL &#8211; KERSCHHAGGL<\/td>\n<td>\u00a011<\/td>\n<td>\u00a0198<\/td>\n<\/tr>\n<tr>\n<td>\u00a016.<\/td>\n<td>\u00a0DANGLMAIER &#8211; GRIESSER<\/td>\n<td>\u00a010<\/td>\n<td>\u00a0212<\/td>\n<\/tr>\n<tr>\n<td>\u00a017.<\/td>\n<td>\u00a0BAUMGARTNER &#8211; HUBNER<\/td>\n<td>\u00a010<\/td>\n<td>\u00a0210<\/td>\n<\/tr>\n<tr>\n<td>\u00a018.<\/td>\n<td>\u00a0KNAPP &#8211; AUTZINGER<\/td>\n<td>\u00a010<\/td>\n<td>\u00a0202<\/td>\n<\/tr>\n<tr>\n<td>\u00a019.<\/td>\n<td>\u00a0JAGERSBERGER &#8211; SCHNEEBERGER<\/td>\n<td>\u00a09<\/td>\n<td>\u00a0172<\/td>\n<\/tr>\n<tr>\n<td>\u00a020.<\/td>\n<td>\u00a0MAYERHOFER &#8211; MAROLD<\/td>\n<td>\u00a08<\/td>\n<td>\u00a0175<\/td>\n<\/tr>\n<tr>\n<td>\u00a021.<\/td>\n<td>\u00a0LEITNER &#8211; PLEININGER<\/td>\n<td>\u00a07<\/td>\n<td>\u00a0177<\/td>\n<\/tr>\n<tr>\n<td>\u00a022.<\/td>\n<td>\u00a0REINGRUBER &#8211; WAGNER<\/td>\n<td>\u00a06<\/td>\n<td>\u00a0202<\/td>\n<\/tr>\n<tr>\n<td>\u00a023.<\/td>\n<td>\u00a0MANDLBERGER &#8211; SCHACHNER<\/td>\n<td>\u00a06<\/td>\n<td>\u00a0187<\/td>\n<\/tr>\n<tr>\n<td>\u00a024.<\/td>\n<td>\u00a0GAISBERGER &#8211; SULZBERER<\/td>\n<td>\u00a04<\/td>\n<td>\u00a0150<\/td>\n<\/tr>\n<\/tbody>\n<\/table>\n<p>Weiters konnten sich alle Teilnehmer sowie Besucher bei einem Sch\u00e4tzspiel unter Beweis stellen.<br \/>\nEin Schaummittelzumischer musste an seinem Gewicht erraten werden.<\/p>\n<p>G\u00e4stewertung<br \/>\n1. GRUBER_VEIT Brigitte<br \/>\n2. MANDLBERGER Franz<br \/>\n3. FISCHER Susanne<\/p>\n<p>Feuerwehrwertung:<br \/>\n1. FRITZ Josef jun.<br \/>\n2. HIRSCHB\u00d6CK Nina, STEINDACHER Roland<br \/>\n3. GINDL Michael<\/p>\n<p>Zu guter letzt bedankt sich die Feuerwehr bei den fairen Spielern, den zahlreichen Besuchern sowie allen Sponsoren die es erm\u00f6glichten das jeder Teilnehmer einen tollen und wertvollen Preis erhielt.<br \/>\nEin besonderer Dank gilt auch Gudrun Dicker und Kerschhaggl Josef die es erm\u00f6glichten das erstmals ein Preiswattturnier im Rahmen der Feuerwehr abgehalten werden konnte.<\/p>\n<p>Aufgrund der sehr positiven R\u00fcckmeldungen und Zufriedenheit aller Teilnehmer besteht f\u00fcr das kommende Jahr bereits Wiederholungsgefahr.<br \/>\nSomit sollte der letzte Samstag im J\u00e4nner 2013 bereits jetzt schon vorgemerkt werden.<\/p>\n<p><a title=\"Preiswatten 2012\" href=\"http:\/\/www.feuerwehr-aigen.at\/?portfolio=28-29-01-2012-preiswatten\">zur Bildergalerie \u00bb<\/a><\/p>\n<p>&nbsp;<\/p>\n","protected":false},"excerpt":{"rendered":"<p>1. Preiswatten der Feuerwehr Am 28. J\u00e4nner hielt die Feuerwehr das erste Preiswattturnier als Veranstalter ab. Aufgrund der zahlreich und p\u00fcnktlich erschienenen Teilnehmer konnte das Turnier p\u00fcnktlich um 13 Uhr gestartet werden. Trotz des gro\u00dfen Platzbedarfes hatte die Feuerwehr die besten Voraussetzungen geschaffen damit alle Paarungen Zeitgleich starten konnten. Nach wenigen Runden kristallisierten sich bereits [&hellip;]<\/p>\n","protected":false},"author":1,"featured_media":0,"parent":0,"menu_order":29,"comment_status":"closed","ping_status":"closed","template":"","meta":{"footnotes":""},"class_list":["post-475","page","type-page","status-publish","hentry"],"jetpack_sharing_enabled":true,"_links":{"self":[{"href":"https:\/\/www.feuerwehr-aigen.at\/index.php?rest_route=\/wp\/v2\/pages\/475","targetHints":{"allow":["GET"]}}],"collection":[{"href":"https:\/\/www.feuerwehr-aigen.at\/index.php?rest_route=\/wp\/v2\/pages"}],"about":[{"href":"https:\/\/www.feuerwehr-aigen.at\/index.php?rest_route=\/wp\/v2\/types\/page"}],"author":[{"embeddable":true,"href":"https:\/\/www.feuerwehr-aigen.at\/index.php?rest_route=\/wp\/v2\/users\/1"}],"replies":[{"embeddable":true,"href":"https:\/\/www.feuerwehr-aigen.at\/index.php?rest_route=%2Fwp%2Fv2%2Fcomments&post=475"}],"version-history":[{"count":4,"href":"https:\/\/www.feuerwehr-aigen.at\/index.php?rest_route=\/wp\/v2\/pages\/475\/revisions"}],"predecessor-version":[{"id":1353,"href":"https:\/\/www.feuerwehr-aigen.at\/index.php?rest_route=\/wp\/v2\/pages\/475\/revisions\/1353"}],"wp:attachment":[{"href":"https:\/\/www.feuerwehr-aigen.at\/index.php?rest_route=%2Fwp%2Fv2%2Fmedia&parent=475"}],"curies":[{"name":"wp","href":"https:\/\/api.w.org\/{rel}","templated":true}]}}