{"id":451,"date":"2011-11-24T08:57:42","date_gmt":"2011-11-24T08:57:42","guid":{"rendered":"http:\/\/feuerwehr-aigen.d2solution.net\/index.php\/20112011-wirtschaftsgebaeudebrand-irdning\/"},"modified":"2016-11-03T00:10:12","modified_gmt":"2016-11-03T00:10:12","slug":"20112011-wirtschaftsgebaeudebrand-irdning","status":"publish","type":"page","link":"https:\/\/www.feuerwehr-aigen.at\/?page_id=451","title":{"rendered":"20.11.2011 &#8211; Wirtschaftsgeb\u00e4udebrand Irdning"},"content":{"rendered":"<p><strong>Wirtschaftsgeb\u00e4udebrand Irdning<\/strong><\/p>\n<p>Am 20.11.2011 um 20:22 Uhr wurden die Feuerwehr Aigen von Florian Liezen mittels Sirenen und SMS Alarmierung zu einem Brand einer Lagerhalle von landwirtschaftlichen Ger\u00e4t und Heuballen in Schlattham,unterhalb des Friedhofes alarmiert.<br \/>\nUnverz\u00fcglich r\u00fcckten TLF-A-2000, KLF-A und MTF-A Aigen mit 26 Mann zur Einsatzadresse aus.<\/p>\n<p>Die Besatzung des TLF-A f\u00fchrte gemeinsam mit den Feuerwehren Irdning und Altirdning die L\u00f6scharbeiten durch.<br \/>\nVom Hydrant Pre\u00dful bis zur Brandstelle wurde vom KLF-A Aigen eine Zubringleitung hergestellt.<br \/>\nAugrund der Wasserunterversorgung wurde zus\u00e4tzlich ein Pendelverkehr mit den Tankl\u00f6schfahrzeugen durchgef\u00fchrt.<\/p>\n<p>Zum l\u00f6schen der vorhandenen Glutnester mu\u00dften s\u00e4mtliche Heuballen teils h\u00e4ndisch, teils mit einem Radlader auseinandergeteilt werden.<br \/>\nNach dieser kr\u00e4fteraubenden Arbeit konnte um 01:30 Uhr entg\u00fcltig Brand aus gegeben werden.<\/p>\n<p>Nach diversen Zusammenr\u00e4umarbeiten und Versorgung des eingesetzten Materials konnten wir uns um 02:00 Uhr bei Florian Liezen wieder einsatzbereit melden.<\/p>\n<p><a title=\"Wirtschaftsgeb\u00e4udebrand Irdning_01\" href=\"http:\/\/feuerwehr-aigen.at\/wp-content\/uploads\/2011\/11\/Einsaetze_brand_irdning_11_wirtschatsgebaude1.jpg\" target=\"_blank\"><img loading=\"lazy\" decoding=\"async\" class=\"size-medium wp-image-446 alignleft\" src=\"http:\/\/www.feuerwehr-aigen.at\/wp-content\/uploads\/2011\/11\/Einsaetze_brand_irdning_11_wirtschatsgebaude1-300x226.jpg\" alt=\"Einsaetze_brand_irdning_11_wirtschatsgebaude1\" width=\"300\" height=\"226\" srcset=\"https:\/\/www.feuerwehr-aigen.at\/wp-content\/uploads\/2011\/11\/Einsaetze_brand_irdning_11_wirtschatsgebaude1-300x226.jpg 300w, https:\/\/www.feuerwehr-aigen.at\/wp-content\/uploads\/2011\/11\/Einsaetze_brand_irdning_11_wirtschatsgebaude1.jpg 399w\" sizes=\"auto, (max-width: 300px) 100vw, 300px\" \/> <img loading=\"lazy\" decoding=\"async\" class=\"size-medium wp-image-449 alignleft\" src=\"http:\/\/www.feuerwehr-aigen.at\/wp-content\/uploads\/2011\/11\/Einsaetze_brand_irdning_11_wirtschatsgebaude4-300x226.jpg\" alt=\"Einsaetze_brand_irdning_11_wirtschatsgebaude4\" width=\"300\" height=\"226\" srcset=\"https:\/\/www.feuerwehr-aigen.at\/wp-content\/uploads\/2011\/11\/Einsaetze_brand_irdning_11_wirtschatsgebaude4-300x226.jpg 300w, https:\/\/www.feuerwehr-aigen.at\/wp-content\/uploads\/2011\/11\/Einsaetze_brand_irdning_11_wirtschatsgebaude4.jpg 399w\" sizes=\"auto, (max-width: 300px) 100vw, 300px\" \/> <\/a><br \/>\n&nbsp;<\/p>\n<p>&nbsp;<\/p>\n<p>&nbsp;<\/p>\n<p>&nbsp;<\/p>\n<p>&nbsp;<br \/>\n<img loading=\"lazy\" decoding=\"async\" class=\"size-medium wp-image-447 alignleft\" src=\"http:\/\/www.feuerwehr-aigen.at\/wp-content\/uploads\/2011\/11\/Einsaetze_brand_irdning_11_wirtschatsgebaude2-300x226.jpg\" alt=\"Einsaetze_brand_irdning_11_wirtschatsgebaude2\" width=\"300\" height=\"226\" srcset=\"https:\/\/www.feuerwehr-aigen.at\/wp-content\/uploads\/2011\/11\/Einsaetze_brand_irdning_11_wirtschatsgebaude2-300x226.jpg 300w, https:\/\/www.feuerwehr-aigen.at\/wp-content\/uploads\/2011\/11\/Einsaetze_brand_irdning_11_wirtschatsgebaude2.jpg 399w\" sizes=\"auto, (max-width: 300px) 100vw, 300px\" \/><\/p>\n<p>&nbsp;<\/p>\n<p>&nbsp;<\/p>\n<p>&nbsp;<\/p>\n<p>&nbsp;<\/p>\n<p>&nbsp;<\/p>\n<p>&nbsp;<\/p>\n<p>&nbsp;<\/p>\n<p>&nbsp;<\/p>\n<p>&nbsp;<\/p>\n<p>Eingesetzt waren:<br \/>\nTLF-A, KLF-A, MTF-A Aigen mit 26 Mann<br \/>\nTLF-A, LFB und KDO Irdning<br \/>\nTLF-A, MTF-A mit TS750 Anh. Altirdning<\/p>\n<p>Polizei Stainach und Irdning mit 2 Mann<br \/>\nFa. Baumgartner<\/p>\n","protected":false},"excerpt":{"rendered":"<p>Wirtschaftsgeb\u00e4udebrand Irdning Am 20.11.2011 um 20:22 Uhr wurden die Feuerwehr Aigen von Florian Liezen mittels Sirenen und SMS Alarmierung zu einem Brand einer Lagerhalle von landwirtschaftlichen Ger\u00e4t und Heuballen in Schlattham,unterhalb des Friedhofes alarmiert. Unverz\u00fcglich r\u00fcckten TLF-A-2000, KLF-A und MTF-A Aigen mit 26 Mann zur Einsatzadresse aus. Die Besatzung des TLF-A f\u00fchrte gemeinsam mit den [&hellip;]<\/p>\n","protected":false},"author":1,"featured_media":0,"parent":0,"menu_order":24,"comment_status":"closed","ping_status":"closed","template":"","meta":{"footnotes":""},"class_list":["post-451","page","type-page","status-publish","hentry"],"jetpack_sharing_enabled":true,"_links":{"self":[{"href":"https:\/\/www.feuerwehr-aigen.at\/index.php?rest_route=\/wp\/v2\/pages\/451","targetHints":{"allow":["GET"]}}],"collection":[{"href":"https:\/\/www.feuerwehr-aigen.at\/index.php?rest_route=\/wp\/v2\/pages"}],"about":[{"href":"https:\/\/www.feuerwehr-aigen.at\/index.php?rest_route=\/wp\/v2\/types\/page"}],"author":[{"embeddable":true,"href":"https:\/\/www.feuerwehr-aigen.at\/index.php?rest_route=\/wp\/v2\/users\/1"}],"replies":[{"embeddable":true,"href":"https:\/\/www.feuerwehr-aigen.at\/index.php?rest_route=%2Fwp%2Fv2%2Fcomments&post=451"}],"version-history":[{"count":2,"href":"https:\/\/www.feuerwehr-aigen.at\/index.php?rest_route=\/wp\/v2\/pages\/451\/revisions"}],"predecessor-version":[{"id":1007,"href":"https:\/\/www.feuerwehr-aigen.at\/index.php?rest_route=\/wp\/v2\/pages\/451\/revisions\/1007"}],"wp:attachment":[{"href":"https:\/\/www.feuerwehr-aigen.at\/index.php?rest_route=%2Fwp%2Fv2%2Fmedia&parent=451"}],"curies":[{"name":"wp","href":"https:\/\/api.w.org\/{rel}","templated":true}]}}