{"id":4501,"date":"2021-01-08T20:14:12","date_gmt":"2021-01-08T19:14:12","guid":{"rendered":"http:\/\/www.feuerwehr-aigen.at\/?page_id=4501"},"modified":"2022-01-03T13:32:53","modified_gmt":"2022-01-03T12:32:53","slug":"sonstige-2021","status":"publish","type":"page","link":"https:\/\/www.feuerwehr-aigen.at\/?page_id=4501","title":{"rendered":"Sonstige 2021"},"content":{"rendered":"<section class=\"av_textblock_section \"  itemscope=\"itemscope\" itemtype=\"https:\/\/schema.org\/CreativeWork\" ><div class='avia_textblock  '   itemprop=\"text\" ><table style=\"width: 88.5499%; height: 313px;\">\n<tbody>\n<tr style=\"height: 10px;\">\n<td style=\"width: 17.7284%; height: 10px;\"><strong> <b>Datum\/Uhrzeit<\/b><\/strong><\/td>\n<td style=\"width: 46.5864%; height: 10px;\"><strong>\u00a0Veranstaltung 2021<\/strong><\/td>\n<td style=\"width: 9.57941%; height: 10px;\"><strong>\u00a0Mann<\/strong><\/td>\n<td style=\"width: 8.73806%; height: 10px;\"><strong>\u00a0Fahrzeuge<\/strong><\/td>\n<td style=\"width: 73.2004%; height: 10px;\"><strong>\u00a0Bericht<\/strong><\/td>\n<\/tr>\n<tr>\n<td style=\"width: 17.7284%;\">30.12.2021<br \/>\n08:00 &#8211; 12:00<\/td>\n<td style=\"width: 46.5864%;\">Verwaltungsarbeiten HBI,Kassier<\/td>\n<td style=\"width: 9.57941%;\">2<\/td>\n<td style=\"width: 8.73806%;\"><\/td>\n<td style=\"width: 73.2004%;\"><\/td>\n<\/tr>\n<tr>\n<td style=\"width: 17.7284%;\">29.12.2021<br \/>\n19:00 &#8211; 22:00<\/td>\n<td style=\"width: 46.5864%;\">4. Ausschu\u00dfsitzung<\/td>\n<td style=\"width: 9.57941%;\">13<\/td>\n<td style=\"width: 8.73806%;\"><\/td>\n<td style=\"width: 73.2004%;\"><\/td>\n<\/tr>\n<tr>\n<td style=\"width: 17.7284%;\">23.12.2021<br \/>\n17:00 &#8211; 19:00<\/td>\n<td style=\"width: 46.5864%;\">Friedenslicht\u00fcbergabe FF P\u00fcrgg<\/td>\n<td style=\"width: 9.57941%;\">3<\/td>\n<td style=\"width: 8.73806%;\">MTF-A<\/td>\n<td style=\"width: 73.2004%;\"><\/td>\n<\/tr>\n<tr>\n<td style=\"width: 17.7284%;\">11.12.2021<br \/>\n09:00 &#8211; 10:30<\/td>\n<td style=\"width: 46.5864%;\">Wartungsarbeiten Ger\u00e4te<\/td>\n<td style=\"width: 9.57941%;\">1<\/td>\n<td style=\"width: 8.73806%;\"><\/td>\n<td style=\"width: 73.2004%;\"><\/td>\n<\/tr>\n<tr>\n<td style=\"width: 17.7284%;\">17.11.2021<br \/>\n19:00 &#8211; 20:30<\/td>\n<td style=\"width: 46.5864%;\">Verwaltungsarbeiten HBI,Kassier<\/td>\n<td style=\"width: 9.57941%;\">2<\/td>\n<td style=\"width: 8.73806%;\"><\/td>\n<td style=\"width: 73.2004%;\"><\/td>\n<\/tr>\n<tr>\n<td style=\"width: 17.7284%;\">07.11.2021<br \/>\n17:00 &#8211; 18:30<\/td>\n<td style=\"width: 46.5864%;\">Wartungsarbeiten Ger\u00e4tschaften<\/td>\n<td style=\"width: 9.57941%;\">1<\/td>\n<td style=\"width: 8.73806%;\"><\/td>\n<td style=\"width: 73.2004%;\"><\/td>\n<\/tr>\n<tr>\n<td style=\"width: 17.7284%;\">01.11.2021<br \/>\n09:00 &#8211; 13:00<\/td>\n<td style=\"width: 46.5864%;\">Wartungsarbeiten EDV<\/td>\n<td style=\"width: 9.57941%;\">1<\/td>\n<td style=\"width: 8.73806%;\"><\/td>\n<td style=\"width: 73.2004%;\"><\/td>\n<\/tr>\n<tr>\n<td style=\"width: 17.7284%;\">27.10.2021<br \/>\n18:30 &#8211; 20:00<\/td>\n<td style=\"width: 46.5864%;\">Kranzniederlegung beim Kriegerdenkmal<\/td>\n<td style=\"width: 9.57941%;\">10<\/td>\n<td style=\"width: 8.73806%;\"><\/td>\n<td style=\"width: 73.2004%;\"><\/td>\n<\/tr>\n<tr>\n<td style=\"width: 17.7284%;\">25.10.2021<br \/>\n07:00 &#8211; 09:00<\/td>\n<td style=\"width: 46.5864%;\">Verwaltungsarbeiten HBI<\/td>\n<td style=\"width: 9.57941%;\">1<\/td>\n<td style=\"width: 8.73806%;\"><\/td>\n<td style=\"width: 73.2004%;\"><\/td>\n<\/tr>\n<tr>\n<td style=\"width: 17.7284%;\">23.10.2021<br \/>\n18:00 &#8211; 23:59<\/td>\n<td style=\"width: 46.5864%;\">OBR,BR Wahl in der PS Halle<\/td>\n<td style=\"width: 9.57941%;\">4<\/td>\n<td style=\"width: 8.73806%;\"><\/td>\n<td style=\"width: 73.2004%;\"><\/td>\n<\/tr>\n<tr>\n<td style=\"width: 17.7284%;\">21.10.2021<br \/>\n13:00 &#8211; 19:00<\/td>\n<td style=\"width: 46.5864%;\">Begr\u00e4bnis LM Walter Stocker<\/td>\n<td style=\"width: 9.57941%;\">17<\/td>\n<td style=\"width: 8.73806%;\">MTF &#8211; A<\/td>\n<td style=\"width: 73.2004%;\"><\/td>\n<\/tr>\n<tr>\n<td style=\"width: 17.7284%;\">01.10.2021<br \/>\n09:00 &#8211; 13:00<\/td>\n<td style=\"width: 46.5864%;\">Wartungsarbeiten EDV<\/td>\n<td style=\"width: 9.57941%;\">1<\/td>\n<td style=\"width: 8.73806%;\"><\/td>\n<td style=\"width: 73.2004%;\"><\/td>\n<\/tr>\n<tr>\n<td style=\"width: 17.7284%;\">29.09.2021<br \/>\n10:15 &#8211; 11:30<\/td>\n<td style=\"width: 46.5864%;\">Hallo Auto der 3.Klasse Volksschule<\/td>\n<td style=\"width: 9.57941%;\">1<\/td>\n<td style=\"width: 8.73806%;\"><\/td>\n<td style=\"width: 73.2004%;\"><\/td>\n<\/tr>\n<tr>\n<td style=\"width: 17.7284%;\">23.08.2021<br \/>\n17:00 &#8211; 19:00<\/td>\n<td style=\"width: 46.5864%;\">Verwaltungst\u00e4tigkeiten HBI<\/td>\n<td style=\"width: 9.57941%;\">1<\/td>\n<td style=\"width: 8.73806%;\"><\/td>\n<td style=\"width: 73.2004%;\"><\/td>\n<\/tr>\n<tr>\n<td style=\"width: 17.7284%;\">19.08.2021<br \/>\n19:00 &#8211; 21:00<\/td>\n<td style=\"width: 46.5864%;\">Kirtagssitzung<\/td>\n<td style=\"width: 9.57941%;\">1<\/td>\n<td style=\"width: 8.73806%;\"><\/td>\n<td style=\"width: 73.2004%;\"><\/td>\n<\/tr>\n<tr>\n<td style=\"width: 17.7284%;\">16.08.2021<br \/>\n15:00 &#8211; 18:00<\/td>\n<td style=\"width: 46.5864%;\">Wartungsarbeiten Ger\u00e4tschaften<\/td>\n<td style=\"width: 9.57941%;\">1<\/td>\n<td style=\"width: 8.73806%;\"><\/td>\n<td style=\"width: 73.2004%;\"><\/td>\n<\/tr>\n<tr>\n<td style=\"width: 17.7284%;\">04.08.2021<br \/>\n09:00 &#8211; 11:30<\/td>\n<td style=\"width: 46.5864%;\">Kindergarten und Feriencamp zu Besuch<\/td>\n<td style=\"width: 9.57941%;\">5<\/td>\n<td style=\"width: 8.73806%;\"><\/td>\n<td style=\"width: 73.2004%;\"><\/td>\n<\/tr>\n<tr>\n<td style=\"width: 17.7284%;\">01.08.2021<br \/>\n09:00 &#8211; 13:00<\/td>\n<td style=\"width: 46.5864%;\">Wartungsarbeiten EDV<\/td>\n<td style=\"width: 9.57941%;\">1<\/td>\n<td style=\"width: 8.73806%;\"><\/td>\n<td style=\"width: 73.2004%;\"><\/td>\n<\/tr>\n<tr>\n<td style=\"width: 17.7284%;\">30.07.2021<br \/>\n19:30 &#8211; 21:00<\/td>\n<td style=\"width: 46.5864%;\">3.Ausschu\u00dfsitzung<\/td>\n<td style=\"width: 9.57941%;\">12<\/td>\n<td style=\"width: 8.73806%;\"><\/td>\n<td style=\"width: 73.2004%;\"><\/td>\n<\/tr>\n<tr>\n<td style=\"width: 17.7284%;\">05.07.2021<br \/>\n18:30 &#8211; 21:30<\/td>\n<td style=\"width: 46.5864%;\">Geburtstagsgratulation Dicker Gudrun<\/td>\n<td style=\"width: 9.57941%;\">6<\/td>\n<td style=\"width: 8.73806%;\"><\/td>\n<td style=\"width: 73.2004%;\"><\/td>\n<\/tr>\n<tr>\n<td style=\"width: 17.7284%;\">01.07.2021<br \/>\n18:00 &#8211; 21:00<\/td>\n<td style=\"width: 46.5864%;\">F\u00f6rderungsansuchen Bekleidung,Schriftverkehr<\/td>\n<td style=\"width: 9.57941%;\">1<\/td>\n<td style=\"width: 8.73806%;\"><\/td>\n<td style=\"width: 73.2004%;\"><\/td>\n<\/tr>\n<tr>\n<td style=\"width: 17.7284%;\">01.07.2021<br \/>\n09:00 &#8211; 13:00<\/td>\n<td style=\"width: 46.5864%;\">Wartungsarbeiten EDV<\/td>\n<td style=\"width: 9.57941%;\">1<\/td>\n<td style=\"width: 8.73806%;\"><\/td>\n<td style=\"width: 73.2004%;\"><\/td>\n<\/tr>\n<tr>\n<td style=\"width: 17.7284%;\">01.07.2021<br \/>\n08:30 &#8211; 10:30<\/td>\n<td style=\"width: 46.5864%;\">Vorf\u00fchrung TLF-A,KLF-A im Kindergarten<\/td>\n<td style=\"width: 9.57941%;\">2<\/td>\n<td style=\"width: 8.73806%;\">TLF-A<br \/>\nKLF-A<\/td>\n<td style=\"width: 73.2004%;\"><\/td>\n<\/tr>\n<tr>\n<td style=\"width: 17.7284%;\">24.06.2021<br \/>\n18:00 &#8211; 20:00<\/td>\n<td style=\"width: 46.5864%;\">Bekleidungstermin mit Fa.Pfeiffer<\/td>\n<td style=\"width: 9.57941%;\">17<\/td>\n<td style=\"width: 8.73806%;\"><\/td>\n<td style=\"width: 73.2004%;\"><\/td>\n<\/tr>\n<tr>\n<td style=\"width: 17.7284%;\">24.06.2021<br \/>\n14:00 &#8211; 17:00<\/td>\n<td style=\"width: 46.5864%;\">Kinder mit Eltern der Gemeinde zu Besuch<\/td>\n<td style=\"width: 9.57941%;\">3<\/td>\n<td style=\"width: 8.73806%;\"><\/td>\n<td style=\"width: 73.2004%;\"><\/td>\n<\/tr>\n<tr>\n<td style=\"width: 17.7284%;\">19.06.2021<br \/>\n18:30 &#8211; 23:00<\/td>\n<td style=\"width: 46.5864%;\">Wehrversammlung Puttererseehalle<\/td>\n<td style=\"width: 9.57941%;\">35<\/td>\n<td style=\"width: 8.73806%;\"><\/td>\n<td style=\"width: 73.2004%;\"><\/td>\n<\/tr>\n<tr>\n<td style=\"width: 17.7284%;\">19.06.2021<br \/>\n09:00 &#8211; 13:00<\/td>\n<td style=\"width: 46.5864%;\">Wissenstest und Wissenstestspiel in P\u00fcrgg<\/td>\n<td style=\"width: 9.57941%;\">6<\/td>\n<td style=\"width: 8.73806%;\">MTF &#8211; A<\/td>\n<td style=\"width: 73.2004%;\"><\/td>\n<\/tr>\n<tr>\n<td style=\"width: 17.7284%;\">16.06.2021<br \/>\n17:30 &#8211; 21:00<\/td>\n<td style=\"width: 46.5864%;\">Besprechung Aigner Vereine mit BGM<\/td>\n<td style=\"width: 9.57941%;\">1<\/td>\n<td style=\"width: 8.73806%;\"><\/td>\n<td style=\"width: 73.2004%;\"><\/td>\n<\/tr>\n<tr>\n<td style=\"width: 17.7284%;\">03.06.2021<br \/>\n16:30 &#8211; 18:00<\/td>\n<td style=\"width: 46.5864%;\">FJ \u00dcbung Wissenstest<\/td>\n<td style=\"width: 9.57941%;\">5<\/td>\n<td style=\"width: 8.73806%;\"><\/td>\n<td style=\"width: 73.2004%;\"><\/td>\n<\/tr>\n<tr>\n<td style=\"width: 17.7284%;\">02.06.2021<br \/>\n19:30 &#8211; 21:30<\/td>\n<td style=\"width: 46.5864%;\">2. Ausschu\u00dfsitzung<\/td>\n<td style=\"width: 9.57941%;\">10<\/td>\n<td style=\"width: 8.73806%;\"><\/td>\n<td style=\"width: 73.2004%;\"><\/td>\n<\/tr>\n<tr>\n<td style=\"width: 17.7284%;\">01.06.2021<br \/>\n09:00 &#8211; 10:00<\/td>\n<td style=\"width: 46.5864%;\">Wartungsarbeiten EDV<\/td>\n<td style=\"width: 9.57941%;\">1<\/td>\n<td style=\"width: 8.73806%;\"><\/td>\n<td style=\"width: 73.2004%;\"><\/td>\n<\/tr>\n<tr>\n<td style=\"width: 17.7284%;\">01.05.2021<br \/>\n09:00 &#8211; 13:00<\/td>\n<td style=\"width: 46.5864%;\">Wartungsarbeiten EDV<\/td>\n<td style=\"width: 9.57941%;\">1<\/td>\n<td style=\"width: 8.73806%;\"><\/td>\n<td style=\"width: 73.2004%;\"><\/td>\n<\/tr>\n<tr>\n<td style=\"width: 17.7284%;\">24.04.2021<br \/>\n16:00 &#8211; 20:00<\/td>\n<td style=\"width: 46.5864%;\">Fahrzeuge und Ger\u00e4tschaften gewartet<br \/>\nund gereinigt<\/td>\n<td style=\"width: 9.57941%;\">17<\/td>\n<td style=\"width: 8.73806%;\"><\/td>\n<td style=\"width: 73.2004%;\"><\/td>\n<\/tr>\n<tr>\n<td style=\"width: 17.7284%;\">15.04.2021<br \/>\n10:30 . 12:30<\/td>\n<td style=\"width: 46.5864%;\">MRAS Ausr\u00fcstung neu zusammengestellt<\/td>\n<td style=\"width: 9.57941%;\">1<\/td>\n<td style=\"width: 8.73806%;\"><\/td>\n<td style=\"width: 73.2004%;\"><\/td>\n<\/tr>\n<tr>\n<td style=\"width: 17.7284%;\">14.04.2021<br \/>\n14:00 &#8211; 20:00<\/td>\n<td style=\"width: 46.5864%;\">MRAS Ausr\u00fcstung LFZS Lebring<\/td>\n<td style=\"width: 9.57941%;\">1<\/td>\n<td style=\"width: 8.73806%;\">MTF &#8211; A<\/td>\n<td style=\"width: 73.2004%;\"><\/td>\n<\/tr>\n<tr>\n<td style=\"width: 17.7284%;\">08.04.2021<br \/>\n10:00 &#8211; 11:30<\/td>\n<td style=\"width: 46.5864%;\">Wartungsarbeiten Funk<\/td>\n<td style=\"width: 9.57941%;\">1<\/td>\n<td style=\"width: 8.73806%;\"><\/td>\n<td style=\"width: 73.2004%;\"><\/td>\n<\/tr>\n<tr>\n<td style=\"width: 17.7284%;\">01.04.2021<br \/>\n18:00 &#8211; 20:00<\/td>\n<td style=\"width: 46.5864%;\">Wartungsarbeiten MRAS und Waldbrand<\/td>\n<td style=\"width: 9.57941%;\">5<\/td>\n<td style=\"width: 8.73806%;\"><\/td>\n<td style=\"width: 73.2004%;\"><\/td>\n<\/tr>\n<tr style=\"height: 23px;\">\n<td style=\"width: 17.7284%; height: 23px;\">01.04.2021<br \/>\n09:00 &#8211; 13:00<\/td>\n<td style=\"width: 46.5864%; height: 23px;\">Wartungsarbeiten EDV<\/td>\n<td style=\"width: 9.57941%; height: 23px;\">1<\/td>\n<td style=\"width: 8.73806%; height: 23px;\"><\/td>\n<td style=\"width: 73.2004%; height: 23px;\"><\/td>\n<\/tr>\n<tr style=\"height: 23px;\">\n<td style=\"width: 17.7284%; height: 23px;\">01.03.2021<br \/>\n09:00 &#8211; 13:00<\/td>\n<td style=\"width: 46.5864%; height: 23px;\">Wartungsarbeiten EDV<\/td>\n<td style=\"width: 9.57941%; height: 23px;\">1<\/td>\n<td style=\"width: 8.73806%; height: 23px;\"><\/td>\n<td style=\"width: 73.2004%; height: 23px;\"><\/td>\n<\/tr>\n<tr style=\"height: 47px;\">\n<td style=\"width: 17.7284%; height: 47px;\">21.02.2021<br \/>\n18:30 &#8211; 20:00<\/td>\n<td style=\"width: 46.5864%; height: 47px;\">Wartungsarbeiten KFZ<\/td>\n<td style=\"width: 9.57941%; height: 47px;\">1<\/td>\n<td style=\"width: 8.73806%; height: 47px;\"><\/td>\n<td style=\"width: 73.2004%; height: 47px;\"><\/td>\n<\/tr>\n<tr style=\"height: 47px;\">\n<td style=\"width: 17.7284%; height: 47px;\">21.02.2021<br \/>\n08:00 &#8211; 11:00<\/td>\n<td style=\"width: 46.5864%; height: 47px;\">Wartungsarbeiten Verwaltung<\/td>\n<td style=\"width: 9.57941%; height: 47px;\">2<\/td>\n<td style=\"width: 8.73806%; height: 47px;\"><\/td>\n<td style=\"width: 73.2004%; height: 47px;\"><\/td>\n<\/tr>\n<tr style=\"height: 47px;\">\n<td style=\"width: 17.7284%; height: 47px;\">01.02.2021<br \/>\n09:00 &#8211; 13:00<\/td>\n<td style=\"width: 46.5864%; height: 47px;\">Wartungsarbeiten EDV<\/td>\n<td style=\"width: 9.57941%; height: 47px;\">1<\/td>\n<td style=\"width: 8.73806%; height: 47px;\"><\/td>\n<td style=\"width: 73.2004%; height: 47px;\"><\/td>\n<\/tr>\n<tr style=\"height: 48px;\">\n<td style=\"width: 17.7284%; height: 48px;\">23.01.2021<br \/>\n16:00 &#8211; 17:30<\/td>\n<td style=\"width: 46.5864%; height: 48px;\">Wartungsarbeiten Funk<br \/>\nNeue ATS Funk montiert<\/td>\n<td style=\"width: 9.57941%; height: 48px;\">1<\/td>\n<td style=\"width: 8.73806%; height: 48px;\"><\/td>\n<td style=\"width: 73.2004%; height: 48px;\"><\/td>\n<\/tr>\n<tr style=\"height: 10px;\">\n<td style=\"width: 17.7284%; height: 10px;\">22.01.2021<br \/>\n10:00 &#8211; 13:00<\/td>\n<td style=\"width: 46.5864%; height: 10px;\">Wartungsarbeiten KFZ<br \/>\nNeue Kennzeichen montiert<\/td>\n<td style=\"width: 9.57941%; height: 10px;\">2<\/td>\n<td style=\"width: 8.73806%; height: 10px;\"><\/td>\n<td style=\"width: 73.2004%; height: 10px;\"><\/td>\n<\/tr>\n<tr>\n<td style=\"width: 17.7284%;\">15.01.2021<br \/>\n17:00 &#8211; 19:00<\/td>\n<td style=\"width: 46.5864%;\">Wartungsarbeiten Verwaltung<br \/>\nPostwurf,Haussammlung<\/td>\n<td style=\"width: 9.57941%;\">2<\/td>\n<td style=\"width: 8.73806%;\"><\/td>\n<td style=\"width: 73.2004%;\"><\/td>\n<\/tr>\n<tr style=\"height: 10px;\">\n<td style=\"width: 17.7284%; height: 10px;\">13.01.2021<br \/>\n19:00 &#8211; 21:00<\/td>\n<td style=\"width: 46.5864%; height: 10px;\">1.Ausschu\u00dfsitzung<\/td>\n<td style=\"width: 9.57941%; height: 10px;\">8<\/td>\n<td style=\"width: 8.73806%; height: 10px;\"><\/td>\n<td style=\"width: 73.2004%; height: 10px;\"><\/td>\n<\/tr>\n<tr style=\"height: 48px;\">\n<td style=\"width: 17.7284%; height: 48px;\">11.01.2021<br \/>\n14:30 &#8211; 19:00<\/td>\n<td style=\"width: 46.5864%; height: 48px;\">Wartungsarbeiten Funk<br \/>\nFunkger\u00e4te \u00fcberpr\u00fcft<\/td>\n<td style=\"width: 9.57941%; height: 48px;\">2<\/td>\n<td style=\"width: 8.73806%; height: 48px;\"><\/td>\n<td style=\"width: 73.2004%; height: 48px;\"><\/td>\n<\/tr>\n<\/tbody>\n<\/table>\n<\/div><\/section>\n\n<style type=\"text\/css\" data-created_by=\"avia_inline_auto\" id=\"style-css-av-2k5khh-8b43597d361dc2b2a86c83ad0e9badd2\">\n.flex_column.av-2k5khh-8b43597d361dc2b2a86c83ad0e9badd2{\nborder-radius:0px 0px 0px 0px;\n-webkit-border-radius:0px 0px 0px 0px;\n-moz-border-radius:0px 0px 0px 0px;\n}\n<\/style>\n<div class='flex_column av-2k5khh-8b43597d361dc2b2a86c83ad0e9badd2 av_one_full  avia-builder-el-1  el_after_av_textblock  avia-builder-el-last  first flex_column_div av-zero-column-padding column-top-margin'   ><\/div>\n","protected":false},"excerpt":{"rendered":"","protected":false},"author":1,"featured_media":0,"parent":4494,"menu_order":2,"comment_status":"closed","ping_status":"closed","template":"","meta":{"footnotes":""},"class_list":["post-4501","page","type-page","status-publish","hentry"],"jetpack_sharing_enabled":true,"_links":{"self":[{"href":"https:\/\/www.feuerwehr-aigen.at\/index.php?rest_route=\/wp\/v2\/pages\/4501","targetHints":{"allow":["GET"]}}],"collection":[{"href":"https:\/\/www.feuerwehr-aigen.at\/index.php?rest_route=\/wp\/v2\/pages"}],"about":[{"href":"https:\/\/www.feuerwehr-aigen.at\/index.php?rest_route=\/wp\/v2\/types\/page"}],"author":[{"embeddable":true,"href":"https:\/\/www.feuerwehr-aigen.at\/index.php?rest_route=\/wp\/v2\/users\/1"}],"replies":[{"embeddable":true,"href":"https:\/\/www.feuerwehr-aigen.at\/index.php?rest_route=%2Fwp%2Fv2%2Fcomments&post=4501"}],"version-history":[{"count":30,"href":"https:\/\/www.feuerwehr-aigen.at\/index.php?rest_route=\/wp\/v2\/pages\/4501\/revisions"}],"predecessor-version":[{"id":5238,"href":"https:\/\/www.feuerwehr-aigen.at\/index.php?rest_route=\/wp\/v2\/pages\/4501\/revisions\/5238"}],"up":[{"embeddable":true,"href":"https:\/\/www.feuerwehr-aigen.at\/index.php?rest_route=\/wp\/v2\/pages\/4494"}],"wp:attachment":[{"href":"https:\/\/www.feuerwehr-aigen.at\/index.php?rest_route=%2Fwp%2Fv2%2Fmedia&parent=4501"}],"curies":[{"name":"wp","href":"https:\/\/api.w.org\/{rel}","templated":true}]}}