{"id":4446,"date":"2020-11-18T16:09:53","date_gmt":"2020-11-18T15:09:53","guid":{"rendered":"http:\/\/www.feuerwehr-aigen.at\/?page_id=4446"},"modified":"2020-11-18T16:14:25","modified_gmt":"2020-11-18T15:14:25","slug":"4446-2","status":"publish","type":"page","link":"https:\/\/www.feuerwehr-aigen.at\/?page_id=4446","title":{"rendered":"17.11.2020 &#8211; LKW Bergung Br\u00fcckenwirt"},"content":{"rendered":"<section class=\"av_textblock_section \"  itemscope=\"itemscope\" itemtype=\"https:\/\/schema.org\/CreativeWork\" ><div class='avia_textblock  '   itemprop=\"text\" ><p><strong>17.11.2020 &#8211; LKW Bergung Br\u00fcckenwirt<br \/>\n<\/strong><\/p>\n<\/div><\/section>\n\n<style type=\"text\/css\" data-created_by=\"avia_inline_auto\" id=\"style-css-av-av_one_third-6126cab7d8fab8d08143dd2dacdf673c\">\n.flex_column.av-av_one_third-6126cab7d8fab8d08143dd2dacdf673c{\nborder-radius:0px 0px 0px 0px;\n-webkit-border-radius:0px 0px 0px 0px;\n-moz-border-radius:0px 0px 0px 0px;\n}\n<\/style>\n<div class='flex_column av-av_one_third-6126cab7d8fab8d08143dd2dacdf673c av_one_third  avia-builder-el-1  el_after_av_textblock  el_before_av_two_third  first flex_column_div av-zero-column-padding column-top-margin'   ><style type=\"text\/css\" data-created_by=\"avia_inline_auto\" id=\"style-css-av-av_image-886ad46f750d74368d9c5ba591cf18ff\">\n.avia-image-container.av-av_image-886ad46f750d74368d9c5ba591cf18ff .av-image-caption-overlay-center{\ncolor:#ffffff;\n}\n<\/style>\n<div  class='avia-image-container av-av_image-886ad46f750d74368d9c5ba591cf18ff av-styling- avia-align-center  avia-builder-el-2  avia-builder-el-no-sibling  '  itemprop=\"image\" itemscope=\"itemscope\" itemtype=\"https:\/\/schema.org\/ImageObject\" ><div class=\"avia-image-container-inner\"><div class=\"avia-image-overlay-wrap\"><a href=\"https:\/\/www.feuerwehr-aigen.at\/?portfolio=17-11-2020-lkw-bergung-brueckenwirt\" class='avia_image'  target=\"_blank\"  rel=\"noopener noreferrer\"><img class='wp-image-4448 avia-img-lazy-loading-not-4448 avia_image' src='https:\/\/www.feuerwehr-aigen.at\/wp-content\/uploads\/2020\/11\/2020-11-17-19.31.50-300x225.jpg' alt='' title='2020-11-17 19.31.50'  itemprop=\"thumbnailUrl\"  \/><\/a><\/div><\/div><\/div><\/div>\n<style type=\"text\/css\" data-created_by=\"avia_inline_auto\" id=\"style-css-av-av_two_third-0aa7055fe62c3622faec82866afbaeb2\">\n.flex_column.av-av_two_third-0aa7055fe62c3622faec82866afbaeb2{\nborder-radius:0px 0px 0px 0px;\n-webkit-border-radius:0px 0px 0px 0px;\n-moz-border-radius:0px 0px 0px 0px;\n}\n<\/style>\n<div class='flex_column av-av_two_third-0aa7055fe62c3622faec82866afbaeb2 av_two_third  avia-builder-el-3  el_after_av_one_third  el_before_av_one_full  flex_column_div av-zero-column-padding column-top-margin'   ><section class=\"av_textblock_section \"  itemscope=\"itemscope\" itemtype=\"https:\/\/schema.org\/CreativeWork\" ><div class='avia_textblock  '   itemprop=\"text\" ><p><strong>LKW-Irrweg \u00fcbers \u201eFeuerle\u201c in Aigen\/Ennstal<\/strong><\/p>\n<p>\u201eFluch oder Segen\u201c, davon kann ein LKW-Fahrer heute (17.11.2020) bei seiner Irrfahrt \u00fcber eine nicht daf\u00fcr vorgesehene Gemeindestra\u00dfe in Aigen im Ennstal berichten, das bei einer Br\u00fcckenengstelle und dessen Gel\u00e4nde endete.<\/p>\n<p>Es half nur mehr der Notruf \u00fcber die Feuerwehrleitzentrale \u201eFlorian\u201c.<\/p>\n<p>Die Feuerwehr Aigen im Ennstal konnte den LKW-Sattelschlepper letztendlich unter Mithilfe eines 14-Tonnen-Laders im Bereich des Gasthauses Br\u00fcckenwirt nach 1,5 Stunden befreien.<\/p>\n<\/div><\/section><\/div><\/p>\n\n<style type=\"text\/css\" data-created_by=\"avia_inline_auto\" id=\"style-css-av-av_one_full-6126cab7d8fab8d08143dd2dacdf673c\">\n.flex_column.av-av_one_full-6126cab7d8fab8d08143dd2dacdf673c{\nborder-radius:0px 0px 0px 0px;\n-webkit-border-radius:0px 0px 0px 0px;\n-moz-border-radius:0px 0px 0px 0px;\n}\n<\/style>\n<div class='flex_column av-av_one_full-6126cab7d8fab8d08143dd2dacdf673c av_one_full  avia-builder-el-5  el_after_av_two_third  avia-builder-el-last  first flex_column_div av-zero-column-padding column-top-margin'   ><section class=\"av_textblock_section \"  itemscope=\"itemscope\" itemtype=\"https:\/\/schema.org\/CreativeWork\" ><div class='avia_textblock  '   itemprop=\"text\" ><p><span style=\"text-decoration: underline;\">Eingesetzt waren:<\/span><br \/>\nTLF-A, KLF-A Aigen mit 7 Mann<\/p>\n<p><a href=\"http:\/\/www.feuerwehr-aigen.at\/?portfolio=17-11-2020-lkw-bergung-brueckenwirt\">zur Bildergalerie \u00bb<\/a><\/p>\n<\/div><\/section><\/div>\n","protected":false},"excerpt":{"rendered":"","protected":false},"author":3,"featured_media":0,"parent":0,"menu_order":0,"comment_status":"closed","ping_status":"closed","template":"","meta":{"footnotes":""},"class_list":["post-4446","page","type-page","status-publish","hentry"],"jetpack_sharing_enabled":true,"_links":{"self":[{"href":"https:\/\/www.feuerwehr-aigen.at\/index.php?rest_route=\/wp\/v2\/pages\/4446","targetHints":{"allow":["GET"]}}],"collection":[{"href":"https:\/\/www.feuerwehr-aigen.at\/index.php?rest_route=\/wp\/v2\/pages"}],"about":[{"href":"https:\/\/www.feuerwehr-aigen.at\/index.php?rest_route=\/wp\/v2\/types\/page"}],"author":[{"embeddable":true,"href":"https:\/\/www.feuerwehr-aigen.at\/index.php?rest_route=\/wp\/v2\/users\/3"}],"replies":[{"embeddable":true,"href":"https:\/\/www.feuerwehr-aigen.at\/index.php?rest_route=%2Fwp%2Fv2%2Fcomments&post=4446"}],"version-history":[{"count":4,"href":"https:\/\/www.feuerwehr-aigen.at\/index.php?rest_route=\/wp\/v2\/pages\/4446\/revisions"}],"predecessor-version":[{"id":4456,"href":"https:\/\/www.feuerwehr-aigen.at\/index.php?rest_route=\/wp\/v2\/pages\/4446\/revisions\/4456"}],"wp:attachment":[{"href":"https:\/\/www.feuerwehr-aigen.at\/index.php?rest_route=%2Fwp%2Fv2%2Fmedia&parent=4446"}],"curies":[{"name":"wp","href":"https:\/\/api.w.org\/{rel}","templated":true}]}}