{"id":444,"date":"2011-11-13T09:34:11","date_gmt":"2011-11-13T09:34:11","guid":{"rendered":"http:\/\/feuerwehr-aigen.d2solution.net\/index.php\/rettungsgasse\/"},"modified":"2016-11-07T23:20:31","modified_gmt":"2016-11-07T23:20:31","slug":"rettungsgasse","status":"publish","type":"page","link":"https:\/\/www.feuerwehr-aigen.at\/?page_id=444","title":{"rendered":"Rettungsgasse"},"content":{"rendered":"<p><strong>Fragen und Antworten zur Rettungsgasse<\/strong><\/p>\n<p><em><strong>\u00a0<a href=\"http:\/\/www.feuerwehr-aigen.at\/wp-content\/uploads\/2011\/11\/Sicherheit_rettungsgasse_01.jpg\" target=\"_blank\"><img loading=\"lazy\" decoding=\"async\" class=\"alignleft wp-image-437 size-medium\" src=\"http:\/\/www.feuerwehr-aigen.at\/wp-content\/uploads\/2011\/11\/Sicherheit_rettungsgasse_01-300x225.jpg\" alt=\"Sicherheit_rettungsgasse_01\" width=\"300\" height=\"225\" srcset=\"https:\/\/www.feuerwehr-aigen.at\/wp-content\/uploads\/2011\/11\/Sicherheit_rettungsgasse_01-300x225.jpg 300w, https:\/\/www.feuerwehr-aigen.at\/wp-content\/uploads\/2011\/11\/Sicherheit_rettungsgasse_01.jpg 595w\" sizes=\"auto, (max-width: 300px) 100vw, 300px\" \/><\/a>1.)Was ist eine Rettungsgasse?<\/strong><\/em><br \/>\nDie Rettungsgasse ist eine freibleibende Fahrgasse zwischen einzelnen Fahrstreifen einer Autobahn oder Schnellstra\u00dfe bzw. Autostra\u00dfe.<\/p>\n<p>&nbsp;<\/p>\n<p>&nbsp;<\/p>\n<p>&nbsp;<\/p>\n<p>&nbsp;<\/p>\n<p>&nbsp;<\/p>\n<p><strong><em><a title=\"Rettungsgasse_02\" href=\"http:\/\/feuerwehr-aigen.at\/wp-content\/uploads\/2011\/11\/Sicherheit_rettungsgasse_02.jpg\" target=\"_blank\"><img loading=\"lazy\" decoding=\"async\" class=\"alignleft wp-image-439 size-medium\" title=\"Rettungsgasse_02\" src=\"http:\/\/www.feuerwehr-aigen.at\/wp-content\/uploads\/2011\/11\/Sicherheit_rettungsgasse_02-300x225.jpg\" alt=\"Rettungsgasse_02\" width=\"300\" height=\"225\" align=\"left\" border=\"0\" hspace=\"1\" vspace=\"1\" srcset=\"https:\/\/www.feuerwehr-aigen.at\/wp-content\/uploads\/2011\/11\/Sicherheit_rettungsgasse_02-300x225.jpg 300w, https:\/\/www.feuerwehr-aigen.at\/wp-content\/uploads\/2011\/11\/Sicherheit_rettungsgasse_02.jpg 595w\" sizes=\"auto, (max-width: 300px) 100vw, 300px\" \/><\/a><\/em><\/strong><\/p>\n<p><strong><em>2.)Was bringt die Rettungsgasse?<\/em><\/strong><\/p>\n<p>Die Rettungsgasse erm\u00f6glicht das schnellere Vorw\u00e4rtskommen von Einsatzfahrzeugen wie z.B. Polizei, Rettung, Feuerwehr, Fahrzeugen des Stra\u00dfendienstes (ASFINAG) und des Pannendienstes wie z. B. Abschleppunternehmen, \u00d6AMTC, ARB\u00d6.<\/p>\n<p><strong><span style=\"color: #333333; font-family: helvetica;\"><em><span style=\"color: #b22222;\">\u00a0<\/span><\/em><\/span><\/strong><\/p>\n<p>&nbsp;<\/p>\n<p>&nbsp;<\/p>\n<p>&nbsp;<\/p>\n<p><strong><em>3.)Wie bildet man eine Rettungsgasse?<\/em><\/strong><span style=\"color: #333333; font-family: helvetica;\"><br \/>\n<\/span>Vorausschauend m\u00fcssen bei stockendem Verkehr alle Fahrzeuge, die den ganz linken Fahrstreifen befahren, so weit nach links wie m\u00f6glich fahren und alle anderen so weit nach rechts wie notwendig, um dazwischen eine freie Fahrgasse zu bilden.<br \/>\nDabei soll auch der Pannenstreifen ben\u00fctzt werden. Die Fahrzeuge haben sich parallel zum Fahrbahnverlauf einzuordnen, da es durch schr\u00e4g stehende Fahrzeuge zu weiteren Behinderungen kommt und auch das eigene Fortkommen im Stau damit erschwert wird. <span style=\"color: #333333; font-family: helvetica;\"><br \/>\n<\/span><a title=\"Rettungsgasse_03\" href=\"http:\/\/feuerwehr-aigen.at\/wp-content\/uploads\/2011\/11\/Sicherheit_rettungsgasse_03.jpg\" target=\"_blank\"><img loading=\"lazy\" decoding=\"async\" class=\"alignnone wp-image-441 size-medium\" title=\"Rettungsgasse_03\" src=\"http:\/\/www.feuerwehr-aigen.at\/wp-content\/uploads\/2011\/11\/Sicherheit_rettungsgasse_03-300x225.jpg\" alt=\"Rettungsgasse_03\" width=\"300\" height=\"225\" align=\"bottom\" border=\"0\" hspace=\"1\" vspace=\"1\" srcset=\"https:\/\/www.feuerwehr-aigen.at\/wp-content\/uploads\/2011\/11\/Sicherheit_rettungsgasse_03-300x225.jpg 300w, https:\/\/www.feuerwehr-aigen.at\/wp-content\/uploads\/2011\/11\/Sicherheit_rettungsgasse_03.jpg 595w\" sizes=\"auto, (max-width: 300px) 100vw, 300px\" \/><\/a><a title=\"Rettungsgasse_04\" href=\"http:\/\/feuerwehr-aigen.at\/wp-content\/uploads\/2011\/11\/Sicherheit_rettungsgasse_04.jpg\" target=\"_blank\"><img loading=\"lazy\" decoding=\"async\" class=\"alignnone wp-image-443 size-medium\" title=\"Rettungsgasse_04\" src=\"http:\/\/www.feuerwehr-aigen.at\/wp-content\/uploads\/2011\/11\/Sicherheit_rettungsgasse_04-300x225.jpg\" alt=\"Rettungsgasse_04\" width=\"300\" height=\"225\" align=\"bottom\" border=\"0\" hspace=\"1\" vspace=\"1\" srcset=\"https:\/\/www.feuerwehr-aigen.at\/wp-content\/uploads\/2011\/11\/Sicherheit_rettungsgasse_04-300x225.jpg 300w, https:\/\/www.feuerwehr-aigen.at\/wp-content\/uploads\/2011\/11\/Sicherheit_rettungsgasse_04.jpg 595w\" sizes=\"auto, (max-width: 300px) 100vw, 300px\" \/><\/a><\/p>\n<p><em><strong>\u00a04.)Wann muss eine Rettungsgasse gebildet werden?<\/strong><\/em><span style=\"color: #333333; font-family: helvetica;\"><br \/>\n<\/span>Die Rettungsgasse muss vorausschauend, schon beim Entstehen eines Staus gebildet werden, nicht erst, wenn ein Einsatzfahrzeug wahrgenommen wird.<br \/>\nSie sollte au\u00dferdem bereits gebildet werden, bevor der Verkehr endg\u00fcltig zum Stillstand gekommen ist, also bereits bei stockendem Verkehr. Aus welchem Grund die Verkehrsbehinderung entstanden ist, hat keine Bedeutung. <span style=\"color: #333333; font-family: helvetica;\"><br \/>\n<span style=\"color: #b22222;\"><em><strong><br \/>\n<\/strong><\/em><\/span><\/span><strong><em>\u00a05.)Wo muss eine Rettungsgasse gebildet werden?<\/em><\/strong><span style=\"color: #333333; font-family: helvetica;\"><br \/>\n<\/span>Die Rettungsgasse ist auf (mit blauen Hinweistafeln gekennzeichneten) Autobahnen und Schnellstra\u00dfen bzw. Autostra\u00dfen mit mehr als einem Fahrstreifen f\u00fcr die betreffende Fahrtrichtung zu bilden.<\/p>\n<p><em><strong>\u00a06.)In welchen anderen L\u00e4ndern gibt es die Rettungsgasse noch?<\/strong><\/em><span style=\"color: #333333; font-family: helvetica;\"><br \/>\n<\/span>In Deutschland und Tschechien. Die Schweiz und Slowenien empfehlen die freiwillige Bildung von Rettungsgassen.<br \/>\n<span style=\"color: #333333; font-family: helvetica;\"><br \/>\n<strong><span style=\"color: #b22222;\"><em>\u00a0<\/em><\/span><\/strong><\/span><em><strong>7.)Ab wann gilt das Gesetz zur Bildung einer Rettungsgasse?<\/strong><\/em><span style=\"color: #333333; font-family: helvetica;\"><br \/>\n<\/span>Die Bestimmungen treten mit 1.1.2012 um 0.00 Uhr in Kraft. (Achtung: Es gibt keine \u00dcbergangsfristen oder Toleranzzeitr\u00e4ume.)<br \/>\n<span style=\"color: #333333; font-family: helvetica;\"><br \/>\n<em><strong><span style=\"color: #b22222;\">\u00a0<\/span><\/strong><\/em><\/span><em><strong>8.)Sonderfragen<\/strong><\/em> <span style=\"color: #333333; font-family: helvetica;\"><br \/>\n<\/span><em>1. Was gilt, wenn aufgrund von Schnee die Bodenmarkierungen nicht erkennbar sind?<\/em><br \/>\nDie Bildung der Rettungsgasse ist unabh\u00e4ngig von sichtbaren Bodenmarkierungen.<\/p>\n<p><em>2. Wo soll ich mein Auto hinstellen, wenn sich neben der Fahrspur unger\u00e4umter<\/em><br \/>\n<em> Tiefschnee befindet?<\/em><br \/>\nAn den Schnee so weit wie m\u00f6glich heranfahren.<\/p>\n<p><em>3. Wie verh\u00e4lt man sich, wenn keine ausreichend breite Rettungsgasse<\/em><br \/>\n<em> (z.B. bei Tunnel und Br\u00fccken) gebildet werden kann?<\/em><br \/>\nIn diesem Fall muss dem sich ann\u00e4hernden Einsatzfahrzeug bestm\u00f6glich Platz gemacht werden.<\/p>\n<p><em>4. Wie soll ich mich verhalten, wenn alle Autos vor mir nicht die Rettungsgasse gebildet haben?<\/em><br \/>\nBei Stau oder stockendem Verkehr ist jeder gesetzlich zur Bildung der Rettungsgasse verpflichtet &#8211; unabh\u00e4ngig davon, ob das die vorausfahrenden Verkehrsteilnehmer bereits getan haben oder nicht. Der Folgeverkehr wird zum Mitmachen motiviert.<\/p>\n<p><em>5. Kann man als Privater jemanden anzeigen, der sich falsch verh\u00e4lt?<\/em><br \/>\nJa, ebenso wie bei anderen Verkehrs\u00fcbertretungen.<\/p>\n<p><em>6. Kann man bestraft werden, wenn man keine Rettungsgasse bildet?<\/em><br \/>\nWer nicht mitmacht, muss mit einer Strafe von bis zu 2.180 Euro rechnen.<\/p>\n<p><em>7. Handelt es sich beim Versto\u00df gegen die Pflicht zur Bildung der<\/em><br \/>\n<em> Rettungsgasse um ein Vormerkdelikt?<\/em><br \/>\nNein.<\/p>\n<p><em>8. M\u00fcssen Einsatzfahrzeuge die Rettungsgasse benutzen?<\/em><br \/>\nEinsatzfahrzeuge haben die Verpflichtung, den schnellst m\u00f6glichen Weg zum Unfallort zu w\u00e4hlen. Die Rettungsgasse erm\u00f6glicht in der Regel die schnellste Zufahrt. Dennoch kann auch der Pannenstreifen, sofern er nach der Bildung einer Rettungsgasse noch ausreichend Platz bietet, ben\u00fctzt werden.<\/p>\n<p><em>9. Wenn ein Mitfahrer einen medizinischen Notfall erleidet, darf ich dann auf der Rettungsgasse<\/em><br \/>\n<em> vorfahren, um schnell ins Krankenhaus zu kommen?<\/em><br \/>\nEine solche \u00dcbertretung w\u00e4re im Notstand gerechtfertigt, wenn man im folgenden Verfahren eine \u00e4rztliche Best\u00e4tigung vorlegen kann, die die au\u00dfergew\u00f6hnliche Situation plausibel belegt.<\/p>\n<p><em>10. Was passiert, wenn ich dem Einsatzfahrzeug in der Rettungsgasse direkt nachfahre?<\/em><br \/>\nDieses Verhalten ist genauso strafbar wie das Nachfahren in anderen Situationen. Der Strafrahmen liegt bei bis zu 2.180 Euro, wenn ein (weiteres) Einsatzfahrzeug behindert wurde, sonst bei bis zu 726 Euro.<\/p>\n<div align=\"center\"><\/div>\n","protected":false},"excerpt":{"rendered":"<p>Fragen und Antworten zur Rettungsgasse \u00a01.)Was ist eine Rettungsgasse? Die Rettungsgasse ist eine freibleibende Fahrgasse zwischen einzelnen Fahrstreifen einer Autobahn oder Schnellstra\u00dfe bzw. Autostra\u00dfe. &nbsp; &nbsp; &nbsp; &nbsp; &nbsp; 2.)Was bringt die Rettungsgasse? Die Rettungsgasse erm\u00f6glicht das schnellere Vorw\u00e4rtskommen von Einsatzfahrzeugen wie z.B. Polizei, Rettung, Feuerwehr, Fahrzeugen des Stra\u00dfendienstes (ASFINAG) und des Pannendienstes wie z. [&hellip;]<\/p>\n","protected":false},"author":1,"featured_media":0,"parent":308,"menu_order":9,"comment_status":"closed","ping_status":"closed","template":"","meta":{"footnotes":""},"class_list":["post-444","page","type-page","status-publish","hentry"],"jetpack_sharing_enabled":true,"_links":{"self":[{"href":"https:\/\/www.feuerwehr-aigen.at\/index.php?rest_route=\/wp\/v2\/pages\/444","targetHints":{"allow":["GET"]}}],"collection":[{"href":"https:\/\/www.feuerwehr-aigen.at\/index.php?rest_route=\/wp\/v2\/pages"}],"about":[{"href":"https:\/\/www.feuerwehr-aigen.at\/index.php?rest_route=\/wp\/v2\/types\/page"}],"author":[{"embeddable":true,"href":"https:\/\/www.feuerwehr-aigen.at\/index.php?rest_route=\/wp\/v2\/users\/1"}],"replies":[{"embeddable":true,"href":"https:\/\/www.feuerwehr-aigen.at\/index.php?rest_route=%2Fwp%2Fv2%2Fcomments&post=444"}],"version-history":[{"count":3,"href":"https:\/\/www.feuerwehr-aigen.at\/index.php?rest_route=\/wp\/v2\/pages\/444\/revisions"}],"predecessor-version":[{"id":829,"href":"https:\/\/www.feuerwehr-aigen.at\/index.php?rest_route=\/wp\/v2\/pages\/444\/revisions\/829"}],"up":[{"embeddable":true,"href":"https:\/\/www.feuerwehr-aigen.at\/index.php?rest_route=\/wp\/v2\/pages\/308"}],"wp:attachment":[{"href":"https:\/\/www.feuerwehr-aigen.at\/index.php?rest_route=%2Fwp%2Fv2%2Fmedia&parent=444"}],"curies":[{"name":"wp","href":"https:\/\/api.w.org\/{rel}","templated":true}]}}