{"id":4284,"date":"2020-05-12T10:25:54","date_gmt":"2020-05-12T09:25:54","guid":{"rendered":"http:\/\/www.feuerwehr-aigen.at\/?page_id=4284"},"modified":"2020-05-13T08:52:44","modified_gmt":"2020-05-13T07:52:44","slug":"11-05-2020-verkehrsunfall-l741","status":"publish","type":"page","link":"https:\/\/www.feuerwehr-aigen.at\/?page_id=4284","title":{"rendered":"11.05.2020 &#8211; Verkehrsunfall L741 &#8211; H\u00f6he Putterersee"},"content":{"rendered":"<section class=\"av_textblock_section \"  itemscope=\"itemscope\" itemtype=\"https:\/\/schema.org\/CreativeWork\" ><div class='avia_textblock  '   itemprop=\"text\" ><div class=\"wp-block-group\">\n<div class=\"wp-block-group__inner-container\">\n<p>Verkehrsunfall am 11.05.2020 auf der L741 (H\u00f6he Putterersee), keine Person verletzt.<\/p>\n<p><a href=\"http:\/\/www.feuerwehr-aigen.at\/?portfolio=11-05-2020-verkehrsunfall-l741-hoehe-putterersee\"><img loading=\"lazy\" decoding=\"async\" width=\"150\" height=\"113\" class=\"wp-image-4288 alignleft\" style=\"width: 150px;\" src=\"http:\/\/www.feuerwehr-aigen.at\/wp-content\/uploads\/2020\/05\/IMG_2943-scaled.jpg\" alt=\"\" srcset=\"https:\/\/www.feuerwehr-aigen.at\/wp-content\/uploads\/2020\/05\/IMG_2943-scaled.jpg 2560w, https:\/\/www.feuerwehr-aigen.at\/wp-content\/uploads\/2020\/05\/IMG_2943-300x225.jpg 300w, https:\/\/www.feuerwehr-aigen.at\/wp-content\/uploads\/2020\/05\/IMG_2943-1030x773.jpg 1030w, https:\/\/www.feuerwehr-aigen.at\/wp-content\/uploads\/2020\/05\/IMG_2943-768x576.jpg 768w, https:\/\/www.feuerwehr-aigen.at\/wp-content\/uploads\/2020\/05\/IMG_2943-1536x1152.jpg 1536w, https:\/\/www.feuerwehr-aigen.at\/wp-content\/uploads\/2020\/05\/IMG_2943-2048x1536.jpg 2048w, https:\/\/www.feuerwehr-aigen.at\/wp-content\/uploads\/2020\/05\/IMG_2943-1500x1125.jpg 1500w, https:\/\/www.feuerwehr-aigen.at\/wp-content\/uploads\/2020\/05\/IMG_2943-705x529.jpg 705w, https:\/\/www.feuerwehr-aigen.at\/wp-content\/uploads\/2020\/05\/IMG_2943-450x338.jpg 450w\" sizes=\"auto, (max-width: 150px) 100vw, 150px\" \/><\/a>Aufgrund dieser Meldung wurde die Feuerwehr Aigen im Ennstal um 21:29 Uhr alarmiert.<\/p>\n<\/div>\n<\/div>\n<p><!-- \/wp:post-content --><\/p>\n<p><!-- wp:paragraph -->Ein PKW kam aus bisher unbekannter Ursache von der Stra\u00dfe ab und touchierte dabei die Birkenallee auf der Puttererseeseite.<\/p>\n<p><!-- \/wp:paragraph --><\/p>\n<p><!-- wp:paragraph -->Die Unfallstelle wurde abgesichert, ausgeleuchtet, \u00d6l gebunden und die Stra\u00dfe f\u00fcr den Verkehr gereinigt.<br \/>Alle T\u00e4tigkeiten wurden mit MNS-Maske und unter Einhalt aller COVID19-Sicherheitsma\u00dfnahmen durchgef\u00fchrt.<\/p>\n<p>Nach dem der PKW abgeschleppt worden ist, meldete sich die Feuerwehr Aigen\/Ennstal nach 45 Minuten wieder einsatzbereit.<\/p>\n<p><!-- \/wp:paragraph --><\/p>\n<p><!-- wp:paragraph -->Eingesetzt waren TLFA 2000, KLFA, MTFA Aigen\/Ennstal mit 20 Mann<br \/>Polizei Irdning<br \/>Rotes Kreuz Stainach<br \/>Stra\u00dfenmeisterei<br \/>Abschleppfirma<!-- wp:paragraph --><\/p>\n<p><!-- \/wp:paragraph --><\/p>\n<p><!-- \/wp:paragraph --><\/p>\n<\/div><\/section>","protected":false},"excerpt":{"rendered":"","protected":false},"author":3,"featured_media":0,"parent":0,"menu_order":0,"comment_status":"closed","ping_status":"closed","template":"","meta":{"footnotes":""},"class_list":["post-4284","page","type-page","status-publish","hentry"],"jetpack_sharing_enabled":true,"_links":{"self":[{"href":"https:\/\/www.feuerwehr-aigen.at\/index.php?rest_route=\/wp\/v2\/pages\/4284","targetHints":{"allow":["GET"]}}],"collection":[{"href":"https:\/\/www.feuerwehr-aigen.at\/index.php?rest_route=\/wp\/v2\/pages"}],"about":[{"href":"https:\/\/www.feuerwehr-aigen.at\/index.php?rest_route=\/wp\/v2\/types\/page"}],"author":[{"embeddable":true,"href":"https:\/\/www.feuerwehr-aigen.at\/index.php?rest_route=\/wp\/v2\/users\/3"}],"replies":[{"embeddable":true,"href":"https:\/\/www.feuerwehr-aigen.at\/index.php?rest_route=%2Fwp%2Fv2%2Fcomments&post=4284"}],"version-history":[{"count":6,"href":"https:\/\/www.feuerwehr-aigen.at\/index.php?rest_route=\/wp\/v2\/pages\/4284\/revisions"}],"predecessor-version":[{"id":4311,"href":"https:\/\/www.feuerwehr-aigen.at\/index.php?rest_route=\/wp\/v2\/pages\/4284\/revisions\/4311"}],"wp:attachment":[{"href":"https:\/\/www.feuerwehr-aigen.at\/index.php?rest_route=%2Fwp%2Fv2%2Fmedia&parent=4284"}],"curies":[{"name":"wp","href":"https:\/\/api.w.org\/{rel}","templated":true}]}}