{"id":426,"date":"2011-06-04T08:38:00","date_gmt":"2011-06-04T08:38:00","guid":{"rendered":"http:\/\/feuerwehr-aigen.d2solution.net\/index.php\/03062011-entlaufene-kuehe-l742\/"},"modified":"2016-11-03T00:00:31","modified_gmt":"2016-11-03T00:00:31","slug":"03062011-entlaufene-kuehe-l742","status":"publish","type":"page","link":"https:\/\/www.feuerwehr-aigen.at\/?page_id=426","title":{"rendered":"03.06.2011 &#8211; Entlaufene K\u00fche L742"},"content":{"rendered":"<p><strong>Entlaufenen K\u00fche auf der L742 zwischen Aigen und Fischern!<\/strong><\/p>\n<p>So lautete die Alarmmeldung am 03.06.2011 von der Bezirkswarnzentrale &#8222;Florian Liezen&#8220;.<\/p>\n<p>Die FF Aigen r\u00fcckte um 20:45 Uhr umgehend mit MTF-A,TLF-A und 10 Mann zur Einsatzadresse aus.<br \/>\nKLF-A und weitere 8 Mann blieben im R\u00fcsthaus in Bereitschaft.<\/p>\n<p>Nach Erkundung der Lage durch Einsatzleiter HBI Tiefenbacher, konnte aber schon bald Entwarnung gegeben werden.<br \/>\nS\u00e4mtliche K\u00fche wurden von den Besitzern bereits in ihrer gewohnten Umgebung zur\u00fcckgetrieben.<\/p>\n<p>Die FF Aigen meldete sich um 21:15 Uhr wieder Einsatzbereit.<\/p>\n<p>Eingesetzt waren:<br \/>\nTLF-A, KLF-A, MTF-A Aigen mit 18 Mann<\/p>\n<p>(OBI Wundersamer)<\/p>\n","protected":false},"excerpt":{"rendered":"<p>Entlaufenen K\u00fche auf der L742 zwischen Aigen und Fischern! So lautete die Alarmmeldung am 03.06.2011 von der Bezirkswarnzentrale &#8222;Florian Liezen&#8220;. Die FF Aigen r\u00fcckte um 20:45 Uhr umgehend mit MTF-A,TLF-A und 10 Mann zur Einsatzadresse aus. KLF-A und weitere 8 Mann blieben im R\u00fcsthaus in Bereitschaft. Nach Erkundung der Lage durch Einsatzleiter HBI Tiefenbacher, konnte [&hellip;]<\/p>\n","protected":false},"author":1,"featured_media":0,"parent":0,"menu_order":27,"comment_status":"closed","ping_status":"closed","template":"","meta":{"footnotes":""},"class_list":["post-426","page","type-page","status-publish","hentry"],"jetpack_sharing_enabled":true,"_links":{"self":[{"href":"https:\/\/www.feuerwehr-aigen.at\/index.php?rest_route=\/wp\/v2\/pages\/426","targetHints":{"allow":["GET"]}}],"collection":[{"href":"https:\/\/www.feuerwehr-aigen.at\/index.php?rest_route=\/wp\/v2\/pages"}],"about":[{"href":"https:\/\/www.feuerwehr-aigen.at\/index.php?rest_route=\/wp\/v2\/types\/page"}],"author":[{"embeddable":true,"href":"https:\/\/www.feuerwehr-aigen.at\/index.php?rest_route=\/wp\/v2\/users\/1"}],"replies":[{"embeddable":true,"href":"https:\/\/www.feuerwehr-aigen.at\/index.php?rest_route=%2Fwp%2Fv2%2Fcomments&post=426"}],"version-history":[{"count":2,"href":"https:\/\/www.feuerwehr-aigen.at\/index.php?rest_route=\/wp\/v2\/pages\/426\/revisions"}],"predecessor-version":[{"id":996,"href":"https:\/\/www.feuerwehr-aigen.at\/index.php?rest_route=\/wp\/v2\/pages\/426\/revisions\/996"}],"wp:attachment":[{"href":"https:\/\/www.feuerwehr-aigen.at\/index.php?rest_route=%2Fwp%2Fv2%2Fmedia&parent=426"}],"curies":[{"name":"wp","href":"https:\/\/api.w.org\/{rel}","templated":true}]}}