{"id":423,"date":"2010-07-30T18:59:01","date_gmt":"2010-07-30T18:59:01","guid":{"rendered":"http:\/\/feuerwehr-aigen.d2solution.net\/index.php\/21072010-auspumparbeiten-schlattham\/"},"modified":"2016-11-03T21:50:40","modified_gmt":"2016-11-03T21:50:40","slug":"21072010-auspumparbeiten-schlattham","status":"publish","type":"page","link":"https:\/\/www.feuerwehr-aigen.at\/?page_id=423","title":{"rendered":"21.07.2010 &#8211; Auspumparbeiten Schlattham"},"content":{"rendered":"<p><strong>Auspumparbeiten in Schlattham!<\/strong><\/p>\n<p><em>Am 21.07.2010 um 14.45 Uhr wurde die Feuerwehr Aigen\/E. von der Gemeinde Aigen um Unterst\u00fctzung angefordert.<\/em><\/p>\n<p>In Schlattham wurde im Zuge von Baggerungsarbeiten bei einem Schlammfang die darunterliegende Wasserleitung zum Wohnhaus Schlattham Nr.19 abgerissen.<br \/>\nDer Schlammfang wurde mittels TS 800 und 2 Tauchpumpen ausgepumpt, um die besch\u00e4digte Wasserleitung reparieren zu k\u00f6nnen.<br \/>\nNach dem Auspumpen und reinigen der Ger\u00e4tschaften r\u00fcckten wir nach 3,5 Stunden wieder in das R\u00fcsthaus ein.<\/p>\n<p><em>Eingesetzt waren:<\/em><br \/>\nKLF-A, Aigen im Ennstal mit 3 Mann<\/p>\n","protected":false},"excerpt":{"rendered":"<p>Auspumparbeiten in Schlattham! Am 21.07.2010 um 14.45 Uhr wurde die Feuerwehr Aigen\/E. von der Gemeinde Aigen um Unterst\u00fctzung angefordert. In Schlattham wurde im Zuge von Baggerungsarbeiten bei einem Schlammfang die darunterliegende Wasserleitung zum Wohnhaus Schlattham Nr.19 abgerissen. Der Schlammfang wurde mittels TS 800 und 2 Tauchpumpen ausgepumpt, um die besch\u00e4digte Wasserleitung reparieren zu k\u00f6nnen. Nach [&hellip;]<\/p>\n","protected":false},"author":1,"featured_media":0,"parent":0,"menu_order":29,"comment_status":"closed","ping_status":"closed","template":"","meta":{"footnotes":""},"class_list":["post-423","page","type-page","status-publish","hentry"],"jetpack_sharing_enabled":true,"_links":{"self":[{"href":"https:\/\/www.feuerwehr-aigen.at\/index.php?rest_route=\/wp\/v2\/pages\/423","targetHints":{"allow":["GET"]}}],"collection":[{"href":"https:\/\/www.feuerwehr-aigen.at\/index.php?rest_route=\/wp\/v2\/pages"}],"about":[{"href":"https:\/\/www.feuerwehr-aigen.at\/index.php?rest_route=\/wp\/v2\/types\/page"}],"author":[{"embeddable":true,"href":"https:\/\/www.feuerwehr-aigen.at\/index.php?rest_route=\/wp\/v2\/users\/1"}],"replies":[{"embeddable":true,"href":"https:\/\/www.feuerwehr-aigen.at\/index.php?rest_route=%2Fwp%2Fv2%2Fcomments&post=423"}],"version-history":[{"count":2,"href":"https:\/\/www.feuerwehr-aigen.at\/index.php?rest_route=\/wp\/v2\/pages\/423\/revisions"}],"predecessor-version":[{"id":1054,"href":"https:\/\/www.feuerwehr-aigen.at\/index.php?rest_route=\/wp\/v2\/pages\/423\/revisions\/1054"}],"wp:attachment":[{"href":"https:\/\/www.feuerwehr-aigen.at\/index.php?rest_route=%2Fwp%2Fv2%2Fmedia&parent=423"}],"curies":[{"name":"wp","href":"https:\/\/api.w.org\/{rel}","templated":true}]}}