{"id":4210,"date":"2020-02-04T13:16:36","date_gmt":"2020-02-04T12:16:36","guid":{"rendered":"http:\/\/www.feuerwehr-aigen.at\/?page_id=4210"},"modified":"2020-05-12T22:19:34","modified_gmt":"2020-05-12T21:19:34","slug":"4210-2","status":"publish","type":"page","link":"https:\/\/www.feuerwehr-aigen.at\/?page_id=4210","title":{"rendered":"02.02.2020 &#8211; 119. Wehrversammlung"},"content":{"rendered":"<section class=\"av_textblock_section \"  itemscope=\"itemscope\" itemtype=\"https:\/\/schema.org\/CreativeWork\" ><div class='avia_textblock  '   itemprop=\"text\" ><p>02.02.2020 &#8211; 119. Wehrversammlung<\/p>\n<\/div><\/section>\n<section class=\"av_textblock_section \"  itemscope=\"itemscope\" itemtype=\"https:\/\/schema.org\/CreativeWork\" ><div class='avia_textblock  '   itemprop=\"text\" ><p><strong>R\u00fcckblick auf ein Arbeitsreiches Jahr der Freiwilligen Feuerwehr Aigen im Ennstal!<\/strong><\/p>\n<\/div><\/section>\n\n<style type=\"text\/css\" data-created_by=\"avia_inline_auto\" id=\"style-css-av-av_one_third-6126cab7d8fab8d08143dd2dacdf673c\">\n.flex_column.av-av_one_third-6126cab7d8fab8d08143dd2dacdf673c{\nborder-radius:0px 0px 0px 0px;\n-webkit-border-radius:0px 0px 0px 0px;\n-moz-border-radius:0px 0px 0px 0px;\n}\n<\/style>\n<div class='flex_column av-av_one_third-6126cab7d8fab8d08143dd2dacdf673c av_one_third  avia-builder-el-2  el_after_av_textblock  el_before_av_two_third  first flex_column_div av-zero-column-padding column-top-margin'   ><style type=\"text\/css\" data-created_by=\"avia_inline_auto\" id=\"style-css-av-av_image-7b43fba259d7e870435d6cc379611591\">\n.avia-image-container.av-av_image-7b43fba259d7e870435d6cc379611591 .av-image-caption-overlay-center{\ncolor:#ffffff;\n}\n<\/style>\n<div  class='avia-image-container av-av_image-7b43fba259d7e870435d6cc379611591 av-styling- avia-align-center  avia-builder-el-3  avia-builder-el-no-sibling  '  itemprop=\"image\" itemscope=\"itemscope\" itemtype=\"https:\/\/schema.org\/ImageObject\" ><div class=\"avia-image-container-inner\"><div class=\"avia-image-overlay-wrap\"><a href=\"https:\/\/www.feuerwehr-aigen.at\/wp-content\/uploads\/2020\/02\/IMG-20200203-WA0000-1030x682.jpg\" class='avia_image' ><img class='wp-image-4206 avia-img-lazy-loading-not-4206 avia_image' src='https:\/\/www.feuerwehr-aigen.at\/wp-content\/uploads\/2020\/02\/IMG-20200203-WA0000-180x180.jpg' alt='' title='IMG-20200203-WA0000'  itemprop=\"thumbnailUrl\"  \/><\/a><\/div><\/div><\/div><\/div>\n<style type=\"text\/css\" data-created_by=\"avia_inline_auto\" id=\"style-css-av-av_two_third-0aa7055fe62c3622faec82866afbaeb2\">\n.flex_column.av-av_two_third-0aa7055fe62c3622faec82866afbaeb2{\nborder-radius:0px 0px 0px 0px;\n-webkit-border-radius:0px 0px 0px 0px;\n-moz-border-radius:0px 0px 0px 0px;\n}\n<\/style>\n<div class='flex_column av-av_two_third-0aa7055fe62c3622faec82866afbaeb2 av_two_third  avia-builder-el-4  el_after_av_one_third  el_before_av_one_full  flex_column_div av-zero-column-padding column-top-margin'   ><section class=\"av_textblock_section \"  itemscope=\"itemscope\" itemtype=\"https:\/\/schema.org\/CreativeWork\" ><div class='avia_textblock  '   itemprop=\"text\" ><p>Die Freiwillige Feuerwehr Aigen im Ennstal hielt am Sonntag den 02. Februar 2020 die 119. Wehrversammlung im Gasthaus Gra\u00dfl ab.<br \/>\nHBI Dietmar Wundersamer konnte seitens der Gemeinde B\u00fcrgermeister Raimund Hager, Vizeb\u00fcrgermeister Walter Kanduth und Gemeinderat OLM d.F. Ing. Daniel Tiefenbacher begr\u00fc\u00dfen. Des Weiteren wurde seitens dem Bereichsfeuerwehrverband Liezen der zust\u00e4ndige Abschnittfeuerwehrkommandant ABI Raimund Rojer und die Kameraden der sogenannten 2. Abteilung (Feuerwehrsenioren) EHBI Josef Fritz sen., EHBM d.V. Herbert Mandelberger und EBM Stefan Gr\u00fcnwald in Mitten der hohen Wehrversammlung willkommen hei\u00dfen.<br \/>\nIm Berichtsjahr 2019 wurden 78 Eins\u00e4tze und 178 sonstige T\u00e4tigkeiten, Wartungsarbeiten und Veranstaltungen bew\u00e4ltigt und 23 \u00dcbungen abgehalten. In Summe wurden 7.745 Stunden f\u00fcr die Sicherheit der Bev\u00f6lkerung seitens der FF Aigen im Ennstal aufgewendet. Erw\u00e4hnenswert waren die 12 Brandeins\u00e4tze, wobei die H\u00e4lfte davon Waldbrandeins\u00e4tze waren. Ebenso war die FF Aigen im Ennstal im J\u00e4nner 2019 bei den Schneeeins\u00e4tzen in der Region im Einsatz. Drei doch sehr fordernde Menschenrettungseins\u00e4tze waren ebenfalls zu bew\u00e4ltigen, wobei die professionelle Zusammenarbeit mit den befreundeten Einsatzorganisationen, wie dem \u00d6sterr. Bundesheer (Hubschrauber-St\u00fctzpunkt Aigen), dem \u00d6sterr. Roten Kreuz, der \u00d6AMTC-Flugrettung und der Bergrettung dabei hervorzuheben ist.<\/p>\n<p>Ein doch sehr best\u00e4ndiger Leitspruch des Feuerwehrwesens ist, &#8222;Gott zur Ehr&#8216;, dem N\u00e4chsten zur Wehr&#8220; \u2013 so bekam dieser Ausdruck im Jahr 2019 f\u00fcr die FF Aigen im Ennstal noch eine besondere Bedeutung. Da die FF Aigen im Ennstal im Dezember 2019 f\u00fcr die Steiermark und den Bezirk Liezen die zentrale Drehscheibe f\u00fcr die Abholung und \u00dcberbringung des Friedenslichtes war. So wurden von der Feuerwehrjugend Aigen im Ennstal das Friedenslicht vom ORF Studio Ober\u00f6sterreich in Linz abgeholt und zur Landesspitze und dem ORF Studio Steiermark nach Graz gebracht, wo es in alle Regionen der Steiermark weiterverteilt worden ist. Ebenso wurde das Friedenslicht am 23. Dezember an die Feuerwehrjugend aller Feuerwehren im Bezirk Liezen, im Rahmen einer feierlichen Veranstaltung in Aigen im Ennstal, \u00fcbergeben. Dabei wurden in Summe \u00fcber 300 Stunden seitens der Feuerwehrjugend Aigen im Ennstal aufgebracht und fast 900 km das Friedenslicht sicher \u00fcber die Bundesl\u00e4ndergrenzen hinweg transportiert.<\/p>\n<p>Ein Highlight der diesj\u00e4hrigen Wehrversammlung war die Bef\u00f6rderung und Ernennung, so wurden die bisherigen Jungfeuerwehrm\u00e4nner Anna Mehrl, Anna Seggl, Hannah Binder und Christoph Steindacher in den Aktivstand \u00fcbernommen und zu Feuerwehrm\u00e4nner bef\u00f6rdert. Weiters wurde Marvin Th\u00f6ringer zum Gruppenkommandanten ernannt und zugleich zum eingeteilten L\u00f6schmeister ernannt. Weitere Ernennungen im Zuge der Wehrversammlung waren, dass das Sachgebiet \u00d6ffentlichkeitsarbeit zuk\u00fcnftig durch BI d.F. Christian Hollinger, BA MA MSc, die Jugendarbeit als Jugendbeauftragten durch FM Noah Binder und als Jugendwart HFM Roland Steindacher \u00fcbernommen werden.<\/p>\n<p>\u201eEhre, wem Ehre geb\u00fchrt\u201c, ganz nach diesem Motto wurde HLM Engelbert Radlingmaier \u00fcber Antrag des Feuerwehrausschusses durch das h\u00f6chste Feuerwehrgremium der Wehrversammlung der FF Aigen im Ennstal der Ehrendienstgrad zum Ehrenhauptl\u00f6schmeister ernannt.<\/p>\n<p>HBI Dietmar Wundersamer bedankt sich bei seinen 78 Feuerwehrmitgliedern und schlie\u00dft, nach den Gru\u00dfworten der Ehreng\u00e4ste, die diesj\u00e4hrige 119. Wehrversammlung, mit einem kr\u00e4ftigen \u2013 Gut Heil \u2013 und gratuliert nochmals allen Bef\u00f6rderten, Ernannten und Geehrten f\u00fcr ihre Bereitschaft und Leistungen.<\/p>\n<\/div><\/section><\/div>\n<style type=\"text\/css\" data-created_by=\"avia_inline_auto\" id=\"style-css-av-av_one_full-6126cab7d8fab8d08143dd2dacdf673c\">\n.flex_column.av-av_one_full-6126cab7d8fab8d08143dd2dacdf673c{\nborder-radius:0px 0px 0px 0px;\n-webkit-border-radius:0px 0px 0px 0px;\n-moz-border-radius:0px 0px 0px 0px;\n}\n<\/style>\n<div class='flex_column av-av_one_full-6126cab7d8fab8d08143dd2dacdf673c av_one_full  avia-builder-el-6  el_after_av_two_third  avia-builder-el-last  first flex_column_div av-zero-column-padding column-top-margin'   ><section class=\"av_textblock_section \"  itemscope=\"itemscope\" itemtype=\"https:\/\/schema.org\/CreativeWork\" ><div class='avia_textblock  '   itemprop=\"text\" ><\/div><\/section><\/div><\/p>\n","protected":false},"excerpt":{"rendered":"","protected":false},"author":3,"featured_media":0,"parent":0,"menu_order":0,"comment_status":"closed","ping_status":"closed","template":"","meta":{"footnotes":""},"class_list":["post-4210","page","type-page","status-publish","hentry"],"jetpack_sharing_enabled":true,"_links":{"self":[{"href":"https:\/\/www.feuerwehr-aigen.at\/index.php?rest_route=\/wp\/v2\/pages\/4210","targetHints":{"allow":["GET"]}}],"collection":[{"href":"https:\/\/www.feuerwehr-aigen.at\/index.php?rest_route=\/wp\/v2\/pages"}],"about":[{"href":"https:\/\/www.feuerwehr-aigen.at\/index.php?rest_route=\/wp\/v2\/types\/page"}],"author":[{"embeddable":true,"href":"https:\/\/www.feuerwehr-aigen.at\/index.php?rest_route=\/wp\/v2\/users\/3"}],"replies":[{"embeddable":true,"href":"https:\/\/www.feuerwehr-aigen.at\/index.php?rest_route=%2Fwp%2Fv2%2Fcomments&post=4210"}],"version-history":[{"count":2,"href":"https:\/\/www.feuerwehr-aigen.at\/index.php?rest_route=\/wp\/v2\/pages\/4210\/revisions"}],"predecessor-version":[{"id":4213,"href":"https:\/\/www.feuerwehr-aigen.at\/index.php?rest_route=\/wp\/v2\/pages\/4210\/revisions\/4213"}],"wp:attachment":[{"href":"https:\/\/www.feuerwehr-aigen.at\/index.php?rest_route=%2Fwp%2Fv2%2Fmedia&parent=4210"}],"curies":[{"name":"wp","href":"https:\/\/api.w.org\/{rel}","templated":true}]}}