{"id":4160,"date":"2020-01-15T20:35:49","date_gmt":"2020-01-15T19:35:49","guid":{"rendered":"http:\/\/www.feuerwehr-aigen.at\/?page_id=4160"},"modified":"2021-01-05T08:10:15","modified_gmt":"2021-01-05T07:10:15","slug":"sonstige-2020","status":"publish","type":"page","link":"https:\/\/www.feuerwehr-aigen.at\/?page_id=4160","title":{"rendered":"Sonstige 2020"},"content":{"rendered":"<section class=\"av_textblock_section \"  itemscope=\"itemscope\" itemtype=\"https:\/\/schema.org\/CreativeWork\" ><div class='avia_textblock  '   itemprop=\"text\" ><table style=\"width: 57.5291%; height: 1454px;\">\n<tbody>\n<tr style=\"height: 10px;\">\n<td style=\"width: 19.372%; height: 10px;\"><strong> <b>Datum\/Uhrzeit<\/b><\/strong><\/td>\n<td style=\"width: 40.6553%; height: 10px;\"><strong>\u00a0Veranstaltung 2020<\/strong><\/td>\n<td style=\"width: 7.77626%; height: 10px;\"><strong>\u00a0Mann<\/strong><\/td>\n<td style=\"width: 15.0068%; height: 10px;\"><strong>\u00a0Fahrzeuge<\/strong><\/td>\n<td style=\"width: 15.2797%; height: 10px;\"><strong>\u00a0Bericht<\/strong><\/td>\n<\/tr>\n<tr>\n<td style=\"width: 19.372%;\">23.12.2020<br \/>\n18:40 &#8211; 20:20<\/td>\n<td style=\"width: 40.6553%;\">Friedenslicht\u00fcbernahme FF P\u00fcrgg<\/td>\n<td style=\"width: 7.77626%;\">3<\/td>\n<td style=\"width: 15.0068%;\"><\/td>\n<td style=\"width: 15.2797%;\"><\/td>\n<\/tr>\n<tr>\n<td style=\"width: 19.372%;\">21.12.2020<br \/>\n13:00 &#8211; 18:00<\/td>\n<td style=\"width: 40.6553%;\">Begr\u00e4bnis LM Reiter Josef<\/td>\n<td style=\"width: 7.77626%;\">6<\/td>\n<td style=\"width: 15.0068%;\">MTF &#8211; A<\/td>\n<td style=\"width: 15.2797%;\"><\/td>\n<\/tr>\n<tr>\n<td style=\"width: 19.372%;\">20.12.2020<br \/>\n14:30 &#8211; 16:00<\/td>\n<td style=\"width: 40.6553%;\">Kondolieren LM Reiter Josef<\/td>\n<td style=\"width: 7.77626%;\">4<\/td>\n<td style=\"width: 15.0068%;\"><\/td>\n<td style=\"width: 15.2797%;\"><\/td>\n<\/tr>\n<tr>\n<td style=\"width: 19.372%;\">07.12.2020<br \/>\n17:00 &#8211; 21:00<\/td>\n<td style=\"width: 40.6553%;\">Besprechung Massentest Puttererseehalle<\/td>\n<td style=\"width: 7.77626%;\">1<\/td>\n<td style=\"width: 15.0068%;\"><\/td>\n<td style=\"width: 15.2797%;\"><\/td>\n<\/tr>\n<tr>\n<td style=\"width: 19.372%;\">26.11.2020<br \/>\n08:00 &#8211; 18:00<\/td>\n<td style=\"width: 40.6553%;\">Feuerl\u00f6scher\u00fcberpr\u00fcfung<\/td>\n<td style=\"width: 7.77626%;\">1<\/td>\n<td style=\"width: 15.0068%;\"><\/td>\n<td style=\"width: 15.2797%;\"><\/td>\n<\/tr>\n<tr>\n<td style=\"width: 19.372%;\">11.11.2020<br \/>\n17:30 &#8211; 20:30<\/td>\n<td style=\"width: 40.6553%;\">Voranschlag f\u00fcr Gemeinde erstellen<\/td>\n<td style=\"width: 7.77626%;\">2<\/td>\n<td style=\"width: 15.0068%;\"><\/td>\n<td style=\"width: 15.2797%;\"><\/td>\n<\/tr>\n<tr>\n<td style=\"width: 19.372%;\">22.10.2020<br \/>\n09:30 &#8211; 13:00<\/td>\n<td style=\"width: 40.6553%;\">Wartungsarbeiten KFZ<br \/>\nKLF-A<\/td>\n<td style=\"width: 7.77626%;\">1<\/td>\n<td style=\"width: 15.0068%;\"><\/td>\n<td style=\"width: 15.2797%;\"><\/td>\n<\/tr>\n<tr>\n<td style=\"width: 19.372%;\">20.10.2020<br \/>\n13:00 &#8211; 15:00<\/td>\n<td style=\"width: 40.6553%;\">Sirenensteuerung Volksschule \u00fcberpr\u00fcft<\/td>\n<td style=\"width: 7.77626%;\">1<\/td>\n<td style=\"width: 15.0068%;\"><\/td>\n<td style=\"width: 15.2797%;\"><\/td>\n<\/tr>\n<tr>\n<td style=\"width: 19.372%;\">17.10.2020<br \/>\n09:30 &#8211; 12:30<\/td>\n<td style=\"width: 40.6553%;\">BJLB in Rottenmann<br \/>\nWissenstest und Spiel<\/td>\n<td style=\"width: 7.77626%;\">5<\/td>\n<td style=\"width: 15.0068%;\">MTF &#8211; A<\/td>\n<td style=\"width: 15.2797%;\"><\/td>\n<\/tr>\n<tr>\n<td style=\"width: 19.372%;\">03.10.2020<br \/>\n12:00 &#8211; 13:15<\/td>\n<td style=\"width: 40.6553%;\">Zivilschutzprobealarm<\/td>\n<td style=\"width: 7.77626%;\">2<\/td>\n<td style=\"width: 15.0068%;\"><\/td>\n<td style=\"width: 15.2797%;\"><\/td>\n<\/tr>\n<tr>\n<td style=\"width: 19.372%;\">01.10.2020<br \/>\n09:00 &#8211; 13:00<\/td>\n<td style=\"width: 40.6553%;\">Wartungsdienst EDV<\/td>\n<td style=\"width: 7.77626%;\">1<\/td>\n<td style=\"width: 15.0068%;\"><\/td>\n<td style=\"width: 15.2797%;\"><\/td>\n<\/tr>\n<tr>\n<td style=\"width: 19.372%;\">21.09.2020<br \/>\n12:30 &#8211; 17:00<\/td>\n<td style=\"width: 40.6553%;\">Besprechung Flugdienst<br \/>\nLFKDO Steiermark<\/td>\n<td style=\"width: 7.77626%;\">2<\/td>\n<td style=\"width: 15.0068%;\"><\/td>\n<td style=\"width: 15.2797%;\"><\/td>\n<\/tr>\n<tr>\n<td style=\"width: 19.372%;\">19. &#8211; 20.09.2020<br \/>\n13:00 &#8211; 01:00<\/td>\n<td style=\"width: 40.6553%;\">Hochzeit Tiefenbacher Daniel und<br \/>\nSabrina<\/td>\n<td style=\"width: 7.77626%;\">17<\/td>\n<td style=\"width: 15.0068%;\">MTF &#8211; A<br \/>\nLFB &#8211; A<\/td>\n<td style=\"width: 15.2797%;\"><\/td>\n<\/tr>\n<tr>\n<td style=\"width: 19.372%;\">23.07.2020<br \/>\n09:00 &#8211; 13:00<\/td>\n<td style=\"width: 40.6553%;\">Feriencamp Aigen zu Besuch bei der Feuerwehr<\/td>\n<td style=\"width: 7.77626%;\">4<\/td>\n<td style=\"width: 15.0068%;\">TLF-A<br \/>\nKLF-A<br \/>\nLKW-A<br \/>\nMTF-A<\/td>\n<td style=\"width: 15.2797%;\"><\/td>\n<\/tr>\n<tr>\n<td style=\"width: 19.372%;\">04.07.2020<br \/>\n08:00 &#8211; 17:30<\/td>\n<td style=\"width: 40.6553%;\">8 Std. Erste Hilfe Kurs im R\u00fcsthaus<\/td>\n<td style=\"width: 7.77626%;\">12<\/td>\n<td style=\"width: 15.0068%;\"><\/td>\n<td style=\"width: 15.2797%;\"><\/td>\n<\/tr>\n<tr>\n<td style=\"width: 19.372%;\">01.07.2020<br \/>\n09:00 &#8211; 13:00<\/td>\n<td style=\"width: 40.6553%;\">Wartungsarbeiten EDV<\/td>\n<td style=\"width: 7.77626%;\">1<\/td>\n<td style=\"width: 15.0068%;\"><\/td>\n<td style=\"width: 15.2797%;\"><\/td>\n<\/tr>\n<tr>\n<td style=\"width: 19.372%;\">20.06.2020<br \/>\n14:30 &#8211; 23:30<\/td>\n<td style=\"width: 40.6553%;\">Hochzeit Gindl Michael und Michaela<\/td>\n<td style=\"width: 7.77626%;\">25<\/td>\n<td style=\"width: 15.0068%;\">LFB &#8211; A<br \/>\nMTF &#8211; A<\/td>\n<td style=\"width: 15.2797%;\"><\/td>\n<\/tr>\n<tr style=\"height: 48px;\">\n<td style=\"width: 19.372%; height: 48px;\">08.06.2020<br \/>\n19:30 &#8211; 21:30<\/td>\n<td style=\"width: 40.6553%; height: 48px;\">2.Ausschu\u00dfsitzung<\/td>\n<td style=\"width: 7.77626%; height: 48px;\">12<\/td>\n<td style=\"width: 15.0068%; height: 48px;\"><\/td>\n<td style=\"width: 15.2797%; height: 48px;\"><\/td>\n<\/tr>\n<tr style=\"height: 48px;\">\n<td style=\"width: 19.372%; height: 48px;\">01.06.2020<br \/>\n14:00 &#8211; 15:00<\/td>\n<td style=\"width: 40.6553%; height: 48px;\">Einkleidung Jugend<\/td>\n<td style=\"width: 7.77626%; height: 48px;\">8<\/td>\n<td style=\"width: 15.0068%; height: 48px;\"><\/td>\n<td style=\"width: 15.2797%; height: 48px;\"><\/td>\n<\/tr>\n<tr style=\"height: 48px;\">\n<td style=\"width: 19.372%; height: 48px;\">01.05.2020<br \/>\n09:00 &#8211; 13:00<\/td>\n<td style=\"width: 40.6553%; height: 48px;\">Wartungsarbeiten EDV<\/td>\n<td style=\"width: 7.77626%; height: 48px;\">1<\/td>\n<td style=\"width: 15.0068%; height: 48px;\"><\/td>\n<td style=\"width: 15.2797%; height: 48px;\"><\/td>\n<\/tr>\n<tr style=\"height: 48px;\">\n<td style=\"width: 19.372%; height: 48px;\">24.05.2020<br \/>\n10:30 &#8211; 11:00<\/td>\n<td style=\"width: 40.6553%; height: 48px;\">Wartungsarbeiten MRAS<\/td>\n<td style=\"width: 7.77626%; height: 48px;\">1<\/td>\n<td style=\"width: 15.0068%; height: 48px;\"><\/td>\n<td style=\"width: 15.2797%; height: 48px;\"><\/td>\n<\/tr>\n<tr style=\"height: 48px;\">\n<td style=\"width: 19.372%; height: 48px;\">24.05.2020<br \/>\n08:00 &#8211; 12:00<\/td>\n<td style=\"width: 40.6553%; height: 48px;\">Verwaltungst\u00e4tigkeit<br \/>\nSchriftf\u00fchrer\/Bekleidung<\/td>\n<td style=\"width: 7.77626%; height: 48px;\">2<\/td>\n<td style=\"width: 15.0068%; height: 48px;\"><\/td>\n<td style=\"width: 15.2797%; height: 48px;\"><\/td>\n<\/tr>\n<tr style=\"height: 48px;\">\n<td style=\"width: 19.372%; height: 48px;\">01.04.2020<br \/>\n09:00 &#8211; 13:00<\/td>\n<td style=\"width: 40.6553%; height: 48px;\">Wartungsarbeiten EDV<\/td>\n<td style=\"width: 7.77626%; height: 48px;\">1<\/td>\n<td style=\"width: 15.0068%; height: 48px;\"><\/td>\n<td style=\"width: 15.2797%; height: 48px;\"><\/td>\n<\/tr>\n<tr style=\"height: 48px;\">\n<td style=\"width: 19.372%; height: 48px;\">18.03.2020<br \/>\n11:00 &#8211; 12:30<\/td>\n<td style=\"width: 40.6553%; height: 48px;\">Verwaltungst\u00e4tigkeit<br \/>\nSchriftf\u00fchrer\/Bekleidung<\/td>\n<td style=\"width: 7.77626%; height: 48px;\">2<\/td>\n<td style=\"width: 15.0068%; height: 48px;\"><\/td>\n<td style=\"width: 15.2797%; height: 48px;\"><\/td>\n<\/tr>\n<tr style=\"height: 48px;\">\n<td style=\"width: 19.372%; height: 48px;\">12.03.2020<br \/>\n15:00 &#8211; 16:30<\/td>\n<td style=\"width: 40.6553%; height: 48px;\">Besprechung TLF Nachbeschaffung und Waldbrandfahrzeug im Bezirkskommando<\/td>\n<td style=\"width: 7.77626%; height: 48px;\">2<\/td>\n<td style=\"width: 15.0068%; height: 48px;\"><\/td>\n<td style=\"width: 15.2797%; height: 48px;\"><\/td>\n<\/tr>\n<tr style=\"height: 72px;\">\n<td style=\"width: 19.372%; height: 72px;\">05.03.2020<br \/>\n13:30 &#8211; 18:00<\/td>\n<td style=\"width: 40.6553%; height: 72px;\">Waldbrandausr\u00fcstung in Kapfenberg durch<br \/>\nT\u00dcV \u00fcberpr\u00fcft<\/td>\n<td style=\"width: 7.77626%; height: 72px;\">2<\/td>\n<td style=\"width: 15.0068%; height: 72px;\">LKW &#8211; A<\/td>\n<td style=\"width: 15.2797%; height: 72px;\"><\/td>\n<\/tr>\n<tr style=\"height: 48px;\">\n<td style=\"width: 19.372%; height: 48px;\">04.03.2020<br \/>\n18:00 &#8211; 20:00<\/td>\n<td style=\"width: 40.6553%; height: 48px;\">Bekleidung durch Fa. Pfeifer<\/td>\n<td style=\"width: 7.77626%; height: 48px;\">18<\/td>\n<td style=\"width: 15.0068%; height: 48px;\"><\/td>\n<td style=\"width: 15.2797%; height: 48px;\"><\/td>\n<\/tr>\n<tr style=\"height: 48px;\">\n<td style=\"width: 19.372%; height: 48px;\">26.02.2020<br \/>\n16:00 . 17:30<\/td>\n<td style=\"width: 40.6553%; height: 48px;\">Besprechung TLF Nachbeschaffung<br \/>\nim Bezirkskommando<\/td>\n<td style=\"width: 7.77626%; height: 48px;\">3<\/td>\n<td style=\"width: 15.0068%; height: 48px;\"><\/td>\n<td style=\"width: 15.2797%; height: 48px;\"><\/td>\n<\/tr>\n<tr style=\"height: 48px;\">\n<td style=\"width: 19.372%; height: 48px;\">26.02.2020<br \/>\n10:00 &#8211; 13:00<\/td>\n<td style=\"width: 40.6553%; height: 48px;\">Faschingsbar wegr\u00e4umen<\/td>\n<td style=\"width: 7.77626%; height: 48px;\">4<\/td>\n<td style=\"width: 15.0068%; height: 48px;\"><\/td>\n<td style=\"width: 15.2797%; height: 48px;\"><\/td>\n<\/tr>\n<tr style=\"height: 48px;\">\n<td style=\"width: 19.372%; height: 48px;\">25.02.2020<br \/>\n19:30 &#8211; 23:59<\/td>\n<td style=\"width: 40.6553%; height: 48px;\">Faschingsbardienst<\/td>\n<td style=\"width: 7.77626%; height: 48px;\">4<\/td>\n<td style=\"width: 15.0068%; height: 48px;\"><\/td>\n<td style=\"width: 15.2797%; height: 48px;\"><\/td>\n<\/tr>\n<tr style=\"height: 48px;\">\n<td style=\"width: 19.372%; height: 48px;\">25.02.2020<br \/>\n13:00 &#8211; 19:30<\/td>\n<td style=\"width: 40.6553%; height: 48px;\">Faschingsbardienst<\/td>\n<td style=\"width: 7.77626%; height: 48px;\">2<\/td>\n<td style=\"width: 15.0068%; height: 48px;\"><\/td>\n<td style=\"width: 15.2797%; height: 48px;\"><\/td>\n<\/tr>\n<tr style=\"height: 48px;\">\n<td style=\"width: 19.372%; height: 48px;\">24. &#8211; 25.02.2020<br \/>\n19:30 &#8211; 03:30<\/td>\n<td style=\"width: 40.6553%; height: 48px;\">Faschingsbardienst<\/td>\n<td style=\"width: 7.77626%; height: 48px;\">3<\/td>\n<td style=\"width: 15.0068%; height: 48px;\"><\/td>\n<td style=\"width: 15.2797%; height: 48px;\"><\/td>\n<\/tr>\n<tr style=\"height: 48px;\">\n<td style=\"width: 19.372%; height: 48px;\">24.02.2020<br \/>\n13:00 &#8211; 19:30<\/td>\n<td style=\"width: 40.6553%; height: 48px;\">Faschingsbardienst<\/td>\n<td style=\"width: 7.77626%; height: 48px;\">3<\/td>\n<td style=\"width: 15.0068%; height: 48px;\"><\/td>\n<td style=\"width: 15.2797%; height: 48px;\"><\/td>\n<\/tr>\n<tr style=\"height: 48px;\">\n<td style=\"width: 19.372%; height: 48px;\">22.-23.02.2020<br \/>\n17:00 &#8211; 05:00<\/td>\n<td style=\"width: 40.6553%; height: 48px;\">Faschingsbardienst<\/td>\n<td style=\"width: 7.77626%; height: 48px;\">4<\/td>\n<td style=\"width: 15.0068%; height: 48px;\"><\/td>\n<td style=\"width: 15.2797%; height: 48px;\"><\/td>\n<\/tr>\n<tr style=\"height: 48px;\">\n<td style=\"width: 19.372%; height: 48px;\">21.-22.02.2020<br \/>\n17:00 &#8211; 05:30<\/td>\n<td style=\"width: 40.6553%; height: 48px;\">Faschingsbardienst<\/td>\n<td style=\"width: 7.77626%; height: 48px;\">4<\/td>\n<td style=\"width: 15.0068%; height: 48px;\"><\/td>\n<td style=\"width: 15.2797%; height: 48px;\"><\/td>\n<\/tr>\n<tr style=\"height: 48px;\">\n<td style=\"width: 19.372%; height: 48px;\">19.02.2020<br \/>\n17:00 &#8211; 21:00<\/td>\n<td style=\"width: 40.6553%; height: 48px;\">Faschingsbar herrichten<\/td>\n<td style=\"width: 7.77626%; height: 48px;\">5<\/td>\n<td style=\"width: 15.0068%; height: 48px;\"><\/td>\n<td style=\"width: 15.2797%; height: 48px;\"><\/td>\n<\/tr>\n<tr style=\"height: 48px;\">\n<td style=\"width: 19.372%; height: 48px;\">15.02.2020<br \/>\n07:00 &#8211; 09:00<\/td>\n<td style=\"width: 40.6553%; height: 48px;\">Verwaltungst\u00e4tigkeit Schriftf\u00fchrer<\/td>\n<td style=\"width: 7.77626%; height: 48px;\">1<\/td>\n<td style=\"width: 15.0068%; height: 48px;\"><\/td>\n<td style=\"width: 15.2797%; height: 48px;\"><\/td>\n<\/tr>\n<tr style=\"height: 48px;\">\n<td style=\"width: 19.372%; height: 48px;\">13.02.2020<br \/>\n19:30 &#8211; 21:00<\/td>\n<td style=\"width: 40.6553%; height: 48px;\">1.Ausschu\u00dfsitzung<\/td>\n<td style=\"width: 7.77626%; height: 48px;\">11<\/td>\n<td style=\"width: 15.0068%; height: 48px;\"><\/td>\n<td style=\"width: 15.2797%; height: 48px;\"><\/td>\n<\/tr>\n<tr style=\"height: 48px;\">\n<td style=\"width: 19.372%; height: 48px;\">02.02.2020<br \/>\n09:00 &#8211; 18:00<\/td>\n<td style=\"width: 40.6553%; height: 48px;\">119.Wehrversammlung<br \/>\nGasthaus Gra\u00dfl<\/td>\n<td style=\"width: 7.77626%; height: 48px;\">44<\/td>\n<td style=\"width: 15.0068%; height: 48px;\"><\/td>\n<td style=\"width: 15.2797%; height: 48px;\"><a href=\"http:\/\/www.feuerwehr-aigen.at\/?page_id=4210\">lesen Sie mehr&#8230;<\/a><\/td>\n<\/tr>\n<tr style=\"height: 48px;\">\n<td style=\"width: 19.372%; height: 48px;\">01.02.2020<br \/>\n09:00 -19:00<\/td>\n<td style=\"width: 40.6553%; height: 48px;\">Haussammlung<\/td>\n<td style=\"width: 7.77626%; height: 48px;\">40<\/td>\n<td style=\"width: 15.0068%; height: 48px;\"><\/td>\n<td style=\"width: 15.2797%; height: 48px;\"><\/td>\n<\/tr>\n<tr style=\"height: 48px;\">\n<td style=\"width: 19.372%; height: 48px;\">25.01.2020<br \/>\n10:00 &#8211; 23:59<\/td>\n<td style=\"width: 40.6553%; height: 48px;\">8.Wattturnier<\/td>\n<td style=\"width: 7.77626%; height: 48px;\">10<\/td>\n<td style=\"width: 15.0068%; height: 48px;\"><\/td>\n<td style=\"width: 15.2797%; height: 48px;\"><\/td>\n<\/tr>\n<tr style=\"height: 48px;\">\n<td style=\"width: 19.372%; height: 48px;\">19.01.2020<br \/>\n10:00 &#8211; 15:00<\/td>\n<td style=\"width: 40.6553%; height: 48px;\">Verwaltungst\u00e4tigkeit Schriftf\u00fchrer<br \/>\nChronik erstellen<\/td>\n<td style=\"width: 7.77626%; height: 48px;\">1<\/td>\n<td style=\"width: 15.0068%; height: 48px;\"><\/td>\n<td style=\"width: 15.2797%; height: 48px;\"><\/td>\n<\/tr>\n<tr style=\"height: 48px;\">\n<td style=\"width: 19.372%; height: 48px;\">15.01.2020<br \/>\n09:30 &#8211; 10:30<\/td>\n<td style=\"width: 40.6553%; height: 48px;\">Abnahme BMA KW Gulling<\/td>\n<td style=\"width: 7.77626%; height: 48px;\">1<\/td>\n<td style=\"width: 15.0068%; height: 48px;\"><\/td>\n<td style=\"width: 15.2797%; height: 48px;\"><\/td>\n<\/tr>\n<tr style=\"height: 48px;\">\n<td style=\"width: 19.372%; height: 48px;\">14.01.2020<br \/>\n19:00 &#8211; 22:30<\/td>\n<td style=\"width: 40.6553%; height: 48px;\">Kommandantenbesprechung<br \/>\nAbschnitt 03 in Stainach<\/td>\n<td style=\"width: 7.77626%; height: 48px;\">1<\/td>\n<td style=\"width: 15.0068%; height: 48px;\"><\/td>\n<td style=\"width: 15.2797%; height: 48px;\"><\/td>\n<\/tr>\n<tr style=\"height: 48px;\">\n<td style=\"width: 19.372%; height: 48px;\">09.01.2020<br \/>\n13:00 &#8211; 18:00<\/td>\n<td style=\"width: 40.6553%; height: 48px;\">Preise sammeln Wattturnier<\/td>\n<td style=\"width: 7.77626%; height: 48px;\">2<\/td>\n<td style=\"width: 15.0068%; height: 48px;\"><\/td>\n<td style=\"width: 15.2797%; height: 48px;\"><\/td>\n<\/tr>\n<tr style=\"height: 48px;\">\n<td style=\"width: 19.372%; height: 48px;\">08.01.2020<br \/>\n15:00 &#8211; 20:00<\/td>\n<td style=\"width: 40.6553%; height: 48px;\">Verwaltungst\u00e4tigkeit\u00a0Schriftf\u00fchrer<\/td>\n<td style=\"width: 7.77626%; height: 48px;\">1<\/td>\n<td style=\"width: 15.0068%; height: 48px;\"><\/td>\n<td style=\"width: 15.2797%; height: 48px;\"><\/td>\n<\/tr>\n<tr style=\"height: 28px;\">\n<td style=\"width: 19.372%; height: 28px;\">01.01.2020<br \/>\n09:00 &#8211; 13:00<\/td>\n<td style=\"width: 40.6553%; height: 28px;\">Wartungsarbeiten EDV<\/td>\n<td style=\"width: 7.77626%; height: 28px;\">1<\/td>\n<td style=\"width: 15.0068%; height: 28px;\"><\/td>\n<td style=\"width: 15.2797%; height: 28px;\"><\/td>\n<\/tr>\n<\/tbody>\n<\/table>\n<\/div><\/section>\n","protected":false},"excerpt":{"rendered":"","protected":false},"author":1,"featured_media":0,"parent":4152,"menu_order":2,"comment_status":"closed","ping_status":"closed","template":"","meta":{"footnotes":""},"class_list":["post-4160","page","type-page","status-publish","hentry"],"jetpack_sharing_enabled":true,"_links":{"self":[{"href":"https:\/\/www.feuerwehr-aigen.at\/index.php?rest_route=\/wp\/v2\/pages\/4160","targetHints":{"allow":["GET"]}}],"collection":[{"href":"https:\/\/www.feuerwehr-aigen.at\/index.php?rest_route=\/wp\/v2\/pages"}],"about":[{"href":"https:\/\/www.feuerwehr-aigen.at\/index.php?rest_route=\/wp\/v2\/types\/page"}],"author":[{"embeddable":true,"href":"https:\/\/www.feuerwehr-aigen.at\/index.php?rest_route=\/wp\/v2\/users\/1"}],"replies":[{"embeddable":true,"href":"https:\/\/www.feuerwehr-aigen.at\/index.php?rest_route=%2Fwp%2Fv2%2Fcomments&post=4160"}],"version-history":[{"count":34,"href":"https:\/\/www.feuerwehr-aigen.at\/index.php?rest_route=\/wp\/v2\/pages\/4160\/revisions"}],"predecessor-version":[{"id":4475,"href":"https:\/\/www.feuerwehr-aigen.at\/index.php?rest_route=\/wp\/v2\/pages\/4160\/revisions\/4475"}],"up":[{"embeddable":true,"href":"https:\/\/www.feuerwehr-aigen.at\/index.php?rest_route=\/wp\/v2\/pages\/4152"}],"wp:attachment":[{"href":"https:\/\/www.feuerwehr-aigen.at\/index.php?rest_route=%2Fwp%2Fv2%2Fmedia&parent=4160"}],"curies":[{"name":"wp","href":"https:\/\/api.w.org\/{rel}","templated":true}]}}