{"id":4155,"date":"2020-01-15T20:34:13","date_gmt":"2020-01-15T19:34:13","guid":{"rendered":"http:\/\/www.feuerwehr-aigen.at\/?page_id=4155"},"modified":"2020-12-14T07:53:12","modified_gmt":"2020-12-14T06:53:12","slug":"einsaetze-2020","status":"publish","type":"page","link":"https:\/\/www.feuerwehr-aigen.at\/?page_id=4155","title":{"rendered":"Eins\u00e4tze 2020"},"content":{"rendered":"<section class=\"av_textblock_section \"  itemscope=\"itemscope\" itemtype=\"https:\/\/schema.org\/CreativeWork\" ><div class='avia_textblock  '   itemprop=\"text\" ><table style=\"width: 87.0701%; height: 681px;\">\n<tbody>\n<tr style=\"height: 24px;\">\n<td style=\"width: 21.8456%; height: 24px;\"><strong>\u00a0Alarmierung<\/strong><\/td>\n<td style=\"width: 37.8841%; height: 24px;\"><strong>\u00a0Einsatzbeschreibung 2020<\/strong><\/td>\n<td style=\"width: 6.93703%; height: 24px;\"><strong>\u00a0Mann<\/strong><\/td>\n<td style=\"width: 17.8908%; height: 24px;\"><strong>\u00a0Fahrzeuge<\/strong><\/td>\n<td style=\"width: 74.394%; height: 24px;\"><strong>\u00a0Bericht<\/strong><\/td>\n<\/tr>\n<tr>\n<td style=\"width: 21.8456%;\">13.12.2020<br \/>\n07:00 &#8211; 13:00<\/td>\n<td style=\"width: 37.8841%;\">Technischer Einsatz T01<br \/>\nMassentestung COVID 19 Puttererseehalle<\/td>\n<td style=\"width: 6.93703%;\">6<\/td>\n<td style=\"width: 17.8908%;\">MTF &#8211; A<\/td>\n<td style=\"width: 74.394%;\"><\/td>\n<\/tr>\n<tr>\n<td style=\"width: 21.8456%;\">12.12.2020<br \/>\n07:00 &#8211; 19:00<\/td>\n<td style=\"width: 37.8841%;\">Technischer Einsatz T01<br \/>\nMassentestung COVID 19 Puttererseehalle<\/td>\n<td style=\"width: 6.93703%;\">14<\/td>\n<td style=\"width: 17.8908%;\">MTF &#8211; A<br \/>\nLKW &#8211; A<\/td>\n<td style=\"width: 74.394%;\"><\/td>\n<\/tr>\n<tr>\n<td style=\"width: 21.8456%;\">05.12.2020<br \/>\n09:45 &#8211; 10:15<\/td>\n<td style=\"width: 37.8841%;\">Brandeinsatz B09 Wald,Hecken<br \/>\nSchilfbrand Putterersee<\/td>\n<td style=\"width: 6.93703%;\">12<\/td>\n<td style=\"width: 17.8908%;\"><\/td>\n<td style=\"width: 74.394%;\"><\/td>\n<\/tr>\n<tr>\n<td style=\"width: 21.8456%;\">17.11.2020<br \/>\n19:15 &#8211; 21:00<\/td>\n<td style=\"width: 37.8841%;\">Technischer Einsatz T03<br \/>\nLKW Bergung Br\u00fcckenwirt<\/td>\n<td style=\"width: 6.93703%;\">8<\/td>\n<td style=\"width: 17.8908%;\">TLF-A, KLF-A<\/td>\n<td style=\"width: 74.394%;\"><a href=\"http:\/\/www.feuerwehr-aigen.at\/?page_id=4446\" target=\"_blank\" rel=\"noopener noreferrer\">lesen Sie mehr&#8230;<\/a><\/td>\n<\/tr>\n<tr>\n<td style=\"width: 21.8456%;\">03.10.2020<br \/>\n13:38 &#8211; 14:52<\/td>\n<td style=\"width: 37.8841%;\">Technischer Einsatz T07 &#8211; Unwetter<br \/>\nB\u00e4ume \u00fcber Stra\u00dfe &#8211; Vorbergweg<\/td>\n<td style=\"width: 6.93703%;\">9<\/td>\n<td style=\"width: 17.8908%;\">KLF &#8211; A<\/td>\n<td style=\"width: 74.394%;\"><\/td>\n<\/tr>\n<tr>\n<td style=\"width: 21.8456%;\">24.09.2020<br \/>\n10:30 &#8211; 12:00<\/td>\n<td style=\"width: 37.8841%;\">Technischer Einsatz T01<br \/>\nHallo Auto der 3. Klasse Volksschule<\/td>\n<td style=\"width: 6.93703%;\">1<\/td>\n<td style=\"width: 17.8908%;\">TLF &#8211; A<\/td>\n<td style=\"width: 74.394%;\"><\/td>\n<\/tr>\n<tr>\n<td style=\"width: 21.8456%;\">23.09.2020<br \/>\n14:00 &#8211; 15:00<\/td>\n<td style=\"width: 37.8841%;\">Technischer Einsatz T05 &#8211; Insektenbek\u00e4mpfung<br \/>\nOrtsteil Aigen<\/td>\n<td style=\"width: 6.93703%;\">1<\/td>\n<td style=\"width: 17.8908%;\">MTF &#8211; A<\/td>\n<td style=\"width: 74.394%;\"><\/td>\n<\/tr>\n<tr>\n<td style=\"width: 21.8456%;\">16.09.2020<br \/>\n10:15 &#8211; 11:30<\/td>\n<td style=\"width: 37.8841%;\">Technischer Einsatz T04<br \/>\nPumparbeiten KW Gulling<\/td>\n<td style=\"width: 6.93703%;\">2<\/td>\n<td style=\"width: 17.8908%;\">TLF &#8211; A<\/td>\n<td style=\"width: 74.394%;\"><\/td>\n<\/tr>\n<tr>\n<td style=\"width: 21.8456%;\">15.09.2020<br \/>\n10:00 &#8211; 16:00<\/td>\n<td style=\"width: 37.8841%;\">Technischer Einsatz T04<br \/>\nPumparbeiten KW Gulling<\/td>\n<td style=\"width: 6.93703%;\">4<\/td>\n<td style=\"width: 17.8908%;\">TLF &#8211; A<br \/>\nKLF &#8211; A<\/td>\n<td style=\"width: 74.394%;\"><\/td>\n<\/tr>\n<tr>\n<td style=\"width: 21.8456%;\">10.09.2020<br \/>\n16:00 &#8211; 17:40<\/td>\n<td style=\"width: 37.8841%;\">Technischer Einsatz T05 &#8211; Insektenbek\u00e4mpfung<br \/>\nOrtsteil Aich<\/td>\n<td style=\"width: 6.93703%;\">1<\/td>\n<td style=\"width: 17.8908%;\">MTF &#8211; A<\/td>\n<td style=\"width: 74.394%;\"><\/td>\n<\/tr>\n<tr>\n<td style=\"width: 21.8456%;\">04.09.2020<br \/>\n19:35 &#8211; 20:15<\/td>\n<td style=\"width: 37.8841%;\">Brandeinsatz B06 &#8211; BMA Puttererschl\u00f6\u00dfl<br \/>\nT\u00e4uschungsalarm<\/td>\n<td style=\"width: 6.93703%;\">12<\/td>\n<td style=\"width: 17.8908%;\">TLF &#8211; A<br \/>\nKLF &#8211; A<\/td>\n<td style=\"width: 74.394%;\"><\/td>\n<\/tr>\n<tr>\n<td style=\"width: 21.8456%;\">26.08.2020<br \/>\n11:46 &#8211; 12:30<\/td>\n<td style=\"width: 37.8841%;\">Brandeinsatz B06 &#8211; BMA Puttererschl\u00f6\u00dfl<br \/>\nT\u00e4uschungsalarm<\/td>\n<td style=\"width: 6.93703%;\">8<\/td>\n<td style=\"width: 17.8908%;\">KLF &#8211; A<\/td>\n<td style=\"width: 74.394%;\"><\/td>\n<\/tr>\n<tr>\n<td style=\"width: 21.8456%;\">25.07.2020<br \/>\n17:22 &#8211; 18:00<\/td>\n<td style=\"width: 37.8841%;\">Technischer Einsatz T03 &#8211; VU-Berg. &#8211; \u00d6l<br \/>\nH\u00f6he Kl\u00e4ranlage<\/td>\n<td style=\"width: 6.93703%;\">16<\/td>\n<td style=\"width: 17.8908%;\">TLF &#8211; A<br \/>\nKLF &#8211; A<\/td>\n<td style=\"width: 74.394%;\"><\/td>\n<\/tr>\n<tr>\n<td style=\"width: 21.8456%;\">12.07.2020<br \/>\n17:00 &#8211; 17:40<\/td>\n<td style=\"width: 37.8841%;\">Technischer Einsatz T05 &#8211; Insektenbek\u00e4mpfung<br \/>\nOrtsteil Ketten<\/td>\n<td style=\"width: 6.93703%;\">1<\/td>\n<td style=\"width: 17.8908%;\">MTF &#8211; A<\/td>\n<td style=\"width: 74.394%;\"><\/td>\n<\/tr>\n<tr>\n<td style=\"width: 21.8456%;\">10.07.2020<br \/>\n17:00 &#8211; 17:40<\/td>\n<td style=\"width: 37.8841%;\">Technischer Einsatz T05 &#8211; Insektenbek\u00e4mpfung<br \/>\nOrtsteil Ketten<\/td>\n<td style=\"width: 6.93703%;\">1<\/td>\n<td style=\"width: 17.8908%;\">MTF &#8211; A<\/td>\n<td style=\"width: 74.394%;\"><\/td>\n<\/tr>\n<tr style=\"height: 47px;\">\n<td style=\"width: 21.8456%; height: 47px;\">04.-05.07.2020<br \/>\n21:11 &#8211; 01:00<\/td>\n<td style=\"width: 37.8841%; height: 47px;\">Brandeinsatz B12 &#8211; Wohnhausbrand Donnersbachwald<\/td>\n<td style=\"width: 6.93703%; height: 47px;\">9<\/td>\n<td style=\"width: 17.8908%; height: 47px;\">TLF &#8211; A<\/td>\n<td style=\"width: 74.394%; height: 47px;\"><a href=\"https:\/\/www.bfvli.steiermark.at\/desktopdefault.aspx\/tabid-252\/2212_read-41550\" target=\"_blank\" rel=\"noopener noreferrer\">\u00a0lesen Sie mehr&#8230;<\/a><\/td>\n<\/tr>\n<tr style=\"height: 48px;\">\n<td style=\"width: 21.8456%; height: 48px;\">28.06.2020<br \/>\n11:26 &#8211; 18:30<\/td>\n<td style=\"width: 37.8841%; height: 48px;\">Brandeinsatz B09 &#8211; Waldbrand<br \/>\nStrassen &#8211; R\u00f6telstein<\/td>\n<td style=\"width: 6.93703%; height: 48px;\">12<\/td>\n<td style=\"width: 17.8908%; height: 48px;\">MTF &#8211; A<br \/>\nLKW &#8211; A<\/td>\n<td style=\"width: 74.394%; height: 48px;\"><\/td>\n<\/tr>\n<tr>\n<td style=\"width: 21.8456%;\">16.06.2020<br \/>\n18:00 &#8211; 20:20<\/td>\n<td style=\"width: 37.8841%;\">Technischer Einsatz T05 &#8211; Insektenbek\u00e4mpfung<br \/>\nOrtsteil Tachenberg<\/td>\n<td style=\"width: 6.93703%;\">1<\/td>\n<td style=\"width: 17.8908%;\">MTF &#8211; A<\/td>\n<td style=\"width: 74.394%;\"><\/td>\n<\/tr>\n<tr style=\"height: 72px;\">\n<td style=\"width: 21.8456%; height: 72px;\">23.05.2020<br \/>\n18:13 &#8211; 20:00<\/td>\n<td style=\"width: 37.8841%; height: 72px;\">Technischer Einsatz T07 &#8211; Unwetter<br \/>\nDach bei Wohnhaus abgedeckt<\/td>\n<td style=\"width: 6.93703%; height: 72px;\">21<\/td>\n<td style=\"width: 17.8908%; height: 72px;\">TLF-A<br \/>\nKLF-A<br \/>\nMTF-A<\/td>\n<td style=\"width: 74.394%; height: 72px;\"><\/td>\n<\/tr>\n<tr style=\"height: 48px;\">\n<td style=\"width: 21.8456%; height: 48px;\">11.05.2020<br \/>\n21:29 &#8211; 23:00<\/td>\n<td style=\"width: 37.8841%; height: 48px;\">Technischer Einsatz T01<br \/>\nVerkehrsunfall PKW, H\u00f6he Badeanstalt<\/td>\n<td style=\"width: 6.93703%; height: 48px;\">20<\/td>\n<td style=\"width: 17.8908%; height: 48px;\">TLF-A &#8211; KLF-A MTF-A<\/td>\n<td style=\"width: 74.394%; height: 48px;\"><a href=\"http:\/\/www.feuerwehr-aigen.at\/?page_id=4284\" target=\"_blank\" rel=\"noopener noreferrer\">\u00a0lesen Sie mehr&#8230;<\/a><\/td>\n<\/tr>\n<tr style=\"height: 48px;\">\n<td style=\"width: 21.8456%; height: 48px;\">10.03.2020<br \/>\n08:30 &#8211; 13:00<\/td>\n<td style=\"width: 37.8841%; height: 48px;\">Brandeinsatz B01 Brandsicherheitswache J\u00e4gertagung<\/td>\n<td style=\"width: 6.93703%; height: 48px;\">2<\/td>\n<td style=\"width: 17.8908%; height: 48px;\">MTF &#8211; A<\/td>\n<td style=\"width: 74.394%; height: 48px;\"><\/td>\n<\/tr>\n<tr style=\"height: 48px;\">\n<td style=\"width: 21.8456%; height: 48px;\">10.03.2020<br \/>\n06:45 &#8211; 10:00<\/td>\n<td style=\"width: 37.8841%; height: 48px;\">Technischer Einsatz T01 Parkplatzeinweisen J\u00e4gertagung Tag 2<\/td>\n<td style=\"width: 6.93703%; height: 48px;\">10<\/td>\n<td style=\"width: 17.8908%; height: 48px;\">MTF &#8211; A KLF &#8211; A<\/td>\n<td style=\"width: 74.394%; height: 48px;\"><\/td>\n<\/tr>\n<tr style=\"height: 48px;\">\n<td style=\"width: 21.8456%; height: 48px;\">09.-10.03.2020<br \/>\n18:30 &#8211; 02:30<\/td>\n<td style=\"width: 37.8841%; height: 48px;\">Brandeinsatz B01 Brandsicherheitswache J\u00e4gertagung<\/td>\n<td style=\"width: 6.93703%; height: 48px;\">2<\/td>\n<td style=\"width: 17.8908%; height: 48px;\">MTF &#8211; A<\/td>\n<td style=\"width: 74.394%; height: 48px;\"><\/td>\n<\/tr>\n<tr style=\"height: 48px;\">\n<td style=\"width: 21.8456%; height: 48px;\">09.03.2020<br \/>\n09:30 &#8211; 18:00<\/td>\n<td style=\"width: 37.8841%; height: 48px;\">Brandeinsatz B01 Brandsicherheitswache J\u00e4gertagung<\/td>\n<td style=\"width: 6.93703%; height: 48px;\">2<\/td>\n<td style=\"width: 17.8908%; height: 48px;\">MTF &#8211; A<\/td>\n<td style=\"width: 74.394%; height: 48px;\"><\/td>\n<\/tr>\n<tr style=\"height: 48px;\">\n<td style=\"width: 21.8456%; height: 48px;\">09.03.2020<br \/>\n07:45 &#8211; 10:30<\/td>\n<td style=\"width: 37.8841%; height: 48px;\">Technischer Einsatz T01 Parkplatzeinweisen J\u00e4gertagung Tag 1<\/td>\n<td style=\"width: 6.93703%; height: 48px;\">12<\/td>\n<td style=\"width: 17.8908%; height: 48px;\">MTF &#8211; A KLF &#8211; A<\/td>\n<td style=\"width: 74.394%; height: 48px;\"><\/td>\n<\/tr>\n<tr style=\"height: 48px;\">\n<td style=\"width: 21.8456%; height: 48px;\">07.03.2020<br \/>\n09:00 &#8211; 18:00<\/td>\n<td style=\"width: 37.8841%; height: 48px;\">Brandeinsatz B01 Brandsicherheitswache Pferdetagung<\/td>\n<td style=\"width: 6.93703%; height: 48px;\">2<\/td>\n<td style=\"width: 17.8908%; height: 48px;\">MTF &#8211; A<\/td>\n<td style=\"width: 74.394%; height: 48px;\"><\/td>\n<\/tr>\n<tr style=\"height: 48px;\">\n<td style=\"width: 21.8456%; height: 48px;\">07.03.2020<br \/>\n07:45 &#8211; 11:00<\/td>\n<td style=\"width: 37.8841%; height: 48px;\">Technischer Einsatz T01 Parkplatzeinweisen Pferdetagung<\/td>\n<td style=\"width: 6.93703%; height: 48px;\">9<\/td>\n<td style=\"width: 17.8908%; height: 48px;\">MTF &#8211; A KLF &#8211; A<\/td>\n<td style=\"width: 74.394%; height: 48px;\"><\/td>\n<\/tr>\n<tr style=\"height: 48px;\">\n<td style=\"width: 21.8456%; height: 48px;\">07.02.2020<br \/>\n04:17 &#8211; 04:40<\/td>\n<td style=\"width: 37.8841%; height: 48px;\">Technischer Einsatz T06 &#8211; Suchaktion Bereich Fliegerhorst<\/td>\n<td style=\"width: 6.93703%; height: 48px;\">22<\/td>\n<td style=\"width: 17.8908%; height: 48px;\"><\/td>\n<td style=\"width: 74.394%; height: 48px;\"><\/td>\n<\/tr>\n<tr style=\"height: 48px;\">\n<td style=\"width: 21.8456%; height: 48px;\">29.01.2020<br \/>\n19:53 &#8211; 20:00<\/td>\n<td style=\"width: 37.8841%; height: 48px;\">Brandeinsatz B06 &#8211; BMA Puttererseehalle Fehlalarm<\/td>\n<td style=\"width: 6.93703%; height: 48px;\">6<\/td>\n<td style=\"width: 17.8908%; height: 48px;\">TLF &#8211; A<\/td>\n<td style=\"width: 74.394%; height: 48px;\"><\/td>\n<\/tr>\n<tr style=\"height: 10px;\">\n<td style=\"width: 21.8456%; height: 10px;\">05.01.2020<br \/>\n15:00 &#8211; 19:00<\/td>\n<td style=\"width: 37.8841%; height: 10px;\">Brandeinsatz B01 &#8211; BSW Puttererseehalle Neujahrskonzert<\/td>\n<td style=\"width: 6.93703%; height: 10px;\">2<\/td>\n<td style=\"width: 17.8908%; height: 10px;\">MTF &#8211; A<\/td>\n<td style=\"width: 74.394%; height: 10px;\"><\/td>\n<\/tr>\n<\/tbody>\n<\/table>\n<\/div><\/section>\n","protected":false},"excerpt":{"rendered":"","protected":false},"author":1,"featured_media":0,"parent":4152,"menu_order":0,"comment_status":"closed","ping_status":"closed","template":"","meta":{"footnotes":""},"class_list":["post-4155","page","type-page","status-publish","hentry"],"jetpack_sharing_enabled":true,"_links":{"self":[{"href":"https:\/\/www.feuerwehr-aigen.at\/index.php?rest_route=\/wp\/v2\/pages\/4155","targetHints":{"allow":["GET"]}}],"collection":[{"href":"https:\/\/www.feuerwehr-aigen.at\/index.php?rest_route=\/wp\/v2\/pages"}],"about":[{"href":"https:\/\/www.feuerwehr-aigen.at\/index.php?rest_route=\/wp\/v2\/types\/page"}],"author":[{"embeddable":true,"href":"https:\/\/www.feuerwehr-aigen.at\/index.php?rest_route=\/wp\/v2\/users\/1"}],"replies":[{"embeddable":true,"href":"https:\/\/www.feuerwehr-aigen.at\/index.php?rest_route=%2Fwp%2Fv2%2Fcomments&post=4155"}],"version-history":[{"count":36,"href":"https:\/\/www.feuerwehr-aigen.at\/index.php?rest_route=\/wp\/v2\/pages\/4155\/revisions"}],"predecessor-version":[{"id":4469,"href":"https:\/\/www.feuerwehr-aigen.at\/index.php?rest_route=\/wp\/v2\/pages\/4155\/revisions\/4469"}],"up":[{"embeddable":true,"href":"https:\/\/www.feuerwehr-aigen.at\/index.php?rest_route=\/wp\/v2\/pages\/4152"}],"wp:attachment":[{"href":"https:\/\/www.feuerwehr-aigen.at\/index.php?rest_route=%2Fwp%2Fv2%2Fmedia&parent=4155"}],"curies":[{"name":"wp","href":"https:\/\/api.w.org\/{rel}","templated":true}]}}