{"id":402,"date":"2009-11-29T13:07:50","date_gmt":"2009-11-29T13:07:50","guid":{"rendered":"http:\/\/feuerwehr-aigen.d2solution.net\/index.php\/28november-2009-zimmergewehrschiessen\/"},"modified":"2016-11-09T01:14:42","modified_gmt":"2016-11-09T01:14:42","slug":"28-11-2009-zimmergewehrschiessen","status":"publish","type":"page","link":"https:\/\/www.feuerwehr-aigen.at\/?page_id=402","title":{"rendered":"28.11.2009 &#8211; 25. Zimmergewehrschie\u00dfen"},"content":{"rendered":"<p><span style=\"color: #333333; font-family: helvetica;\"><img loading=\"lazy\" decoding=\"async\" class=\"alignleft wp-image-400 size-full\" title=\"Zimmergewehrschie\u00dfen 2009\" src=\"http:\/\/www.feuerwehr-aigen.at\/wp-content\/uploads\/2009\/11\/sonstiges_luftgewehr09_luftgewehr.jpg\" alt=\"Zimmergewehrschie\u00dfen 2009\" width=\"198\" height=\"200\" align=\"left\" border=\"0\" hspace=\"5\" vspace=\"5\" \/><\/span>Das Traditionelle Zimmergewehrschie\u00dfen wurde auch heuer wieder unter der bewehrten Leitung unseres Ehrenoberbrandmeister Peter Segl durchgef\u00fchrt.<\/p>\n<p>94 Sch\u00fctzen lieferten sich wieder &#8222;Hei\u00dfe Duelle&#8220; wie es OBI Manfred Tiefenbacher bei der Siegerehrung am 28. November 2009 formulierte.<br \/>\nUnter zahlreich erschienenen Kameraden und Freunde der Feuerwehr Aigen konnte OBI Manfred Tiefenbacher die Ehreng\u00e4ste Viezeb\u00fcrgermeister Erich Zeiringer und Obersch\u00fctzenmeister Heinrich Gruber begr\u00fc\u00dfen.<\/p>\n<p>Er bedankte sich beim Sportverein, Sektion Schie\u00dfen f\u00fcr die Durchf\u00fchrung des Bewerbes. Spezieller Dank gilt aber EOBM Peter Segl f\u00fcr seinen unerm\u00fcdlichen Einsatz, welcher das Zimmergewehrschie\u00dfen immer wieder musterg\u00fcltig organisiert.<\/p>\n<p>Das Zimmmergewehrschie\u00dfen erfreut sich immer wieder gro\u00dfer Beliebtheit, und so konnte die Teilnehmerzahl gegen\u00fcber dem Vorjahr wieder gesteigert werden.<\/p>\n<p>Den Wanderpokal der Feuerwehr Aigen, (Stehend Frei) holte sich mit einem Teiler von 236 FM Strobl Manfred.<\/p>\n<p>Die weiteren Ergebnisse k\u00f6nnen <a title=\"Ergebnis Schie\u00dfen09\" href=\"http:\/\/feuerwehr-aigen.at\/wp-content\/uploads\/2009\/11\/sonstiges_luftgewehr09_ergebnis_schiesen09.pdf\" target=\"_blank\">hier<\/a> nachgelesen werden.<\/p>\n<p>Dank der gro\u00dfen Unterst\u00fctzung der heimischen Wirtschaft konnte an alle Teilnehmer der Siegerehrung Sachpreise \u00fcbergeben werden<\/p>\n<p>Die Sch\u00fctzen freuen sich schon wieder auf &#8222;Hei\u00dfe Duelle&#8220; im Jahr 2010.<\/p>\n<p><a title=\"Ergebnis Schie\u00dfen09\" href=\"http:\/\/feuerwehr-aigen.at\/wp-content\/uploads\/2009\/11\/sonstiges_luftgewehr09_ergebnis_schiesen09.pdf\" target=\"_blank\">zum Ergebnis \u00bb<\/a><\/p>\n","protected":false},"excerpt":{"rendered":"<p>Das Traditionelle Zimmergewehrschie\u00dfen wurde auch heuer wieder unter der bewehrten Leitung unseres Ehrenoberbrandmeister Peter Segl durchgef\u00fchrt. 94 Sch\u00fctzen lieferten sich wieder &#8222;Hei\u00dfe Duelle&#8220; wie es OBI Manfred Tiefenbacher bei der Siegerehrung am 28. November 2009 formulierte. Unter zahlreich erschienenen Kameraden und Freunde der Feuerwehr Aigen konnte OBI Manfred Tiefenbacher die Ehreng\u00e4ste Viezeb\u00fcrgermeister Erich Zeiringer und [&hellip;]<\/p>\n","protected":false},"author":1,"featured_media":0,"parent":0,"menu_order":34,"comment_status":"closed","ping_status":"closed","template":"","meta":{"footnotes":""},"class_list":["post-402","page","type-page","status-publish","hentry"],"jetpack_sharing_enabled":true,"_links":{"self":[{"href":"https:\/\/www.feuerwehr-aigen.at\/index.php?rest_route=\/wp\/v2\/pages\/402","targetHints":{"allow":["GET"]}}],"collection":[{"href":"https:\/\/www.feuerwehr-aigen.at\/index.php?rest_route=\/wp\/v2\/pages"}],"about":[{"href":"https:\/\/www.feuerwehr-aigen.at\/index.php?rest_route=\/wp\/v2\/types\/page"}],"author":[{"embeddable":true,"href":"https:\/\/www.feuerwehr-aigen.at\/index.php?rest_route=\/wp\/v2\/users\/1"}],"replies":[{"embeddable":true,"href":"https:\/\/www.feuerwehr-aigen.at\/index.php?rest_route=%2Fwp%2Fv2%2Fcomments&post=402"}],"version-history":[{"count":5,"href":"https:\/\/www.feuerwehr-aigen.at\/index.php?rest_route=\/wp\/v2\/pages\/402\/revisions"}],"predecessor-version":[{"id":1924,"href":"https:\/\/www.feuerwehr-aigen.at\/index.php?rest_route=\/wp\/v2\/pages\/402\/revisions\/1924"}],"wp:attachment":[{"href":"https:\/\/www.feuerwehr-aigen.at\/index.php?rest_route=%2Fwp%2Fv2%2Fmedia&parent=402"}],"curies":[{"name":"wp","href":"https:\/\/api.w.org\/{rel}","templated":true}]}}