{"id":384,"date":"2009-07-17T19:39:18","date_gmt":"2009-07-17T19:39:18","guid":{"rendered":"http:\/\/feuerwehr-aigen.d2solution.net\/index.php\/gefahrgutunfall\/"},"modified":"2017-09-07T01:45:43","modified_gmt":"2017-09-07T00:45:43","slug":"gefahrgutunfall","status":"publish","type":"page","link":"https:\/\/www.feuerwehr-aigen.at\/?page_id=384","title":{"rendered":"Gefahrgutunfall"},"content":{"rendered":"<p><span style=\"color: #333333; font-family: helvetica;\"><img decoding=\"async\" class=\" alignleft size-full wp-image-366\" title=\"Gefahrgut2\" src=\"http:\/\/feuerwehr-aigen.at\/wp-content\/uploads\/2009\/07\/Sicherheit_gefahr2.gif\" alt=\"Gefahrgut2\" width=\"80\" align=\"left\" border=\"0\" hspace=\"5\" \/><\/span>Jeder von uns hat sie schon einmal gesehen bzw. sieht sie t\u00e4glich \u00fcber unsere Stra\u00dfen rollen. Wer hat sich schon einmal dar\u00fcber Gedanken gemacht, was w\u00e4re, wenn ein solches Fahrzeuges verungl\u00fccken w\u00fcrde und man w\u00e4re Ersthelfer? Wie w\u00fcrde es dann mit dem Eigenschutz aussehen? Worauf m\u00fcsste man achten? Was kann mir passieren?<br \/>\nDaher m\u00f6chten wir Ihnen hier an dieser Stelle mal ein paar Grundinformationen zum Thema Gefahrgut geben und Ihnen ein paar Verhaltensweisen an\u00b4s Herz legen. <span style=\"color: #333333; font-family: helvetica;\"><br \/>\n<\/span><\/p>\n<p><img decoding=\"async\" title=\"Gefahrgut1\" src=\"http:\/\/feuerwehr-aigen.at\/wp-content\/uploads\/2009\/07\/Sicherheit_gefahr1.jpg\" alt=\"Gefahrgut1\" width=\"80\" align=\"right\" border=\"0\" hspace=\"5\" \/>Jedes Fahrzeug, welches Gefahrgut in einer gewissen Menge transportiert, muss mit orangen Tafeln markiert werden, welche man vorne, an den L\u00e4ngsseiten und hinten findet.<br \/>\nDiese Tafeln enthalten zwei Ziffern, welche untereinander stehen.<\/p>\n<p>In der oberen Reihe steht immer die so genannte Kemler-Zahl. Sie bezeichnet die Gefahrenklasse des transportierten Stoffes.<br \/>\nIn der unteren Reihe finden man die UN-Nummer. Sie bezeichnet den Stoff ganz genau, da alle Gefahrstoffe mit dieser UN-Nummer durchnummeriert wurden. Die UN-Nummer wird auch als Stoffnummer bezeichnet.<br \/>\n<strong>Kemler-Zahl:<\/strong><br \/>\nDie Kemler-Zahl setzt sich immer aus zwei oder drei Ziffern zusammen. Die erste Ziffer bezeichnet die Hauptgefahr. Die zweite und dritte Ziffer stellen die weiteren Gefahren dar.<\/p>\n<div style=\"text-align: center;\"><a title=\"Gefahrgut_02\" href=\"http:\/\/feuerwehr-aigen.at\/wp-content\/uploads\/2009\/07\/Sicherheit_gefahrgut_02.gif\" target=\"_blank\"><img loading=\"lazy\" decoding=\"async\" class=\"alignnone wp-image-369 size-medium\" title=\"Gefahrgut_02\" src=\"http:\/\/www.feuerwehr-aigen.at\/wp-content\/uploads\/2009\/07\/Sicherheit_gefahrgut_02-213x300.gif\" alt=\"Gefahrgut_02\" width=\"213\" height=\"300\" border=\"0\" \/><\/a><\/div>\n<p><span style=\"color: #333333;\"><span style=\"font-family: Helvetica;\">\u00a0<\/span><\/span><\/p>\n<p><strong>UN-Nummer:<\/strong><br \/>\nEine Auflistung der UN-Nummern macht an dieser Stelle keinen Sinn, da es derer zu viele gibt. Wichtig ist, das Sie bei einem Unfall mit Gefahrgut diese UN-Nummer im Notruf nennen. Der Disponent der Rettungsleitstelle kann dann sofort mit Hilfe des Computers den Stoff bestimmen.<\/p>\n<p><strong>Gefahrgutzettel:<\/strong><br \/>\nAuf jeder Verpackung mit Gefahrgut m\u00fcssen sogenannte Gefahrgutzettel angebracht sein, welche die Gefahren optisch darstellen.<\/p>\n<p>&nbsp;<\/p>\n<div style=\"text-align: center;\"><a title=\"Gefahrstoff1\" href=\"http:\/\/feuerwehr-aigen.at\/wp-content\/uploads\/2009\/07\/Sicherheit_gefahrstoff1.jpg\" target=\"_blank\"><img loading=\"lazy\" decoding=\"async\" class=\"alignnone wp-image-371 size-medium\" title=\"Gefahrstoff1\" src=\"http:\/\/www.feuerwehr-aigen.at\/wp-content\/uploads\/2009\/07\/Sicherheit_gefahrstoff1-221x300.jpg\" alt=\"Gefahrstoff1\" width=\"221\" height=\"300\" border=\"1\" hspace=\"3\" srcset=\"https:\/\/www.feuerwehr-aigen.at\/wp-content\/uploads\/2009\/07\/Sicherheit_gefahrstoff1-221x300.jpg 221w, https:\/\/www.feuerwehr-aigen.at\/wp-content\/uploads\/2009\/07\/Sicherheit_gefahrstoff1.jpg 536w\" sizes=\"auto, (max-width: 221px) 100vw, 221px\" \/><\/a>\u00a0<a title=\"Gefahrstoff2\" href=\"http:\/\/feuerwehr-aigen.at\/wp-content\/uploads\/2009\/07\/Sicherheit_gefahrstoff2.jpg\" target=\"_blank\"><img loading=\"lazy\" decoding=\"async\" class=\"alignnone wp-image-373 size-medium\" title=\"Gefahrstoff2\" src=\"http:\/\/www.feuerwehr-aigen.at\/wp-content\/uploads\/2009\/07\/Sicherheit_gefahrstoff2-231x300.jpg\" alt=\"Gefahrstoff2\" width=\"231\" height=\"300\" border=\"1\" hspace=\"3\" srcset=\"https:\/\/www.feuerwehr-aigen.at\/wp-content\/uploads\/2009\/07\/Sicherheit_gefahrstoff2-231x300.jpg 231w, https:\/\/www.feuerwehr-aigen.at\/wp-content\/uploads\/2009\/07\/Sicherheit_gefahrstoff2.jpg 493w\" sizes=\"auto, (max-width: 231px) 100vw, 231px\" \/><\/a>\u00a0<a title=\"Gefahrstoff3\" href=\"http:\/\/feuerwehr-aigen.at\/wp-content\/uploads\/2009\/07\/Sicherheit_gefahrstoff3.jpg\" target=\"_blank\"><img loading=\"lazy\" decoding=\"async\" class=\"alignnone wp-image-375 size-medium\" title=\"Gefahrstoff3\" src=\"http:\/\/www.feuerwehr-aigen.at\/wp-content\/uploads\/2009\/07\/Sicherheit_gefahrstoff3-238x300.jpg\" alt=\"Gefahrstoff32\" width=\"238\" height=\"300\" border=\"1\" hspace=\"3\" srcset=\"https:\/\/www.feuerwehr-aigen.at\/wp-content\/uploads\/2009\/07\/Sicherheit_gefahrstoff3-238x300.jpg 238w, https:\/\/www.feuerwehr-aigen.at\/wp-content\/uploads\/2009\/07\/Sicherheit_gefahrstoff3.jpg 584w\" sizes=\"auto, (max-width: 238px) 100vw, 238px\" \/><\/a>\u00a0<a title=\"Gefahrstoff4\" href=\"http:\/\/feuerwehr-aigen.at\/wp-content\/uploads\/2009\/07\/Sicherheit_gefahrstoff4.jpg\" target=\"_blank\"><img loading=\"lazy\" decoding=\"async\" class=\"alignnone wp-image-377 size-medium\" title=\"Gefahrstoff4\" src=\"http:\/\/www.feuerwehr-aigen.at\/wp-content\/uploads\/2009\/07\/Sicherheit_gefahrstoff4-257x300.jpg\" alt=\"Gefahrstoff4\" width=\"257\" height=\"300\" border=\"1\" hspace=\"3\" srcset=\"https:\/\/www.feuerwehr-aigen.at\/wp-content\/uploads\/2009\/07\/Sicherheit_gefahrstoff4-257x300.jpg 257w, https:\/\/www.feuerwehr-aigen.at\/wp-content\/uploads\/2009\/07\/Sicherheit_gefahrstoff4.jpg 583w\" sizes=\"auto, (max-width: 257px) 100vw, 257px\" \/><\/a>\u00a0<a title=\"Gefahrstoff5\" href=\"http:\/\/feuerwehr-aigen.at\/wp-content\/uploads\/2009\/07\/Sicherheit_gefahrstoff5.jpg\" target=\"_blank\"><img loading=\"lazy\" decoding=\"async\" class=\"alignnone wp-image-379 size-medium\" title=\"Gefahrstoff5\" src=\"http:\/\/www.feuerwehr-aigen.at\/wp-content\/uploads\/2009\/07\/Sicherheit_gefahrstoff5-222x300.jpg\" alt=\"Gefahrstoff5\" width=\"222\" height=\"300\" border=\"1\" hspace=\"3\" srcset=\"https:\/\/www.feuerwehr-aigen.at\/wp-content\/uploads\/2009\/07\/Sicherheit_gefahrstoff5-222x300.jpg 222w, https:\/\/www.feuerwehr-aigen.at\/wp-content\/uploads\/2009\/07\/Sicherheit_gefahrstoff5.jpg 543w\" sizes=\"auto, (max-width: 222px) 100vw, 222px\" \/><\/a><\/div>\n<p>&nbsp;<\/p>\n<p><strong>Verhalten bei Unf\u00e4llen mit Gefahrgut &#8211; GAMS-Regel<\/strong><br \/>\nK\u00f6nnen Sie die Kemler-Zahl und\/oder die UN-Nummer nicht erkennen bzw. interpretieren, dann sollten Sie immer von dem schlimmsten, m\u00f6glichen Fall ausgehen. Das hei\u00dft, das Sie sich umgehend von der Unfallstelle entfernen. Hierbei ist die Windrichtung zu beachten. Verlassen Sie die Unfallstelle immer gegen die Windrichtung und halten Sie einen Sicherheitsabstand von mindestens 100 Meter, besser 500 Meter, ein (der Abstand zwischen zwei Leitpfosten betr\u00e4gt 50 Meter).<\/p>\n<p>Wenn Sie die UN-Nummer erkennen k\u00f6nnen, so teilen Sie diese dem Disponenten beim Notruf mit. Er kann Ihnen dann direkt mitteilen welche Gefahren von dem Stoff ausgehen. Weisen Sie andere auf die Gefahr hin und warten Sie auf das Eintreffen von Feuerwehr und Rettungsdienst.<\/p>\n<p>&nbsp;<\/p>\n<div align=\"center\">\u00a0<a title=\"Gefahrgut_01\" href=\"http:\/\/feuerwehr-aigen.at\/wp-content\/uploads\/2009\/07\/Sicherheit_gefahrgut_01.gif\" target=\"_blank\"><img loading=\"lazy\" decoding=\"async\" class=\"alignnone wp-image-381 size-medium\" title=\"Gefahrgut_01\" src=\"http:\/\/www.feuerwehr-aigen.at\/wp-content\/uploads\/2009\/07\/Sicherheit_gefahrgut_01-214x300.gif\" alt=\"Gefahrgut_01\" width=\"214\" height=\"300\" border=\"0\" hspace=\"5\" \/><\/a>\u00a0<a title=\"Gefahrgut_03\" href=\"http:\/\/feuerwehr-aigen.at\/wp-content\/uploads\/2009\/07\/Sicherheit_gefahrgut_03.gif\" target=\"_blank\"><img loading=\"lazy\" decoding=\"async\" class=\"alignnone wp-image-383 size-medium\" title=\"Gefahrgut_03\" src=\"http:\/\/www.feuerwehr-aigen.at\/wp-content\/uploads\/2009\/07\/Sicherheit_gefahrgut_03-214x300.gif\" alt=\"Gefahrgut_03\" width=\"214\" height=\"300\" border=\"0\" hspace=\"5\" \/><\/a><\/div>\n<div align=\"center\"><\/div>\n","protected":false},"excerpt":{"rendered":"<p>Jeder von uns hat sie schon einmal gesehen bzw. sieht sie t\u00e4glich \u00fcber unsere Stra\u00dfen rollen. Wer hat sich schon einmal dar\u00fcber Gedanken gemacht, was w\u00e4re, wenn ein solches Fahrzeuges verungl\u00fccken w\u00fcrde und man w\u00e4re Ersthelfer? Wie w\u00fcrde es dann mit dem Eigenschutz aussehen? Worauf m\u00fcsste man achten? Was kann mir passieren? Daher m\u00f6chten wir [&hellip;]<\/p>\n","protected":false},"author":1,"featured_media":0,"parent":308,"menu_order":10,"comment_status":"closed","ping_status":"closed","template":"","meta":{"footnotes":""},"class_list":["post-384","page","type-page","status-publish","hentry"],"jetpack_sharing_enabled":true,"_links":{"self":[{"href":"https:\/\/www.feuerwehr-aigen.at\/index.php?rest_route=\/wp\/v2\/pages\/384","targetHints":{"allow":["GET"]}}],"collection":[{"href":"https:\/\/www.feuerwehr-aigen.at\/index.php?rest_route=\/wp\/v2\/pages"}],"about":[{"href":"https:\/\/www.feuerwehr-aigen.at\/index.php?rest_route=\/wp\/v2\/types\/page"}],"author":[{"embeddable":true,"href":"https:\/\/www.feuerwehr-aigen.at\/index.php?rest_route=\/wp\/v2\/users\/1"}],"replies":[{"embeddable":true,"href":"https:\/\/www.feuerwehr-aigen.at\/index.php?rest_route=%2Fwp%2Fv2%2Fcomments&post=384"}],"version-history":[{"count":4,"href":"https:\/\/www.feuerwehr-aigen.at\/index.php?rest_route=\/wp\/v2\/pages\/384\/revisions"}],"predecessor-version":[{"id":2820,"href":"https:\/\/www.feuerwehr-aigen.at\/index.php?rest_route=\/wp\/v2\/pages\/384\/revisions\/2820"}],"up":[{"embeddable":true,"href":"https:\/\/www.feuerwehr-aigen.at\/index.php?rest_route=\/wp\/v2\/pages\/308"}],"wp:attachment":[{"href":"https:\/\/www.feuerwehr-aigen.at\/index.php?rest_route=%2Fwp%2Fv2%2Fmedia&parent=384"}],"curies":[{"name":"wp","href":"https:\/\/api.w.org\/{rel}","templated":true}]}}