{"id":365,"date":"2009-07-17T15:55:53","date_gmt":"2009-07-17T15:55:53","guid":{"rendered":"http:\/\/feuerwehr-aigen.d2solution.net\/index.php\/verkehrsunfall\/"},"modified":"2020-02-14T16:06:49","modified_gmt":"2020-02-14T15:06:49","slug":"verkehrsunfall","status":"publish","type":"page","link":"https:\/\/www.feuerwehr-aigen.at\/?page_id=365","title":{"rendered":"Verkehrsunfall"},"content":{"rendered":"<p><strong>Verhalten bei Verkehrsunf\u00e4llen!<\/strong><\/p>\n<p>Sollten Sie bei einem Verkehrsunfall in die Situation kommen als einer der Ersten an die Unfallstelle zu gelangen oder sind Sie selbst in einem involviert, so sind folgende Schritte zu beachten:<\/p>\n<p>\u2022 Unfallstelle absichern!<\/p>\n<p>\u2022 Rettungskr\u00e4fte alarmieren bzw. alarmieren lassen!<\/p>\n<p>\u2022 Verletzten Personen Erste Hilfe leisten!<\/p>\n<p>\u2022 Der Polizei als Zeuge zur Verf\u00fcgung stehen.<br \/>\nGerade bei Verkehrsunf\u00e4llen sammeln sich meist durch die Behinderung auf der Verkehrsfl\u00e4che mehrere Passanten an. Damit diese Personen nicht zu \u201eSchaulustigen\u201c werden, ergreifen Sie Initiative und teilen Sie diese direkt ein (z.B. Notruf absetzten, Unfallstelle absichern, Rettungskr\u00e4fte einweisen\u2026). Vor allem f\u00fcr betroffene Verungl\u00fcckte gibt es nichts Unangenehmeres wie Schaulustige und selbsternannte Unfallanalytiker.<\/p>\n<p><strong>Unfallstelle absichern:<\/strong><\/p>\n<p><a href=\"http:\/\/www.feuerwehr-aigen.at\/wp-content\/uploads\/2020\/02\/Unfallstelle.png\"><img loading=\"lazy\" decoding=\"async\" class=\"alignleft size-medium wp-image-4246\" src=\"http:\/\/www.feuerwehr-aigen.at\/wp-content\/uploads\/2020\/02\/Unfallstelle-300x244.png\" alt=\"\" width=\"300\" height=\"244\" srcset=\"https:\/\/www.feuerwehr-aigen.at\/wp-content\/uploads\/2020\/02\/Unfallstelle-300x244.png 300w, https:\/\/www.feuerwehr-aigen.at\/wp-content\/uploads\/2020\/02\/Unfallstelle.png 420w\" sizes=\"auto, (max-width: 300px) 100vw, 300px\" \/><\/a>Unter \u201eAbsichern einer Unfallstelle\u201c versteht man, dass nachfolgende Verkehrsteilnehmer zu warnen sind um so weitere Unf\u00e4lle zu vermeiden. In erster Linie sollte das Absichern einer Unfallstelle durch das Aufstellen eines Pannendreiecks erfolgen.<br \/>\nZus\u00e4tzlich kann auch ein Fahrzeug mit eingeschalteter Warnblinkanlage auf die Unfallstelle aufmerksam machen.<\/p>\n<p>Auf Freilandstra\u00dfen mu\u00df ein Pannendreieck aufgestellt werden<\/p>\n<ul>\n<li>Wenn das Fahrzeug auf einer un\u00fcbersichtlichen Stra\u00dfenstelle<\/li>\n<li>bei schlechter Sicht<\/li>\n<li>bei D\u00e4mmerung oder bei Dunkelheit zu stehen gekommen ist<\/li>\n<\/ul>\n<p>Das Pannendreieck ist auf dem verlegten Fahrsteifen in der N\u00e4he des Fahrbanrandes auf zu stellen. Das Dreieck sollte so aufgestellt sein, dass es ab dem Zeitpunkt des Erkennens des Pannendreiecks genug Zeit und Platz zum Ausweichen bleibt.<\/p>\n<p>Zur Absicherung gibt es keine offiziellen Meterangaben bzw. Regeln mehr. Das sind nur Zirka Angaben.<\/p>\n<p><strong>Rettungskr\u00e4fte alarmieren:<\/strong><\/p>\n<p>Besonders wichtig ist das Alarmieren bzw. Alarmieren lassen der Rettungskr\u00e4fte. Hierzu finden Sie im Ordner\u00a0<a title=\"Verhalten im Brandfall\" href=\"http:\/\/www.feuerwehr-aigen.at\/?page_id=317\">&#8222;Verhalten im Brandfall&#8220;<\/a>\u00a0wichtige Hinweise.<\/p>\n<p><strong>Verletzten Personen Erste Hilfe leisten:<\/strong><\/p>\n<p>Gibt es an der Unfallstelle verletzte oder geschockte Personen, ist diesen unverz\u00fcglich Erste Hilfe zu leisten. Befinden sich die Unfallbeteiligten noch in den Fahrzeugen, ist die Unfallstelle abgesichert und drohen keine weiteren Gefahren, wie z.B. eine Brandentwicklung, so belassen Sie die Personen im Fahrzeug!<br \/>\nBefindet sich jedoch die verungl\u00fcckte Person unmittelbar in einem Gefahrenbereich, so m\u00fcssen Sie die Person aus der Gefahrenzone bringen (z.B. Person aus brennendem Fahrzeug ziehen). Diese Beurteilung m\u00fcssen Sie treffen.<\/p>\n<p>Haben Sie keine Angst etwas falsch zu machen, denn: Die unterlassene Hilfe ist die Folgenschwerste!<\/p>\n<p>Alle weiteren Ma\u00dfnahmen (Lagerung, Blutstillung, Versorgung von Wunden) erfolgen danach. Geschockte Personen neigen zu Handlungen, welche zur Folge haben k\u00f6nnten, dass sie weiteren Gefahren ausgesetzt sind (z.B. davonlaufen, herumirren auf der Verkehrsfl\u00e4che). Bleiben Sie bei den Verungl\u00fcckten und beruhigen Sie sie mit Gespr\u00e4chen. Kleine Gesten wie z.B. das Halten einer Hand k\u00f6nnen oft Wunder wirken und vermitteln das Gef\u00fchl \u201enicht alleine zu sein\u201c.<br \/>\nHelfen Sie Unfallopfern immer so, wie Sie sich Hilfe f\u00fcr sich selbst erwarten w\u00fcrden und denken Sie nicht vorrangig an die Fehler die Sie machen k\u00f6nnten.<\/p>\n<p><span style=\"color: #333333; font-family: helvetica;\">\u00a0<\/span><\/p>\n","protected":false},"excerpt":{"rendered":"<p>Verhalten bei Verkehrsunf\u00e4llen! Sollten Sie bei einem Verkehrsunfall in die Situation kommen als einer der Ersten an die Unfallstelle zu gelangen oder sind Sie selbst in einem involviert, so sind folgende Schritte zu beachten: \u2022 Unfallstelle absichern! \u2022 Rettungskr\u00e4fte alarmieren bzw. alarmieren lassen! \u2022 Verletzten Personen Erste Hilfe leisten! \u2022 Der Polizei als Zeuge zur [&hellip;]<\/p>\n","protected":false},"author":1,"featured_media":0,"parent":308,"menu_order":8,"comment_status":"closed","ping_status":"closed","template":"","meta":{"footnotes":""},"class_list":["post-365","page","type-page","status-publish","hentry"],"jetpack_sharing_enabled":true,"_links":{"self":[{"href":"https:\/\/www.feuerwehr-aigen.at\/index.php?rest_route=\/wp\/v2\/pages\/365","targetHints":{"allow":["GET"]}}],"collection":[{"href":"https:\/\/www.feuerwehr-aigen.at\/index.php?rest_route=\/wp\/v2\/pages"}],"about":[{"href":"https:\/\/www.feuerwehr-aigen.at\/index.php?rest_route=\/wp\/v2\/types\/page"}],"author":[{"embeddable":true,"href":"https:\/\/www.feuerwehr-aigen.at\/index.php?rest_route=\/wp\/v2\/users\/1"}],"replies":[{"embeddable":true,"href":"https:\/\/www.feuerwehr-aigen.at\/index.php?rest_route=%2Fwp%2Fv2%2Fcomments&post=365"}],"version-history":[{"count":5,"href":"https:\/\/www.feuerwehr-aigen.at\/index.php?rest_route=\/wp\/v2\/pages\/365\/revisions"}],"predecessor-version":[{"id":4248,"href":"https:\/\/www.feuerwehr-aigen.at\/index.php?rest_route=\/wp\/v2\/pages\/365\/revisions\/4248"}],"up":[{"embeddable":true,"href":"https:\/\/www.feuerwehr-aigen.at\/index.php?rest_route=\/wp\/v2\/pages\/308"}],"wp:attachment":[{"href":"https:\/\/www.feuerwehr-aigen.at\/index.php?rest_route=%2Fwp%2Fv2%2Fmedia&parent=365"}],"curies":[{"name":"wp","href":"https:\/\/api.w.org\/{rel}","templated":true}]}}